{"id":917,"date":"2016-10-17T11:45:00","date_gmt":"2016-10-17T13:45:00","guid":{"rendered":"https:\/\/sbia.org.br\/lnlm\/?page_id=917"},"modified":"2016-10-17T11:45:00","modified_gmt":"2016-10-17T13:45:00","slug":"vol14-no1-art6","status":"publish","type":"page","link":"https:\/\/sbia.org.br\/lnlm\/publicacoes\/vol14-no1\/vol14-no1-art6\/","title":{"rendered":"EXTRA\u00c7\u00c3O DE CONHECIMENTO EM UM SURVEY SOBRE O USO DE COMPUTA\u00c7\u00c3O EM NUVEM NO BRASIL"},"content":{"rendered":"<p><strong>T\u00edtulo:<\/strong> EXTRA\u00c7\u00c3O DE CONHECIMENTO EM UM SURVEY SOBRE O USO DE COMPUTA\u00c7\u00c3O EM NUVEM NO BRASIL<\/p>\n<p><strong>Autores:<\/strong>  Da Silva, Hilson Barbosa; Garcia, Vinicius Cardoso; Souza, Thiago Carvalho de; Rab\u00ealo, Ricardo Andrade Lira; Soares, Jefferson Henrique Camelo; Lopes, Lucas Ara\u00fajo<\/p>\n<p align=\"justify\"><strong>Resumo:<\/strong> A Computa\u00e7\u00e3o em NUVEM apresenta um novo conceito de terceiriza\u00e7\u00e3o na contrata\u00e7\u00e3o de servi\u00e7oes, sendo vista como uma nova possibilidade para a otimiza\u00e7\u00e3o nos volumes dos investimentos em Tecnologia de Informa\u00e7\u00e3o e Comunica\u00e7\u00e3o(TIC). No entanto, muitas empresas brasileiras ainda est\u00e3o receosas em adotar tal modelo e, para aquelas que j\u00e1 o utilizam, nao se conhece o seu grau de satisfa\u00e7\u00e3o. Neste contexto, este trabalho aplicou uma pesquisa (Survey) que teve como objetivos investigar os ind\u00edcios pelos quais algumas empresas podem estar propensas a contratarem ou nao os servi\u00e7os de Computa\u00e7\u00e3o em Nuvem, bem como identificar os motivos, para aquelas que j\u00e1 usam, de sua satisfa\u00e7\u00e3o ou n\u00e3o em rela\u00e7\u00e3o aos servi\u00e7os contratados no Brasil. Ap\u00f3s a coleta de dados dos 432 participantes do Survey, foi executada uma extra\u00e7\u00e3o de conhecimentos a partir da aplica\u00e7\u00e3o de um aprendizado supervisionado. Como resultado desta an\u00e1lise, descobriu-se importantes informa\u00e7\u00f5es sobre tal mercado no Brasil, que podem ser utilizadas para subsidias tomadas de decis\u00f5es por partes das empresas que ofertam servi\u00e7os de Computa\u00e7\u00e3o em Nuvem.\n<\/p>\n<p><strong>Palavras-chave:<\/strong> Computa\u00e7\u00e3o em Nuvem; Extra\u00e7\u00e3o do conhecimento em Banco de Dados; Aprendizado de M\u00e1quinas; Survey<\/p>\n<p><strong>P\u00e1ginas:<\/strong> 14<\/p>\n<p><strong>C\u00f3digo DOI:<\/strong> <a href=\"http:\/\/dx.doi.org\/10.21528\/LNLM-vol14-no1-art6\">10.21528\/LNLM-vol14-no1-art6<\/a><\/p>\n<p><strong>Artigo em PDF:<\/strong> <a href=\"https:\/\/sbia.org.br\/lnlm\/wp-content\/uploads\/sites\/4\/2016\/10\/vol14-no1-art6.pdf\" rel=\"\">vol14-no1-art6.pdf<\/a><\/p>\n<p><strong>Arquivo BibTex:<\/strong> <a href=\"https:\/\/sbia.org.br\/lnlm\/wp-content\/uploads\/sites\/4\/2016\/10\/vol14-no1-art6.bib\" rel=\"\">vol14-no1-art6.bib<\/a><\/p>\n","protected":false},"excerpt":{"rendered":"<p>T\u00edtulo: EXTRA\u00c7\u00c3O DE CONHECIMENTO EM UM SURVEY SOBRE O USO DE COMPUTA\u00c7\u00c3O EM NUVEM NO BRASIL Autores: Da Silva, Hilson Barbosa; Garcia, Vinicius Cardoso; Souza, Thiago Carvalho de; Rab\u00ealo, Ricardo Andrade Lira; Soares, Jefferson Henrique Camelo; Lopes, Lucas Ara\u00fajo Resumo: <a href=\"https:\/\/sbia.org.br\/lnlm\/publicacoes\/vol14-no1\/vol14-no1-art6\/\" class=\"read-more\">Read More &#8230;<\/a><\/p>\n","protected":false},"author":1,"featured_media":0,"parent":885,"menu_order":0,"comment_status":"closed","ping_status":"closed","template":"","meta":{"footnotes":""},"class_list":["post-917","page","type-page","status-publish","hentry"],"yoast_head":"<!-- This site is optimized with the Yoast SEO plugin v26.9 - https:\/\/yoast.com\/product\/yoast-seo-wordpress\/ -->\n<title>EXTRA\u00c7\u00c3O DE CONHECIMENTO EM UM SURVEY SOBRE O USO DE COMPUTA\u00c7\u00c3O EM NUVEM NO BRASIL - Learning and NonLinear Models<\/title>\n<meta name=\"robots\" content=\"index, follow, max-snippet:-1, max-image-preview:large, max-video-preview:-1\" \/>\n<link rel=\"canonical\" href=\"https:\/\/sbia.org.br\/lnlm\/publicacoes\/vol14-no1\/vol14-no1-art6\/\" \/>\n<meta property=\"og:locale\" content=\"pt_BR\" \/>\n<meta property=\"og:type\" content=\"article\" \/>\n<meta property=\"og:title\" content=\"EXTRA\u00c7\u00c3O DE CONHECIMENTO EM UM SURVEY SOBRE O USO DE COMPUTA\u00c7\u00c3O EM NUVEM NO BRASIL - Learning and NonLinear Models\" \/>\n<meta property=\"og:description\" content=\"T\u00edtulo: EXTRA\u00c7\u00c3O DE CONHECIMENTO EM UM SURVEY SOBRE O USO DE COMPUTA\u00c7\u00c3O EM NUVEM NO BRASIL Autores: Da Silva, Hilson Barbosa; Garcia, Vinicius Cardoso; Souza, Thiago Carvalho de; Rab\u00ealo, Ricardo Andrade Lira; Soares, Jefferson Henrique Camelo; Lopes, Lucas Ara\u00fajo Resumo: Read More ...\" \/>\n<meta property=\"og:url\" content=\"https:\/\/sbia.org.br\/lnlm\/publicacoes\/vol14-no1\/vol14-no1-art6\/\" \/>\n<meta property=\"og:site_name\" content=\"Learning and NonLinear Models\" \/>\n<meta name=\"twitter:card\" content=\"summary_large_image\" \/>\n<meta name=\"twitter:label1\" content=\"Est. tempo de leitura\" \/>\n\t<meta name=\"twitter:data1\" content=\"1 minuto\" \/>\n<script type=\"application\/ld+json\" class=\"yoast-schema-graph\">{\"@context\":\"https:\/\/schema.org\",\"@graph\":[{\"@type\":\"WebPage\",\"@id\":\"https:\/\/sbia.org.br\/lnlm\/publicacoes\/vol14-no1\/vol14-no1-art6\/\",\"url\":\"https:\/\/sbia.org.br\/lnlm\/publicacoes\/vol14-no1\/vol14-no1-art6\/\",\"name\":\"EXTRA\u00c7\u00c3O DE CONHECIMENTO EM UM SURVEY SOBRE O USO DE COMPUTA\u00c7\u00c3O EM NUVEM NO BRASIL - Learning and NonLinear Models\",\"isPartOf\":{\"@id\":\"https:\/\/sbia.org.br\/lnlm\/#website\"},\"datePublished\":\"2016-10-17T13:45:00+00:00\",\"breadcrumb\":{\"@id\":\"https:\/\/sbia.org.br\/lnlm\/publicacoes\/vol14-no1\/vol14-no1-art6\/#breadcrumb\"},\"inLanguage\":\"pt-BR\",\"potentialAction\":[{\"@type\":\"ReadAction\",\"target\":[\"https:\/\/sbia.org.br\/lnlm\/publicacoes\/vol14-no1\/vol14-no1-art6\/\"]}]},{\"@type\":\"BreadcrumbList\",\"@id\":\"https:\/\/sbia.org.br\/lnlm\/publicacoes\/vol14-no1\/vol14-no1-art6\/#breadcrumb\",\"itemListElement\":[{\"@type\":\"ListItem\",\"position\":1,\"name\":\"Browse issues\",\"item\":\"https:\/\/sbia.org.br\/lnlm\/publicacoes\/\"},{\"@type\":\"ListItem\",\"position\":2,\"name\":\"Learning &#038; Nonlinear Models &#8211; L&#038;NLM &#8211; Volume 14 &#8211; N\u00famero 1\",\"item\":\"https:\/\/sbia.org.br\/lnlm\/publicacoes\/vol14-no1\/\"},{\"@type\":\"ListItem\",\"position\":3,\"name\":\"EXTRA\u00c7\u00c3O DE CONHECIMENTO EM UM SURVEY SOBRE O USO DE COMPUTA\u00c7\u00c3O EM NUVEM NO BRASIL\"}]},{\"@type\":\"WebSite\",\"@id\":\"https:\/\/sbia.org.br\/lnlm\/#website\",\"url\":\"https:\/\/sbia.org.br\/lnlm\/\",\"name\":\"Learning and NonLinear Models\",\"description\":\"\",\"publisher\":{\"@id\":\"https:\/\/sbia.org.br\/lnlm\/#organization\"},\"potentialAction\":[{\"@type\":\"SearchAction\",\"target\":{\"@type\":\"EntryPoint\",\"urlTemplate\":\"https:\/\/sbia.org.br\/lnlm\/?s={search_term_string}\"},\"query-input\":{\"@type\":\"PropertyValueSpecification\",\"valueRequired\":true,\"valueName\":\"search_term_string\"}}],\"inLanguage\":\"pt-BR\"},{\"@type\":\"Organization\",\"@id\":\"https:\/\/sbia.org.br\/lnlm\/#organization\",\"name\":\"Learning and NonLinear Models\",\"url\":\"https:\/\/sbia.org.br\/lnlm\/\",\"logo\":{\"@type\":\"ImageObject\",\"inLanguage\":\"pt-BR\",\"@id\":\"https:\/\/sbia.org.br\/lnlm\/#\/schema\/logo\/image\/\",\"url\":\"https:\/\/sbia.org.br\/lnlm\/wp-content\/uploads\/2021\/07\/logo-lnlm.png\",\"contentUrl\":\"https:\/\/sbia.org.br\/lnlm\/wp-content\/uploads\/2021\/07\/logo-lnlm.png\",\"width\":398,\"height\":94,\"caption\":\"Learning and NonLinear Models\"},\"image\":{\"@id\":\"https:\/\/sbia.org.br\/lnlm\/#\/schema\/logo\/image\/\"}}]}<\/script>\n<!-- \/ Yoast SEO plugin. -->","yoast_head_json":{"title":"EXTRA\u00c7\u00c3O DE CONHECIMENTO EM UM SURVEY SOBRE O USO DE COMPUTA\u00c7\u00c3O EM NUVEM NO BRASIL - Learning and NonLinear Models","robots":{"index":"index","follow":"follow","max-snippet":"max-snippet:-1","max-image-preview":"max-image-preview:large","max-video-preview":"max-video-preview:-1"},"canonical":"https:\/\/sbia.org.br\/lnlm\/publicacoes\/vol14-no1\/vol14-no1-art6\/","og_locale":"pt_BR","og_type":"article","og_title":"EXTRA\u00c7\u00c3O DE CONHECIMENTO EM UM SURVEY SOBRE O USO DE COMPUTA\u00c7\u00c3O EM NUVEM NO BRASIL - Learning and NonLinear Models","og_description":"T\u00edtulo: EXTRA\u00c7\u00c3O DE CONHECIMENTO EM UM SURVEY SOBRE O USO DE COMPUTA\u00c7\u00c3O EM NUVEM NO BRASIL Autores: Da Silva, Hilson Barbosa; Garcia, Vinicius Cardoso; Souza, Thiago Carvalho de; Rab\u00ealo, Ricardo Andrade Lira; Soares, Jefferson Henrique Camelo; Lopes, Lucas Ara\u00fajo Resumo: Read More ...","og_url":"https:\/\/sbia.org.br\/lnlm\/publicacoes\/vol14-no1\/vol14-no1-art6\/","og_site_name":"Learning and NonLinear Models","twitter_card":"summary_large_image","twitter_misc":{"Est. tempo de leitura":"1 minuto"},"schema":{"@context":"https:\/\/schema.org","@graph":[{"@type":"WebPage","@id":"https:\/\/sbia.org.br\/lnlm\/publicacoes\/vol14-no1\/vol14-no1-art6\/","url":"https:\/\/sbia.org.br\/lnlm\/publicacoes\/vol14-no1\/vol14-no1-art6\/","name":"EXTRA\u00c7\u00c3O DE CONHECIMENTO EM UM SURVEY SOBRE O USO DE COMPUTA\u00c7\u00c3O EM NUVEM NO BRASIL - Learning and NonLinear Models","isPartOf":{"@id":"https:\/\/sbia.org.br\/lnlm\/#website"},"datePublished":"2016-10-17T13:45:00+00:00","breadcrumb":{"@id":"https:\/\/sbia.org.br\/lnlm\/publicacoes\/vol14-no1\/vol14-no1-art6\/#breadcrumb"},"inLanguage":"pt-BR","potentialAction":[{"@type":"ReadAction","target":["https:\/\/sbia.org.br\/lnlm\/publicacoes\/vol14-no1\/vol14-no1-art6\/"]}]},{"@type":"BreadcrumbList","@id":"https:\/\/sbia.org.br\/lnlm\/publicacoes\/vol14-no1\/vol14-no1-art6\/#breadcrumb","itemListElement":[{"@type":"ListItem","position":1,"name":"Browse issues","item":"https:\/\/sbia.org.br\/lnlm\/publicacoes\/"},{"@type":"ListItem","position":2,"name":"Learning &#038; Nonlinear Models &#8211; L&#038;NLM &#8211; Volume 14 &#8211; N\u00famero 1","item":"https:\/\/sbia.org.br\/lnlm\/publicacoes\/vol14-no1\/"},{"@type":"ListItem","position":3,"name":"EXTRA\u00c7\u00c3O DE CONHECIMENTO EM UM SURVEY SOBRE O USO DE COMPUTA\u00c7\u00c3O EM NUVEM NO BRASIL"}]},{"@type":"WebSite","@id":"https:\/\/sbia.org.br\/lnlm\/#website","url":"https:\/\/sbia.org.br\/lnlm\/","name":"Learning and NonLinear Models","description":"","publisher":{"@id":"https:\/\/sbia.org.br\/lnlm\/#organization"},"potentialAction":[{"@type":"SearchAction","target":{"@type":"EntryPoint","urlTemplate":"https:\/\/sbia.org.br\/lnlm\/?s={search_term_string}"},"query-input":{"@type":"PropertyValueSpecification","valueRequired":true,"valueName":"search_term_string"}}],"inLanguage":"pt-BR"},{"@type":"Organization","@id":"https:\/\/sbia.org.br\/lnlm\/#organization","name":"Learning and NonLinear Models","url":"https:\/\/sbia.org.br\/lnlm\/","logo":{"@type":"ImageObject","inLanguage":"pt-BR","@id":"https:\/\/sbia.org.br\/lnlm\/#\/schema\/logo\/image\/","url":"https:\/\/sbia.org.br\/lnlm\/wp-content\/uploads\/2021\/07\/logo-lnlm.png","contentUrl":"https:\/\/sbia.org.br\/lnlm\/wp-content\/uploads\/2021\/07\/logo-lnlm.png","width":398,"height":94,"caption":"Learning and NonLinear Models"},"image":{"@id":"https:\/\/sbia.org.br\/lnlm\/#\/schema\/logo\/image\/"}}]}},"_links":{"self":[{"href":"https:\/\/sbia.org.br\/lnlm\/wp-json\/wp\/v2\/pages\/917","targetHints":{"allow":["GET"]}}],"collection":[{"href":"https:\/\/sbia.org.br\/lnlm\/wp-json\/wp\/v2\/pages"}],"about":[{"href":"https:\/\/sbia.org.br\/lnlm\/wp-json\/wp\/v2\/types\/page"}],"author":[{"embeddable":true,"href":"https:\/\/sbia.org.br\/lnlm\/wp-json\/wp\/v2\/users\/1"}],"replies":[{"embeddable":true,"href":"https:\/\/sbia.org.br\/lnlm\/wp-json\/wp\/v2\/comments?post=917"}],"version-history":[{"count":0,"href":"https:\/\/sbia.org.br\/lnlm\/wp-json\/wp\/v2\/pages\/917\/revisions"}],"up":[{"embeddable":true,"href":"https:\/\/sbia.org.br\/lnlm\/wp-json\/wp\/v2\/pages\/885"}],"wp:attachment":[{"href":"https:\/\/sbia.org.br\/lnlm\/wp-json\/wp\/v2\/media?parent=917"}],"curies":[{"name":"wp","href":"https:\/\/api.w.org\/{rel}","templated":true}]}}