{"id":911,"date":"2016-10-17T11:32:40","date_gmt":"2016-10-17T13:32:40","guid":{"rendered":"https:\/\/sbia.org.br\/lnlm\/?page_id=911"},"modified":"2016-10-17T11:32:40","modified_gmt":"2016-10-17T13:32:40","slug":"vol14-no1-art3","status":"publish","type":"page","link":"https:\/\/sbia.org.br\/lnlm\/publicacoes\/vol14-no1\/vol14-no1-art3\/","title":{"rendered":"SMART COMET: UMA ABORDAGEM AUTOMATIZADA PARA DETEC\u00c7\u00c3\u02dcO E CLASSIFICA\u00c7\u00c3O DE DANO CELULAR DISPONDO DO ENSAIO COMETA"},"content":{"rendered":"<p><strong>T\u00edtulo:<\/strong> SMART COMET: UMA ABORDAGEM AUTOMATIZADA PARA DETEC\u00c7\u00c3O E CLASSIFICA\u00c7\u00c3O DE DANO CELULAR DISPONDO DO ENSAIO COMETA<\/p>\n<p><strong>Autores:<\/strong> Silva, Kenad W. A.; Silva, Breno C.; Carvalho, Carlos G. N.; Amaral, Fabr\u00edcio P. de M.<\/p>\n<p align=\"justify\"><strong>Resumo:<\/strong> A detec\u00e7\u00e3o e classifica\u00e7\u00e3o de danos nas imagens do ensaio cometa \u00e9 um importante indicativo de alguns problemas de sa\u00fade, como por exemplo o c\u00e2ncer. No entanto, normalmente, a detec\u00e7\u00e3o e classifica\u00e7\u00e3o de danos por meio deste tipo de ensaio s\u00e3o realizadas manualmente, decorrendo em erros e lentid\u00e3o. Embora existam algumas abordagens automatizadas para esse problema, tais abordagens detectam as c\u00e9lulas e classificam seus danos com n\u00edveis de efici\u00eancia n\u00e3o t\u00e3o satisfat\u00f3rio. Neste artigo, \u00e9 proposto o SMART COMET, uma solu\u00e7\u00e3o de detec\u00e7\u00e3o baseada em filtros morfol\u00f3gicos, detec\u00e7\u00e3o de borda e classifica\u00e7\u00e3o usando um sistema especialista. Experimentos mostram resultados mais eficientes que outras abordagens presentes na literatura em imagens com borda de objetiva nos protocolos do ensaio cometa de nitrato de prata e GelRed. Adicionalmente, dispondo de imagens sem borda da objetiva utilizando os protocolos de nitrato de prata e GelRed, o SMART COMET mostrou-se, tamb\u00e9m mais eficiente que outras abordagens propostas na literatura.\n<\/p>\n<p><strong>Palavras-chave:<\/strong> Automa\u00e7\u00e3o; Vis\u00e3o Computacional; Sistemas Especialistas; Ensaio Cometa<\/p>\n<p><strong>P\u00e1ginas:<\/strong> 10<\/p>\n<p><strong>C\u00f3digo DOI:<\/strong> <a href=\"http:\/\/dx.doi.org\/10.21528\/LNLM-vol14-no1-art3\">10.21528\/LNLM-vol14-no1-art3<\/a><\/p>\n<p><strong>Artigo em PDF:<\/strong> <a href=\"https:\/\/sbia.org.br\/lnlm\/wp-content\/uploads\/sites\/4\/2016\/10\/vol14-no1-art3.pdf\" rel=\"\">vol14-no1-art3.pdf<\/a><\/p>\n<p><strong>Arquivo BibTex:<\/strong> <a href=\"https:\/\/sbia.org.br\/lnlm\/wp-content\/uploads\/sites\/4\/2016\/10\/vol14-no1-art3.bib\" rel=\"\">vol14-no1-art3.bib<\/a><\/p>\n","protected":false},"excerpt":{"rendered":"<p>T\u00edtulo: SMART COMET: UMA ABORDAGEM AUTOMATIZADA PARA DETEC\u00c7\u00c3O E CLASSIFICA\u00c7\u00c3O DE DANO CELULAR DISPONDO DO ENSAIO COMETA Autores: Silva, Kenad W. A.; Silva, Breno C.; Carvalho, Carlos G. N.; Amaral, Fabr\u00edcio P. de M. Resumo: A detec\u00e7\u00e3o e classifica\u00e7\u00e3o de <a href=\"https:\/\/sbia.org.br\/lnlm\/publicacoes\/vol14-no1\/vol14-no1-art3\/\" class=\"read-more\">Read More &#8230;<\/a><\/p>\n","protected":false},"author":1,"featured_media":0,"parent":885,"menu_order":0,"comment_status":"closed","ping_status":"closed","template":"","meta":{"footnotes":""},"class_list":["post-911","page","type-page","status-publish","hentry"],"yoast_head":"<!-- This site is optimized with the Yoast SEO plugin v26.9 - https:\/\/yoast.com\/product\/yoast-seo-wordpress\/ -->\n<title>SMART COMET: UMA ABORDAGEM AUTOMATIZADA PARA DETEC\u00c7\u00c3\u02dcO E CLASSIFICA\u00c7\u00c3O DE DANO CELULAR DISPONDO DO ENSAIO COMETA - Learning and NonLinear Models<\/title>\n<meta name=\"robots\" content=\"index, follow, max-snippet:-1, max-image-preview:large, max-video-preview:-1\" \/>\n<link rel=\"canonical\" href=\"https:\/\/sbia.org.br\/lnlm\/publicacoes\/vol14-no1\/vol14-no1-art3\/\" \/>\n<meta property=\"og:locale\" content=\"pt_BR\" \/>\n<meta property=\"og:type\" content=\"article\" \/>\n<meta property=\"og:title\" content=\"SMART COMET: UMA ABORDAGEM AUTOMATIZADA PARA DETEC\u00c7\u00c3\u02dcO E CLASSIFICA\u00c7\u00c3O DE DANO CELULAR DISPONDO DO ENSAIO COMETA - Learning and NonLinear Models\" \/>\n<meta property=\"og:description\" content=\"T\u00edtulo: SMART COMET: UMA ABORDAGEM AUTOMATIZADA PARA DETEC\u00c7\u00c3O E CLASSIFICA\u00c7\u00c3O DE DANO CELULAR DISPONDO DO ENSAIO COMETA Autores: Silva, Kenad W. A.; Silva, Breno C.; Carvalho, Carlos G. N.; Amaral, Fabr\u00edcio P. de M. Resumo: A detec\u00e7\u00e3o e classifica\u00e7\u00e3o de Read More ...\" \/>\n<meta property=\"og:url\" content=\"https:\/\/sbia.org.br\/lnlm\/publicacoes\/vol14-no1\/vol14-no1-art3\/\" \/>\n<meta property=\"og:site_name\" content=\"Learning and NonLinear Models\" \/>\n<meta name=\"twitter:card\" content=\"summary_large_image\" \/>\n<meta name=\"twitter:label1\" content=\"Est. tempo de leitura\" \/>\n\t<meta name=\"twitter:data1\" content=\"1 minuto\" \/>\n<script type=\"application\/ld+json\" class=\"yoast-schema-graph\">{\"@context\":\"https:\/\/schema.org\",\"@graph\":[{\"@type\":\"WebPage\",\"@id\":\"https:\/\/sbia.org.br\/lnlm\/publicacoes\/vol14-no1\/vol14-no1-art3\/\",\"url\":\"https:\/\/sbia.org.br\/lnlm\/publicacoes\/vol14-no1\/vol14-no1-art3\/\",\"name\":\"SMART COMET: UMA ABORDAGEM AUTOMATIZADA PARA DETEC\u00c7\u00c3\u02dcO E CLASSIFICA\u00c7\u00c3O DE DANO CELULAR DISPONDO DO ENSAIO COMETA - Learning and NonLinear Models\",\"isPartOf\":{\"@id\":\"https:\/\/sbia.org.br\/lnlm\/#website\"},\"datePublished\":\"2016-10-17T13:32:40+00:00\",\"breadcrumb\":{\"@id\":\"https:\/\/sbia.org.br\/lnlm\/publicacoes\/vol14-no1\/vol14-no1-art3\/#breadcrumb\"},\"inLanguage\":\"pt-BR\",\"potentialAction\":[{\"@type\":\"ReadAction\",\"target\":[\"https:\/\/sbia.org.br\/lnlm\/publicacoes\/vol14-no1\/vol14-no1-art3\/\"]}]},{\"@type\":\"BreadcrumbList\",\"@id\":\"https:\/\/sbia.org.br\/lnlm\/publicacoes\/vol14-no1\/vol14-no1-art3\/#breadcrumb\",\"itemListElement\":[{\"@type\":\"ListItem\",\"position\":1,\"name\":\"Browse issues\",\"item\":\"https:\/\/sbia.org.br\/lnlm\/publicacoes\/\"},{\"@type\":\"ListItem\",\"position\":2,\"name\":\"Learning &#038; Nonlinear Models &#8211; L&#038;NLM &#8211; Volume 14 &#8211; N\u00famero 1\",\"item\":\"https:\/\/sbia.org.br\/lnlm\/publicacoes\/vol14-no1\/\"},{\"@type\":\"ListItem\",\"position\":3,\"name\":\"SMART COMET: UMA ABORDAGEM AUTOMATIZADA PARA DETEC\u00c7\u00c3\u02dcO E CLASSIFICA\u00c7\u00c3O DE DANO CELULAR DISPONDO DO ENSAIO COMETA\"}]},{\"@type\":\"WebSite\",\"@id\":\"https:\/\/sbia.org.br\/lnlm\/#website\",\"url\":\"https:\/\/sbia.org.br\/lnlm\/\",\"name\":\"Learning and NonLinear Models\",\"description\":\"\",\"publisher\":{\"@id\":\"https:\/\/sbia.org.br\/lnlm\/#organization\"},\"potentialAction\":[{\"@type\":\"SearchAction\",\"target\":{\"@type\":\"EntryPoint\",\"urlTemplate\":\"https:\/\/sbia.org.br\/lnlm\/?s={search_term_string}\"},\"query-input\":{\"@type\":\"PropertyValueSpecification\",\"valueRequired\":true,\"valueName\":\"search_term_string\"}}],\"inLanguage\":\"pt-BR\"},{\"@type\":\"Organization\",\"@id\":\"https:\/\/sbia.org.br\/lnlm\/#organization\",\"name\":\"Learning and NonLinear Models\",\"url\":\"https:\/\/sbia.org.br\/lnlm\/\",\"logo\":{\"@type\":\"ImageObject\",\"inLanguage\":\"pt-BR\",\"@id\":\"https:\/\/sbia.org.br\/lnlm\/#\/schema\/logo\/image\/\",\"url\":\"https:\/\/sbia.org.br\/lnlm\/wp-content\/uploads\/2021\/07\/logo-lnlm.png\",\"contentUrl\":\"https:\/\/sbia.org.br\/lnlm\/wp-content\/uploads\/2021\/07\/logo-lnlm.png\",\"width\":398,\"height\":94,\"caption\":\"Learning and NonLinear Models\"},\"image\":{\"@id\":\"https:\/\/sbia.org.br\/lnlm\/#\/schema\/logo\/image\/\"}}]}<\/script>\n<!-- \/ Yoast SEO plugin. -->","yoast_head_json":{"title":"SMART COMET: UMA ABORDAGEM AUTOMATIZADA PARA DETEC\u00c7\u00c3\u02dcO E CLASSIFICA\u00c7\u00c3O DE DANO CELULAR DISPONDO DO ENSAIO COMETA - Learning and NonLinear Models","robots":{"index":"index","follow":"follow","max-snippet":"max-snippet:-1","max-image-preview":"max-image-preview:large","max-video-preview":"max-video-preview:-1"},"canonical":"https:\/\/sbia.org.br\/lnlm\/publicacoes\/vol14-no1\/vol14-no1-art3\/","og_locale":"pt_BR","og_type":"article","og_title":"SMART COMET: UMA ABORDAGEM AUTOMATIZADA PARA DETEC\u00c7\u00c3\u02dcO E CLASSIFICA\u00c7\u00c3O DE DANO CELULAR DISPONDO DO ENSAIO COMETA - Learning and NonLinear Models","og_description":"T\u00edtulo: SMART COMET: UMA ABORDAGEM AUTOMATIZADA PARA DETEC\u00c7\u00c3O E CLASSIFICA\u00c7\u00c3O DE DANO CELULAR DISPONDO DO ENSAIO COMETA Autores: Silva, Kenad W. A.; Silva, Breno C.; Carvalho, Carlos G. N.; Amaral, Fabr\u00edcio P. de M. Resumo: A detec\u00e7\u00e3o e classifica\u00e7\u00e3o de Read More ...","og_url":"https:\/\/sbia.org.br\/lnlm\/publicacoes\/vol14-no1\/vol14-no1-art3\/","og_site_name":"Learning and NonLinear Models","twitter_card":"summary_large_image","twitter_misc":{"Est. tempo de leitura":"1 minuto"},"schema":{"@context":"https:\/\/schema.org","@graph":[{"@type":"WebPage","@id":"https:\/\/sbia.org.br\/lnlm\/publicacoes\/vol14-no1\/vol14-no1-art3\/","url":"https:\/\/sbia.org.br\/lnlm\/publicacoes\/vol14-no1\/vol14-no1-art3\/","name":"SMART COMET: UMA ABORDAGEM AUTOMATIZADA PARA DETEC\u00c7\u00c3\u02dcO E CLASSIFICA\u00c7\u00c3O DE DANO CELULAR DISPONDO DO ENSAIO COMETA - Learning and NonLinear Models","isPartOf":{"@id":"https:\/\/sbia.org.br\/lnlm\/#website"},"datePublished":"2016-10-17T13:32:40+00:00","breadcrumb":{"@id":"https:\/\/sbia.org.br\/lnlm\/publicacoes\/vol14-no1\/vol14-no1-art3\/#breadcrumb"},"inLanguage":"pt-BR","potentialAction":[{"@type":"ReadAction","target":["https:\/\/sbia.org.br\/lnlm\/publicacoes\/vol14-no1\/vol14-no1-art3\/"]}]},{"@type":"BreadcrumbList","@id":"https:\/\/sbia.org.br\/lnlm\/publicacoes\/vol14-no1\/vol14-no1-art3\/#breadcrumb","itemListElement":[{"@type":"ListItem","position":1,"name":"Browse issues","item":"https:\/\/sbia.org.br\/lnlm\/publicacoes\/"},{"@type":"ListItem","position":2,"name":"Learning &#038; Nonlinear Models &#8211; L&#038;NLM &#8211; Volume 14 &#8211; N\u00famero 1","item":"https:\/\/sbia.org.br\/lnlm\/publicacoes\/vol14-no1\/"},{"@type":"ListItem","position":3,"name":"SMART COMET: UMA ABORDAGEM AUTOMATIZADA PARA DETEC\u00c7\u00c3\u02dcO E CLASSIFICA\u00c7\u00c3O DE DANO CELULAR DISPONDO DO ENSAIO COMETA"}]},{"@type":"WebSite","@id":"https:\/\/sbia.org.br\/lnlm\/#website","url":"https:\/\/sbia.org.br\/lnlm\/","name":"Learning and NonLinear Models","description":"","publisher":{"@id":"https:\/\/sbia.org.br\/lnlm\/#organization"},"potentialAction":[{"@type":"SearchAction","target":{"@type":"EntryPoint","urlTemplate":"https:\/\/sbia.org.br\/lnlm\/?s={search_term_string}"},"query-input":{"@type":"PropertyValueSpecification","valueRequired":true,"valueName":"search_term_string"}}],"inLanguage":"pt-BR"},{"@type":"Organization","@id":"https:\/\/sbia.org.br\/lnlm\/#organization","name":"Learning and NonLinear Models","url":"https:\/\/sbia.org.br\/lnlm\/","logo":{"@type":"ImageObject","inLanguage":"pt-BR","@id":"https:\/\/sbia.org.br\/lnlm\/#\/schema\/logo\/image\/","url":"https:\/\/sbia.org.br\/lnlm\/wp-content\/uploads\/2021\/07\/logo-lnlm.png","contentUrl":"https:\/\/sbia.org.br\/lnlm\/wp-content\/uploads\/2021\/07\/logo-lnlm.png","width":398,"height":94,"caption":"Learning and NonLinear Models"},"image":{"@id":"https:\/\/sbia.org.br\/lnlm\/#\/schema\/logo\/image\/"}}]}},"_links":{"self":[{"href":"https:\/\/sbia.org.br\/lnlm\/wp-json\/wp\/v2\/pages\/911","targetHints":{"allow":["GET"]}}],"collection":[{"href":"https:\/\/sbia.org.br\/lnlm\/wp-json\/wp\/v2\/pages"}],"about":[{"href":"https:\/\/sbia.org.br\/lnlm\/wp-json\/wp\/v2\/types\/page"}],"author":[{"embeddable":true,"href":"https:\/\/sbia.org.br\/lnlm\/wp-json\/wp\/v2\/users\/1"}],"replies":[{"embeddable":true,"href":"https:\/\/sbia.org.br\/lnlm\/wp-json\/wp\/v2\/comments?post=911"}],"version-history":[{"count":0,"href":"https:\/\/sbia.org.br\/lnlm\/wp-json\/wp\/v2\/pages\/911\/revisions"}],"up":[{"embeddable":true,"href":"https:\/\/sbia.org.br\/lnlm\/wp-json\/wp\/v2\/pages\/885"}],"wp:attachment":[{"href":"https:\/\/sbia.org.br\/lnlm\/wp-json\/wp\/v2\/media?parent=911"}],"curies":[{"name":"wp","href":"https:\/\/api.w.org\/{rel}","templated":true}]}}