{"id":885,"date":"2016-10-13T12:46:35","date_gmt":"2016-10-13T15:46:35","guid":{"rendered":"https:\/\/sbia.org.br\/lnlm\/?page_id=885"},"modified":"2016-10-13T12:46:35","modified_gmt":"2016-10-13T15:46:35","slug":"vol14-no1","status":"publish","type":"page","link":"https:\/\/sbia.org.br\/lnlm\/publicacoes\/vol14-no1\/","title":{"rendered":"Learning &#038; Nonlinear Models &#8211; L&#038;NLM &#8211; Volume 14 &#8211; N\u00famero 1"},"content":{"rendered":"<p>Volume 14 &#8211; N\u00famero 1 &#8211; 2016<\/p>\n<p>&nbsp;<br \/>\n<a href=\"https:\/\/sbia.org.br\/lnlm\/wp-content\/uploads\/sites\/4\/2016\/10\/vol14-no1-art0.pdf\" target=\"_blank\" rel=\"noopener\">CAPA<\/a><\/p>\n<p>&nbsp;<br \/>\n<a href=\"https:\/\/sbia.org.br\/lnlm\/vol14-no1\/vol14-no1-art1\" target=\"_blank\" rel=\"noopener\">Artigo 1 &#8211; UMA ABORDAGEM PARA PROVISIONAMENTO AUTOM\u00c1TICO DE SENSORES EM NUVENS DE SENSORES<\/a><\/p>\n<ul>\n<ul>Marcus Lemos; Carlos Carvalho; Douglas Lopes; Raimir Holanda; Ricardo  Rab\u00ealo<\/ul>\n<\/ul>\n<p>&nbsp;<br \/>\n<a href=\"https:\/\/sbia.org.br\/lnlm\/vol14-no1\/vol14-no1-art2\" target=\"_blank\" rel=\"noopener\">Artigo 2 &#8211; ESTIMA\u00c7\u00c3O DE HARM\u00d4NICAS NO CONTEXTO DA QUALIDADE DA ENERGIA EL\u00c9TRICA UTILIZADA REDES NEURAIS ARTIFICIAIS<\/a><\/p>\n<ul>\n<ul>Andr\u00e9 L. Pessoa; Eduardo H. C. Barbosa; Pedro H. C. Ulisses; Hermes M. G. C. Branco; Ricardo A. L. Rab\u00ealo<\/ul>\n<\/ul>\n<p>&nbsp;<br \/>\n<a href=\"https:\/\/sbia.org.br\/lnlm\/vol14-no1\/vol14-no1-art3\" target=\"_blank\" rel=\"noopener\">Artigo 3 &#8211; SMART COMET: UMA ABORDAGEM AUTOMATIZADA PARA DETEC\u00c7\u00c3O E CLASSIFICA\u00c7\u00c3O DE DANO CELULAR DISPONDO DO ENSAIO COMETA<\/a><\/p>\n<ul>\n<ul>Kenad W. A. Silva; Breno C. Silva; Carlos G. N. Carvalho; Fabr\u00edcio P. de M. Amaral<\/ul>\n<\/ul>\n<p>&nbsp;<br \/>\n<a href=\"https:\/\/sbia.org.br\/lnlm\/vol14-no1\/vol14-no1-art4\" target=\"_blank\" rel=\"noopener\">Artigo 4 &#8211; CLASSIFICA\u00c7\u00c3O DOS C\u00d3DIGOS OCDMA COM O USO DOS MAPAS AUTO-OTGANIZ\u00c1VEIS DE KOHONEN<\/a><\/p>\n<ul>\n<ul>Heitor Bruno Oliveira Galv\u00e3o; Emanoel Marques Souza; Guilherme En\u00e9as Vaz Silva; Jos\u00e9 Valdemir Reis Junior<\/ul>\n<\/ul>\n<p>&nbsp;<br \/>\n<a href=\"https:\/\/sbia.org.br\/lnlm\/vol14-no1\/vol14-no1-art5\" target=\"_blank\" rel=\"noopener\">Artigo 5 &#8211; ABORDAGEM BASEADA EM ALGORITMO EVOLUTIVO MULTIOBJETIVO E NO M\u00c9TODO DE MONTE CARLO PARA MONITORAMENTO OTIMIZADO DE AFUNDAMENTOS DE TENS\u00c3O EM SISTEMAS DE DISTRIBUI\u00c7\u00c3O DE ENERGIA EL\u00c9TRICA<\/a><\/p>\n<ul>\n<ul>S\u00e1vio Mota Carneiro; Antonio Jos\u00e9 de Oliveira Alves; Ricardo de Andrade Lira Rab\u00ealo; Hermes Manoel Galv\u00e3o Castelo Branco; Jos\u00e9 de Ribamar Lima Filho<\/ul>\n<\/ul>\n<p>&nbsp;<br \/>\n<a href=\"https:\/\/sbia.org.br\/lnlm\/vol14-no1\/vol14-no1-art6\" target=\"_blank\" rel=\"noopener\">Artigo 6 &#8211; EXTRA\u00c7\u00c3O DE CONHECIMENTO EM UM SURVEY SOBRE O USO DE COMPUTA\u00c7\u00c3O EM NUVEM NO BRASIL<\/a><\/p>\n<ul>\n<ul>Hilson Barbosa da Silva; Vinicius Cardoso Garcia; Thiago Carvalho Souza; Ricardo Andrade Lira Rab\u00ealo; Jefferson Henrique Camelo Soares; Lucas Ara\u00fajo Lopes<\/ul>\n<\/ul>\n","protected":false},"excerpt":{"rendered":"<p>Volume 14 &#8211; N\u00famero 1 &#8211; 2016 &nbsp; CAPA &nbsp; Artigo 1 &#8211; UMA ABORDAGEM PARA PROVISIONAMENTO AUTOM\u00c1TICO DE SENSORES EM NUVENS DE SENSORES Marcus Lemos; Carlos Carvalho; Douglas Lopes; Raimir Holanda; Ricardo Rab\u00ealo &nbsp; Artigo 2 &#8211; ESTIMA\u00c7\u00c3O DE <a href=\"https:\/\/sbia.org.br\/lnlm\/publicacoes\/vol14-no1\/\" class=\"read-more\">Read More &#8230;<\/a><\/p>\n","protected":false},"author":1,"featured_media":0,"parent":23,"menu_order":0,"comment_status":"closed","ping_status":"closed","template":"","meta":{"footnotes":""},"class_list":["post-885","page","type-page","status-publish","hentry"],"yoast_head":"<!-- This site is optimized with the Yoast SEO plugin v26.9 - https:\/\/yoast.com\/product\/yoast-seo-wordpress\/ -->\n<title>Learning &amp; Nonlinear Models - L&amp;NLM - Volume 14 - N\u00famero 1 - Learning and NonLinear Models<\/title>\n<meta name=\"robots\" content=\"index, follow, max-snippet:-1, max-image-preview:large, max-video-preview:-1\" \/>\n<link rel=\"canonical\" href=\"https:\/\/sbia.org.br\/lnlm\/publicacoes\/vol14-no1\/\" \/>\n<meta property=\"og:locale\" content=\"pt_BR\" \/>\n<meta property=\"og:type\" content=\"article\" \/>\n<meta property=\"og:title\" content=\"Learning &amp; Nonlinear Models - L&amp;NLM - Volume 14 - N\u00famero 1 - Learning and NonLinear Models\" \/>\n<meta property=\"og:description\" content=\"Volume 14 &#8211; N\u00famero 1 &#8211; 2016 &nbsp; CAPA &nbsp; Artigo 1 &#8211; UMA ABORDAGEM PARA PROVISIONAMENTO AUTOM\u00c1TICO DE SENSORES EM NUVENS DE SENSORES Marcus Lemos; Carlos Carvalho; Douglas Lopes; Raimir Holanda; Ricardo Rab\u00ealo &nbsp; Artigo 2 &#8211; ESTIMA\u00c7\u00c3O DE Read More ...\" \/>\n<meta property=\"og:url\" content=\"https:\/\/sbia.org.br\/lnlm\/publicacoes\/vol14-no1\/\" \/>\n<meta property=\"og:site_name\" content=\"Learning and NonLinear Models\" \/>\n<meta name=\"twitter:card\" content=\"summary_large_image\" \/>\n<meta name=\"twitter:label1\" content=\"Est. tempo de leitura\" \/>\n\t<meta name=\"twitter:data1\" content=\"1 minuto\" \/>\n<script type=\"application\/ld+json\" class=\"yoast-schema-graph\">{\"@context\":\"https:\/\/schema.org\",\"@graph\":[{\"@type\":\"WebPage\",\"@id\":\"https:\/\/sbia.org.br\/lnlm\/publicacoes\/vol14-no1\/\",\"url\":\"https:\/\/sbia.org.br\/lnlm\/publicacoes\/vol14-no1\/\",\"name\":\"Learning & Nonlinear Models - L&NLM - Volume 14 - N\u00famero 1 - Learning and NonLinear Models\",\"isPartOf\":{\"@id\":\"https:\/\/sbia.org.br\/lnlm\/#website\"},\"datePublished\":\"2016-10-13T15:46:35+00:00\",\"breadcrumb\":{\"@id\":\"https:\/\/sbia.org.br\/lnlm\/publicacoes\/vol14-no1\/#breadcrumb\"},\"inLanguage\":\"pt-BR\",\"potentialAction\":[{\"@type\":\"ReadAction\",\"target\":[\"https:\/\/sbia.org.br\/lnlm\/publicacoes\/vol14-no1\/\"]}]},{\"@type\":\"BreadcrumbList\",\"@id\":\"https:\/\/sbia.org.br\/lnlm\/publicacoes\/vol14-no1\/#breadcrumb\",\"itemListElement\":[{\"@type\":\"ListItem\",\"position\":1,\"name\":\"Browse issues\",\"item\":\"https:\/\/sbia.org.br\/lnlm\/publicacoes\/\"},{\"@type\":\"ListItem\",\"position\":2,\"name\":\"Learning &#038; Nonlinear Models &#8211; L&#038;NLM &#8211; Volume 14 &#8211; N\u00famero 1\"}]},{\"@type\":\"WebSite\",\"@id\":\"https:\/\/sbia.org.br\/lnlm\/#website\",\"url\":\"https:\/\/sbia.org.br\/lnlm\/\",\"name\":\"Learning and NonLinear Models\",\"description\":\"\",\"publisher\":{\"@id\":\"https:\/\/sbia.org.br\/lnlm\/#organization\"},\"potentialAction\":[{\"@type\":\"SearchAction\",\"target\":{\"@type\":\"EntryPoint\",\"urlTemplate\":\"https:\/\/sbia.org.br\/lnlm\/?s={search_term_string}\"},\"query-input\":{\"@type\":\"PropertyValueSpecification\",\"valueRequired\":true,\"valueName\":\"search_term_string\"}}],\"inLanguage\":\"pt-BR\"},{\"@type\":\"Organization\",\"@id\":\"https:\/\/sbia.org.br\/lnlm\/#organization\",\"name\":\"Learning and NonLinear Models\",\"url\":\"https:\/\/sbia.org.br\/lnlm\/\",\"logo\":{\"@type\":\"ImageObject\",\"inLanguage\":\"pt-BR\",\"@id\":\"https:\/\/sbia.org.br\/lnlm\/#\/schema\/logo\/image\/\",\"url\":\"https:\/\/sbia.org.br\/lnlm\/wp-content\/uploads\/2021\/07\/logo-lnlm.png\",\"contentUrl\":\"https:\/\/sbia.org.br\/lnlm\/wp-content\/uploads\/2021\/07\/logo-lnlm.png\",\"width\":398,\"height\":94,\"caption\":\"Learning and NonLinear Models\"},\"image\":{\"@id\":\"https:\/\/sbia.org.br\/lnlm\/#\/schema\/logo\/image\/\"}}]}<\/script>\n<!-- \/ Yoast SEO plugin. -->","yoast_head_json":{"title":"Learning & Nonlinear Models - L&NLM - Volume 14 - N\u00famero 1 - Learning and NonLinear Models","robots":{"index":"index","follow":"follow","max-snippet":"max-snippet:-1","max-image-preview":"max-image-preview:large","max-video-preview":"max-video-preview:-1"},"canonical":"https:\/\/sbia.org.br\/lnlm\/publicacoes\/vol14-no1\/","og_locale":"pt_BR","og_type":"article","og_title":"Learning & Nonlinear Models - L&NLM - Volume 14 - N\u00famero 1 - Learning and NonLinear Models","og_description":"Volume 14 &#8211; N\u00famero 1 &#8211; 2016 &nbsp; CAPA &nbsp; Artigo 1 &#8211; UMA ABORDAGEM PARA PROVISIONAMENTO AUTOM\u00c1TICO DE SENSORES EM NUVENS DE SENSORES Marcus Lemos; Carlos Carvalho; Douglas Lopes; Raimir Holanda; Ricardo Rab\u00ealo &nbsp; Artigo 2 &#8211; ESTIMA\u00c7\u00c3O DE Read More ...","og_url":"https:\/\/sbia.org.br\/lnlm\/publicacoes\/vol14-no1\/","og_site_name":"Learning and NonLinear Models","twitter_card":"summary_large_image","twitter_misc":{"Est. tempo de leitura":"1 minuto"},"schema":{"@context":"https:\/\/schema.org","@graph":[{"@type":"WebPage","@id":"https:\/\/sbia.org.br\/lnlm\/publicacoes\/vol14-no1\/","url":"https:\/\/sbia.org.br\/lnlm\/publicacoes\/vol14-no1\/","name":"Learning & Nonlinear Models - L&NLM - Volume 14 - N\u00famero 1 - Learning and NonLinear Models","isPartOf":{"@id":"https:\/\/sbia.org.br\/lnlm\/#website"},"datePublished":"2016-10-13T15:46:35+00:00","breadcrumb":{"@id":"https:\/\/sbia.org.br\/lnlm\/publicacoes\/vol14-no1\/#breadcrumb"},"inLanguage":"pt-BR","potentialAction":[{"@type":"ReadAction","target":["https:\/\/sbia.org.br\/lnlm\/publicacoes\/vol14-no1\/"]}]},{"@type":"BreadcrumbList","@id":"https:\/\/sbia.org.br\/lnlm\/publicacoes\/vol14-no1\/#breadcrumb","itemListElement":[{"@type":"ListItem","position":1,"name":"Browse issues","item":"https:\/\/sbia.org.br\/lnlm\/publicacoes\/"},{"@type":"ListItem","position":2,"name":"Learning &#038; Nonlinear Models &#8211; L&#038;NLM &#8211; Volume 14 &#8211; N\u00famero 1"}]},{"@type":"WebSite","@id":"https:\/\/sbia.org.br\/lnlm\/#website","url":"https:\/\/sbia.org.br\/lnlm\/","name":"Learning and NonLinear Models","description":"","publisher":{"@id":"https:\/\/sbia.org.br\/lnlm\/#organization"},"potentialAction":[{"@type":"SearchAction","target":{"@type":"EntryPoint","urlTemplate":"https:\/\/sbia.org.br\/lnlm\/?s={search_term_string}"},"query-input":{"@type":"PropertyValueSpecification","valueRequired":true,"valueName":"search_term_string"}}],"inLanguage":"pt-BR"},{"@type":"Organization","@id":"https:\/\/sbia.org.br\/lnlm\/#organization","name":"Learning and NonLinear Models","url":"https:\/\/sbia.org.br\/lnlm\/","logo":{"@type":"ImageObject","inLanguage":"pt-BR","@id":"https:\/\/sbia.org.br\/lnlm\/#\/schema\/logo\/image\/","url":"https:\/\/sbia.org.br\/lnlm\/wp-content\/uploads\/2021\/07\/logo-lnlm.png","contentUrl":"https:\/\/sbia.org.br\/lnlm\/wp-content\/uploads\/2021\/07\/logo-lnlm.png","width":398,"height":94,"caption":"Learning and NonLinear Models"},"image":{"@id":"https:\/\/sbia.org.br\/lnlm\/#\/schema\/logo\/image\/"}}]}},"_links":{"self":[{"href":"https:\/\/sbia.org.br\/lnlm\/wp-json\/wp\/v2\/pages\/885","targetHints":{"allow":["GET"]}}],"collection":[{"href":"https:\/\/sbia.org.br\/lnlm\/wp-json\/wp\/v2\/pages"}],"about":[{"href":"https:\/\/sbia.org.br\/lnlm\/wp-json\/wp\/v2\/types\/page"}],"author":[{"embeddable":true,"href":"https:\/\/sbia.org.br\/lnlm\/wp-json\/wp\/v2\/users\/1"}],"replies":[{"embeddable":true,"href":"https:\/\/sbia.org.br\/lnlm\/wp-json\/wp\/v2\/comments?post=885"}],"version-history":[{"count":0,"href":"https:\/\/sbia.org.br\/lnlm\/wp-json\/wp\/v2\/pages\/885\/revisions"}],"up":[{"embeddable":true,"href":"https:\/\/sbia.org.br\/lnlm\/wp-json\/wp\/v2\/pages\/23"}],"wp:attachment":[{"href":"https:\/\/sbia.org.br\/lnlm\/wp-json\/wp\/v2\/media?parent=885"}],"curies":[{"name":"wp","href":"https:\/\/api.w.org\/{rel}","templated":true}]}}