{"id":699,"date":"2016-07-21T13:29:53","date_gmt":"2016-07-21T16:29:53","guid":{"rendered":"https:\/\/sbia.org.br\/lnlm\/?page_id=699"},"modified":"2016-07-21T13:29:53","modified_gmt":"2016-07-21T16:29:53","slug":"vol13-no2-art3","status":"publish","type":"page","link":"https:\/\/sbia.org.br\/lnlm\/publicacoes\/vol13-no2\/vol13-no2-art3\/","title":{"rendered":"A Survey on the Nonlinear Analysis of Quantum Dot Semiconductor Lasers"},"content":{"rendered":"<p><strong>T\u00edtulo:<\/strong> A Survey on the Nonlinear Analysis of Quantum Dot Semiconductor Lasers<\/p>\n<p><strong>Autores:<\/strong> Th\u00e9, George Andr\u00e9 Pereira<\/p>\n<p align=\"justify\"><strong>Resumo:<\/strong> Quantum dot semiconductor lasers constitute a recent type of laser sources for a variety of applications ranging from optical communications to biomedical instrumentation, and it appears as a prominent alternative over the precedent quan- tum well lasers because of important properties as, for instance, the low threshold current, the high gain bandwidth and the high differential gain. The sensitivity to optical feedback is also an important feature of such devices and have attracted a lot of attention in the last decades because relevant design issues can be improved, with significant cost saving expected. Furthermore, these devices present a very rich variety of dynamic behavior for which very often the mathematical framework of nonlinear systems is required. To offer readers an introduction to the modeling of these devices, in this paper a survey on the quantum dot lasers is presented, with emphasis on the achievements of the literature in the last 10 years. This includes the characterization of chaotic dynamics through the calculation of Lyapunov exponents, the evaluation of the dimension of strange attractors, the determination of routes to chaos from bifurcation diagram and other approaches from nonlinear system dynamics.<\/p>\n<p><strong>Palavras-chave:<\/strong> Caracteriza\u00e7\u00e3o de caos; expoentes de Lyapunov; diagramas de bifurca\u00e7\u00e3o; lasers de pontos qu\u00e2nticos<\/p>\n<p><strong>P\u00e1ginas:<\/strong> 11<\/p>\n<p><strong>C\u00f3digo DOI:<\/strong> <a href=\"http:\/\/dx.doi.org\/10.21528\/lnlm-vol13-no2-art3\">10.21528\/lmln-vol13-no2-art3<\/a><\/p>\n<p><strong>Artigo em PDF:<\/strong> <a href=\"https:\/\/sbia.org.br\/lnlm\/wp-content\/uploads\/sites\/4\/2016\/07\/vol13-no2-art3.pdf\" rel=\"\">vol13-no2-art3.pdf<\/a><\/p>\n<p><strong>Arquivo BibTex:<\/strong> <a href=\"https:\/\/sbia.org.br\/lnlm\/wp-content\/uploads\/sites\/4\/2016\/07\/vol13-no2-art3.bib\" rel=\"\">vol13-no2-art3.bib<\/a><\/p>\n","protected":false},"excerpt":{"rendered":"<p>T\u00edtulo: A Survey on the Nonlinear Analysis of Quantum Dot Semiconductor Lasers Autores: Th\u00e9, George Andr\u00e9 Pereira Resumo: Quantum dot semiconductor lasers constitute a recent type of laser sources for a variety of applications ranging from optical communications to biomedical <a href=\"https:\/\/sbia.org.br\/lnlm\/publicacoes\/vol13-no2\/vol13-no2-art3\/\" class=\"read-more\">Read More &#8230;<\/a><\/p>\n","protected":false},"author":1,"featured_media":0,"parent":691,"menu_order":0,"comment_status":"closed","ping_status":"closed","template":"","meta":{"footnotes":""},"class_list":["post-699","page","type-page","status-publish","hentry"],"yoast_head":"<!-- This site is optimized with the Yoast SEO plugin v26.9 - https:\/\/yoast.com\/product\/yoast-seo-wordpress\/ -->\n<title>A Survey on the Nonlinear Analysis of Quantum Dot Semiconductor Lasers - Learning and NonLinear Models<\/title>\n<meta name=\"robots\" content=\"index, follow, max-snippet:-1, max-image-preview:large, max-video-preview:-1\" \/>\n<link rel=\"canonical\" href=\"https:\/\/sbia.org.br\/lnlm\/publicacoes\/vol13-no2\/vol13-no2-art3\/\" \/>\n<meta property=\"og:locale\" content=\"pt_BR\" \/>\n<meta property=\"og:type\" content=\"article\" \/>\n<meta property=\"og:title\" content=\"A Survey on the Nonlinear Analysis of Quantum Dot Semiconductor Lasers - Learning and NonLinear Models\" \/>\n<meta property=\"og:description\" content=\"T\u00edtulo: A Survey on the Nonlinear Analysis of Quantum Dot Semiconductor Lasers Autores: Th\u00e9, George Andr\u00e9 Pereira Resumo: Quantum dot semiconductor lasers constitute a recent type of laser sources for a variety of applications ranging from optical communications to biomedical Read More ...\" \/>\n<meta property=\"og:url\" content=\"https:\/\/sbia.org.br\/lnlm\/publicacoes\/vol13-no2\/vol13-no2-art3\/\" \/>\n<meta property=\"og:site_name\" content=\"Learning and NonLinear Models\" \/>\n<meta name=\"twitter:card\" content=\"summary_large_image\" \/>\n<meta name=\"twitter:label1\" content=\"Est. tempo de leitura\" \/>\n\t<meta name=\"twitter:data1\" content=\"1 minuto\" \/>\n<script type=\"application\/ld+json\" class=\"yoast-schema-graph\">{\"@context\":\"https:\/\/schema.org\",\"@graph\":[{\"@type\":\"WebPage\",\"@id\":\"https:\/\/sbia.org.br\/lnlm\/publicacoes\/vol13-no2\/vol13-no2-art3\/\",\"url\":\"https:\/\/sbia.org.br\/lnlm\/publicacoes\/vol13-no2\/vol13-no2-art3\/\",\"name\":\"A Survey on the Nonlinear Analysis of Quantum Dot Semiconductor Lasers - Learning and NonLinear Models\",\"isPartOf\":{\"@id\":\"https:\/\/sbia.org.br\/lnlm\/#website\"},\"datePublished\":\"2016-07-21T16:29:53+00:00\",\"breadcrumb\":{\"@id\":\"https:\/\/sbia.org.br\/lnlm\/publicacoes\/vol13-no2\/vol13-no2-art3\/#breadcrumb\"},\"inLanguage\":\"pt-BR\",\"potentialAction\":[{\"@type\":\"ReadAction\",\"target\":[\"https:\/\/sbia.org.br\/lnlm\/publicacoes\/vol13-no2\/vol13-no2-art3\/\"]}]},{\"@type\":\"BreadcrumbList\",\"@id\":\"https:\/\/sbia.org.br\/lnlm\/publicacoes\/vol13-no2\/vol13-no2-art3\/#breadcrumb\",\"itemListElement\":[{\"@type\":\"ListItem\",\"position\":1,\"name\":\"Browse issues\",\"item\":\"https:\/\/sbia.org.br\/lnlm\/publicacoes\/\"},{\"@type\":\"ListItem\",\"position\":2,\"name\":\"Learning &#038; Nonlinear Models &#8211; L&#038;NLM &#8211; Volume 13 &#8211; N\u00famero 2\",\"item\":\"https:\/\/sbia.org.br\/lnlm\/publicacoes\/vol13-no2\/\"},{\"@type\":\"ListItem\",\"position\":3,\"name\":\"A Survey on the Nonlinear Analysis of Quantum Dot Semiconductor Lasers\"}]},{\"@type\":\"WebSite\",\"@id\":\"https:\/\/sbia.org.br\/lnlm\/#website\",\"url\":\"https:\/\/sbia.org.br\/lnlm\/\",\"name\":\"Learning and NonLinear Models\",\"description\":\"\",\"publisher\":{\"@id\":\"https:\/\/sbia.org.br\/lnlm\/#organization\"},\"potentialAction\":[{\"@type\":\"SearchAction\",\"target\":{\"@type\":\"EntryPoint\",\"urlTemplate\":\"https:\/\/sbia.org.br\/lnlm\/?s={search_term_string}\"},\"query-input\":{\"@type\":\"PropertyValueSpecification\",\"valueRequired\":true,\"valueName\":\"search_term_string\"}}],\"inLanguage\":\"pt-BR\"},{\"@type\":\"Organization\",\"@id\":\"https:\/\/sbia.org.br\/lnlm\/#organization\",\"name\":\"Learning and NonLinear Models\",\"url\":\"https:\/\/sbia.org.br\/lnlm\/\",\"logo\":{\"@type\":\"ImageObject\",\"inLanguage\":\"pt-BR\",\"@id\":\"https:\/\/sbia.org.br\/lnlm\/#\/schema\/logo\/image\/\",\"url\":\"https:\/\/sbia.org.br\/lnlm\/wp-content\/uploads\/2021\/07\/logo-lnlm.png\",\"contentUrl\":\"https:\/\/sbia.org.br\/lnlm\/wp-content\/uploads\/2021\/07\/logo-lnlm.png\",\"width\":398,\"height\":94,\"caption\":\"Learning and NonLinear Models\"},\"image\":{\"@id\":\"https:\/\/sbia.org.br\/lnlm\/#\/schema\/logo\/image\/\"}}]}<\/script>\n<!-- \/ Yoast SEO plugin. -->","yoast_head_json":{"title":"A Survey on the Nonlinear Analysis of Quantum Dot Semiconductor Lasers - Learning and NonLinear Models","robots":{"index":"index","follow":"follow","max-snippet":"max-snippet:-1","max-image-preview":"max-image-preview:large","max-video-preview":"max-video-preview:-1"},"canonical":"https:\/\/sbia.org.br\/lnlm\/publicacoes\/vol13-no2\/vol13-no2-art3\/","og_locale":"pt_BR","og_type":"article","og_title":"A Survey on the Nonlinear Analysis of Quantum Dot Semiconductor Lasers - Learning and NonLinear Models","og_description":"T\u00edtulo: A Survey on the Nonlinear Analysis of Quantum Dot Semiconductor Lasers Autores: Th\u00e9, George Andr\u00e9 Pereira Resumo: Quantum dot semiconductor lasers constitute a recent type of laser sources for a variety of applications ranging from optical communications to biomedical Read More ...","og_url":"https:\/\/sbia.org.br\/lnlm\/publicacoes\/vol13-no2\/vol13-no2-art3\/","og_site_name":"Learning and NonLinear Models","twitter_card":"summary_large_image","twitter_misc":{"Est. tempo de leitura":"1 minuto"},"schema":{"@context":"https:\/\/schema.org","@graph":[{"@type":"WebPage","@id":"https:\/\/sbia.org.br\/lnlm\/publicacoes\/vol13-no2\/vol13-no2-art3\/","url":"https:\/\/sbia.org.br\/lnlm\/publicacoes\/vol13-no2\/vol13-no2-art3\/","name":"A Survey on the Nonlinear Analysis of Quantum Dot Semiconductor Lasers - Learning and NonLinear Models","isPartOf":{"@id":"https:\/\/sbia.org.br\/lnlm\/#website"},"datePublished":"2016-07-21T16:29:53+00:00","breadcrumb":{"@id":"https:\/\/sbia.org.br\/lnlm\/publicacoes\/vol13-no2\/vol13-no2-art3\/#breadcrumb"},"inLanguage":"pt-BR","potentialAction":[{"@type":"ReadAction","target":["https:\/\/sbia.org.br\/lnlm\/publicacoes\/vol13-no2\/vol13-no2-art3\/"]}]},{"@type":"BreadcrumbList","@id":"https:\/\/sbia.org.br\/lnlm\/publicacoes\/vol13-no2\/vol13-no2-art3\/#breadcrumb","itemListElement":[{"@type":"ListItem","position":1,"name":"Browse issues","item":"https:\/\/sbia.org.br\/lnlm\/publicacoes\/"},{"@type":"ListItem","position":2,"name":"Learning &#038; Nonlinear Models &#8211; L&#038;NLM &#8211; Volume 13 &#8211; N\u00famero 2","item":"https:\/\/sbia.org.br\/lnlm\/publicacoes\/vol13-no2\/"},{"@type":"ListItem","position":3,"name":"A Survey on the Nonlinear Analysis of Quantum Dot Semiconductor Lasers"}]},{"@type":"WebSite","@id":"https:\/\/sbia.org.br\/lnlm\/#website","url":"https:\/\/sbia.org.br\/lnlm\/","name":"Learning and NonLinear Models","description":"","publisher":{"@id":"https:\/\/sbia.org.br\/lnlm\/#organization"},"potentialAction":[{"@type":"SearchAction","target":{"@type":"EntryPoint","urlTemplate":"https:\/\/sbia.org.br\/lnlm\/?s={search_term_string}"},"query-input":{"@type":"PropertyValueSpecification","valueRequired":true,"valueName":"search_term_string"}}],"inLanguage":"pt-BR"},{"@type":"Organization","@id":"https:\/\/sbia.org.br\/lnlm\/#organization","name":"Learning and NonLinear Models","url":"https:\/\/sbia.org.br\/lnlm\/","logo":{"@type":"ImageObject","inLanguage":"pt-BR","@id":"https:\/\/sbia.org.br\/lnlm\/#\/schema\/logo\/image\/","url":"https:\/\/sbia.org.br\/lnlm\/wp-content\/uploads\/2021\/07\/logo-lnlm.png","contentUrl":"https:\/\/sbia.org.br\/lnlm\/wp-content\/uploads\/2021\/07\/logo-lnlm.png","width":398,"height":94,"caption":"Learning and NonLinear Models"},"image":{"@id":"https:\/\/sbia.org.br\/lnlm\/#\/schema\/logo\/image\/"}}]}},"_links":{"self":[{"href":"https:\/\/sbia.org.br\/lnlm\/wp-json\/wp\/v2\/pages\/699","targetHints":{"allow":["GET"]}}],"collection":[{"href":"https:\/\/sbia.org.br\/lnlm\/wp-json\/wp\/v2\/pages"}],"about":[{"href":"https:\/\/sbia.org.br\/lnlm\/wp-json\/wp\/v2\/types\/page"}],"author":[{"embeddable":true,"href":"https:\/\/sbia.org.br\/lnlm\/wp-json\/wp\/v2\/users\/1"}],"replies":[{"embeddable":true,"href":"https:\/\/sbia.org.br\/lnlm\/wp-json\/wp\/v2\/comments?post=699"}],"version-history":[{"count":0,"href":"https:\/\/sbia.org.br\/lnlm\/wp-json\/wp\/v2\/pages\/699\/revisions"}],"up":[{"embeddable":true,"href":"https:\/\/sbia.org.br\/lnlm\/wp-json\/wp\/v2\/pages\/691"}],"wp:attachment":[{"href":"https:\/\/sbia.org.br\/lnlm\/wp-json\/wp\/v2\/media?parent=699"}],"curies":[{"name":"wp","href":"https:\/\/api.w.org\/{rel}","templated":true}]}}