{"id":689,"date":"2016-07-21T13:11:42","date_gmt":"2016-07-21T16:11:42","guid":{"rendered":"https:\/\/sbia.org.br\/lnlm\/?page_id=689"},"modified":"2016-07-21T13:11:42","modified_gmt":"2016-07-21T16:11:42","slug":"vol13-no1-art4","status":"publish","type":"page","link":"https:\/\/sbia.org.br\/lnlm\/publicacoes\/vol13-no1\/vol13-no1-art4\/","title":{"rendered":"M\u00e9todo Baseado em Combina\u00e7\u00e3o de Solu\u00e7\u00f5es com Particionamento de Grafos para o Problema de Agrupamento Autom\u00e1tico"},"content":{"rendered":"<p><strong>T\u00edtulo:<\/strong> M\u00e9todo Baseado em Combina\u00e7\u00e3o de Solu\u00e7\u00f5es com Particionamento de Grafos para o Problema de Agrupamento Autom\u00e1tico<\/p>\n<p><strong>Autores:<\/strong> Semaan, Gustavo Silva; Rodrigues, Walace; Brito, Jos\u00e9 Andr\u00e9 de Moura; Ochi, Luiz Satoru<\/p>\n<p align=\"justify\"><strong>Resumo:<\/strong> Os m\u00e9todos de classifica\u00e7\u00e3o podem ser aplicados com duas finalidades, quais sejam: identificar grupos dentro de um conjunto de dados, supondo fixado o n\u00famero de grupos e uma fun\u00e7\u00e3o objetivo, ou identificar o n\u00famero ideal de grupos mediante avalia\u00e7\u00e3o de algum \u00edndice de valida\u00e7\u00e3o. Neste sentido, o presente trabalho traz a proposta de um m\u00e9todo de combina\u00e7\u00e3o de agrupamentos baseada no particionamento de grafos para a obten\u00e7\u00e3o de padr\u00f5es em solu\u00e7\u00f5es para o problema de agrupamento autom\u00e1tico. A qualidade das solu\u00e7\u00f5es obtidas com a utiliza\u00e7\u00e3o do m\u00e9todo proposto \u00e9 avaliada mediante a aplica\u00e7\u00e3o do \u00edndice silhueta, que combina coes\u00e3o e separa\u00e7\u00e3o. Foram realizados experimentos preliminares com o objetivo de selecionar inst\u00e2ncias que possuem tend\u00eancia \u00e0 forma\u00e7\u00e3o de agrupamentos por meio da utiliza\u00e7\u00e3o da Estat\u00edstica de Hopkins. Os resultados apresentados neste estudo indicam que o m\u00e9todo proposto foi capaz de identificar padr\u00f5es nas solu\u00e7\u00f5es do conjunto base, obtidas com a utiliza\u00e7\u00e3o do algoritmo da literatura baseado em densidade, DBSCAN. Al\u00e9m disso, as solu\u00e7\u00f5es obtidas com o m\u00e9todo proposto foram equivalentes ou superiores \u00e0s solu\u00e7\u00f5es do conjunto base.<\/p>\n<p><strong>Palavras-chave:<\/strong> Problema de Agrupamento Autom\u00e1tico; Comit\u00ea de Agrupamentos; Estat\u00edstica de Hopkins; \u00cdndice Silhueta<\/p>\n<p><strong>P\u00e1ginas:<\/strong> 15<\/p>\n<p><strong>C\u00f3digo DOI:<\/strong> <a href=\"http:\/\/dx.doi.org\/10.21528\/lnlm-vol13-no1-art4\">10.21528\/lmln-vol13-no1-art4<\/a><\/p>\n<p><strong>Artigo em PDF:<\/strong> <a href=\"https:\/\/sbia.org.br\/lnlm\/wp-content\/uploads\/sites\/4\/2016\/07\/vol13-no1-art4.pdf\" rel=\"\">vol13-no1-art4.pdf<\/a><\/p>\n<p><strong>Arquivo BibTex:<\/strong> <a href=\"https:\/\/sbia.org.br\/lnlm\/wp-content\/uploads\/sites\/4\/2016\/07\/vol13-no1-art4.bib\" rel=\"\">vol13-no1-art4.bib<\/a><\/p>\n","protected":false},"excerpt":{"rendered":"<p>T\u00edtulo: M\u00e9todo Baseado em Combina\u00e7\u00e3o de Solu\u00e7\u00f5es com Particionamento de Grafos para o Problema de Agrupamento Autom\u00e1tico Autores: Semaan, Gustavo Silva; Rodrigues, Walace; Brito, Jos\u00e9 Andr\u00e9 de Moura; Ochi, Luiz Satoru Resumo: Os m\u00e9todos de classifica\u00e7\u00e3o podem ser aplicados com <a href=\"https:\/\/sbia.org.br\/lnlm\/publicacoes\/vol13-no1\/vol13-no1-art4\/\" class=\"read-more\">Read More &#8230;<\/a><\/p>\n","protected":false},"author":1,"featured_media":0,"parent":681,"menu_order":0,"comment_status":"closed","ping_status":"closed","template":"","meta":{"footnotes":""},"class_list":["post-689","page","type-page","status-publish","hentry"],"yoast_head":"<!-- This site is optimized with the Yoast SEO plugin v26.9 - https:\/\/yoast.com\/product\/yoast-seo-wordpress\/ -->\n<title>M\u00e9todo Baseado em Combina\u00e7\u00e3o de Solu\u00e7\u00f5es com Particionamento de Grafos para o Problema de Agrupamento Autom\u00e1tico - Learning and NonLinear Models<\/title>\n<meta name=\"robots\" content=\"index, follow, max-snippet:-1, max-image-preview:large, max-video-preview:-1\" \/>\n<link rel=\"canonical\" href=\"https:\/\/sbia.org.br\/lnlm\/publicacoes\/vol13-no1\/vol13-no1-art4\/\" \/>\n<meta property=\"og:locale\" content=\"pt_BR\" \/>\n<meta property=\"og:type\" content=\"article\" \/>\n<meta property=\"og:title\" content=\"M\u00e9todo Baseado em Combina\u00e7\u00e3o de Solu\u00e7\u00f5es com Particionamento de Grafos para o Problema de Agrupamento Autom\u00e1tico - Learning and NonLinear Models\" \/>\n<meta property=\"og:description\" content=\"T\u00edtulo: M\u00e9todo Baseado em Combina\u00e7\u00e3o de Solu\u00e7\u00f5es com Particionamento de Grafos para o Problema de Agrupamento Autom\u00e1tico Autores: Semaan, Gustavo Silva; Rodrigues, Walace; Brito, Jos\u00e9 Andr\u00e9 de Moura; Ochi, Luiz Satoru Resumo: Os m\u00e9todos de classifica\u00e7\u00e3o podem ser aplicados com Read More ...\" \/>\n<meta property=\"og:url\" content=\"https:\/\/sbia.org.br\/lnlm\/publicacoes\/vol13-no1\/vol13-no1-art4\/\" \/>\n<meta property=\"og:site_name\" content=\"Learning and NonLinear Models\" \/>\n<meta name=\"twitter:card\" content=\"summary_large_image\" \/>\n<meta name=\"twitter:label1\" content=\"Est. tempo de leitura\" \/>\n\t<meta name=\"twitter:data1\" content=\"1 minuto\" \/>\n<script type=\"application\/ld+json\" class=\"yoast-schema-graph\">{\"@context\":\"https:\/\/schema.org\",\"@graph\":[{\"@type\":\"WebPage\",\"@id\":\"https:\/\/sbia.org.br\/lnlm\/publicacoes\/vol13-no1\/vol13-no1-art4\/\",\"url\":\"https:\/\/sbia.org.br\/lnlm\/publicacoes\/vol13-no1\/vol13-no1-art4\/\",\"name\":\"M\u00e9todo Baseado em Combina\u00e7\u00e3o de Solu\u00e7\u00f5es com Particionamento de Grafos para o Problema de Agrupamento Autom\u00e1tico - Learning and NonLinear Models\",\"isPartOf\":{\"@id\":\"https:\/\/sbia.org.br\/lnlm\/#website\"},\"datePublished\":\"2016-07-21T16:11:42+00:00\",\"breadcrumb\":{\"@id\":\"https:\/\/sbia.org.br\/lnlm\/publicacoes\/vol13-no1\/vol13-no1-art4\/#breadcrumb\"},\"inLanguage\":\"pt-BR\",\"potentialAction\":[{\"@type\":\"ReadAction\",\"target\":[\"https:\/\/sbia.org.br\/lnlm\/publicacoes\/vol13-no1\/vol13-no1-art4\/\"]}]},{\"@type\":\"BreadcrumbList\",\"@id\":\"https:\/\/sbia.org.br\/lnlm\/publicacoes\/vol13-no1\/vol13-no1-art4\/#breadcrumb\",\"itemListElement\":[{\"@type\":\"ListItem\",\"position\":1,\"name\":\"Browse issues\",\"item\":\"https:\/\/sbia.org.br\/lnlm\/publicacoes\/\"},{\"@type\":\"ListItem\",\"position\":2,\"name\":\"Learning &#038; Nonlinear Models &#8211; L&#038;NLM &#8211; Volume 13 &#8211; N\u00famero 1\",\"item\":\"https:\/\/sbia.org.br\/lnlm\/publicacoes\/vol13-no1\/\"},{\"@type\":\"ListItem\",\"position\":3,\"name\":\"M\u00e9todo Baseado em Combina\u00e7\u00e3o de Solu\u00e7\u00f5es com Particionamento de Grafos para o Problema de Agrupamento Autom\u00e1tico\"}]},{\"@type\":\"WebSite\",\"@id\":\"https:\/\/sbia.org.br\/lnlm\/#website\",\"url\":\"https:\/\/sbia.org.br\/lnlm\/\",\"name\":\"Learning and NonLinear Models\",\"description\":\"\",\"publisher\":{\"@id\":\"https:\/\/sbia.org.br\/lnlm\/#organization\"},\"potentialAction\":[{\"@type\":\"SearchAction\",\"target\":{\"@type\":\"EntryPoint\",\"urlTemplate\":\"https:\/\/sbia.org.br\/lnlm\/?s={search_term_string}\"},\"query-input\":{\"@type\":\"PropertyValueSpecification\",\"valueRequired\":true,\"valueName\":\"search_term_string\"}}],\"inLanguage\":\"pt-BR\"},{\"@type\":\"Organization\",\"@id\":\"https:\/\/sbia.org.br\/lnlm\/#organization\",\"name\":\"Learning and NonLinear Models\",\"url\":\"https:\/\/sbia.org.br\/lnlm\/\",\"logo\":{\"@type\":\"ImageObject\",\"inLanguage\":\"pt-BR\",\"@id\":\"https:\/\/sbia.org.br\/lnlm\/#\/schema\/logo\/image\/\",\"url\":\"https:\/\/sbia.org.br\/lnlm\/wp-content\/uploads\/2021\/07\/logo-lnlm.png\",\"contentUrl\":\"https:\/\/sbia.org.br\/lnlm\/wp-content\/uploads\/2021\/07\/logo-lnlm.png\",\"width\":398,\"height\":94,\"caption\":\"Learning and NonLinear Models\"},\"image\":{\"@id\":\"https:\/\/sbia.org.br\/lnlm\/#\/schema\/logo\/image\/\"}}]}<\/script>\n<!-- \/ Yoast SEO plugin. -->","yoast_head_json":{"title":"M\u00e9todo Baseado em Combina\u00e7\u00e3o de Solu\u00e7\u00f5es com Particionamento de Grafos para o Problema de Agrupamento Autom\u00e1tico - Learning and NonLinear Models","robots":{"index":"index","follow":"follow","max-snippet":"max-snippet:-1","max-image-preview":"max-image-preview:large","max-video-preview":"max-video-preview:-1"},"canonical":"https:\/\/sbia.org.br\/lnlm\/publicacoes\/vol13-no1\/vol13-no1-art4\/","og_locale":"pt_BR","og_type":"article","og_title":"M\u00e9todo Baseado em Combina\u00e7\u00e3o de Solu\u00e7\u00f5es com Particionamento de Grafos para o Problema de Agrupamento Autom\u00e1tico - Learning and NonLinear Models","og_description":"T\u00edtulo: M\u00e9todo Baseado em Combina\u00e7\u00e3o de Solu\u00e7\u00f5es com Particionamento de Grafos para o Problema de Agrupamento Autom\u00e1tico Autores: Semaan, Gustavo Silva; Rodrigues, Walace; Brito, Jos\u00e9 Andr\u00e9 de Moura; Ochi, Luiz Satoru Resumo: Os m\u00e9todos de classifica\u00e7\u00e3o podem ser aplicados com Read More ...","og_url":"https:\/\/sbia.org.br\/lnlm\/publicacoes\/vol13-no1\/vol13-no1-art4\/","og_site_name":"Learning and NonLinear Models","twitter_card":"summary_large_image","twitter_misc":{"Est. tempo de leitura":"1 minuto"},"schema":{"@context":"https:\/\/schema.org","@graph":[{"@type":"WebPage","@id":"https:\/\/sbia.org.br\/lnlm\/publicacoes\/vol13-no1\/vol13-no1-art4\/","url":"https:\/\/sbia.org.br\/lnlm\/publicacoes\/vol13-no1\/vol13-no1-art4\/","name":"M\u00e9todo Baseado em Combina\u00e7\u00e3o de Solu\u00e7\u00f5es com Particionamento de Grafos para o Problema de Agrupamento Autom\u00e1tico - Learning and NonLinear Models","isPartOf":{"@id":"https:\/\/sbia.org.br\/lnlm\/#website"},"datePublished":"2016-07-21T16:11:42+00:00","breadcrumb":{"@id":"https:\/\/sbia.org.br\/lnlm\/publicacoes\/vol13-no1\/vol13-no1-art4\/#breadcrumb"},"inLanguage":"pt-BR","potentialAction":[{"@type":"ReadAction","target":["https:\/\/sbia.org.br\/lnlm\/publicacoes\/vol13-no1\/vol13-no1-art4\/"]}]},{"@type":"BreadcrumbList","@id":"https:\/\/sbia.org.br\/lnlm\/publicacoes\/vol13-no1\/vol13-no1-art4\/#breadcrumb","itemListElement":[{"@type":"ListItem","position":1,"name":"Browse issues","item":"https:\/\/sbia.org.br\/lnlm\/publicacoes\/"},{"@type":"ListItem","position":2,"name":"Learning &#038; Nonlinear Models &#8211; L&#038;NLM &#8211; Volume 13 &#8211; N\u00famero 1","item":"https:\/\/sbia.org.br\/lnlm\/publicacoes\/vol13-no1\/"},{"@type":"ListItem","position":3,"name":"M\u00e9todo Baseado em Combina\u00e7\u00e3o de Solu\u00e7\u00f5es com Particionamento de Grafos para o Problema de Agrupamento Autom\u00e1tico"}]},{"@type":"WebSite","@id":"https:\/\/sbia.org.br\/lnlm\/#website","url":"https:\/\/sbia.org.br\/lnlm\/","name":"Learning and NonLinear Models","description":"","publisher":{"@id":"https:\/\/sbia.org.br\/lnlm\/#organization"},"potentialAction":[{"@type":"SearchAction","target":{"@type":"EntryPoint","urlTemplate":"https:\/\/sbia.org.br\/lnlm\/?s={search_term_string}"},"query-input":{"@type":"PropertyValueSpecification","valueRequired":true,"valueName":"search_term_string"}}],"inLanguage":"pt-BR"},{"@type":"Organization","@id":"https:\/\/sbia.org.br\/lnlm\/#organization","name":"Learning and NonLinear Models","url":"https:\/\/sbia.org.br\/lnlm\/","logo":{"@type":"ImageObject","inLanguage":"pt-BR","@id":"https:\/\/sbia.org.br\/lnlm\/#\/schema\/logo\/image\/","url":"https:\/\/sbia.org.br\/lnlm\/wp-content\/uploads\/2021\/07\/logo-lnlm.png","contentUrl":"https:\/\/sbia.org.br\/lnlm\/wp-content\/uploads\/2021\/07\/logo-lnlm.png","width":398,"height":94,"caption":"Learning and NonLinear Models"},"image":{"@id":"https:\/\/sbia.org.br\/lnlm\/#\/schema\/logo\/image\/"}}]}},"_links":{"self":[{"href":"https:\/\/sbia.org.br\/lnlm\/wp-json\/wp\/v2\/pages\/689","targetHints":{"allow":["GET"]}}],"collection":[{"href":"https:\/\/sbia.org.br\/lnlm\/wp-json\/wp\/v2\/pages"}],"about":[{"href":"https:\/\/sbia.org.br\/lnlm\/wp-json\/wp\/v2\/types\/page"}],"author":[{"embeddable":true,"href":"https:\/\/sbia.org.br\/lnlm\/wp-json\/wp\/v2\/users\/1"}],"replies":[{"embeddable":true,"href":"https:\/\/sbia.org.br\/lnlm\/wp-json\/wp\/v2\/comments?post=689"}],"version-history":[{"count":0,"href":"https:\/\/sbia.org.br\/lnlm\/wp-json\/wp\/v2\/pages\/689\/revisions"}],"up":[{"embeddable":true,"href":"https:\/\/sbia.org.br\/lnlm\/wp-json\/wp\/v2\/pages\/681"}],"wp:attachment":[{"href":"https:\/\/sbia.org.br\/lnlm\/wp-json\/wp\/v2\/media?parent=689"}],"curies":[{"name":"wp","href":"https:\/\/api.w.org\/{rel}","templated":true}]}}