{"id":632,"date":"2016-07-18T18:37:52","date_gmt":"2016-07-18T21:37:52","guid":{"rendered":"https:\/\/sbia.org.br\/lnlm\/?page_id=632"},"modified":"2016-07-18T18:37:52","modified_gmt":"2016-07-18T21:37:52","slug":"vol10-no4-art6","status":"publish","type":"page","link":"https:\/\/sbia.org.br\/lnlm\/publicacoes\/vol10-no4\/vol10-no4-art6\/","title":{"rendered":"Algoritmo Gen\u00e9tico para a Clusteriza\u00e7\u00e3o de Grupos de Aprendizes Utilizando o Invent\u00e1rio de Estilos de Aprendizagem &#8211; ILS de Felder-Soloman"},"content":{"rendered":"<p><strong>T\u00edtulo:<\/strong> Algoritmo Gen\u00e9tico para a Clusteriza\u00e7\u00e3o de Grupos de Aprendizes Utilizando o Invent\u00e1rio de Estilos de Aprendizagem &#8211; ILS de Felder-Soloman<\/p>\n<p><strong>Autores:<\/strong> Silva, Silvio Luiz Castro; Lorena, Luiz Ant\u00f4nio Nogueira<\/p>\n<p align=\"justify\"><strong>Resumo:<\/strong> Esse trabalho tem como objetivo apresentar a compara\u00e7\u00e3o do Algoritmo Gen\u00e9tico \u2013 AG desenvolvido para agrupar estudantes de acordo com seus Estilos de Aprendizagem \u2013 EA com o m\u00e9todo heur\u00edstico de agrupamento K-means. Esse agrupamento tem o objetivo de concentrar em cada grupo um conjunto de estudantes similares e que os aprendizes de cada grupo sejam diferentes dos elementos dos outros grupos, de acordo com as caracter\u00edsticas medidas. Com esse agrupamento o profissional de educa\u00e7\u00e3o (presencial ou \u00e0 dist\u00e2ncia) poder\u00e1 personalizar o material did\u00e1tico proposto para cada um dos grupos identificados, maximizando assim, a assimila\u00e7\u00e3o do conte\u00fado e, consequentemente, diminuindo o n\u00famero de n\u00e3o aprendizes. Para a classifica\u00e7\u00e3o dos alunos utilizamos a ferramenta psicol\u00f3gica ILS- Index of Learning Styles para identifica\u00e7\u00e3o dos estilos de aprendizagem de cada estudante. Essa identifica\u00e7\u00e3o parte da ideia de que os indiv\u00edduos t\u00eam diferentes maneiras de &#8220;perceber&#8221; e de &#8220;processar a informa\u00e7\u00e3o&#8221; o que caracteriza formas particulares de aprender, cada indiv\u00edduo percebe os est\u00edmulos do ambiente de uma maneira particular e consequentemente como a percep\u00e7\u00e3o \u00e9 a primitiva da aprendizagem cada pessoa aprende de uma forma particular.<\/p>\n<p><strong>Palavras-chave:<\/strong> Estilos de Aprendizagem; Problemas de agrupamento; Clustering; Algoritmos Gen\u00e9ticos; Otimiza\u00e7\u00e3o Combinat\u00f3ria<\/p>\n<p><strong>P\u00e1ginas:<\/strong> 11<\/p>\n<p><strong>C\u00f3digo DOI:<\/strong> <a href=\"http:\/\/dx.doi.org\/10.21528\/lnlm-vol10-no4-art6\">10.21528\/lmln-vol10-no4-art6<\/a><\/p>\n<p><strong>Artigo em PDF:<\/strong> <a href=\"https:\/\/sbia.org.br\/lnlm\/wp-content\/uploads\/sites\/4\/2016\/07\/vol10-no4-art6.pdf\" rel=\"\">vol10-no4-art6.pdf<\/a><\/p>\n<p><strong>Arquivo BibTex:<\/strong> <a href=\"https:\/\/sbia.org.br\/lnlm\/wp-content\/uploads\/sites\/4\/2016\/07\/vol10-no4-art6.bib\" rel=\"\">vol10-no4-art6.bib<\/a><\/p>\n","protected":false},"excerpt":{"rendered":"<p>T\u00edtulo: Algoritmo Gen\u00e9tico para a Clusteriza\u00e7\u00e3o de Grupos de Aprendizes Utilizando o Invent\u00e1rio de Estilos de Aprendizagem &#8211; ILS de Felder-Soloman Autores: Silva, Silvio Luiz Castro; Lorena, Luiz Ant\u00f4nio Nogueira Resumo: Esse trabalho tem como objetivo apresentar a compara\u00e7\u00e3o do <a href=\"https:\/\/sbia.org.br\/lnlm\/publicacoes\/vol10-no4\/vol10-no4-art6\/\" class=\"read-more\">Read More &#8230;<\/a><\/p>\n","protected":false},"author":1,"featured_media":0,"parent":620,"menu_order":0,"comment_status":"closed","ping_status":"closed","template":"","meta":{"footnotes":""},"class_list":["post-632","page","type-page","status-publish","hentry"],"yoast_head":"<!-- This site is optimized with the Yoast SEO plugin v26.9 - https:\/\/yoast.com\/product\/yoast-seo-wordpress\/ -->\n<title>Algoritmo Gen\u00e9tico para a Clusteriza\u00e7\u00e3o de Grupos de Aprendizes Utilizando o Invent\u00e1rio de Estilos de Aprendizagem - ILS de Felder-Soloman - Learning and NonLinear Models<\/title>\n<meta name=\"robots\" content=\"index, follow, max-snippet:-1, max-image-preview:large, max-video-preview:-1\" \/>\n<link rel=\"canonical\" href=\"https:\/\/sbia.org.br\/lnlm\/publicacoes\/vol10-no4\/vol10-no4-art6\/\" \/>\n<meta property=\"og:locale\" content=\"pt_BR\" \/>\n<meta property=\"og:type\" content=\"article\" \/>\n<meta property=\"og:title\" content=\"Algoritmo Gen\u00e9tico para a Clusteriza\u00e7\u00e3o de Grupos de Aprendizes Utilizando o Invent\u00e1rio de Estilos de Aprendizagem - ILS de Felder-Soloman - Learning and NonLinear Models\" \/>\n<meta property=\"og:description\" content=\"T\u00edtulo: Algoritmo Gen\u00e9tico para a Clusteriza\u00e7\u00e3o de Grupos de Aprendizes Utilizando o Invent\u00e1rio de Estilos de Aprendizagem &#8211; ILS de Felder-Soloman Autores: Silva, Silvio Luiz Castro; Lorena, Luiz Ant\u00f4nio Nogueira Resumo: Esse trabalho tem como objetivo apresentar a compara\u00e7\u00e3o do Read More ...\" \/>\n<meta property=\"og:url\" content=\"https:\/\/sbia.org.br\/lnlm\/publicacoes\/vol10-no4\/vol10-no4-art6\/\" \/>\n<meta property=\"og:site_name\" content=\"Learning and NonLinear Models\" \/>\n<meta name=\"twitter:card\" content=\"summary_large_image\" \/>\n<meta name=\"twitter:label1\" content=\"Est. tempo de leitura\" \/>\n\t<meta name=\"twitter:data1\" content=\"1 minuto\" \/>\n<script type=\"application\/ld+json\" class=\"yoast-schema-graph\">{\"@context\":\"https:\/\/schema.org\",\"@graph\":[{\"@type\":\"WebPage\",\"@id\":\"https:\/\/sbia.org.br\/lnlm\/publicacoes\/vol10-no4\/vol10-no4-art6\/\",\"url\":\"https:\/\/sbia.org.br\/lnlm\/publicacoes\/vol10-no4\/vol10-no4-art6\/\",\"name\":\"Algoritmo Gen\u00e9tico para a Clusteriza\u00e7\u00e3o de Grupos de Aprendizes Utilizando o Invent\u00e1rio de Estilos de Aprendizagem - ILS de Felder-Soloman - Learning and NonLinear Models\",\"isPartOf\":{\"@id\":\"https:\/\/sbia.org.br\/lnlm\/#website\"},\"datePublished\":\"2016-07-18T21:37:52+00:00\",\"breadcrumb\":{\"@id\":\"https:\/\/sbia.org.br\/lnlm\/publicacoes\/vol10-no4\/vol10-no4-art6\/#breadcrumb\"},\"inLanguage\":\"pt-BR\",\"potentialAction\":[{\"@type\":\"ReadAction\",\"target\":[\"https:\/\/sbia.org.br\/lnlm\/publicacoes\/vol10-no4\/vol10-no4-art6\/\"]}]},{\"@type\":\"BreadcrumbList\",\"@id\":\"https:\/\/sbia.org.br\/lnlm\/publicacoes\/vol10-no4\/vol10-no4-art6\/#breadcrumb\",\"itemListElement\":[{\"@type\":\"ListItem\",\"position\":1,\"name\":\"Browse issues\",\"item\":\"https:\/\/sbia.org.br\/lnlm\/publicacoes\/\"},{\"@type\":\"ListItem\",\"position\":2,\"name\":\"Learning &#038; Nonlinear Models &#8211; L&#038;NLM &#8211; Volume 10 &#8211; N\u00famero 4\",\"item\":\"https:\/\/sbia.org.br\/lnlm\/publicacoes\/vol10-no4\/\"},{\"@type\":\"ListItem\",\"position\":3,\"name\":\"Algoritmo Gen\u00e9tico para a Clusteriza\u00e7\u00e3o de Grupos de Aprendizes Utilizando o Invent\u00e1rio de Estilos de Aprendizagem &#8211; ILS de Felder-Soloman\"}]},{\"@type\":\"WebSite\",\"@id\":\"https:\/\/sbia.org.br\/lnlm\/#website\",\"url\":\"https:\/\/sbia.org.br\/lnlm\/\",\"name\":\"Learning and NonLinear Models\",\"description\":\"\",\"publisher\":{\"@id\":\"https:\/\/sbia.org.br\/lnlm\/#organization\"},\"potentialAction\":[{\"@type\":\"SearchAction\",\"target\":{\"@type\":\"EntryPoint\",\"urlTemplate\":\"https:\/\/sbia.org.br\/lnlm\/?s={search_term_string}\"},\"query-input\":{\"@type\":\"PropertyValueSpecification\",\"valueRequired\":true,\"valueName\":\"search_term_string\"}}],\"inLanguage\":\"pt-BR\"},{\"@type\":\"Organization\",\"@id\":\"https:\/\/sbia.org.br\/lnlm\/#organization\",\"name\":\"Learning and NonLinear Models\",\"url\":\"https:\/\/sbia.org.br\/lnlm\/\",\"logo\":{\"@type\":\"ImageObject\",\"inLanguage\":\"pt-BR\",\"@id\":\"https:\/\/sbia.org.br\/lnlm\/#\/schema\/logo\/image\/\",\"url\":\"https:\/\/sbia.org.br\/lnlm\/wp-content\/uploads\/2021\/07\/logo-lnlm.png\",\"contentUrl\":\"https:\/\/sbia.org.br\/lnlm\/wp-content\/uploads\/2021\/07\/logo-lnlm.png\",\"width\":398,\"height\":94,\"caption\":\"Learning and NonLinear Models\"},\"image\":{\"@id\":\"https:\/\/sbia.org.br\/lnlm\/#\/schema\/logo\/image\/\"}}]}<\/script>\n<!-- \/ Yoast SEO plugin. -->","yoast_head_json":{"title":"Algoritmo Gen\u00e9tico para a Clusteriza\u00e7\u00e3o de Grupos de Aprendizes Utilizando o Invent\u00e1rio de Estilos de Aprendizagem - ILS de Felder-Soloman - Learning and NonLinear Models","robots":{"index":"index","follow":"follow","max-snippet":"max-snippet:-1","max-image-preview":"max-image-preview:large","max-video-preview":"max-video-preview:-1"},"canonical":"https:\/\/sbia.org.br\/lnlm\/publicacoes\/vol10-no4\/vol10-no4-art6\/","og_locale":"pt_BR","og_type":"article","og_title":"Algoritmo Gen\u00e9tico para a Clusteriza\u00e7\u00e3o de Grupos de Aprendizes Utilizando o Invent\u00e1rio de Estilos de Aprendizagem - ILS de Felder-Soloman - Learning and NonLinear Models","og_description":"T\u00edtulo: Algoritmo Gen\u00e9tico para a Clusteriza\u00e7\u00e3o de Grupos de Aprendizes Utilizando o Invent\u00e1rio de Estilos de Aprendizagem &#8211; ILS de Felder-Soloman Autores: Silva, Silvio Luiz Castro; Lorena, Luiz Ant\u00f4nio Nogueira Resumo: Esse trabalho tem como objetivo apresentar a compara\u00e7\u00e3o do Read More ...","og_url":"https:\/\/sbia.org.br\/lnlm\/publicacoes\/vol10-no4\/vol10-no4-art6\/","og_site_name":"Learning and NonLinear Models","twitter_card":"summary_large_image","twitter_misc":{"Est. tempo de leitura":"1 minuto"},"schema":{"@context":"https:\/\/schema.org","@graph":[{"@type":"WebPage","@id":"https:\/\/sbia.org.br\/lnlm\/publicacoes\/vol10-no4\/vol10-no4-art6\/","url":"https:\/\/sbia.org.br\/lnlm\/publicacoes\/vol10-no4\/vol10-no4-art6\/","name":"Algoritmo Gen\u00e9tico para a Clusteriza\u00e7\u00e3o de Grupos de Aprendizes Utilizando o Invent\u00e1rio de Estilos de Aprendizagem - ILS de Felder-Soloman - Learning and NonLinear Models","isPartOf":{"@id":"https:\/\/sbia.org.br\/lnlm\/#website"},"datePublished":"2016-07-18T21:37:52+00:00","breadcrumb":{"@id":"https:\/\/sbia.org.br\/lnlm\/publicacoes\/vol10-no4\/vol10-no4-art6\/#breadcrumb"},"inLanguage":"pt-BR","potentialAction":[{"@type":"ReadAction","target":["https:\/\/sbia.org.br\/lnlm\/publicacoes\/vol10-no4\/vol10-no4-art6\/"]}]},{"@type":"BreadcrumbList","@id":"https:\/\/sbia.org.br\/lnlm\/publicacoes\/vol10-no4\/vol10-no4-art6\/#breadcrumb","itemListElement":[{"@type":"ListItem","position":1,"name":"Browse issues","item":"https:\/\/sbia.org.br\/lnlm\/publicacoes\/"},{"@type":"ListItem","position":2,"name":"Learning &#038; Nonlinear Models &#8211; L&#038;NLM &#8211; Volume 10 &#8211; N\u00famero 4","item":"https:\/\/sbia.org.br\/lnlm\/publicacoes\/vol10-no4\/"},{"@type":"ListItem","position":3,"name":"Algoritmo Gen\u00e9tico para a Clusteriza\u00e7\u00e3o de Grupos de Aprendizes Utilizando o Invent\u00e1rio de Estilos de Aprendizagem &#8211; ILS de Felder-Soloman"}]},{"@type":"WebSite","@id":"https:\/\/sbia.org.br\/lnlm\/#website","url":"https:\/\/sbia.org.br\/lnlm\/","name":"Learning and NonLinear Models","description":"","publisher":{"@id":"https:\/\/sbia.org.br\/lnlm\/#organization"},"potentialAction":[{"@type":"SearchAction","target":{"@type":"EntryPoint","urlTemplate":"https:\/\/sbia.org.br\/lnlm\/?s={search_term_string}"},"query-input":{"@type":"PropertyValueSpecification","valueRequired":true,"valueName":"search_term_string"}}],"inLanguage":"pt-BR"},{"@type":"Organization","@id":"https:\/\/sbia.org.br\/lnlm\/#organization","name":"Learning and NonLinear Models","url":"https:\/\/sbia.org.br\/lnlm\/","logo":{"@type":"ImageObject","inLanguage":"pt-BR","@id":"https:\/\/sbia.org.br\/lnlm\/#\/schema\/logo\/image\/","url":"https:\/\/sbia.org.br\/lnlm\/wp-content\/uploads\/2021\/07\/logo-lnlm.png","contentUrl":"https:\/\/sbia.org.br\/lnlm\/wp-content\/uploads\/2021\/07\/logo-lnlm.png","width":398,"height":94,"caption":"Learning and NonLinear Models"},"image":{"@id":"https:\/\/sbia.org.br\/lnlm\/#\/schema\/logo\/image\/"}}]}},"_links":{"self":[{"href":"https:\/\/sbia.org.br\/lnlm\/wp-json\/wp\/v2\/pages\/632","targetHints":{"allow":["GET"]}}],"collection":[{"href":"https:\/\/sbia.org.br\/lnlm\/wp-json\/wp\/v2\/pages"}],"about":[{"href":"https:\/\/sbia.org.br\/lnlm\/wp-json\/wp\/v2\/types\/page"}],"author":[{"embeddable":true,"href":"https:\/\/sbia.org.br\/lnlm\/wp-json\/wp\/v2\/users\/1"}],"replies":[{"embeddable":true,"href":"https:\/\/sbia.org.br\/lnlm\/wp-json\/wp\/v2\/comments?post=632"}],"version-history":[{"count":0,"href":"https:\/\/sbia.org.br\/lnlm\/wp-json\/wp\/v2\/pages\/632\/revisions"}],"up":[{"embeddable":true,"href":"https:\/\/sbia.org.br\/lnlm\/wp-json\/wp\/v2\/pages\/620"}],"wp:attachment":[{"href":"https:\/\/sbia.org.br\/lnlm\/wp-json\/wp\/v2\/media?parent=632"}],"curies":[{"name":"wp","href":"https:\/\/api.w.org\/{rel}","templated":true}]}}