{"id":630,"date":"2016-07-18T18:37:19","date_gmt":"2016-07-18T21:37:19","guid":{"rendered":"https:\/\/sbia.org.br\/lnlm\/?page_id=630"},"modified":"2016-07-18T18:37:19","modified_gmt":"2016-07-18T21:37:19","slug":"vol10-no4-art5","status":"publish","type":"page","link":"https:\/\/sbia.org.br\/lnlm\/publicacoes\/vol10-no4\/vol10-no4-art5\/","title":{"rendered":"An\u00e1lises de Transiente e de Regime Permanente de um Algoritmo de Desconvolu\u00e7\u00e3o Cega"},"content":{"rendered":"<p><strong>T\u00edtulo:<\/strong> An\u00e1lises de Transiente e de Regime Permanente de um Algoritmo de Desconvolu\u00e7\u00e3o Cega<\/p>\n<p><strong>Autores:<\/strong> Haddad, Diego Barreto; Petraglia, Mariane Rembold; Batalheiro, Paulo Bulkool<\/p>\n<p align=\"justify\"><strong>Resumo:<\/strong> O presente artigo empreende um estudo anal\u00edtico acerca das propriedades de equivari\u00e2ncia, transiente e de regime permanente do algoritmo de desconvolu\u00e7\u00e3o cega DCGN [1], na sua vers\u00e3o monocanal. A tarefa \u00e9 desafiadora, dada a intensa n\u00e3o-linearidade deste algoritmo. Estimativas te\u00f3ricas de diferentes graus de sofistica\u00e7\u00e3o s\u00e3o obtidas para os valores finais para os quais os coeficientes adaptativos convergem, assim como para o acompanhamento da etapa de transiente. Adicionalmente, \u00e9 fornecido um crit\u00e9rio de sele\u00e7\u00e3o dos par\u00e2metros finais do algoritmo retornados por algumas t\u00e9cnicas propostas, porque alguns desses par\u00e2metros n\u00e3o traduzem um comportamento real de uma execu\u00e7\u00e3o do algoritmo.<\/p>\n<p><strong>Palavras-chave:<\/strong> Desconvolu\u00e7\u00e3o Cega; Equaliza\u00e7\u00e3o; An\u00e1lise de Transiente; Interfer\u00eancia Interssimb\u00f3lica<\/p>\n<p><strong>P\u00e1ginas:<\/strong> 18<\/p>\n<p><strong>C\u00f3digo DOI:<\/strong> <a href=\"http:\/\/dx.doi.org\/10.21528\/lnlm-vol10-no4-art5\">10.21528\/lmln-vol10-no4-art5<\/a><\/p>\n<p><strong>Artigo em PDF:<\/strong> <a href=\"https:\/\/sbia.org.br\/lnlm\/wp-content\/uploads\/sites\/4\/2016\/07\/vol10-no4-art5.pdf\" rel=\"\">vol10-no4-art5.pdf<\/a><\/p>\n<p><strong>Arquivo BibTex:<\/strong> <a href=\"https:\/\/sbia.org.br\/lnlm\/wp-content\/uploads\/sites\/4\/2016\/07\/vol10-no4-art5.bib\" rel=\"\">vol10-no4-art5.bib<\/a><\/p>\n","protected":false},"excerpt":{"rendered":"<p>T\u00edtulo: An\u00e1lises de Transiente e de Regime Permanente de um Algoritmo de Desconvolu\u00e7\u00e3o Cega Autores: Haddad, Diego Barreto; Petraglia, Mariane Rembold; Batalheiro, Paulo Bulkool Resumo: O presente artigo empreende um estudo anal\u00edtico acerca das propriedades de equivari\u00e2ncia, transiente e de <a href=\"https:\/\/sbia.org.br\/lnlm\/publicacoes\/vol10-no4\/vol10-no4-art5\/\" class=\"read-more\">Read More &#8230;<\/a><\/p>\n","protected":false},"author":1,"featured_media":0,"parent":620,"menu_order":0,"comment_status":"closed","ping_status":"closed","template":"","meta":{"footnotes":""},"class_list":["post-630","page","type-page","status-publish","hentry"],"yoast_head":"<!-- This site is optimized with the Yoast SEO plugin v26.9 - https:\/\/yoast.com\/product\/yoast-seo-wordpress\/ -->\n<title>An\u00e1lises de Transiente e de Regime Permanente de um Algoritmo de Desconvolu\u00e7\u00e3o Cega - Learning and NonLinear Models<\/title>\n<meta name=\"robots\" content=\"index, follow, max-snippet:-1, max-image-preview:large, max-video-preview:-1\" \/>\n<link rel=\"canonical\" href=\"https:\/\/sbia.org.br\/lnlm\/publicacoes\/vol10-no4\/vol10-no4-art5\/\" \/>\n<meta property=\"og:locale\" content=\"pt_BR\" \/>\n<meta property=\"og:type\" content=\"article\" \/>\n<meta property=\"og:title\" content=\"An\u00e1lises de Transiente e de Regime Permanente de um Algoritmo de Desconvolu\u00e7\u00e3o Cega - Learning and NonLinear Models\" \/>\n<meta property=\"og:description\" content=\"T\u00edtulo: An\u00e1lises de Transiente e de Regime Permanente de um Algoritmo de Desconvolu\u00e7\u00e3o Cega Autores: Haddad, Diego Barreto; Petraglia, Mariane Rembold; Batalheiro, Paulo Bulkool Resumo: O presente artigo empreende um estudo anal\u00edtico acerca das propriedades de equivari\u00e2ncia, transiente e de Read More ...\" \/>\n<meta property=\"og:url\" content=\"https:\/\/sbia.org.br\/lnlm\/publicacoes\/vol10-no4\/vol10-no4-art5\/\" \/>\n<meta property=\"og:site_name\" content=\"Learning and NonLinear Models\" \/>\n<meta name=\"twitter:card\" content=\"summary_large_image\" \/>\n<meta name=\"twitter:label1\" content=\"Est. tempo de leitura\" \/>\n\t<meta name=\"twitter:data1\" content=\"1 minuto\" \/>\n<script type=\"application\/ld+json\" class=\"yoast-schema-graph\">{\"@context\":\"https:\/\/schema.org\",\"@graph\":[{\"@type\":\"WebPage\",\"@id\":\"https:\/\/sbia.org.br\/lnlm\/publicacoes\/vol10-no4\/vol10-no4-art5\/\",\"url\":\"https:\/\/sbia.org.br\/lnlm\/publicacoes\/vol10-no4\/vol10-no4-art5\/\",\"name\":\"An\u00e1lises de Transiente e de Regime Permanente de um Algoritmo de Desconvolu\u00e7\u00e3o Cega - Learning and NonLinear Models\",\"isPartOf\":{\"@id\":\"https:\/\/sbia.org.br\/lnlm\/#website\"},\"datePublished\":\"2016-07-18T21:37:19+00:00\",\"breadcrumb\":{\"@id\":\"https:\/\/sbia.org.br\/lnlm\/publicacoes\/vol10-no4\/vol10-no4-art5\/#breadcrumb\"},\"inLanguage\":\"pt-BR\",\"potentialAction\":[{\"@type\":\"ReadAction\",\"target\":[\"https:\/\/sbia.org.br\/lnlm\/publicacoes\/vol10-no4\/vol10-no4-art5\/\"]}]},{\"@type\":\"BreadcrumbList\",\"@id\":\"https:\/\/sbia.org.br\/lnlm\/publicacoes\/vol10-no4\/vol10-no4-art5\/#breadcrumb\",\"itemListElement\":[{\"@type\":\"ListItem\",\"position\":1,\"name\":\"Browse issues\",\"item\":\"https:\/\/sbia.org.br\/lnlm\/publicacoes\/\"},{\"@type\":\"ListItem\",\"position\":2,\"name\":\"Learning &#038; Nonlinear Models &#8211; L&#038;NLM &#8211; Volume 10 &#8211; N\u00famero 4\",\"item\":\"https:\/\/sbia.org.br\/lnlm\/publicacoes\/vol10-no4\/\"},{\"@type\":\"ListItem\",\"position\":3,\"name\":\"An\u00e1lises de Transiente e de Regime Permanente de um Algoritmo de Desconvolu\u00e7\u00e3o Cega\"}]},{\"@type\":\"WebSite\",\"@id\":\"https:\/\/sbia.org.br\/lnlm\/#website\",\"url\":\"https:\/\/sbia.org.br\/lnlm\/\",\"name\":\"Learning and NonLinear Models\",\"description\":\"\",\"publisher\":{\"@id\":\"https:\/\/sbia.org.br\/lnlm\/#organization\"},\"potentialAction\":[{\"@type\":\"SearchAction\",\"target\":{\"@type\":\"EntryPoint\",\"urlTemplate\":\"https:\/\/sbia.org.br\/lnlm\/?s={search_term_string}\"},\"query-input\":{\"@type\":\"PropertyValueSpecification\",\"valueRequired\":true,\"valueName\":\"search_term_string\"}}],\"inLanguage\":\"pt-BR\"},{\"@type\":\"Organization\",\"@id\":\"https:\/\/sbia.org.br\/lnlm\/#organization\",\"name\":\"Learning and NonLinear Models\",\"url\":\"https:\/\/sbia.org.br\/lnlm\/\",\"logo\":{\"@type\":\"ImageObject\",\"inLanguage\":\"pt-BR\",\"@id\":\"https:\/\/sbia.org.br\/lnlm\/#\/schema\/logo\/image\/\",\"url\":\"https:\/\/sbia.org.br\/lnlm\/wp-content\/uploads\/2021\/07\/logo-lnlm.png\",\"contentUrl\":\"https:\/\/sbia.org.br\/lnlm\/wp-content\/uploads\/2021\/07\/logo-lnlm.png\",\"width\":398,\"height\":94,\"caption\":\"Learning and NonLinear Models\"},\"image\":{\"@id\":\"https:\/\/sbia.org.br\/lnlm\/#\/schema\/logo\/image\/\"}}]}<\/script>\n<!-- \/ Yoast SEO plugin. -->","yoast_head_json":{"title":"An\u00e1lises de Transiente e de Regime Permanente de um Algoritmo de Desconvolu\u00e7\u00e3o Cega - Learning and NonLinear Models","robots":{"index":"index","follow":"follow","max-snippet":"max-snippet:-1","max-image-preview":"max-image-preview:large","max-video-preview":"max-video-preview:-1"},"canonical":"https:\/\/sbia.org.br\/lnlm\/publicacoes\/vol10-no4\/vol10-no4-art5\/","og_locale":"pt_BR","og_type":"article","og_title":"An\u00e1lises de Transiente e de Regime Permanente de um Algoritmo de Desconvolu\u00e7\u00e3o Cega - Learning and NonLinear Models","og_description":"T\u00edtulo: An\u00e1lises de Transiente e de Regime Permanente de um Algoritmo de Desconvolu\u00e7\u00e3o Cega Autores: Haddad, Diego Barreto; Petraglia, Mariane Rembold; Batalheiro, Paulo Bulkool Resumo: O presente artigo empreende um estudo anal\u00edtico acerca das propriedades de equivari\u00e2ncia, transiente e de Read More ...","og_url":"https:\/\/sbia.org.br\/lnlm\/publicacoes\/vol10-no4\/vol10-no4-art5\/","og_site_name":"Learning and NonLinear Models","twitter_card":"summary_large_image","twitter_misc":{"Est. tempo de leitura":"1 minuto"},"schema":{"@context":"https:\/\/schema.org","@graph":[{"@type":"WebPage","@id":"https:\/\/sbia.org.br\/lnlm\/publicacoes\/vol10-no4\/vol10-no4-art5\/","url":"https:\/\/sbia.org.br\/lnlm\/publicacoes\/vol10-no4\/vol10-no4-art5\/","name":"An\u00e1lises de Transiente e de Regime Permanente de um Algoritmo de Desconvolu\u00e7\u00e3o Cega - Learning and NonLinear Models","isPartOf":{"@id":"https:\/\/sbia.org.br\/lnlm\/#website"},"datePublished":"2016-07-18T21:37:19+00:00","breadcrumb":{"@id":"https:\/\/sbia.org.br\/lnlm\/publicacoes\/vol10-no4\/vol10-no4-art5\/#breadcrumb"},"inLanguage":"pt-BR","potentialAction":[{"@type":"ReadAction","target":["https:\/\/sbia.org.br\/lnlm\/publicacoes\/vol10-no4\/vol10-no4-art5\/"]}]},{"@type":"BreadcrumbList","@id":"https:\/\/sbia.org.br\/lnlm\/publicacoes\/vol10-no4\/vol10-no4-art5\/#breadcrumb","itemListElement":[{"@type":"ListItem","position":1,"name":"Browse issues","item":"https:\/\/sbia.org.br\/lnlm\/publicacoes\/"},{"@type":"ListItem","position":2,"name":"Learning &#038; Nonlinear Models &#8211; L&#038;NLM &#8211; Volume 10 &#8211; N\u00famero 4","item":"https:\/\/sbia.org.br\/lnlm\/publicacoes\/vol10-no4\/"},{"@type":"ListItem","position":3,"name":"An\u00e1lises de Transiente e de Regime Permanente de um Algoritmo de Desconvolu\u00e7\u00e3o Cega"}]},{"@type":"WebSite","@id":"https:\/\/sbia.org.br\/lnlm\/#website","url":"https:\/\/sbia.org.br\/lnlm\/","name":"Learning and NonLinear Models","description":"","publisher":{"@id":"https:\/\/sbia.org.br\/lnlm\/#organization"},"potentialAction":[{"@type":"SearchAction","target":{"@type":"EntryPoint","urlTemplate":"https:\/\/sbia.org.br\/lnlm\/?s={search_term_string}"},"query-input":{"@type":"PropertyValueSpecification","valueRequired":true,"valueName":"search_term_string"}}],"inLanguage":"pt-BR"},{"@type":"Organization","@id":"https:\/\/sbia.org.br\/lnlm\/#organization","name":"Learning and NonLinear Models","url":"https:\/\/sbia.org.br\/lnlm\/","logo":{"@type":"ImageObject","inLanguage":"pt-BR","@id":"https:\/\/sbia.org.br\/lnlm\/#\/schema\/logo\/image\/","url":"https:\/\/sbia.org.br\/lnlm\/wp-content\/uploads\/2021\/07\/logo-lnlm.png","contentUrl":"https:\/\/sbia.org.br\/lnlm\/wp-content\/uploads\/2021\/07\/logo-lnlm.png","width":398,"height":94,"caption":"Learning and NonLinear Models"},"image":{"@id":"https:\/\/sbia.org.br\/lnlm\/#\/schema\/logo\/image\/"}}]}},"_links":{"self":[{"href":"https:\/\/sbia.org.br\/lnlm\/wp-json\/wp\/v2\/pages\/630","targetHints":{"allow":["GET"]}}],"collection":[{"href":"https:\/\/sbia.org.br\/lnlm\/wp-json\/wp\/v2\/pages"}],"about":[{"href":"https:\/\/sbia.org.br\/lnlm\/wp-json\/wp\/v2\/types\/page"}],"author":[{"embeddable":true,"href":"https:\/\/sbia.org.br\/lnlm\/wp-json\/wp\/v2\/users\/1"}],"replies":[{"embeddable":true,"href":"https:\/\/sbia.org.br\/lnlm\/wp-json\/wp\/v2\/comments?post=630"}],"version-history":[{"count":0,"href":"https:\/\/sbia.org.br\/lnlm\/wp-json\/wp\/v2\/pages\/630\/revisions"}],"up":[{"embeddable":true,"href":"https:\/\/sbia.org.br\/lnlm\/wp-json\/wp\/v2\/pages\/620"}],"wp:attachment":[{"href":"https:\/\/sbia.org.br\/lnlm\/wp-json\/wp\/v2\/media?parent=630"}],"curies":[{"name":"wp","href":"https:\/\/api.w.org\/{rel}","templated":true}]}}