{"id":628,"date":"2016-07-18T18:36:39","date_gmt":"2016-07-18T21:36:39","guid":{"rendered":"https:\/\/sbia.org.br\/lnlm\/?page_id=628"},"modified":"2016-07-18T18:36:39","modified_gmt":"2016-07-18T21:36:39","slug":"vol10-no4-art4","status":"publish","type":"page","link":"https:\/\/sbia.org.br\/lnlm\/publicacoes\/vol10-no4\/vol10-no4-art4\/","title":{"rendered":"Proposta de um M\u00e9todo de Classifica\u00e7\u00e3o Baseado em  Densidade para a Determina\u00e7\u00e3o do N\u00famero Ideal de Grupos em Problemas de Clusteriza\u00e7\u00e3o"},"content":{"rendered":"<p><strong>T\u00edtulo:<\/strong> Proposta de um M\u00e9todo de Classifica\u00e7\u00e3o Baseado em  Densidade para a Determina\u00e7\u00e3o do N\u00famero Ideal de Grupos em Problemas de Clusteriza\u00e7\u00e3o<\/p>\n<p><strong>Autores:<\/strong> Semaan, Gustavo Silva; Cruz, Marcelo Dib; Brito, Jos\u00e9 Andr\u00e9 de Moura; Ochi, Luiz Satoru<\/p>\n<p align=\"justify\"><strong>Resumo:<\/strong> A \u00e1rea de Cluster Analysis agrega diversos m\u00e9todos de classifica\u00e7\u00e3o n\u00e3o supervisionada que podem ser aplicados com o objetivo de identificar grupos dentro de um conjunto de dados, supondo fixado o n\u00famero de grupos e uma fun\u00e7\u00e3o objetivo, ou identificar o n\u00famero ideal de grupos mediante avalia\u00e7\u00e3o de algum \u00edndice ou coeficiente. Em particular, o presente trabalho traz a proposta de um novo m\u00e9todo de classifica\u00e7\u00e3o denominado MRDBSCAN, que foi concebido a partir de uma calibra\u00e7\u00e3o dos valores de par\u00e2metros que s\u00e3o utilizados no conhecido m\u00e9todo DBSCAN, que trabalha com o conceito de densidade. A qualidade das solu\u00e7\u00f5es obtidas \u00e9 indicada pelo coeficiente silhueta, que combina coes\u00e3o e separa\u00e7\u00e3o. Os resultados apresentados neste estudo indicam que o m\u00e9todo proposto \u00e9 de f\u00e1cil implementa\u00e7\u00e3o e \u00e9 competitivo em rela\u00e7\u00e3o \u00e0 qualidade das solu\u00e7\u00f5es quando comparado com os algoritmos mais sofisticados da literatura.<\/p>\n<p><strong>Palavras-chave:<\/strong> Problema de Agrupamento Autom\u00e1tico; Densidade; Silhueta; Algoritmo DBSCAN<\/p>\n<p><strong>P\u00e1ginas:<\/strong> 21<\/p>\n<p><strong>C\u00f3digo DOI:<\/strong> <a href=\"http:\/\/dx.doi.org\/10.21528\/lnlm-vol10-no4-art4\">10.21528\/lmln-vol10-no4-art4<\/a><\/p>\n<p><strong>Artigo em PDF:<\/strong> <a href=\"https:\/\/sbia.org.br\/lnlm\/wp-content\/uploads\/sites\/4\/2016\/07\/vol10-no4-art4.pdf\" rel=\"\">vol10-no4-art4.pdf<\/a><\/p>\n<p><strong>Arquivo BibTex:<\/strong> <a href=\"https:\/\/sbia.org.br\/lnlm\/wp-content\/uploads\/sites\/4\/2016\/07\/vol10-no4-art4.bib\" rel=\"\">vol10-no4-art4.bib<\/a><\/p>\n","protected":false},"excerpt":{"rendered":"<p>T\u00edtulo: Proposta de um M\u00e9todo de Classifica\u00e7\u00e3o Baseado em Densidade para a Determina\u00e7\u00e3o do N\u00famero Ideal de Grupos em Problemas de Clusteriza\u00e7\u00e3o Autores: Semaan, Gustavo Silva; Cruz, Marcelo Dib; Brito, Jos\u00e9 Andr\u00e9 de Moura; Ochi, Luiz Satoru Resumo: A \u00e1rea <a href=\"https:\/\/sbia.org.br\/lnlm\/publicacoes\/vol10-no4\/vol10-no4-art4\/\" class=\"read-more\">Read More &#8230;<\/a><\/p>\n","protected":false},"author":1,"featured_media":0,"parent":620,"menu_order":0,"comment_status":"closed","ping_status":"closed","template":"","meta":{"footnotes":""},"class_list":["post-628","page","type-page","status-publish","hentry"],"yoast_head":"<!-- This site is optimized with the Yoast SEO plugin v26.9 - https:\/\/yoast.com\/product\/yoast-seo-wordpress\/ -->\n<title>Proposta de um M\u00e9todo de Classifica\u00e7\u00e3o Baseado em Densidade para a Determina\u00e7\u00e3o do N\u00famero Ideal de Grupos em Problemas de Clusteriza\u00e7\u00e3o - Learning and NonLinear Models<\/title>\n<meta name=\"robots\" content=\"index, follow, max-snippet:-1, max-image-preview:large, max-video-preview:-1\" \/>\n<link rel=\"canonical\" href=\"https:\/\/sbia.org.br\/lnlm\/publicacoes\/vol10-no4\/vol10-no4-art4\/\" \/>\n<meta property=\"og:locale\" content=\"pt_BR\" \/>\n<meta property=\"og:type\" content=\"article\" \/>\n<meta property=\"og:title\" content=\"Proposta de um M\u00e9todo de Classifica\u00e7\u00e3o Baseado em Densidade para a Determina\u00e7\u00e3o do N\u00famero Ideal de Grupos em Problemas de Clusteriza\u00e7\u00e3o - Learning and NonLinear Models\" \/>\n<meta property=\"og:description\" content=\"T\u00edtulo: Proposta de um M\u00e9todo de Classifica\u00e7\u00e3o Baseado em Densidade para a Determina\u00e7\u00e3o do N\u00famero Ideal de Grupos em Problemas de Clusteriza\u00e7\u00e3o Autores: Semaan, Gustavo Silva; Cruz, Marcelo Dib; Brito, Jos\u00e9 Andr\u00e9 de Moura; Ochi, Luiz Satoru Resumo: A \u00e1rea Read More ...\" \/>\n<meta property=\"og:url\" content=\"https:\/\/sbia.org.br\/lnlm\/publicacoes\/vol10-no4\/vol10-no4-art4\/\" \/>\n<meta property=\"og:site_name\" content=\"Learning and NonLinear Models\" \/>\n<meta name=\"twitter:card\" content=\"summary_large_image\" \/>\n<meta name=\"twitter:label1\" content=\"Est. tempo de leitura\" \/>\n\t<meta name=\"twitter:data1\" content=\"1 minuto\" \/>\n<script type=\"application\/ld+json\" class=\"yoast-schema-graph\">{\"@context\":\"https:\/\/schema.org\",\"@graph\":[{\"@type\":\"WebPage\",\"@id\":\"https:\/\/sbia.org.br\/lnlm\/publicacoes\/vol10-no4\/vol10-no4-art4\/\",\"url\":\"https:\/\/sbia.org.br\/lnlm\/publicacoes\/vol10-no4\/vol10-no4-art4\/\",\"name\":\"Proposta de um M\u00e9todo de Classifica\u00e7\u00e3o Baseado em Densidade para a Determina\u00e7\u00e3o do N\u00famero Ideal de Grupos em Problemas de Clusteriza\u00e7\u00e3o - Learning and NonLinear Models\",\"isPartOf\":{\"@id\":\"https:\/\/sbia.org.br\/lnlm\/#website\"},\"datePublished\":\"2016-07-18T21:36:39+00:00\",\"breadcrumb\":{\"@id\":\"https:\/\/sbia.org.br\/lnlm\/publicacoes\/vol10-no4\/vol10-no4-art4\/#breadcrumb\"},\"inLanguage\":\"pt-BR\",\"potentialAction\":[{\"@type\":\"ReadAction\",\"target\":[\"https:\/\/sbia.org.br\/lnlm\/publicacoes\/vol10-no4\/vol10-no4-art4\/\"]}]},{\"@type\":\"BreadcrumbList\",\"@id\":\"https:\/\/sbia.org.br\/lnlm\/publicacoes\/vol10-no4\/vol10-no4-art4\/#breadcrumb\",\"itemListElement\":[{\"@type\":\"ListItem\",\"position\":1,\"name\":\"Browse issues\",\"item\":\"https:\/\/sbia.org.br\/lnlm\/publicacoes\/\"},{\"@type\":\"ListItem\",\"position\":2,\"name\":\"Learning &#038; Nonlinear Models &#8211; L&#038;NLM &#8211; Volume 10 &#8211; N\u00famero 4\",\"item\":\"https:\/\/sbia.org.br\/lnlm\/publicacoes\/vol10-no4\/\"},{\"@type\":\"ListItem\",\"position\":3,\"name\":\"Proposta de um M\u00e9todo de Classifica\u00e7\u00e3o Baseado em Densidade para a Determina\u00e7\u00e3o do N\u00famero Ideal de Grupos em Problemas de Clusteriza\u00e7\u00e3o\"}]},{\"@type\":\"WebSite\",\"@id\":\"https:\/\/sbia.org.br\/lnlm\/#website\",\"url\":\"https:\/\/sbia.org.br\/lnlm\/\",\"name\":\"Learning and NonLinear Models\",\"description\":\"\",\"publisher\":{\"@id\":\"https:\/\/sbia.org.br\/lnlm\/#organization\"},\"potentialAction\":[{\"@type\":\"SearchAction\",\"target\":{\"@type\":\"EntryPoint\",\"urlTemplate\":\"https:\/\/sbia.org.br\/lnlm\/?s={search_term_string}\"},\"query-input\":{\"@type\":\"PropertyValueSpecification\",\"valueRequired\":true,\"valueName\":\"search_term_string\"}}],\"inLanguage\":\"pt-BR\"},{\"@type\":\"Organization\",\"@id\":\"https:\/\/sbia.org.br\/lnlm\/#organization\",\"name\":\"Learning and NonLinear Models\",\"url\":\"https:\/\/sbia.org.br\/lnlm\/\",\"logo\":{\"@type\":\"ImageObject\",\"inLanguage\":\"pt-BR\",\"@id\":\"https:\/\/sbia.org.br\/lnlm\/#\/schema\/logo\/image\/\",\"url\":\"https:\/\/sbia.org.br\/lnlm\/wp-content\/uploads\/2021\/07\/logo-lnlm.png\",\"contentUrl\":\"https:\/\/sbia.org.br\/lnlm\/wp-content\/uploads\/2021\/07\/logo-lnlm.png\",\"width\":398,\"height\":94,\"caption\":\"Learning and NonLinear Models\"},\"image\":{\"@id\":\"https:\/\/sbia.org.br\/lnlm\/#\/schema\/logo\/image\/\"}}]}<\/script>\n<!-- \/ Yoast SEO plugin. -->","yoast_head_json":{"title":"Proposta de um M\u00e9todo de Classifica\u00e7\u00e3o Baseado em Densidade para a Determina\u00e7\u00e3o do N\u00famero Ideal de Grupos em Problemas de Clusteriza\u00e7\u00e3o - Learning and NonLinear Models","robots":{"index":"index","follow":"follow","max-snippet":"max-snippet:-1","max-image-preview":"max-image-preview:large","max-video-preview":"max-video-preview:-1"},"canonical":"https:\/\/sbia.org.br\/lnlm\/publicacoes\/vol10-no4\/vol10-no4-art4\/","og_locale":"pt_BR","og_type":"article","og_title":"Proposta de um M\u00e9todo de Classifica\u00e7\u00e3o Baseado em Densidade para a Determina\u00e7\u00e3o do N\u00famero Ideal de Grupos em Problemas de Clusteriza\u00e7\u00e3o - Learning and NonLinear Models","og_description":"T\u00edtulo: Proposta de um M\u00e9todo de Classifica\u00e7\u00e3o Baseado em Densidade para a Determina\u00e7\u00e3o do N\u00famero Ideal de Grupos em Problemas de Clusteriza\u00e7\u00e3o Autores: Semaan, Gustavo Silva; Cruz, Marcelo Dib; Brito, Jos\u00e9 Andr\u00e9 de Moura; Ochi, Luiz Satoru Resumo: A \u00e1rea Read More ...","og_url":"https:\/\/sbia.org.br\/lnlm\/publicacoes\/vol10-no4\/vol10-no4-art4\/","og_site_name":"Learning and NonLinear Models","twitter_card":"summary_large_image","twitter_misc":{"Est. tempo de leitura":"1 minuto"},"schema":{"@context":"https:\/\/schema.org","@graph":[{"@type":"WebPage","@id":"https:\/\/sbia.org.br\/lnlm\/publicacoes\/vol10-no4\/vol10-no4-art4\/","url":"https:\/\/sbia.org.br\/lnlm\/publicacoes\/vol10-no4\/vol10-no4-art4\/","name":"Proposta de um M\u00e9todo de Classifica\u00e7\u00e3o Baseado em Densidade para a Determina\u00e7\u00e3o do N\u00famero Ideal de Grupos em Problemas de Clusteriza\u00e7\u00e3o - Learning and NonLinear Models","isPartOf":{"@id":"https:\/\/sbia.org.br\/lnlm\/#website"},"datePublished":"2016-07-18T21:36:39+00:00","breadcrumb":{"@id":"https:\/\/sbia.org.br\/lnlm\/publicacoes\/vol10-no4\/vol10-no4-art4\/#breadcrumb"},"inLanguage":"pt-BR","potentialAction":[{"@type":"ReadAction","target":["https:\/\/sbia.org.br\/lnlm\/publicacoes\/vol10-no4\/vol10-no4-art4\/"]}]},{"@type":"BreadcrumbList","@id":"https:\/\/sbia.org.br\/lnlm\/publicacoes\/vol10-no4\/vol10-no4-art4\/#breadcrumb","itemListElement":[{"@type":"ListItem","position":1,"name":"Browse issues","item":"https:\/\/sbia.org.br\/lnlm\/publicacoes\/"},{"@type":"ListItem","position":2,"name":"Learning &#038; Nonlinear Models &#8211; L&#038;NLM &#8211; Volume 10 &#8211; N\u00famero 4","item":"https:\/\/sbia.org.br\/lnlm\/publicacoes\/vol10-no4\/"},{"@type":"ListItem","position":3,"name":"Proposta de um M\u00e9todo de Classifica\u00e7\u00e3o Baseado em Densidade para a Determina\u00e7\u00e3o do N\u00famero Ideal de Grupos em Problemas de Clusteriza\u00e7\u00e3o"}]},{"@type":"WebSite","@id":"https:\/\/sbia.org.br\/lnlm\/#website","url":"https:\/\/sbia.org.br\/lnlm\/","name":"Learning and NonLinear Models","description":"","publisher":{"@id":"https:\/\/sbia.org.br\/lnlm\/#organization"},"potentialAction":[{"@type":"SearchAction","target":{"@type":"EntryPoint","urlTemplate":"https:\/\/sbia.org.br\/lnlm\/?s={search_term_string}"},"query-input":{"@type":"PropertyValueSpecification","valueRequired":true,"valueName":"search_term_string"}}],"inLanguage":"pt-BR"},{"@type":"Organization","@id":"https:\/\/sbia.org.br\/lnlm\/#organization","name":"Learning and NonLinear Models","url":"https:\/\/sbia.org.br\/lnlm\/","logo":{"@type":"ImageObject","inLanguage":"pt-BR","@id":"https:\/\/sbia.org.br\/lnlm\/#\/schema\/logo\/image\/","url":"https:\/\/sbia.org.br\/lnlm\/wp-content\/uploads\/2021\/07\/logo-lnlm.png","contentUrl":"https:\/\/sbia.org.br\/lnlm\/wp-content\/uploads\/2021\/07\/logo-lnlm.png","width":398,"height":94,"caption":"Learning and NonLinear Models"},"image":{"@id":"https:\/\/sbia.org.br\/lnlm\/#\/schema\/logo\/image\/"}}]}},"_links":{"self":[{"href":"https:\/\/sbia.org.br\/lnlm\/wp-json\/wp\/v2\/pages\/628","targetHints":{"allow":["GET"]}}],"collection":[{"href":"https:\/\/sbia.org.br\/lnlm\/wp-json\/wp\/v2\/pages"}],"about":[{"href":"https:\/\/sbia.org.br\/lnlm\/wp-json\/wp\/v2\/types\/page"}],"author":[{"embeddable":true,"href":"https:\/\/sbia.org.br\/lnlm\/wp-json\/wp\/v2\/users\/1"}],"replies":[{"embeddable":true,"href":"https:\/\/sbia.org.br\/lnlm\/wp-json\/wp\/v2\/comments?post=628"}],"version-history":[{"count":0,"href":"https:\/\/sbia.org.br\/lnlm\/wp-json\/wp\/v2\/pages\/628\/revisions"}],"up":[{"embeddable":true,"href":"https:\/\/sbia.org.br\/lnlm\/wp-json\/wp\/v2\/pages\/620"}],"wp:attachment":[{"href":"https:\/\/sbia.org.br\/lnlm\/wp-json\/wp\/v2\/media?parent=628"}],"curies":[{"name":"wp","href":"https:\/\/api.w.org\/{rel}","templated":true}]}}