{"id":614,"date":"2016-07-18T18:15:45","date_gmt":"2016-07-18T21:15:45","guid":{"rendered":"https:\/\/sbia.org.br\/lnlm\/?page_id=614"},"modified":"2016-07-18T18:15:45","modified_gmt":"2016-07-18T21:15:45","slug":"vol10-no3-art4","status":"publish","type":"page","link":"https:\/\/sbia.org.br\/lnlm\/publicacoes\/vol10-no3\/vol10-no3-art4\/","title":{"rendered":"An\u00e1lise do Desempenho de Redes Neurais Artificiais no Preenchimento de Falhas em S\u00e9ries de Precipita\u00e7\u00e3o Di\u00e1ria"},"content":{"rendered":"<p><strong>T\u00edtulo:<\/strong> An\u00e1lise do Desempenho de Redes Neurais Artificiais no Preenchimento de Falhas em S\u00e9ries de Precipita\u00e7\u00e3o Di\u00e1ria<\/p>\n<p><strong>Autores:<\/strong> Almeida, Maristela de Salles S.; Almeida, Ricardo Carvalho de<\/p>\n<p align=\"justify\"><strong>Resumo:<\/strong> Uma s\u00e9rie de dados de precipita\u00e7\u00e3o sem falhas \u00e9 de grande valia para o desenvolvimento de estudos e modelos em hidrologia. Por\u00e9m, nem sempre \u00e9 poss\u00edvel obter estas s\u00e9ries em perfeitas condi\u00e7\u00f5es. Portanto, s\u00e3o necess\u00e1rios m\u00e9todos capazes de fazer este preenchimento gerando o resultado mais acurado poss\u00edvel. Este trabalho analisa e compara o desempenho de Redes Neurais Artificiais para o preenchimento de falhas em s\u00e9ries de precipita\u00e7\u00e3o di\u00e1ria em duas localidades com regimes de precipita\u00e7\u00e3o distintos: em uma regi\u00e3o tropical, no Cear\u00e1, e em uma regi\u00e3o subtropical, no Paran\u00e1. Esta compara\u00e7\u00e3o \u00e9 feita atrav\u00e9s de medidas estat\u00edsticas e s\u00e3o utilizados outros dois m\u00e9todos para a corrobora\u00e7\u00e3o dos resultados: M\u00e9todo da Dist\u00e2ncia Inversa e Regress\u00e3o Linear M\u00faltipla. A pesquisa mostra que as Redes Neurais Artificiais produziram resultados consideravelmente melhores na regi\u00e3o Subtropical do que na regi\u00e3o Tropical. Esses resultados tamb\u00e9m s\u00e3o obtidos quando os dados s\u00e3o submetidos ao M\u00e9todo da Dist\u00e2ncia Inversa e a Regress\u00e3o Linear M\u00faltipla<\/p>\n<p><strong>Palavras-chave:<\/strong> Redes neurais; precipita\u00e7\u00e3o di\u00e1ria; regress\u00e3o linear; preenchimento de falhas; hidrologia; meteorologia<\/p>\n<p><strong>P\u00e1ginas:<\/strong> 6<\/p>\n<p><strong>C\u00f3digo DOI:<\/strong> <a href=\"http:\/\/dx.doi.org\/10.21528\/lnlm-vol10-no3-art4\">10.21528\/lmln-vol10-no3-art4<\/a><\/p>\n<p><strong>Artigo em PDF:<\/strong> <a href=\"https:\/\/sbia.org.br\/lnlm\/wp-content\/uploads\/sites\/4\/2016\/07\/vol10-no3-art4.pdf\" rel=\"\">vol10-no3-art4.pdf<\/a><\/p>\n<p><strong>Arquivo BibTex:<\/strong> <a href=\"https:\/\/sbia.org.br\/lnlm\/wp-content\/uploads\/sites\/4\/2016\/07\/vol10-no3-art4.bib\" rel=\"\">vol10-no3-art4.bib<\/a><\/p>\n","protected":false},"excerpt":{"rendered":"<p>T\u00edtulo: An\u00e1lise do Desempenho de Redes Neurais Artificiais no Preenchimento de Falhas em S\u00e9ries de Precipita\u00e7\u00e3o Di\u00e1ria Autores: Almeida, Maristela de Salles S.; Almeida, Ricardo Carvalho de Resumo: Uma s\u00e9rie de dados de precipita\u00e7\u00e3o sem falhas \u00e9 de grande valia <a href=\"https:\/\/sbia.org.br\/lnlm\/publicacoes\/vol10-no3\/vol10-no3-art4\/\" class=\"read-more\">Read More &#8230;<\/a><\/p>\n","protected":false},"author":1,"featured_media":0,"parent":603,"menu_order":0,"comment_status":"closed","ping_status":"closed","template":"","meta":{"footnotes":""},"class_list":["post-614","page","type-page","status-publish","hentry"],"yoast_head":"<!-- This site is optimized with the Yoast SEO plugin v26.9 - https:\/\/yoast.com\/product\/yoast-seo-wordpress\/ -->\n<title>An\u00e1lise do Desempenho de Redes Neurais Artificiais no Preenchimento de Falhas em S\u00e9ries de Precipita\u00e7\u00e3o Di\u00e1ria - Learning and NonLinear Models<\/title>\n<meta name=\"robots\" content=\"index, follow, max-snippet:-1, max-image-preview:large, max-video-preview:-1\" \/>\n<link rel=\"canonical\" href=\"https:\/\/sbia.org.br\/lnlm\/publicacoes\/vol10-no3\/vol10-no3-art4\/\" \/>\n<meta property=\"og:locale\" content=\"pt_BR\" \/>\n<meta property=\"og:type\" content=\"article\" \/>\n<meta property=\"og:title\" content=\"An\u00e1lise do Desempenho de Redes Neurais Artificiais no Preenchimento de Falhas em S\u00e9ries de Precipita\u00e7\u00e3o Di\u00e1ria - Learning and NonLinear Models\" \/>\n<meta property=\"og:description\" content=\"T\u00edtulo: An\u00e1lise do Desempenho de Redes Neurais Artificiais no Preenchimento de Falhas em S\u00e9ries de Precipita\u00e7\u00e3o Di\u00e1ria Autores: Almeida, Maristela de Salles S.; Almeida, Ricardo Carvalho de Resumo: Uma s\u00e9rie de dados de precipita\u00e7\u00e3o sem falhas \u00e9 de grande valia Read More ...\" \/>\n<meta property=\"og:url\" content=\"https:\/\/sbia.org.br\/lnlm\/publicacoes\/vol10-no3\/vol10-no3-art4\/\" \/>\n<meta property=\"og:site_name\" content=\"Learning and NonLinear Models\" \/>\n<meta name=\"twitter:card\" content=\"summary_large_image\" \/>\n<meta name=\"twitter:label1\" content=\"Est. tempo de leitura\" \/>\n\t<meta name=\"twitter:data1\" content=\"1 minuto\" \/>\n<script type=\"application\/ld+json\" class=\"yoast-schema-graph\">{\"@context\":\"https:\/\/schema.org\",\"@graph\":[{\"@type\":\"WebPage\",\"@id\":\"https:\/\/sbia.org.br\/lnlm\/publicacoes\/vol10-no3\/vol10-no3-art4\/\",\"url\":\"https:\/\/sbia.org.br\/lnlm\/publicacoes\/vol10-no3\/vol10-no3-art4\/\",\"name\":\"An\u00e1lise do Desempenho de Redes Neurais Artificiais no Preenchimento de Falhas em S\u00e9ries de Precipita\u00e7\u00e3o Di\u00e1ria - Learning and NonLinear Models\",\"isPartOf\":{\"@id\":\"https:\/\/sbia.org.br\/lnlm\/#website\"},\"datePublished\":\"2016-07-18T21:15:45+00:00\",\"breadcrumb\":{\"@id\":\"https:\/\/sbia.org.br\/lnlm\/publicacoes\/vol10-no3\/vol10-no3-art4\/#breadcrumb\"},\"inLanguage\":\"pt-BR\",\"potentialAction\":[{\"@type\":\"ReadAction\",\"target\":[\"https:\/\/sbia.org.br\/lnlm\/publicacoes\/vol10-no3\/vol10-no3-art4\/\"]}]},{\"@type\":\"BreadcrumbList\",\"@id\":\"https:\/\/sbia.org.br\/lnlm\/publicacoes\/vol10-no3\/vol10-no3-art4\/#breadcrumb\",\"itemListElement\":[{\"@type\":\"ListItem\",\"position\":1,\"name\":\"Browse issues\",\"item\":\"https:\/\/sbia.org.br\/lnlm\/publicacoes\/\"},{\"@type\":\"ListItem\",\"position\":2,\"name\":\"Learning &#038; Nonlinear Models &#8211; L&#038;NLM &#8211; Volume 10 &#8211; N\u00famero 3\",\"item\":\"https:\/\/sbia.org.br\/lnlm\/publicacoes\/vol10-no3\/\"},{\"@type\":\"ListItem\",\"position\":3,\"name\":\"An\u00e1lise do Desempenho de Redes Neurais Artificiais no Preenchimento de Falhas em S\u00e9ries de Precipita\u00e7\u00e3o Di\u00e1ria\"}]},{\"@type\":\"WebSite\",\"@id\":\"https:\/\/sbia.org.br\/lnlm\/#website\",\"url\":\"https:\/\/sbia.org.br\/lnlm\/\",\"name\":\"Learning and NonLinear Models\",\"description\":\"\",\"publisher\":{\"@id\":\"https:\/\/sbia.org.br\/lnlm\/#organization\"},\"potentialAction\":[{\"@type\":\"SearchAction\",\"target\":{\"@type\":\"EntryPoint\",\"urlTemplate\":\"https:\/\/sbia.org.br\/lnlm\/?s={search_term_string}\"},\"query-input\":{\"@type\":\"PropertyValueSpecification\",\"valueRequired\":true,\"valueName\":\"search_term_string\"}}],\"inLanguage\":\"pt-BR\"},{\"@type\":\"Organization\",\"@id\":\"https:\/\/sbia.org.br\/lnlm\/#organization\",\"name\":\"Learning and NonLinear Models\",\"url\":\"https:\/\/sbia.org.br\/lnlm\/\",\"logo\":{\"@type\":\"ImageObject\",\"inLanguage\":\"pt-BR\",\"@id\":\"https:\/\/sbia.org.br\/lnlm\/#\/schema\/logo\/image\/\",\"url\":\"https:\/\/sbia.org.br\/lnlm\/wp-content\/uploads\/2021\/07\/logo-lnlm.png\",\"contentUrl\":\"https:\/\/sbia.org.br\/lnlm\/wp-content\/uploads\/2021\/07\/logo-lnlm.png\",\"width\":398,\"height\":94,\"caption\":\"Learning and NonLinear Models\"},\"image\":{\"@id\":\"https:\/\/sbia.org.br\/lnlm\/#\/schema\/logo\/image\/\"}}]}<\/script>\n<!-- \/ Yoast SEO plugin. -->","yoast_head_json":{"title":"An\u00e1lise do Desempenho de Redes Neurais Artificiais no Preenchimento de Falhas em S\u00e9ries de Precipita\u00e7\u00e3o Di\u00e1ria - Learning and NonLinear Models","robots":{"index":"index","follow":"follow","max-snippet":"max-snippet:-1","max-image-preview":"max-image-preview:large","max-video-preview":"max-video-preview:-1"},"canonical":"https:\/\/sbia.org.br\/lnlm\/publicacoes\/vol10-no3\/vol10-no3-art4\/","og_locale":"pt_BR","og_type":"article","og_title":"An\u00e1lise do Desempenho de Redes Neurais Artificiais no Preenchimento de Falhas em S\u00e9ries de Precipita\u00e7\u00e3o Di\u00e1ria - Learning and NonLinear Models","og_description":"T\u00edtulo: An\u00e1lise do Desempenho de Redes Neurais Artificiais no Preenchimento de Falhas em S\u00e9ries de Precipita\u00e7\u00e3o Di\u00e1ria Autores: Almeida, Maristela de Salles S.; Almeida, Ricardo Carvalho de Resumo: Uma s\u00e9rie de dados de precipita\u00e7\u00e3o sem falhas \u00e9 de grande valia Read More ...","og_url":"https:\/\/sbia.org.br\/lnlm\/publicacoes\/vol10-no3\/vol10-no3-art4\/","og_site_name":"Learning and NonLinear Models","twitter_card":"summary_large_image","twitter_misc":{"Est. tempo de leitura":"1 minuto"},"schema":{"@context":"https:\/\/schema.org","@graph":[{"@type":"WebPage","@id":"https:\/\/sbia.org.br\/lnlm\/publicacoes\/vol10-no3\/vol10-no3-art4\/","url":"https:\/\/sbia.org.br\/lnlm\/publicacoes\/vol10-no3\/vol10-no3-art4\/","name":"An\u00e1lise do Desempenho de Redes Neurais Artificiais no Preenchimento de Falhas em S\u00e9ries de Precipita\u00e7\u00e3o Di\u00e1ria - Learning and NonLinear Models","isPartOf":{"@id":"https:\/\/sbia.org.br\/lnlm\/#website"},"datePublished":"2016-07-18T21:15:45+00:00","breadcrumb":{"@id":"https:\/\/sbia.org.br\/lnlm\/publicacoes\/vol10-no3\/vol10-no3-art4\/#breadcrumb"},"inLanguage":"pt-BR","potentialAction":[{"@type":"ReadAction","target":["https:\/\/sbia.org.br\/lnlm\/publicacoes\/vol10-no3\/vol10-no3-art4\/"]}]},{"@type":"BreadcrumbList","@id":"https:\/\/sbia.org.br\/lnlm\/publicacoes\/vol10-no3\/vol10-no3-art4\/#breadcrumb","itemListElement":[{"@type":"ListItem","position":1,"name":"Browse issues","item":"https:\/\/sbia.org.br\/lnlm\/publicacoes\/"},{"@type":"ListItem","position":2,"name":"Learning &#038; Nonlinear Models &#8211; L&#038;NLM &#8211; Volume 10 &#8211; N\u00famero 3","item":"https:\/\/sbia.org.br\/lnlm\/publicacoes\/vol10-no3\/"},{"@type":"ListItem","position":3,"name":"An\u00e1lise do Desempenho de Redes Neurais Artificiais no Preenchimento de Falhas em S\u00e9ries de Precipita\u00e7\u00e3o Di\u00e1ria"}]},{"@type":"WebSite","@id":"https:\/\/sbia.org.br\/lnlm\/#website","url":"https:\/\/sbia.org.br\/lnlm\/","name":"Learning and NonLinear Models","description":"","publisher":{"@id":"https:\/\/sbia.org.br\/lnlm\/#organization"},"potentialAction":[{"@type":"SearchAction","target":{"@type":"EntryPoint","urlTemplate":"https:\/\/sbia.org.br\/lnlm\/?s={search_term_string}"},"query-input":{"@type":"PropertyValueSpecification","valueRequired":true,"valueName":"search_term_string"}}],"inLanguage":"pt-BR"},{"@type":"Organization","@id":"https:\/\/sbia.org.br\/lnlm\/#organization","name":"Learning and NonLinear Models","url":"https:\/\/sbia.org.br\/lnlm\/","logo":{"@type":"ImageObject","inLanguage":"pt-BR","@id":"https:\/\/sbia.org.br\/lnlm\/#\/schema\/logo\/image\/","url":"https:\/\/sbia.org.br\/lnlm\/wp-content\/uploads\/2021\/07\/logo-lnlm.png","contentUrl":"https:\/\/sbia.org.br\/lnlm\/wp-content\/uploads\/2021\/07\/logo-lnlm.png","width":398,"height":94,"caption":"Learning and NonLinear Models"},"image":{"@id":"https:\/\/sbia.org.br\/lnlm\/#\/schema\/logo\/image\/"}}]}},"_links":{"self":[{"href":"https:\/\/sbia.org.br\/lnlm\/wp-json\/wp\/v2\/pages\/614","targetHints":{"allow":["GET"]}}],"collection":[{"href":"https:\/\/sbia.org.br\/lnlm\/wp-json\/wp\/v2\/pages"}],"about":[{"href":"https:\/\/sbia.org.br\/lnlm\/wp-json\/wp\/v2\/types\/page"}],"author":[{"embeddable":true,"href":"https:\/\/sbia.org.br\/lnlm\/wp-json\/wp\/v2\/users\/1"}],"replies":[{"embeddable":true,"href":"https:\/\/sbia.org.br\/lnlm\/wp-json\/wp\/v2\/comments?post=614"}],"version-history":[{"count":0,"href":"https:\/\/sbia.org.br\/lnlm\/wp-json\/wp\/v2\/pages\/614\/revisions"}],"up":[{"embeddable":true,"href":"https:\/\/sbia.org.br\/lnlm\/wp-json\/wp\/v2\/pages\/603"}],"wp:attachment":[{"href":"https:\/\/sbia.org.br\/lnlm\/wp-json\/wp\/v2\/media?parent=614"}],"curies":[{"name":"wp","href":"https:\/\/api.w.org\/{rel}","templated":true}]}}