{"id":595,"date":"2016-07-18T17:54:31","date_gmt":"2016-07-18T20:54:31","guid":{"rendered":"https:\/\/sbia.org.br\/lnlm\/?page_id=595"},"modified":"2016-07-18T17:54:31","modified_gmt":"2016-07-18T20:54:31","slug":"vol10-no2-art3","status":"publish","type":"page","link":"https:\/\/sbia.org.br\/lnlm\/publicacoes\/vol10-no2\/vol10-no2-art3\/","title":{"rendered":"S\u00e9rie Temporal Fuzzy com \u201cn\u201d Diferen\u00e7as para Identifica\u00e7\u00e3o da Ordem do Modelo Via Fun\u00e7\u00e3o de Autocorrela\u00e7\u00e3o"},"content":{"rendered":"<p><strong>T\u00edtulo:<\/strong> S\u00e9rie Temporal Fuzzy com \u201cn\u201d Diferen\u00e7as para Identifica\u00e7\u00e3o da Ordem do Modelo Via Fun\u00e7\u00e3o de Autocorrela\u00e7\u00e3o<\/p>\n<p><strong>Autores:<\/strong> Carvalho Junior, Jos\u00e9 Gracildo de; Costa Junior, Carlos Tavares da; Lago Neto, Jo\u00e3o Caldas do<\/p>\n<p align=\"justify\"><strong>Resumo:<\/strong> A fun\u00e7\u00e3o de autocorrela\u00e7\u00e3o possui uma grande capacidade quanto \u00e0 identifica\u00e7\u00e3o da ordem de um modelo de s\u00e9rie temporal, a partir das estimativas das correla\u00e7\u00f5es e covari\u00e2ncias dos dados, neste sentido, esta fun\u00e7\u00e3o determina modelos autoregressivos sazonais e subconjuntos de maneira eficiente mediante a fun\u00e7\u00e3o de autocorrela\u00e7\u00e3o parcial, al\u00e9m de indicar se os dados s\u00e3o provenientes de um modelo n\u00e3o estacion\u00e1rio ou quase n\u00e3o estacion\u00e1rio. Assim, este trabalho utilizou o calculo da fun\u00e7\u00e3o de autocorrela\u00e7\u00e3o amostral e parcial, para os conjuntos de dados fuzzy apresentados por (Song, 2003), e a partir dos resultados destas fun\u00e7\u00f5es se fez \u00e0 op\u00e7\u00e3o pela ordem ideal do modelo de s\u00e9rie temporal fuzzy a ser adotado. Obteve-se ainda, uma medida de depend\u00eancia entre os conjuntos de dados fuzzy, mediante a m\u00e9dia dos valores da fun\u00e7\u00e3o de autocorrela\u00e7\u00e3o amostral e parcial conjunta calculada para diferentes conjuntos de dados.<\/p>\n<p><strong>Palavras-chave:<\/strong> Fun\u00e7\u00e3o de autocorrela\u00e7\u00e3o fuzzy; Constru\u00e7\u00e3o de modelos de s\u00e9rie temporal fuzzy<\/p>\n<p><strong>P\u00e1ginas:<\/strong> 10<\/p>\n<p><strong>C\u00f3digo DOI:<\/strong> <a href=\"http:\/\/dx.doi.org\/10.21528\/lnlm-vol10-no2-art3\">10.21528\/lmln-vol10-no2-art3<\/a><\/p>\n<p><strong>Artigo em PDF:<\/strong> <a href=\"https:\/\/sbia.org.br\/lnlm\/wp-content\/uploads\/sites\/4\/2016\/07\/vol10-no2-art3.pdf\" rel=\"\">vol10-no2-art3.pdf<\/a><\/p>\n<p><strong>Arquivo BibTex:<\/strong> <a href=\"https:\/\/sbia.org.br\/lnlm\/wp-content\/uploads\/sites\/4\/2016\/07\/vol10-no2-art3.bib\" rel=\"\">vol10-no2-art3.bib<\/a><\/p>\n","protected":false},"excerpt":{"rendered":"<p>T\u00edtulo: S\u00e9rie Temporal Fuzzy com \u201cn\u201d Diferen\u00e7as para Identifica\u00e7\u00e3o da Ordem do Modelo Via Fun\u00e7\u00e3o de Autocorrela\u00e7\u00e3o Autores: Carvalho Junior, Jos\u00e9 Gracildo de; Costa Junior, Carlos Tavares da; Lago Neto, Jo\u00e3o Caldas do Resumo: A fun\u00e7\u00e3o de autocorrela\u00e7\u00e3o possui uma <a href=\"https:\/\/sbia.org.br\/lnlm\/publicacoes\/vol10-no2\/vol10-no2-art3\/\" class=\"read-more\">Read More &#8230;<\/a><\/p>\n","protected":false},"author":1,"featured_media":0,"parent":585,"menu_order":0,"comment_status":"closed","ping_status":"closed","template":"","meta":{"footnotes":""},"class_list":["post-595","page","type-page","status-publish","hentry"],"yoast_head":"<!-- This site is optimized with the Yoast SEO plugin v26.9 - https:\/\/yoast.com\/product\/yoast-seo-wordpress\/ -->\n<title>S\u00e9rie Temporal Fuzzy com \u201cn\u201d Diferen\u00e7as para Identifica\u00e7\u00e3o da Ordem do Modelo Via Fun\u00e7\u00e3o de Autocorrela\u00e7\u00e3o - Learning and NonLinear Models<\/title>\n<meta name=\"robots\" content=\"index, follow, max-snippet:-1, max-image-preview:large, max-video-preview:-1\" \/>\n<link rel=\"canonical\" href=\"https:\/\/sbia.org.br\/lnlm\/publicacoes\/vol10-no2\/vol10-no2-art3\/\" \/>\n<meta property=\"og:locale\" content=\"pt_BR\" \/>\n<meta property=\"og:type\" content=\"article\" \/>\n<meta property=\"og:title\" content=\"S\u00e9rie Temporal Fuzzy com \u201cn\u201d Diferen\u00e7as para Identifica\u00e7\u00e3o da Ordem do Modelo Via Fun\u00e7\u00e3o de Autocorrela\u00e7\u00e3o - Learning and NonLinear Models\" \/>\n<meta property=\"og:description\" content=\"T\u00edtulo: S\u00e9rie Temporal Fuzzy com \u201cn\u201d Diferen\u00e7as para Identifica\u00e7\u00e3o da Ordem do Modelo Via Fun\u00e7\u00e3o de Autocorrela\u00e7\u00e3o Autores: Carvalho Junior, Jos\u00e9 Gracildo de; Costa Junior, Carlos Tavares da; Lago Neto, Jo\u00e3o Caldas do Resumo: A fun\u00e7\u00e3o de autocorrela\u00e7\u00e3o possui uma Read More ...\" \/>\n<meta property=\"og:url\" content=\"https:\/\/sbia.org.br\/lnlm\/publicacoes\/vol10-no2\/vol10-no2-art3\/\" \/>\n<meta property=\"og:site_name\" content=\"Learning and NonLinear Models\" \/>\n<meta name=\"twitter:card\" content=\"summary_large_image\" \/>\n<meta name=\"twitter:label1\" content=\"Est. tempo de leitura\" \/>\n\t<meta name=\"twitter:data1\" content=\"1 minuto\" \/>\n<script type=\"application\/ld+json\" class=\"yoast-schema-graph\">{\"@context\":\"https:\/\/schema.org\",\"@graph\":[{\"@type\":\"WebPage\",\"@id\":\"https:\/\/sbia.org.br\/lnlm\/publicacoes\/vol10-no2\/vol10-no2-art3\/\",\"url\":\"https:\/\/sbia.org.br\/lnlm\/publicacoes\/vol10-no2\/vol10-no2-art3\/\",\"name\":\"S\u00e9rie Temporal Fuzzy com \u201cn\u201d Diferen\u00e7as para Identifica\u00e7\u00e3o da Ordem do Modelo Via Fun\u00e7\u00e3o de Autocorrela\u00e7\u00e3o - Learning and NonLinear Models\",\"isPartOf\":{\"@id\":\"https:\/\/sbia.org.br\/lnlm\/#website\"},\"datePublished\":\"2016-07-18T20:54:31+00:00\",\"breadcrumb\":{\"@id\":\"https:\/\/sbia.org.br\/lnlm\/publicacoes\/vol10-no2\/vol10-no2-art3\/#breadcrumb\"},\"inLanguage\":\"pt-BR\",\"potentialAction\":[{\"@type\":\"ReadAction\",\"target\":[\"https:\/\/sbia.org.br\/lnlm\/publicacoes\/vol10-no2\/vol10-no2-art3\/\"]}]},{\"@type\":\"BreadcrumbList\",\"@id\":\"https:\/\/sbia.org.br\/lnlm\/publicacoes\/vol10-no2\/vol10-no2-art3\/#breadcrumb\",\"itemListElement\":[{\"@type\":\"ListItem\",\"position\":1,\"name\":\"Browse issues\",\"item\":\"https:\/\/sbia.org.br\/lnlm\/publicacoes\/\"},{\"@type\":\"ListItem\",\"position\":2,\"name\":\"Learning &#038; Nonlinear Models &#8211; L&#038;NLM &#8211; Volume 10 &#8211; N\u00famero 2\",\"item\":\"https:\/\/sbia.org.br\/lnlm\/publicacoes\/vol10-no2\/\"},{\"@type\":\"ListItem\",\"position\":3,\"name\":\"S\u00e9rie Temporal Fuzzy com \u201cn\u201d Diferen\u00e7as para Identifica\u00e7\u00e3o da Ordem do Modelo Via Fun\u00e7\u00e3o de Autocorrela\u00e7\u00e3o\"}]},{\"@type\":\"WebSite\",\"@id\":\"https:\/\/sbia.org.br\/lnlm\/#website\",\"url\":\"https:\/\/sbia.org.br\/lnlm\/\",\"name\":\"Learning and NonLinear Models\",\"description\":\"\",\"publisher\":{\"@id\":\"https:\/\/sbia.org.br\/lnlm\/#organization\"},\"potentialAction\":[{\"@type\":\"SearchAction\",\"target\":{\"@type\":\"EntryPoint\",\"urlTemplate\":\"https:\/\/sbia.org.br\/lnlm\/?s={search_term_string}\"},\"query-input\":{\"@type\":\"PropertyValueSpecification\",\"valueRequired\":true,\"valueName\":\"search_term_string\"}}],\"inLanguage\":\"pt-BR\"},{\"@type\":\"Organization\",\"@id\":\"https:\/\/sbia.org.br\/lnlm\/#organization\",\"name\":\"Learning and NonLinear Models\",\"url\":\"https:\/\/sbia.org.br\/lnlm\/\",\"logo\":{\"@type\":\"ImageObject\",\"inLanguage\":\"pt-BR\",\"@id\":\"https:\/\/sbia.org.br\/lnlm\/#\/schema\/logo\/image\/\",\"url\":\"https:\/\/sbia.org.br\/lnlm\/wp-content\/uploads\/2021\/07\/logo-lnlm.png\",\"contentUrl\":\"https:\/\/sbia.org.br\/lnlm\/wp-content\/uploads\/2021\/07\/logo-lnlm.png\",\"width\":398,\"height\":94,\"caption\":\"Learning and NonLinear Models\"},\"image\":{\"@id\":\"https:\/\/sbia.org.br\/lnlm\/#\/schema\/logo\/image\/\"}}]}<\/script>\n<!-- \/ Yoast SEO plugin. -->","yoast_head_json":{"title":"S\u00e9rie Temporal Fuzzy com \u201cn\u201d Diferen\u00e7as para Identifica\u00e7\u00e3o da Ordem do Modelo Via Fun\u00e7\u00e3o de Autocorrela\u00e7\u00e3o - Learning and NonLinear Models","robots":{"index":"index","follow":"follow","max-snippet":"max-snippet:-1","max-image-preview":"max-image-preview:large","max-video-preview":"max-video-preview:-1"},"canonical":"https:\/\/sbia.org.br\/lnlm\/publicacoes\/vol10-no2\/vol10-no2-art3\/","og_locale":"pt_BR","og_type":"article","og_title":"S\u00e9rie Temporal Fuzzy com \u201cn\u201d Diferen\u00e7as para Identifica\u00e7\u00e3o da Ordem do Modelo Via Fun\u00e7\u00e3o de Autocorrela\u00e7\u00e3o - Learning and NonLinear Models","og_description":"T\u00edtulo: S\u00e9rie Temporal Fuzzy com \u201cn\u201d Diferen\u00e7as para Identifica\u00e7\u00e3o da Ordem do Modelo Via Fun\u00e7\u00e3o de Autocorrela\u00e7\u00e3o Autores: Carvalho Junior, Jos\u00e9 Gracildo de; Costa Junior, Carlos Tavares da; Lago Neto, Jo\u00e3o Caldas do Resumo: A fun\u00e7\u00e3o de autocorrela\u00e7\u00e3o possui uma Read More ...","og_url":"https:\/\/sbia.org.br\/lnlm\/publicacoes\/vol10-no2\/vol10-no2-art3\/","og_site_name":"Learning and NonLinear Models","twitter_card":"summary_large_image","twitter_misc":{"Est. tempo de leitura":"1 minuto"},"schema":{"@context":"https:\/\/schema.org","@graph":[{"@type":"WebPage","@id":"https:\/\/sbia.org.br\/lnlm\/publicacoes\/vol10-no2\/vol10-no2-art3\/","url":"https:\/\/sbia.org.br\/lnlm\/publicacoes\/vol10-no2\/vol10-no2-art3\/","name":"S\u00e9rie Temporal Fuzzy com \u201cn\u201d Diferen\u00e7as para Identifica\u00e7\u00e3o da Ordem do Modelo Via Fun\u00e7\u00e3o de Autocorrela\u00e7\u00e3o - Learning and NonLinear Models","isPartOf":{"@id":"https:\/\/sbia.org.br\/lnlm\/#website"},"datePublished":"2016-07-18T20:54:31+00:00","breadcrumb":{"@id":"https:\/\/sbia.org.br\/lnlm\/publicacoes\/vol10-no2\/vol10-no2-art3\/#breadcrumb"},"inLanguage":"pt-BR","potentialAction":[{"@type":"ReadAction","target":["https:\/\/sbia.org.br\/lnlm\/publicacoes\/vol10-no2\/vol10-no2-art3\/"]}]},{"@type":"BreadcrumbList","@id":"https:\/\/sbia.org.br\/lnlm\/publicacoes\/vol10-no2\/vol10-no2-art3\/#breadcrumb","itemListElement":[{"@type":"ListItem","position":1,"name":"Browse issues","item":"https:\/\/sbia.org.br\/lnlm\/publicacoes\/"},{"@type":"ListItem","position":2,"name":"Learning &#038; Nonlinear Models &#8211; L&#038;NLM &#8211; Volume 10 &#8211; N\u00famero 2","item":"https:\/\/sbia.org.br\/lnlm\/publicacoes\/vol10-no2\/"},{"@type":"ListItem","position":3,"name":"S\u00e9rie Temporal Fuzzy com \u201cn\u201d Diferen\u00e7as para Identifica\u00e7\u00e3o da Ordem do Modelo Via Fun\u00e7\u00e3o de Autocorrela\u00e7\u00e3o"}]},{"@type":"WebSite","@id":"https:\/\/sbia.org.br\/lnlm\/#website","url":"https:\/\/sbia.org.br\/lnlm\/","name":"Learning and NonLinear Models","description":"","publisher":{"@id":"https:\/\/sbia.org.br\/lnlm\/#organization"},"potentialAction":[{"@type":"SearchAction","target":{"@type":"EntryPoint","urlTemplate":"https:\/\/sbia.org.br\/lnlm\/?s={search_term_string}"},"query-input":{"@type":"PropertyValueSpecification","valueRequired":true,"valueName":"search_term_string"}}],"inLanguage":"pt-BR"},{"@type":"Organization","@id":"https:\/\/sbia.org.br\/lnlm\/#organization","name":"Learning and NonLinear Models","url":"https:\/\/sbia.org.br\/lnlm\/","logo":{"@type":"ImageObject","inLanguage":"pt-BR","@id":"https:\/\/sbia.org.br\/lnlm\/#\/schema\/logo\/image\/","url":"https:\/\/sbia.org.br\/lnlm\/wp-content\/uploads\/2021\/07\/logo-lnlm.png","contentUrl":"https:\/\/sbia.org.br\/lnlm\/wp-content\/uploads\/2021\/07\/logo-lnlm.png","width":398,"height":94,"caption":"Learning and NonLinear Models"},"image":{"@id":"https:\/\/sbia.org.br\/lnlm\/#\/schema\/logo\/image\/"}}]}},"_links":{"self":[{"href":"https:\/\/sbia.org.br\/lnlm\/wp-json\/wp\/v2\/pages\/595","targetHints":{"allow":["GET"]}}],"collection":[{"href":"https:\/\/sbia.org.br\/lnlm\/wp-json\/wp\/v2\/pages"}],"about":[{"href":"https:\/\/sbia.org.br\/lnlm\/wp-json\/wp\/v2\/types\/page"}],"author":[{"embeddable":true,"href":"https:\/\/sbia.org.br\/lnlm\/wp-json\/wp\/v2\/users\/1"}],"replies":[{"embeddable":true,"href":"https:\/\/sbia.org.br\/lnlm\/wp-json\/wp\/v2\/comments?post=595"}],"version-history":[{"count":0,"href":"https:\/\/sbia.org.br\/lnlm\/wp-json\/wp\/v2\/pages\/595\/revisions"}],"up":[{"embeddable":true,"href":"https:\/\/sbia.org.br\/lnlm\/wp-json\/wp\/v2\/pages\/585"}],"wp:attachment":[{"href":"https:\/\/sbia.org.br\/lnlm\/wp-json\/wp\/v2\/media?parent=595"}],"curies":[{"name":"wp","href":"https:\/\/api.w.org\/{rel}","templated":true}]}}