{"id":579,"date":"2016-07-18T15:47:35","date_gmt":"2016-07-18T18:47:35","guid":{"rendered":"https:\/\/sbia.org.br\/lnlm\/?page_id=579"},"modified":"2016-07-18T15:47:35","modified_gmt":"2016-07-18T18:47:35","slug":"vol10-no1-art3","status":"publish","type":"page","link":"https:\/\/sbia.org.br\/lnlm\/publicacoes\/vol10-no1\/vol10-no1-art3\/","title":{"rendered":"T\u00e9cnica N\u00e3o Destrutiva para Diagn\u00f3stico de Concreto a Partir de Termografia e Redes Neurais Artificiais"},"content":{"rendered":"<p><strong>T\u00edtulo:<\/strong> T\u00e9cnica N\u00e3o Destrutiva para Diagn\u00f3stico de Concreto a Partir de Termografia e Redes Neurais Artificiais<\/p>\n<p><strong>Autores:<\/strong> Pettres, Roberto; Lacerda, Luiz Alkimin de<\/p>\n<p align=\"justify\"><strong>Resumo:<\/strong> Este trabalho apresenta a aplica\u00e7\u00e3o experimental de uma metodologia n\u00e3o destrutiva para diagn\u00f3stico subsuperficial de estruturas de concreto baseada em termografia e um aplicativo computacional para processamento e an\u00e1lise de imagens por redes neurais artificiais. Para esse prop\u00f3sito elaborou-se um bloco de concreto contendo um elemento de alta porosidade representando um defeito conhecido em seu interior. Sobre este bloco foram aplicadas condi\u00e7\u00f5es de contorno que estabeleciam um fluxo de calor em uma \u00fanica dire\u00e7\u00e3o. As imagens termogr\u00e1ficas foram obtidas da face oposta \u00e0 aplica\u00e7\u00e3o do aquecimento, ap\u00f3s o estabelecimento de um regime estacion\u00e1rio de transfer\u00eancia de calor. A aplica\u00e7\u00e3o da t\u00e9cnica se mostrou eficiente e indicou satisfatoriamente a localiza\u00e7\u00e3o do defeito, apresentando em m\u00e9dia um percentual de \u00eaxito de 74,22% na identifica\u00e7\u00e3o dos par\u00e2metros dimensionais do defeito, com desvio m\u00e9dio absoluto de 3 cm em rela\u00e7\u00e3o \u00e0s dimens\u00f5es reais.<\/p>\n<p><strong>Palavras-chave:<\/strong> Redes Neurais Artificiais; Processamento de Imagens; Transfer\u00eancia de Calor; An\u00e1lises N\u00e3o-Destrutivas; Reconhecimento de Padr\u00f5es<\/p>\n<p><strong>P\u00e1ginas:<\/strong> 15<\/p>\n<p><strong>C\u00f3digo DOI:<\/strong> <a href=\"http:\/\/dx.doi.org\/10.21528\/lnlm-vol10-no1-art3\">10.21528\/lmln-vol10-no1-art3<\/a><\/p>\n<p><strong>Artigo em PDF:<\/strong> <a href=\"https:\/\/sbia.org.br\/lnlm\/wp-content\/uploads\/sites\/4\/2016\/07\/vol10-no1-art3.pdf\" rel=\"\">vol10-no1-art3.pdf<\/a><\/p>\n<p><strong>Arquivo BibTex:<\/strong> <a href=\"https:\/\/sbia.org.br\/lnlm\/wp-content\/uploads\/sites\/4\/2016\/07\/vol10-no1-art3.bib\" rel=\"\">vol10-no1-art3.bib<\/a><\/p>\n","protected":false},"excerpt":{"rendered":"<p>T\u00edtulo: T\u00e9cnica N\u00e3o Destrutiva para Diagn\u00f3stico de Concreto a Partir de Termografia e Redes Neurais Artificiais Autores: Pettres, Roberto; Lacerda, Luiz Alkimin de Resumo: Este trabalho apresenta a aplica\u00e7\u00e3o experimental de uma metodologia n\u00e3o destrutiva para diagn\u00f3stico subsuperficial de estruturas <a href=\"https:\/\/sbia.org.br\/lnlm\/publicacoes\/vol10-no1\/vol10-no1-art3\/\" class=\"read-more\">Read More &#8230;<\/a><\/p>\n","protected":false},"author":1,"featured_media":0,"parent":565,"menu_order":0,"comment_status":"closed","ping_status":"closed","template":"","meta":{"footnotes":""},"class_list":["post-579","page","type-page","status-publish","hentry"],"yoast_head":"<!-- This site is optimized with the Yoast SEO plugin v26.9 - https:\/\/yoast.com\/product\/yoast-seo-wordpress\/ -->\n<title>T\u00e9cnica N\u00e3o Destrutiva para Diagn\u00f3stico de Concreto a Partir de Termografia e Redes Neurais Artificiais - Learning and NonLinear Models<\/title>\n<meta name=\"robots\" content=\"index, follow, max-snippet:-1, max-image-preview:large, max-video-preview:-1\" \/>\n<link rel=\"canonical\" href=\"https:\/\/sbia.org.br\/lnlm\/publicacoes\/vol10-no1\/vol10-no1-art3\/\" \/>\n<meta property=\"og:locale\" content=\"pt_BR\" \/>\n<meta property=\"og:type\" content=\"article\" \/>\n<meta property=\"og:title\" content=\"T\u00e9cnica N\u00e3o Destrutiva para Diagn\u00f3stico de Concreto a Partir de Termografia e Redes Neurais Artificiais - Learning and NonLinear Models\" \/>\n<meta property=\"og:description\" content=\"T\u00edtulo: T\u00e9cnica N\u00e3o Destrutiva para Diagn\u00f3stico de Concreto a Partir de Termografia e Redes Neurais Artificiais Autores: Pettres, Roberto; Lacerda, Luiz Alkimin de Resumo: Este trabalho apresenta a aplica\u00e7\u00e3o experimental de uma metodologia n\u00e3o destrutiva para diagn\u00f3stico subsuperficial de estruturas Read More ...\" \/>\n<meta property=\"og:url\" content=\"https:\/\/sbia.org.br\/lnlm\/publicacoes\/vol10-no1\/vol10-no1-art3\/\" \/>\n<meta property=\"og:site_name\" content=\"Learning and NonLinear Models\" \/>\n<meta name=\"twitter:card\" content=\"summary_large_image\" \/>\n<meta name=\"twitter:label1\" content=\"Est. tempo de leitura\" \/>\n\t<meta name=\"twitter:data1\" content=\"1 minuto\" \/>\n<script type=\"application\/ld+json\" class=\"yoast-schema-graph\">{\"@context\":\"https:\/\/schema.org\",\"@graph\":[{\"@type\":\"WebPage\",\"@id\":\"https:\/\/sbia.org.br\/lnlm\/publicacoes\/vol10-no1\/vol10-no1-art3\/\",\"url\":\"https:\/\/sbia.org.br\/lnlm\/publicacoes\/vol10-no1\/vol10-no1-art3\/\",\"name\":\"T\u00e9cnica N\u00e3o Destrutiva para Diagn\u00f3stico de Concreto a Partir de Termografia e Redes Neurais Artificiais - Learning and NonLinear Models\",\"isPartOf\":{\"@id\":\"https:\/\/sbia.org.br\/lnlm\/#website\"},\"datePublished\":\"2016-07-18T18:47:35+00:00\",\"breadcrumb\":{\"@id\":\"https:\/\/sbia.org.br\/lnlm\/publicacoes\/vol10-no1\/vol10-no1-art3\/#breadcrumb\"},\"inLanguage\":\"pt-BR\",\"potentialAction\":[{\"@type\":\"ReadAction\",\"target\":[\"https:\/\/sbia.org.br\/lnlm\/publicacoes\/vol10-no1\/vol10-no1-art3\/\"]}]},{\"@type\":\"BreadcrumbList\",\"@id\":\"https:\/\/sbia.org.br\/lnlm\/publicacoes\/vol10-no1\/vol10-no1-art3\/#breadcrumb\",\"itemListElement\":[{\"@type\":\"ListItem\",\"position\":1,\"name\":\"Browse issues\",\"item\":\"https:\/\/sbia.org.br\/lnlm\/publicacoes\/\"},{\"@type\":\"ListItem\",\"position\":2,\"name\":\"Learning &#038; Nonlinear Models &#8211; L&#038;NLM &#8211; Volume 10 &#8211; N\u00famero 1\",\"item\":\"https:\/\/sbia.org.br\/lnlm\/publicacoes\/vol10-no1\/\"},{\"@type\":\"ListItem\",\"position\":3,\"name\":\"T\u00e9cnica N\u00e3o Destrutiva para Diagn\u00f3stico de Concreto a Partir de Termografia e Redes Neurais Artificiais\"}]},{\"@type\":\"WebSite\",\"@id\":\"https:\/\/sbia.org.br\/lnlm\/#website\",\"url\":\"https:\/\/sbia.org.br\/lnlm\/\",\"name\":\"Learning and NonLinear Models\",\"description\":\"\",\"publisher\":{\"@id\":\"https:\/\/sbia.org.br\/lnlm\/#organization\"},\"potentialAction\":[{\"@type\":\"SearchAction\",\"target\":{\"@type\":\"EntryPoint\",\"urlTemplate\":\"https:\/\/sbia.org.br\/lnlm\/?s={search_term_string}\"},\"query-input\":{\"@type\":\"PropertyValueSpecification\",\"valueRequired\":true,\"valueName\":\"search_term_string\"}}],\"inLanguage\":\"pt-BR\"},{\"@type\":\"Organization\",\"@id\":\"https:\/\/sbia.org.br\/lnlm\/#organization\",\"name\":\"Learning and NonLinear Models\",\"url\":\"https:\/\/sbia.org.br\/lnlm\/\",\"logo\":{\"@type\":\"ImageObject\",\"inLanguage\":\"pt-BR\",\"@id\":\"https:\/\/sbia.org.br\/lnlm\/#\/schema\/logo\/image\/\",\"url\":\"https:\/\/sbia.org.br\/lnlm\/wp-content\/uploads\/2021\/07\/logo-lnlm.png\",\"contentUrl\":\"https:\/\/sbia.org.br\/lnlm\/wp-content\/uploads\/2021\/07\/logo-lnlm.png\",\"width\":398,\"height\":94,\"caption\":\"Learning and NonLinear Models\"},\"image\":{\"@id\":\"https:\/\/sbia.org.br\/lnlm\/#\/schema\/logo\/image\/\"}}]}<\/script>\n<!-- \/ Yoast SEO plugin. -->","yoast_head_json":{"title":"T\u00e9cnica N\u00e3o Destrutiva para Diagn\u00f3stico de Concreto a Partir de Termografia e Redes Neurais Artificiais - Learning and NonLinear Models","robots":{"index":"index","follow":"follow","max-snippet":"max-snippet:-1","max-image-preview":"max-image-preview:large","max-video-preview":"max-video-preview:-1"},"canonical":"https:\/\/sbia.org.br\/lnlm\/publicacoes\/vol10-no1\/vol10-no1-art3\/","og_locale":"pt_BR","og_type":"article","og_title":"T\u00e9cnica N\u00e3o Destrutiva para Diagn\u00f3stico de Concreto a Partir de Termografia e Redes Neurais Artificiais - Learning and NonLinear Models","og_description":"T\u00edtulo: T\u00e9cnica N\u00e3o Destrutiva para Diagn\u00f3stico de Concreto a Partir de Termografia e Redes Neurais Artificiais Autores: Pettres, Roberto; Lacerda, Luiz Alkimin de Resumo: Este trabalho apresenta a aplica\u00e7\u00e3o experimental de uma metodologia n\u00e3o destrutiva para diagn\u00f3stico subsuperficial de estruturas Read More ...","og_url":"https:\/\/sbia.org.br\/lnlm\/publicacoes\/vol10-no1\/vol10-no1-art3\/","og_site_name":"Learning and NonLinear Models","twitter_card":"summary_large_image","twitter_misc":{"Est. tempo de leitura":"1 minuto"},"schema":{"@context":"https:\/\/schema.org","@graph":[{"@type":"WebPage","@id":"https:\/\/sbia.org.br\/lnlm\/publicacoes\/vol10-no1\/vol10-no1-art3\/","url":"https:\/\/sbia.org.br\/lnlm\/publicacoes\/vol10-no1\/vol10-no1-art3\/","name":"T\u00e9cnica N\u00e3o Destrutiva para Diagn\u00f3stico de Concreto a Partir de Termografia e Redes Neurais Artificiais - Learning and NonLinear Models","isPartOf":{"@id":"https:\/\/sbia.org.br\/lnlm\/#website"},"datePublished":"2016-07-18T18:47:35+00:00","breadcrumb":{"@id":"https:\/\/sbia.org.br\/lnlm\/publicacoes\/vol10-no1\/vol10-no1-art3\/#breadcrumb"},"inLanguage":"pt-BR","potentialAction":[{"@type":"ReadAction","target":["https:\/\/sbia.org.br\/lnlm\/publicacoes\/vol10-no1\/vol10-no1-art3\/"]}]},{"@type":"BreadcrumbList","@id":"https:\/\/sbia.org.br\/lnlm\/publicacoes\/vol10-no1\/vol10-no1-art3\/#breadcrumb","itemListElement":[{"@type":"ListItem","position":1,"name":"Browse issues","item":"https:\/\/sbia.org.br\/lnlm\/publicacoes\/"},{"@type":"ListItem","position":2,"name":"Learning &#038; Nonlinear Models &#8211; L&#038;NLM &#8211; Volume 10 &#8211; N\u00famero 1","item":"https:\/\/sbia.org.br\/lnlm\/publicacoes\/vol10-no1\/"},{"@type":"ListItem","position":3,"name":"T\u00e9cnica N\u00e3o Destrutiva para Diagn\u00f3stico de Concreto a Partir de Termografia e Redes Neurais Artificiais"}]},{"@type":"WebSite","@id":"https:\/\/sbia.org.br\/lnlm\/#website","url":"https:\/\/sbia.org.br\/lnlm\/","name":"Learning and NonLinear Models","description":"","publisher":{"@id":"https:\/\/sbia.org.br\/lnlm\/#organization"},"potentialAction":[{"@type":"SearchAction","target":{"@type":"EntryPoint","urlTemplate":"https:\/\/sbia.org.br\/lnlm\/?s={search_term_string}"},"query-input":{"@type":"PropertyValueSpecification","valueRequired":true,"valueName":"search_term_string"}}],"inLanguage":"pt-BR"},{"@type":"Organization","@id":"https:\/\/sbia.org.br\/lnlm\/#organization","name":"Learning and NonLinear Models","url":"https:\/\/sbia.org.br\/lnlm\/","logo":{"@type":"ImageObject","inLanguage":"pt-BR","@id":"https:\/\/sbia.org.br\/lnlm\/#\/schema\/logo\/image\/","url":"https:\/\/sbia.org.br\/lnlm\/wp-content\/uploads\/2021\/07\/logo-lnlm.png","contentUrl":"https:\/\/sbia.org.br\/lnlm\/wp-content\/uploads\/2021\/07\/logo-lnlm.png","width":398,"height":94,"caption":"Learning and NonLinear Models"},"image":{"@id":"https:\/\/sbia.org.br\/lnlm\/#\/schema\/logo\/image\/"}}]}},"_links":{"self":[{"href":"https:\/\/sbia.org.br\/lnlm\/wp-json\/wp\/v2\/pages\/579","targetHints":{"allow":["GET"]}}],"collection":[{"href":"https:\/\/sbia.org.br\/lnlm\/wp-json\/wp\/v2\/pages"}],"about":[{"href":"https:\/\/sbia.org.br\/lnlm\/wp-json\/wp\/v2\/types\/page"}],"author":[{"embeddable":true,"href":"https:\/\/sbia.org.br\/lnlm\/wp-json\/wp\/v2\/users\/1"}],"replies":[{"embeddable":true,"href":"https:\/\/sbia.org.br\/lnlm\/wp-json\/wp\/v2\/comments?post=579"}],"version-history":[{"count":0,"href":"https:\/\/sbia.org.br\/lnlm\/wp-json\/wp\/v2\/pages\/579\/revisions"}],"up":[{"embeddable":true,"href":"https:\/\/sbia.org.br\/lnlm\/wp-json\/wp\/v2\/pages\/565"}],"wp:attachment":[{"href":"https:\/\/sbia.org.br\/lnlm\/wp-json\/wp\/v2\/media?parent=579"}],"curies":[{"name":"wp","href":"https:\/\/api.w.org\/{rel}","templated":true}]}}