{"id":551,"date":"2016-07-17T19:20:59","date_gmt":"2016-07-17T22:20:59","guid":{"rendered":"https:\/\/sbia.org.br\/lnlm\/?page_id=551"},"modified":"2016-07-17T19:20:59","modified_gmt":"2016-07-17T22:20:59","slug":"vol9-no4","status":"publish","type":"page","link":"https:\/\/sbia.org.br\/lnlm\/publicacoes\/vol9-no4\/","title":{"rendered":"Learning &#038; Nonlinear Models &#8211; L&#038;NLM &#8211; Volume 9 &#8211; N\u00famero 4"},"content":{"rendered":"<p>Volume 9 &#8211; N\u00famero 4 &#8211; 2011<\/p>\n<p>&nbsp;<br \/>\n<a href=\"https:\/\/sbia.org.br\/lnlm\/wp-content\/uploads\/sites\/4\/2016\/07\/vol9-no4-art0.pdf\" target=\"_blank\" rel=\"noopener\">CAPA<\/a><\/p>\n<p>&nbsp;<br \/>\n<a href=\"https:\/\/sbia.org.br\/lnlm\/vol9-no4\/vol9-no4-art1\" target=\"_blank\" rel=\"noopener\">Artigo 1 &#8211; AN\u00c1LISE DE ENSAIOS ULTRASS\u00d4NICOS NO CONCRETO ATRAV\u00c9S DE REDES NEURAIS ARTIFICIAIS<\/a><\/p>\n<ul>\n<ul>Alexandre Lorenzi; Luiz Carlos P. da Silva Filho<\/ul>\n<\/ul>\n<p>&nbsp;<br \/>\n<a href=\"https:\/\/sbia.org.br\/lnlm\/vol9-no4\/vol9-no4-art2\" target=\"_blank\" rel=\"noopener\">Artigo 2 &#8211; PAR\u00c2METRO DE EXATID\u00c3O PARA APROXIMA\u00c7\u00c3O DE FUN\u00c7\u00d5ES UTILIZANDO MULTILAYER PERCEPTRONS NOS DOM\u00cdNIOS REAL, COMPLEXO E DE CLIFFORD<\/a><\/p>\n<ul>\n<ul>Thalles S. Torchi; Milton R. Romero; Evandro M. Martins<\/ul>\n<\/ul>\n<p>&nbsp;<br \/>\n<a href=\"https:\/\/sbia.org.br\/lnlm\/vol9-no4\/vol9-no4-art3\" target=\"_blank\" rel=\"noopener\">Artigo 3 &#8211; AN INTELLIGENT HUMAN-MACHINE INTERFACE BASED ON EYE TRACKING TO AFFORD WRITTEN COMMUNICATION OF LOCKED-IN SYNDROME PATIENTS<\/a><\/p>\n<ul>\n<ul>Amanda Leonel; Fernando B. de Lima Neto; S\u00e9rgio Campello Oliveira; Hugo Serrano B. Filho<\/ul>\n<\/ul>\n<p>&nbsp;<br \/>\n<a href=\"https:\/\/sbia.org.br\/lnlm\/vol9-no4\/vol9-no4-art4\" target=\"_blank\" rel=\"noopener\">Artigo 4 &#8211; ON THE APPLICATION OF FUZZY LOGIC CONTROL IN PNEUMATIC CONVEYING SYSTEMS<\/a><\/p>\n<ul>\n<ul>Paulo Roberto Barbosa; Paulo Seleghim Jr.<\/ul>\n<\/ul>\n<p>&nbsp;<br \/>\n<a href=\"https:\/\/sbia.org.br\/lnlm\/vol9-no4\/vol9-no4-art5\" target=\"_blank\" rel=\"noopener\">Artigo 5 &#8211; UMA APLICA\u00c7\u00c3O DE SISTEMAS FUZZY GEN\u00c9TICOS PARA O PLANEJAMENTO DA OPERA\u00c7\u00c3O ENERG\u00c9TICA DE SISTEMAS HIDROT\u00c9RMICOS<\/a><\/p>\n<ul>\n<ul>Ricardo A. L. Rab\u00ealo; F\u00e1bbio A. S. Borges; Ricardo A. S. Fernandes<\/ul>\n<\/ul>\n","protected":false},"excerpt":{"rendered":"<p>Volume 9 &#8211; N\u00famero 4 &#8211; 2011 &nbsp; CAPA &nbsp; Artigo 1 &#8211; AN\u00c1LISE DE ENSAIOS ULTRASS\u00d4NICOS NO CONCRETO ATRAV\u00c9S DE REDES NEURAIS ARTIFICIAIS Alexandre Lorenzi; Luiz Carlos P. da Silva Filho &nbsp; Artigo 2 &#8211; PAR\u00c2METRO DE EXATID\u00c3O PARA <a href=\"https:\/\/sbia.org.br\/lnlm\/publicacoes\/vol9-no4\/\" class=\"read-more\">Read More &#8230;<\/a><\/p>\n","protected":false},"author":1,"featured_media":0,"parent":23,"menu_order":0,"comment_status":"closed","ping_status":"closed","template":"","meta":{"footnotes":""},"class_list":["post-551","page","type-page","status-publish","hentry"],"yoast_head":"<!-- This site is optimized with the Yoast SEO plugin v26.9 - https:\/\/yoast.com\/product\/yoast-seo-wordpress\/ -->\n<title>Learning &amp; Nonlinear Models - L&amp;NLM - Volume 9 - N\u00famero 4 - Learning and NonLinear Models<\/title>\n<meta name=\"robots\" content=\"index, follow, max-snippet:-1, max-image-preview:large, max-video-preview:-1\" \/>\n<link rel=\"canonical\" href=\"https:\/\/sbia.org.br\/lnlm\/publicacoes\/vol9-no4\/\" \/>\n<meta property=\"og:locale\" content=\"pt_BR\" \/>\n<meta property=\"og:type\" content=\"article\" \/>\n<meta property=\"og:title\" content=\"Learning &amp; Nonlinear Models - L&amp;NLM - Volume 9 - N\u00famero 4 - Learning and NonLinear Models\" \/>\n<meta property=\"og:description\" content=\"Volume 9 &#8211; N\u00famero 4 &#8211; 2011 &nbsp; CAPA &nbsp; Artigo 1 &#8211; AN\u00c1LISE DE ENSAIOS ULTRASS\u00d4NICOS NO CONCRETO ATRAV\u00c9S DE REDES NEURAIS ARTIFICIAIS Alexandre Lorenzi; Luiz Carlos P. da Silva Filho &nbsp; Artigo 2 &#8211; PAR\u00c2METRO DE EXATID\u00c3O PARA Read More ...\" \/>\n<meta property=\"og:url\" content=\"https:\/\/sbia.org.br\/lnlm\/publicacoes\/vol9-no4\/\" \/>\n<meta property=\"og:site_name\" content=\"Learning and NonLinear Models\" \/>\n<meta name=\"twitter:card\" content=\"summary_large_image\" \/>\n<meta name=\"twitter:label1\" content=\"Est. tempo de leitura\" \/>\n\t<meta name=\"twitter:data1\" content=\"1 minuto\" \/>\n<script type=\"application\/ld+json\" class=\"yoast-schema-graph\">{\"@context\":\"https:\/\/schema.org\",\"@graph\":[{\"@type\":\"WebPage\",\"@id\":\"https:\/\/sbia.org.br\/lnlm\/publicacoes\/vol9-no4\/\",\"url\":\"https:\/\/sbia.org.br\/lnlm\/publicacoes\/vol9-no4\/\",\"name\":\"Learning & Nonlinear Models - L&NLM - Volume 9 - N\u00famero 4 - Learning and NonLinear Models\",\"isPartOf\":{\"@id\":\"https:\/\/sbia.org.br\/lnlm\/#website\"},\"datePublished\":\"2016-07-17T22:20:59+00:00\",\"breadcrumb\":{\"@id\":\"https:\/\/sbia.org.br\/lnlm\/publicacoes\/vol9-no4\/#breadcrumb\"},\"inLanguage\":\"pt-BR\",\"potentialAction\":[{\"@type\":\"ReadAction\",\"target\":[\"https:\/\/sbia.org.br\/lnlm\/publicacoes\/vol9-no4\/\"]}]},{\"@type\":\"BreadcrumbList\",\"@id\":\"https:\/\/sbia.org.br\/lnlm\/publicacoes\/vol9-no4\/#breadcrumb\",\"itemListElement\":[{\"@type\":\"ListItem\",\"position\":1,\"name\":\"Browse issues\",\"item\":\"https:\/\/sbia.org.br\/lnlm\/publicacoes\/\"},{\"@type\":\"ListItem\",\"position\":2,\"name\":\"Learning &#038; Nonlinear Models &#8211; L&#038;NLM &#8211; Volume 9 &#8211; N\u00famero 4\"}]},{\"@type\":\"WebSite\",\"@id\":\"https:\/\/sbia.org.br\/lnlm\/#website\",\"url\":\"https:\/\/sbia.org.br\/lnlm\/\",\"name\":\"Learning and NonLinear Models\",\"description\":\"\",\"publisher\":{\"@id\":\"https:\/\/sbia.org.br\/lnlm\/#organization\"},\"potentialAction\":[{\"@type\":\"SearchAction\",\"target\":{\"@type\":\"EntryPoint\",\"urlTemplate\":\"https:\/\/sbia.org.br\/lnlm\/?s={search_term_string}\"},\"query-input\":{\"@type\":\"PropertyValueSpecification\",\"valueRequired\":true,\"valueName\":\"search_term_string\"}}],\"inLanguage\":\"pt-BR\"},{\"@type\":\"Organization\",\"@id\":\"https:\/\/sbia.org.br\/lnlm\/#organization\",\"name\":\"Learning and NonLinear Models\",\"url\":\"https:\/\/sbia.org.br\/lnlm\/\",\"logo\":{\"@type\":\"ImageObject\",\"inLanguage\":\"pt-BR\",\"@id\":\"https:\/\/sbia.org.br\/lnlm\/#\/schema\/logo\/image\/\",\"url\":\"https:\/\/sbia.org.br\/lnlm\/wp-content\/uploads\/2021\/07\/logo-lnlm.png\",\"contentUrl\":\"https:\/\/sbia.org.br\/lnlm\/wp-content\/uploads\/2021\/07\/logo-lnlm.png\",\"width\":398,\"height\":94,\"caption\":\"Learning and NonLinear Models\"},\"image\":{\"@id\":\"https:\/\/sbia.org.br\/lnlm\/#\/schema\/logo\/image\/\"}}]}<\/script>\n<!-- \/ Yoast SEO plugin. -->","yoast_head_json":{"title":"Learning & Nonlinear Models - L&NLM - Volume 9 - N\u00famero 4 - Learning and NonLinear Models","robots":{"index":"index","follow":"follow","max-snippet":"max-snippet:-1","max-image-preview":"max-image-preview:large","max-video-preview":"max-video-preview:-1"},"canonical":"https:\/\/sbia.org.br\/lnlm\/publicacoes\/vol9-no4\/","og_locale":"pt_BR","og_type":"article","og_title":"Learning & Nonlinear Models - L&NLM - Volume 9 - N\u00famero 4 - Learning and NonLinear Models","og_description":"Volume 9 &#8211; N\u00famero 4 &#8211; 2011 &nbsp; CAPA &nbsp; Artigo 1 &#8211; AN\u00c1LISE DE ENSAIOS ULTRASS\u00d4NICOS NO CONCRETO ATRAV\u00c9S DE REDES NEURAIS ARTIFICIAIS Alexandre Lorenzi; Luiz Carlos P. da Silva Filho &nbsp; Artigo 2 &#8211; PAR\u00c2METRO DE EXATID\u00c3O PARA Read More ...","og_url":"https:\/\/sbia.org.br\/lnlm\/publicacoes\/vol9-no4\/","og_site_name":"Learning and NonLinear Models","twitter_card":"summary_large_image","twitter_misc":{"Est. tempo de leitura":"1 minuto"},"schema":{"@context":"https:\/\/schema.org","@graph":[{"@type":"WebPage","@id":"https:\/\/sbia.org.br\/lnlm\/publicacoes\/vol9-no4\/","url":"https:\/\/sbia.org.br\/lnlm\/publicacoes\/vol9-no4\/","name":"Learning & Nonlinear Models - L&NLM - Volume 9 - N\u00famero 4 - Learning and NonLinear Models","isPartOf":{"@id":"https:\/\/sbia.org.br\/lnlm\/#website"},"datePublished":"2016-07-17T22:20:59+00:00","breadcrumb":{"@id":"https:\/\/sbia.org.br\/lnlm\/publicacoes\/vol9-no4\/#breadcrumb"},"inLanguage":"pt-BR","potentialAction":[{"@type":"ReadAction","target":["https:\/\/sbia.org.br\/lnlm\/publicacoes\/vol9-no4\/"]}]},{"@type":"BreadcrumbList","@id":"https:\/\/sbia.org.br\/lnlm\/publicacoes\/vol9-no4\/#breadcrumb","itemListElement":[{"@type":"ListItem","position":1,"name":"Browse issues","item":"https:\/\/sbia.org.br\/lnlm\/publicacoes\/"},{"@type":"ListItem","position":2,"name":"Learning &#038; Nonlinear Models &#8211; L&#038;NLM &#8211; Volume 9 &#8211; N\u00famero 4"}]},{"@type":"WebSite","@id":"https:\/\/sbia.org.br\/lnlm\/#website","url":"https:\/\/sbia.org.br\/lnlm\/","name":"Learning and NonLinear Models","description":"","publisher":{"@id":"https:\/\/sbia.org.br\/lnlm\/#organization"},"potentialAction":[{"@type":"SearchAction","target":{"@type":"EntryPoint","urlTemplate":"https:\/\/sbia.org.br\/lnlm\/?s={search_term_string}"},"query-input":{"@type":"PropertyValueSpecification","valueRequired":true,"valueName":"search_term_string"}}],"inLanguage":"pt-BR"},{"@type":"Organization","@id":"https:\/\/sbia.org.br\/lnlm\/#organization","name":"Learning and NonLinear Models","url":"https:\/\/sbia.org.br\/lnlm\/","logo":{"@type":"ImageObject","inLanguage":"pt-BR","@id":"https:\/\/sbia.org.br\/lnlm\/#\/schema\/logo\/image\/","url":"https:\/\/sbia.org.br\/lnlm\/wp-content\/uploads\/2021\/07\/logo-lnlm.png","contentUrl":"https:\/\/sbia.org.br\/lnlm\/wp-content\/uploads\/2021\/07\/logo-lnlm.png","width":398,"height":94,"caption":"Learning and NonLinear Models"},"image":{"@id":"https:\/\/sbia.org.br\/lnlm\/#\/schema\/logo\/image\/"}}]}},"_links":{"self":[{"href":"https:\/\/sbia.org.br\/lnlm\/wp-json\/wp\/v2\/pages\/551","targetHints":{"allow":["GET"]}}],"collection":[{"href":"https:\/\/sbia.org.br\/lnlm\/wp-json\/wp\/v2\/pages"}],"about":[{"href":"https:\/\/sbia.org.br\/lnlm\/wp-json\/wp\/v2\/types\/page"}],"author":[{"embeddable":true,"href":"https:\/\/sbia.org.br\/lnlm\/wp-json\/wp\/v2\/users\/1"}],"replies":[{"embeddable":true,"href":"https:\/\/sbia.org.br\/lnlm\/wp-json\/wp\/v2\/comments?post=551"}],"version-history":[{"count":0,"href":"https:\/\/sbia.org.br\/lnlm\/wp-json\/wp\/v2\/pages\/551\/revisions"}],"up":[{"embeddable":true,"href":"https:\/\/sbia.org.br\/lnlm\/wp-json\/wp\/v2\/pages\/23"}],"wp:attachment":[{"href":"https:\/\/sbia.org.br\/lnlm\/wp-json\/wp\/v2\/media?parent=551"}],"curies":[{"name":"wp","href":"https:\/\/api.w.org\/{rel}","templated":true}]}}