{"id":547,"date":"2016-07-17T19:11:47","date_gmt":"2016-07-17T22:11:47","guid":{"rendered":"https:\/\/sbia.org.br\/lnlm\/?page_id=547"},"modified":"2016-07-17T19:11:47","modified_gmt":"2016-07-17T22:11:47","slug":"vol9-no3-art4","status":"publish","type":"page","link":"https:\/\/sbia.org.br\/lnlm\/publicacoes\/vol9-no3\/vol9-no3-art4\/","title":{"rendered":"Aplicativo para o Diagn\u00f3stico Subsuperficial de Estruturas Baseado em Imagens T\u00e9rmicas e Redes Neurais Artificiais"},"content":{"rendered":"<p><strong>T\u00edtulo:<\/strong> Aplicativo para o Diagn\u00f3stico Subsuperficial de Estruturas Baseado em Imagens T\u00e9rmicas e Redes Neurais Artificiais<\/p>\n<p><strong>Autores:<\/strong> Pettres, Roberto; Jarek, Amanda; Lacerda, Luiz Alkimin de<\/p>\n<p align=\"justify\"><strong>Resumo:<\/strong> Este trabalho apresenta um aplicativo baseado em redes neurais artificiais desenvolvido para detectar e diagnosticar anomalias subsuperficiais no interior de estruturas de concreto a partir de imagens t\u00e9rmicas resultantes de um processo estacion\u00e1rio de transfer\u00eancia de calor. As imagens utilizadas para o desenvolvimento e valida\u00e7\u00e3o do aplicativo foram geradas numericamente com o aux\u00edlio do software Ansys\u00ae com a simula\u00e7\u00e3o de transfer\u00eancia de calor em um bloco c\u00fabico contendo um elemento de alta porosidade representando um defeito em seu interior. Nas simula\u00e7\u00f5es, as dimens\u00f5es do defeito foram parametrizadas e as condi\u00e7\u00f5es de contorno foram definidas para garantir um fluxo de calor unidirecional. Com o campo t\u00e9rmico em uma das faces do bloco e o uso de t\u00e9cnicas de processamento de imagens com o software Matlab\u00ae, algoritmos de coleta de dados foram desenvolvidos para o treinamento das topologias neurais. As redes neurais testadas foram definidas com a otimiza\u00e7\u00e3o de quatro topologias do tipo feedforward. As topologias que apresentaram melhor desempenho foram selecionadas para compor o aplicativo Thermography and Artificial Neural Network, desenvolvido com o intuito de avaliar imagens t\u00e9rmicas resultantes de ensaios n\u00e3o-destrutivos. A funcionalidade do aplicativo \u00e9 apresentada atrav\u00e9s de an\u00e1lises em um conjunto de imagens sint\u00e9ticas com diferentes \u00e1reas, resultantes de simula\u00e7\u00f5es com anomalias regulares e irregulares. O desempenho do aplicativo foi satisfat\u00f3rio, apresentando \u00eaxito na identifica\u00e7\u00e3o dos par\u00e2metros dimensionais dos defeitos.<\/p>\n<p><strong>Palavras-chave:<\/strong> Redes Neurais Artificiais; Processamento de Imagens; Transfer\u00eancia de Calor; An\u00e1lises N\u00e3o-Destrutivas; Reconhecimento de Padr\u00f5es<\/p>\n<p><strong>P\u00e1ginas:<\/strong> 17<\/p>\n<p><strong>C\u00f3digo DOI:<\/strong> <a href=\"http:\/\/dx.doi.org\/10.21528\/lnlm-vol9-no3-art4\">10.21528\/lmln-vol9-no3-art4<\/a><\/p>\n<p><strong>Artigo em PDF:<\/strong> <a href=\"https:\/\/sbia.org.br\/lnlm\/wp-content\/uploads\/sites\/4\/2016\/07\/vol9-no3-art4.pdf\" rel=\"\">vol9-no3-art4.pdf<\/a><\/p>\n<p><strong>Arquivo BibTex:<\/strong> <a href=\"https:\/\/sbia.org.br\/lnlm\/wp-content\/uploads\/sites\/4\/2016\/07\/vol9-no3-art4.bib\" rel=\"\">vol9-no3-art4.bib<\/a><\/p>\n","protected":false},"excerpt":{"rendered":"<p>T\u00edtulo: Aplicativo para o Diagn\u00f3stico Subsuperficial de Estruturas Baseado em Imagens T\u00e9rmicas e Redes Neurais Artificiais Autores: Pettres, Roberto; Jarek, Amanda; Lacerda, Luiz Alkimin de Resumo: Este trabalho apresenta um aplicativo baseado em redes neurais artificiais desenvolvido para detectar e <a href=\"https:\/\/sbia.org.br\/lnlm\/publicacoes\/vol9-no3\/vol9-no3-art4\/\" class=\"read-more\">Read More &#8230;<\/a><\/p>\n","protected":false},"author":1,"featured_media":0,"parent":538,"menu_order":0,"comment_status":"closed","ping_status":"closed","template":"","meta":{"footnotes":""},"class_list":["post-547","page","type-page","status-publish","hentry"],"yoast_head":"<!-- This site is optimized with the Yoast SEO plugin v26.9 - https:\/\/yoast.com\/product\/yoast-seo-wordpress\/ -->\n<title>Aplicativo para o Diagn\u00f3stico Subsuperficial de Estruturas Baseado em Imagens T\u00e9rmicas e Redes Neurais Artificiais - Learning and NonLinear Models<\/title>\n<meta name=\"robots\" content=\"index, follow, max-snippet:-1, max-image-preview:large, max-video-preview:-1\" \/>\n<link rel=\"canonical\" href=\"https:\/\/sbia.org.br\/lnlm\/publicacoes\/vol9-no3\/vol9-no3-art4\/\" \/>\n<meta property=\"og:locale\" content=\"pt_BR\" \/>\n<meta property=\"og:type\" content=\"article\" \/>\n<meta property=\"og:title\" content=\"Aplicativo para o Diagn\u00f3stico Subsuperficial de Estruturas Baseado em Imagens T\u00e9rmicas e Redes Neurais Artificiais - Learning and NonLinear Models\" \/>\n<meta property=\"og:description\" content=\"T\u00edtulo: Aplicativo para o Diagn\u00f3stico Subsuperficial de Estruturas Baseado em Imagens T\u00e9rmicas e Redes Neurais Artificiais Autores: Pettres, Roberto; Jarek, Amanda; Lacerda, Luiz Alkimin de Resumo: Este trabalho apresenta um aplicativo baseado em redes neurais artificiais desenvolvido para detectar e Read More ...\" \/>\n<meta property=\"og:url\" content=\"https:\/\/sbia.org.br\/lnlm\/publicacoes\/vol9-no3\/vol9-no3-art4\/\" \/>\n<meta property=\"og:site_name\" content=\"Learning and NonLinear Models\" \/>\n<meta name=\"twitter:card\" content=\"summary_large_image\" \/>\n<meta name=\"twitter:label1\" content=\"Est. tempo de leitura\" \/>\n\t<meta name=\"twitter:data1\" content=\"2 minutos\" \/>\n<script type=\"application\/ld+json\" class=\"yoast-schema-graph\">{\"@context\":\"https:\/\/schema.org\",\"@graph\":[{\"@type\":\"WebPage\",\"@id\":\"https:\/\/sbia.org.br\/lnlm\/publicacoes\/vol9-no3\/vol9-no3-art4\/\",\"url\":\"https:\/\/sbia.org.br\/lnlm\/publicacoes\/vol9-no3\/vol9-no3-art4\/\",\"name\":\"Aplicativo para o Diagn\u00f3stico Subsuperficial de Estruturas Baseado em Imagens T\u00e9rmicas e Redes Neurais Artificiais - Learning and NonLinear Models\",\"isPartOf\":{\"@id\":\"https:\/\/sbia.org.br\/lnlm\/#website\"},\"datePublished\":\"2016-07-17T22:11:47+00:00\",\"breadcrumb\":{\"@id\":\"https:\/\/sbia.org.br\/lnlm\/publicacoes\/vol9-no3\/vol9-no3-art4\/#breadcrumb\"},\"inLanguage\":\"pt-BR\",\"potentialAction\":[{\"@type\":\"ReadAction\",\"target\":[\"https:\/\/sbia.org.br\/lnlm\/publicacoes\/vol9-no3\/vol9-no3-art4\/\"]}]},{\"@type\":\"BreadcrumbList\",\"@id\":\"https:\/\/sbia.org.br\/lnlm\/publicacoes\/vol9-no3\/vol9-no3-art4\/#breadcrumb\",\"itemListElement\":[{\"@type\":\"ListItem\",\"position\":1,\"name\":\"Browse issues\",\"item\":\"https:\/\/sbia.org.br\/lnlm\/publicacoes\/\"},{\"@type\":\"ListItem\",\"position\":2,\"name\":\"Learning &#038; Nonlinear Models &#8211; L&#038;NLM &#8211; Volume 9 &#8211; N\u00famero 3\",\"item\":\"https:\/\/sbia.org.br\/lnlm\/publicacoes\/vol9-no3\/\"},{\"@type\":\"ListItem\",\"position\":3,\"name\":\"Aplicativo para o Diagn\u00f3stico Subsuperficial de Estruturas Baseado em Imagens T\u00e9rmicas e Redes Neurais Artificiais\"}]},{\"@type\":\"WebSite\",\"@id\":\"https:\/\/sbia.org.br\/lnlm\/#website\",\"url\":\"https:\/\/sbia.org.br\/lnlm\/\",\"name\":\"Learning and NonLinear Models\",\"description\":\"\",\"publisher\":{\"@id\":\"https:\/\/sbia.org.br\/lnlm\/#organization\"},\"potentialAction\":[{\"@type\":\"SearchAction\",\"target\":{\"@type\":\"EntryPoint\",\"urlTemplate\":\"https:\/\/sbia.org.br\/lnlm\/?s={search_term_string}\"},\"query-input\":{\"@type\":\"PropertyValueSpecification\",\"valueRequired\":true,\"valueName\":\"search_term_string\"}}],\"inLanguage\":\"pt-BR\"},{\"@type\":\"Organization\",\"@id\":\"https:\/\/sbia.org.br\/lnlm\/#organization\",\"name\":\"Learning and NonLinear Models\",\"url\":\"https:\/\/sbia.org.br\/lnlm\/\",\"logo\":{\"@type\":\"ImageObject\",\"inLanguage\":\"pt-BR\",\"@id\":\"https:\/\/sbia.org.br\/lnlm\/#\/schema\/logo\/image\/\",\"url\":\"https:\/\/sbia.org.br\/lnlm\/wp-content\/uploads\/2021\/07\/logo-lnlm.png\",\"contentUrl\":\"https:\/\/sbia.org.br\/lnlm\/wp-content\/uploads\/2021\/07\/logo-lnlm.png\",\"width\":398,\"height\":94,\"caption\":\"Learning and NonLinear Models\"},\"image\":{\"@id\":\"https:\/\/sbia.org.br\/lnlm\/#\/schema\/logo\/image\/\"}}]}<\/script>\n<!-- \/ Yoast SEO plugin. -->","yoast_head_json":{"title":"Aplicativo para o Diagn\u00f3stico Subsuperficial de Estruturas Baseado em Imagens T\u00e9rmicas e Redes Neurais Artificiais - Learning and NonLinear Models","robots":{"index":"index","follow":"follow","max-snippet":"max-snippet:-1","max-image-preview":"max-image-preview:large","max-video-preview":"max-video-preview:-1"},"canonical":"https:\/\/sbia.org.br\/lnlm\/publicacoes\/vol9-no3\/vol9-no3-art4\/","og_locale":"pt_BR","og_type":"article","og_title":"Aplicativo para o Diagn\u00f3stico Subsuperficial de Estruturas Baseado em Imagens T\u00e9rmicas e Redes Neurais Artificiais - Learning and NonLinear Models","og_description":"T\u00edtulo: Aplicativo para o Diagn\u00f3stico Subsuperficial de Estruturas Baseado em Imagens T\u00e9rmicas e Redes Neurais Artificiais Autores: Pettres, Roberto; Jarek, Amanda; Lacerda, Luiz Alkimin de Resumo: Este trabalho apresenta um aplicativo baseado em redes neurais artificiais desenvolvido para detectar e Read More ...","og_url":"https:\/\/sbia.org.br\/lnlm\/publicacoes\/vol9-no3\/vol9-no3-art4\/","og_site_name":"Learning and NonLinear Models","twitter_card":"summary_large_image","twitter_misc":{"Est. tempo de leitura":"2 minutos"},"schema":{"@context":"https:\/\/schema.org","@graph":[{"@type":"WebPage","@id":"https:\/\/sbia.org.br\/lnlm\/publicacoes\/vol9-no3\/vol9-no3-art4\/","url":"https:\/\/sbia.org.br\/lnlm\/publicacoes\/vol9-no3\/vol9-no3-art4\/","name":"Aplicativo para o Diagn\u00f3stico Subsuperficial de Estruturas Baseado em Imagens T\u00e9rmicas e Redes Neurais Artificiais - Learning and NonLinear Models","isPartOf":{"@id":"https:\/\/sbia.org.br\/lnlm\/#website"},"datePublished":"2016-07-17T22:11:47+00:00","breadcrumb":{"@id":"https:\/\/sbia.org.br\/lnlm\/publicacoes\/vol9-no3\/vol9-no3-art4\/#breadcrumb"},"inLanguage":"pt-BR","potentialAction":[{"@type":"ReadAction","target":["https:\/\/sbia.org.br\/lnlm\/publicacoes\/vol9-no3\/vol9-no3-art4\/"]}]},{"@type":"BreadcrumbList","@id":"https:\/\/sbia.org.br\/lnlm\/publicacoes\/vol9-no3\/vol9-no3-art4\/#breadcrumb","itemListElement":[{"@type":"ListItem","position":1,"name":"Browse issues","item":"https:\/\/sbia.org.br\/lnlm\/publicacoes\/"},{"@type":"ListItem","position":2,"name":"Learning &#038; Nonlinear Models &#8211; L&#038;NLM &#8211; Volume 9 &#8211; N\u00famero 3","item":"https:\/\/sbia.org.br\/lnlm\/publicacoes\/vol9-no3\/"},{"@type":"ListItem","position":3,"name":"Aplicativo para o Diagn\u00f3stico Subsuperficial de Estruturas Baseado em Imagens T\u00e9rmicas e Redes Neurais Artificiais"}]},{"@type":"WebSite","@id":"https:\/\/sbia.org.br\/lnlm\/#website","url":"https:\/\/sbia.org.br\/lnlm\/","name":"Learning and NonLinear Models","description":"","publisher":{"@id":"https:\/\/sbia.org.br\/lnlm\/#organization"},"potentialAction":[{"@type":"SearchAction","target":{"@type":"EntryPoint","urlTemplate":"https:\/\/sbia.org.br\/lnlm\/?s={search_term_string}"},"query-input":{"@type":"PropertyValueSpecification","valueRequired":true,"valueName":"search_term_string"}}],"inLanguage":"pt-BR"},{"@type":"Organization","@id":"https:\/\/sbia.org.br\/lnlm\/#organization","name":"Learning and NonLinear Models","url":"https:\/\/sbia.org.br\/lnlm\/","logo":{"@type":"ImageObject","inLanguage":"pt-BR","@id":"https:\/\/sbia.org.br\/lnlm\/#\/schema\/logo\/image\/","url":"https:\/\/sbia.org.br\/lnlm\/wp-content\/uploads\/2021\/07\/logo-lnlm.png","contentUrl":"https:\/\/sbia.org.br\/lnlm\/wp-content\/uploads\/2021\/07\/logo-lnlm.png","width":398,"height":94,"caption":"Learning and NonLinear Models"},"image":{"@id":"https:\/\/sbia.org.br\/lnlm\/#\/schema\/logo\/image\/"}}]}},"_links":{"self":[{"href":"https:\/\/sbia.org.br\/lnlm\/wp-json\/wp\/v2\/pages\/547","targetHints":{"allow":["GET"]}}],"collection":[{"href":"https:\/\/sbia.org.br\/lnlm\/wp-json\/wp\/v2\/pages"}],"about":[{"href":"https:\/\/sbia.org.br\/lnlm\/wp-json\/wp\/v2\/types\/page"}],"author":[{"embeddable":true,"href":"https:\/\/sbia.org.br\/lnlm\/wp-json\/wp\/v2\/users\/1"}],"replies":[{"embeddable":true,"href":"https:\/\/sbia.org.br\/lnlm\/wp-json\/wp\/v2\/comments?post=547"}],"version-history":[{"count":0,"href":"https:\/\/sbia.org.br\/lnlm\/wp-json\/wp\/v2\/pages\/547\/revisions"}],"up":[{"embeddable":true,"href":"https:\/\/sbia.org.br\/lnlm\/wp-json\/wp\/v2\/pages\/538"}],"wp:attachment":[{"href":"https:\/\/sbia.org.br\/lnlm\/wp-json\/wp\/v2\/media?parent=547"}],"curies":[{"name":"wp","href":"https:\/\/api.w.org\/{rel}","templated":true}]}}