{"id":536,"date":"2016-07-17T18:59:58","date_gmt":"2016-07-17T21:59:58","guid":{"rendered":"https:\/\/sbia.org.br\/lnlm\/?page_id=536"},"modified":"2016-07-17T18:59:58","modified_gmt":"2016-07-17T21:59:58","slug":"vol9-no2-art6","status":"publish","type":"page","link":"https:\/\/sbia.org.br\/lnlm\/publicacoes\/vol9-no2\/vol9-no2-art6\/","title":{"rendered":"Reconhecimento de Faces Sob Diferentes Condi\u00e7\u00f5es de Ilumina\u00e7\u00e3o Utilizando PCA e a Transformada Census"},"content":{"rendered":"<p><strong>T\u00edtulo:<\/strong> Reconhecimento de Faces Sob Diferentes Condi\u00e7\u00f5es de Ilumina\u00e7\u00e3o Utilizando PCA e a Transformada Census<\/p>\n<p><strong>Autores:<\/strong> Ribeiro, \u00cdcaro; Marana, Aparecido Nilceu; Chiachia, Giovani<\/p>\n<p align=\"justify\"><strong>Resumo:<\/strong> A face \u00e9 uma das caracter\u00edsticas biom\u00e9tricas de maior apelo para a identifica\u00e7\u00e3o de indiv\u00edduos. Somado ao fato dela ser a forma de reconhecimento mais intuitiva entre os seres humanos, temos que ela pode permitir a identifica\u00e7\u00e3o autom\u00e1tica sem a necessidade de coopera\u00e7\u00e3o da pessoa sendo reconhecida. As condi\u00e7\u00f5es do ambiente onde a aplica\u00e7\u00e3o de reconhecimento de faces \u00e9 utilizada podem variar em um grande espectro. A ilumina\u00e7\u00e3o do ambiente, por exemplo, \u00e9 um fator com grande influ\u00eancia no desempenho dos sistemas de reconhecimento facial autom\u00e1tico. Neste trabalho, avaliamos os efeitos da aplica\u00e7\u00e3o da Transformada Census (TC) no reconhecimento de faces sujeitas a diferentes condi\u00e7\u00f5es de ilumina\u00e7\u00e3o. Dado que a TC se baseia em compara\u00e7\u00f5es locais da intensidade dos pixels, a ideia \u00e9 que ela seja est\u00e1vel a um certo grau de mudan\u00e7as na ilumina\u00e7\u00e3o do ambiente. Os resultados obtidos com os experimentos mostram que a utiliza\u00e7\u00e3o da TC diminui as taxas de erro no processo de verifica\u00e7\u00e3o biom\u00e9trica e melhora o desempenho da identifica\u00e7\u00e3o biom\u00e9trica. O n\u00famero de pessoas corretamente identificadas quando aplicada a TC foi pelo menos 13.55% maior do que sem ela.<\/p>\n<p><strong>Palavras-chave:<\/strong> Reconhecimento facial; invari\u00e2ncia \u00e0 ilumina\u00e7\u00e3o; transformada census<\/p>\n<p><strong>P\u00e1ginas:<\/strong> 7<\/p>\n<p><strong>C\u00f3digo DOI:<\/strong> <a href=\"http:\/\/dx.doi.org\/10.21528\/lnlm-vol9-no2-art6\">10.21528\/lmln-vol9-no2-art6<\/a><\/p>\n<p><strong>Artigo em PDF:<\/strong> <a href=\"https:\/\/sbia.org.br\/lnlm\/wp-content\/uploads\/sites\/4\/2016\/07\/vol9-no2-art6.pdf\" rel=\"\">vol9-no2-art6.pdf<\/a><\/p>\n<p><strong>Arquivo BibTex:<\/strong> <a href=\"https:\/\/sbia.org.br\/lnlm\/wp-content\/uploads\/sites\/4\/2016\/07\/vol9-no2-art6.bib\" rel=\"\">vol9-no2-art6.bib<\/a><\/p>\n","protected":false},"excerpt":{"rendered":"<p>T\u00edtulo: Reconhecimento de Faces Sob Diferentes Condi\u00e7\u00f5es de Ilumina\u00e7\u00e3o Utilizando PCA e a Transformada Census Autores: Ribeiro, \u00cdcaro; Marana, Aparecido Nilceu; Chiachia, Giovani Resumo: A face \u00e9 uma das caracter\u00edsticas biom\u00e9tricas de maior apelo para a identifica\u00e7\u00e3o de indiv\u00edduos. Somado <a href=\"https:\/\/sbia.org.br\/lnlm\/publicacoes\/vol9-no2\/vol9-no2-art6\/\" class=\"read-more\">Read More &#8230;<\/a><\/p>\n","protected":false},"author":1,"featured_media":0,"parent":523,"menu_order":0,"comment_status":"closed","ping_status":"closed","template":"","meta":{"footnotes":""},"class_list":["post-536","page","type-page","status-publish","hentry"],"yoast_head":"<!-- This site is optimized with the Yoast SEO plugin v26.9 - https:\/\/yoast.com\/product\/yoast-seo-wordpress\/ -->\n<title>Reconhecimento de Faces Sob Diferentes Condi\u00e7\u00f5es de Ilumina\u00e7\u00e3o Utilizando PCA e a Transformada Census - Learning and NonLinear Models<\/title>\n<meta name=\"robots\" content=\"index, follow, max-snippet:-1, max-image-preview:large, max-video-preview:-1\" \/>\n<link rel=\"canonical\" href=\"https:\/\/sbia.org.br\/lnlm\/publicacoes\/vol9-no2\/vol9-no2-art6\/\" \/>\n<meta property=\"og:locale\" content=\"pt_BR\" \/>\n<meta property=\"og:type\" content=\"article\" \/>\n<meta property=\"og:title\" content=\"Reconhecimento de Faces Sob Diferentes Condi\u00e7\u00f5es de Ilumina\u00e7\u00e3o Utilizando PCA e a Transformada Census - Learning and NonLinear Models\" \/>\n<meta property=\"og:description\" content=\"T\u00edtulo: Reconhecimento de Faces Sob Diferentes Condi\u00e7\u00f5es de Ilumina\u00e7\u00e3o Utilizando PCA e a Transformada Census Autores: Ribeiro, \u00cdcaro; Marana, Aparecido Nilceu; Chiachia, Giovani Resumo: A face \u00e9 uma das caracter\u00edsticas biom\u00e9tricas de maior apelo para a identifica\u00e7\u00e3o de indiv\u00edduos. Somado Read More ...\" \/>\n<meta property=\"og:url\" content=\"https:\/\/sbia.org.br\/lnlm\/publicacoes\/vol9-no2\/vol9-no2-art6\/\" \/>\n<meta property=\"og:site_name\" content=\"Learning and NonLinear Models\" \/>\n<meta name=\"twitter:card\" content=\"summary_large_image\" \/>\n<meta name=\"twitter:label1\" content=\"Est. tempo de leitura\" \/>\n\t<meta name=\"twitter:data1\" content=\"1 minuto\" \/>\n<script type=\"application\/ld+json\" class=\"yoast-schema-graph\">{\"@context\":\"https:\/\/schema.org\",\"@graph\":[{\"@type\":\"WebPage\",\"@id\":\"https:\/\/sbia.org.br\/lnlm\/publicacoes\/vol9-no2\/vol9-no2-art6\/\",\"url\":\"https:\/\/sbia.org.br\/lnlm\/publicacoes\/vol9-no2\/vol9-no2-art6\/\",\"name\":\"Reconhecimento de Faces Sob Diferentes Condi\u00e7\u00f5es de Ilumina\u00e7\u00e3o Utilizando PCA e a Transformada Census - Learning and NonLinear Models\",\"isPartOf\":{\"@id\":\"https:\/\/sbia.org.br\/lnlm\/#website\"},\"datePublished\":\"2016-07-17T21:59:58+00:00\",\"breadcrumb\":{\"@id\":\"https:\/\/sbia.org.br\/lnlm\/publicacoes\/vol9-no2\/vol9-no2-art6\/#breadcrumb\"},\"inLanguage\":\"pt-BR\",\"potentialAction\":[{\"@type\":\"ReadAction\",\"target\":[\"https:\/\/sbia.org.br\/lnlm\/publicacoes\/vol9-no2\/vol9-no2-art6\/\"]}]},{\"@type\":\"BreadcrumbList\",\"@id\":\"https:\/\/sbia.org.br\/lnlm\/publicacoes\/vol9-no2\/vol9-no2-art6\/#breadcrumb\",\"itemListElement\":[{\"@type\":\"ListItem\",\"position\":1,\"name\":\"Browse issues\",\"item\":\"https:\/\/sbia.org.br\/lnlm\/publicacoes\/\"},{\"@type\":\"ListItem\",\"position\":2,\"name\":\"Learning &#038; Nonlinear Models &#8211; L&#038;NLM &#8211; Volume 9 &#8211; N\u00famero 2\",\"item\":\"https:\/\/sbia.org.br\/lnlm\/publicacoes\/vol9-no2\/\"},{\"@type\":\"ListItem\",\"position\":3,\"name\":\"Reconhecimento de Faces Sob Diferentes Condi\u00e7\u00f5es de Ilumina\u00e7\u00e3o Utilizando PCA e a Transformada Census\"}]},{\"@type\":\"WebSite\",\"@id\":\"https:\/\/sbia.org.br\/lnlm\/#website\",\"url\":\"https:\/\/sbia.org.br\/lnlm\/\",\"name\":\"Learning and NonLinear Models\",\"description\":\"\",\"publisher\":{\"@id\":\"https:\/\/sbia.org.br\/lnlm\/#organization\"},\"potentialAction\":[{\"@type\":\"SearchAction\",\"target\":{\"@type\":\"EntryPoint\",\"urlTemplate\":\"https:\/\/sbia.org.br\/lnlm\/?s={search_term_string}\"},\"query-input\":{\"@type\":\"PropertyValueSpecification\",\"valueRequired\":true,\"valueName\":\"search_term_string\"}}],\"inLanguage\":\"pt-BR\"},{\"@type\":\"Organization\",\"@id\":\"https:\/\/sbia.org.br\/lnlm\/#organization\",\"name\":\"Learning and NonLinear Models\",\"url\":\"https:\/\/sbia.org.br\/lnlm\/\",\"logo\":{\"@type\":\"ImageObject\",\"inLanguage\":\"pt-BR\",\"@id\":\"https:\/\/sbia.org.br\/lnlm\/#\/schema\/logo\/image\/\",\"url\":\"https:\/\/sbia.org.br\/lnlm\/wp-content\/uploads\/2021\/07\/logo-lnlm.png\",\"contentUrl\":\"https:\/\/sbia.org.br\/lnlm\/wp-content\/uploads\/2021\/07\/logo-lnlm.png\",\"width\":398,\"height\":94,\"caption\":\"Learning and NonLinear Models\"},\"image\":{\"@id\":\"https:\/\/sbia.org.br\/lnlm\/#\/schema\/logo\/image\/\"}}]}<\/script>\n<!-- \/ Yoast SEO plugin. -->","yoast_head_json":{"title":"Reconhecimento de Faces Sob Diferentes Condi\u00e7\u00f5es de Ilumina\u00e7\u00e3o Utilizando PCA e a Transformada Census - Learning and NonLinear Models","robots":{"index":"index","follow":"follow","max-snippet":"max-snippet:-1","max-image-preview":"max-image-preview:large","max-video-preview":"max-video-preview:-1"},"canonical":"https:\/\/sbia.org.br\/lnlm\/publicacoes\/vol9-no2\/vol9-no2-art6\/","og_locale":"pt_BR","og_type":"article","og_title":"Reconhecimento de Faces Sob Diferentes Condi\u00e7\u00f5es de Ilumina\u00e7\u00e3o Utilizando PCA e a Transformada Census - Learning and NonLinear Models","og_description":"T\u00edtulo: Reconhecimento de Faces Sob Diferentes Condi\u00e7\u00f5es de Ilumina\u00e7\u00e3o Utilizando PCA e a Transformada Census Autores: Ribeiro, \u00cdcaro; Marana, Aparecido Nilceu; Chiachia, Giovani Resumo: A face \u00e9 uma das caracter\u00edsticas biom\u00e9tricas de maior apelo para a identifica\u00e7\u00e3o de indiv\u00edduos. Somado Read More ...","og_url":"https:\/\/sbia.org.br\/lnlm\/publicacoes\/vol9-no2\/vol9-no2-art6\/","og_site_name":"Learning and NonLinear Models","twitter_card":"summary_large_image","twitter_misc":{"Est. tempo de leitura":"1 minuto"},"schema":{"@context":"https:\/\/schema.org","@graph":[{"@type":"WebPage","@id":"https:\/\/sbia.org.br\/lnlm\/publicacoes\/vol9-no2\/vol9-no2-art6\/","url":"https:\/\/sbia.org.br\/lnlm\/publicacoes\/vol9-no2\/vol9-no2-art6\/","name":"Reconhecimento de Faces Sob Diferentes Condi\u00e7\u00f5es de Ilumina\u00e7\u00e3o Utilizando PCA e a Transformada Census - Learning and NonLinear Models","isPartOf":{"@id":"https:\/\/sbia.org.br\/lnlm\/#website"},"datePublished":"2016-07-17T21:59:58+00:00","breadcrumb":{"@id":"https:\/\/sbia.org.br\/lnlm\/publicacoes\/vol9-no2\/vol9-no2-art6\/#breadcrumb"},"inLanguage":"pt-BR","potentialAction":[{"@type":"ReadAction","target":["https:\/\/sbia.org.br\/lnlm\/publicacoes\/vol9-no2\/vol9-no2-art6\/"]}]},{"@type":"BreadcrumbList","@id":"https:\/\/sbia.org.br\/lnlm\/publicacoes\/vol9-no2\/vol9-no2-art6\/#breadcrumb","itemListElement":[{"@type":"ListItem","position":1,"name":"Browse issues","item":"https:\/\/sbia.org.br\/lnlm\/publicacoes\/"},{"@type":"ListItem","position":2,"name":"Learning &#038; Nonlinear Models &#8211; L&#038;NLM &#8211; Volume 9 &#8211; N\u00famero 2","item":"https:\/\/sbia.org.br\/lnlm\/publicacoes\/vol9-no2\/"},{"@type":"ListItem","position":3,"name":"Reconhecimento de Faces Sob Diferentes Condi\u00e7\u00f5es de Ilumina\u00e7\u00e3o Utilizando PCA e a Transformada Census"}]},{"@type":"WebSite","@id":"https:\/\/sbia.org.br\/lnlm\/#website","url":"https:\/\/sbia.org.br\/lnlm\/","name":"Learning and NonLinear Models","description":"","publisher":{"@id":"https:\/\/sbia.org.br\/lnlm\/#organization"},"potentialAction":[{"@type":"SearchAction","target":{"@type":"EntryPoint","urlTemplate":"https:\/\/sbia.org.br\/lnlm\/?s={search_term_string}"},"query-input":{"@type":"PropertyValueSpecification","valueRequired":true,"valueName":"search_term_string"}}],"inLanguage":"pt-BR"},{"@type":"Organization","@id":"https:\/\/sbia.org.br\/lnlm\/#organization","name":"Learning and NonLinear Models","url":"https:\/\/sbia.org.br\/lnlm\/","logo":{"@type":"ImageObject","inLanguage":"pt-BR","@id":"https:\/\/sbia.org.br\/lnlm\/#\/schema\/logo\/image\/","url":"https:\/\/sbia.org.br\/lnlm\/wp-content\/uploads\/2021\/07\/logo-lnlm.png","contentUrl":"https:\/\/sbia.org.br\/lnlm\/wp-content\/uploads\/2021\/07\/logo-lnlm.png","width":398,"height":94,"caption":"Learning and NonLinear Models"},"image":{"@id":"https:\/\/sbia.org.br\/lnlm\/#\/schema\/logo\/image\/"}}]}},"_links":{"self":[{"href":"https:\/\/sbia.org.br\/lnlm\/wp-json\/wp\/v2\/pages\/536","targetHints":{"allow":["GET"]}}],"collection":[{"href":"https:\/\/sbia.org.br\/lnlm\/wp-json\/wp\/v2\/pages"}],"about":[{"href":"https:\/\/sbia.org.br\/lnlm\/wp-json\/wp\/v2\/types\/page"}],"author":[{"embeddable":true,"href":"https:\/\/sbia.org.br\/lnlm\/wp-json\/wp\/v2\/users\/1"}],"replies":[{"embeddable":true,"href":"https:\/\/sbia.org.br\/lnlm\/wp-json\/wp\/v2\/comments?post=536"}],"version-history":[{"count":0,"href":"https:\/\/sbia.org.br\/lnlm\/wp-json\/wp\/v2\/pages\/536\/revisions"}],"up":[{"embeddable":true,"href":"https:\/\/sbia.org.br\/lnlm\/wp-json\/wp\/v2\/pages\/523"}],"wp:attachment":[{"href":"https:\/\/sbia.org.br\/lnlm\/wp-json\/wp\/v2\/media?parent=536"}],"curies":[{"name":"wp","href":"https:\/\/api.w.org\/{rel}","templated":true}]}}