{"id":503,"date":"2016-07-16T23:33:29","date_gmt":"2016-07-17T02:33:29","guid":{"rendered":"https:\/\/sbia.org.br\/lnlm\/?page_id=503"},"modified":"2016-07-16T23:33:29","modified_gmt":"2016-07-17T02:33:29","slug":"vol8-no4-art3","status":"publish","type":"page","link":"https:\/\/sbia.org.br\/lnlm\/publicacoes\/vol8-no4\/vol8-no4-art3\/","title":{"rendered":"Automatic Neighborhood Control for Intelligent Agents Inspired in Wolf Pack Behavior"},"content":{"rendered":"<p><strong>T\u00edtulo:<\/strong> Automatic Neighborhood Control for Intelligent Agents Inspired in Wolf Pack Behavior<\/p>\n<p><strong>Autores:<\/strong> Pessoa, Lu\u00eds F. A.; Leonel, Amanda; Menezes, Lu\u00eds C. S.; Lima Neto, Fernando B. de<\/p>\n<p align=\"justify\"><strong>Resumo:<\/strong> This paper aims at presenting an automatic neighborhood control for intelligent agents inspired in the behavior of wolf packs. The outcome of this research is a new tool for modeling the contour of a given cloud of points (that may be represented by mathematical functions) in order to reduce the effort of defining the boundaries of the input points. For that we selected and implemented a small repertoire of wolves like behaviors and some environmental dynamic features. Those features are based on social relations among wolves (the adaptive computing units in the algorithm) and are expressed as two operators, namely, (i) wolf&#8217;s location and (ii) wolf&#8217;s radius of influence. The put forward algorithm generates a set of location- radius pairs, one for each considered wolf, which is offered in lieu of the initial cloud of points. As proof of concept some simulations were carried out and are presented here with clouds of points in shape of four different mathematical functions (two polynomial and two trigonometric). The simulations also aimed at investigating the influence of selected parameters in relation to the observed results. Based on the good results obtained, this preliminary study is thought to be an important step towards an innovative intelligent tool for function approximation based on collective intelligence.<\/p>\n<p><strong>Palavras-chave:<\/strong> Multi-Agent Systems; Natural Computing; Social Computing; Function Approximation; Wolf pack<\/p>\n<p><strong>P\u00e1ginas:<\/strong> 11<\/p>\n<p><strong>C\u00f3digo DOI:<\/strong> <a href=\"http:\/\/dx.doi.org\/10.21528\/lnlm-vol8-no4-art3\">10.21528\/lmln-vol8-no4-art3<\/a><\/p>\n<p><strong>Artigo em PDF:<\/strong> <a href=\"https:\/\/sbia.org.br\/lnlm\/wp-content\/uploads\/sites\/4\/2016\/07\/vol8-no4-art3.pdf\" rel=\"\">vol8-no4-art3.pdf<\/a><\/p>\n<p><strong>Arquivo BibTex:<\/strong> <a href=\"https:\/\/sbia.org.br\/lnlm\/wp-content\/uploads\/sites\/4\/2016\/07\/vol8-no4-art3.bib\" rel=\"\">vol8-no4-art3.bib<\/a><\/p>\n","protected":false},"excerpt":{"rendered":"<p>T\u00edtulo: Automatic Neighborhood Control for Intelligent Agents Inspired in Wolf Pack Behavior Autores: Pessoa, Lu\u00eds F. A.; Leonel, Amanda; Menezes, Lu\u00eds C. S.; Lima Neto, Fernando B. de Resumo: This paper aims at presenting an automatic neighborhood control for intelligent <a href=\"https:\/\/sbia.org.br\/lnlm\/publicacoes\/vol8-no4\/vol8-no4-art3\/\" class=\"read-more\">Read More &#8230;<\/a><\/p>\n","protected":false},"author":1,"featured_media":0,"parent":497,"menu_order":0,"comment_status":"closed","ping_status":"closed","template":"","meta":{"footnotes":""},"class_list":["post-503","page","type-page","status-publish","hentry"],"yoast_head":"<!-- This site is optimized with the Yoast SEO plugin v26.9 - https:\/\/yoast.com\/product\/yoast-seo-wordpress\/ -->\n<title>Automatic Neighborhood Control for Intelligent Agents Inspired in Wolf Pack Behavior - Learning and NonLinear Models<\/title>\n<meta name=\"robots\" content=\"index, follow, max-snippet:-1, max-image-preview:large, max-video-preview:-1\" \/>\n<link rel=\"canonical\" href=\"https:\/\/sbia.org.br\/lnlm\/publicacoes\/vol8-no4\/vol8-no4-art3\/\" \/>\n<meta property=\"og:locale\" content=\"pt_BR\" \/>\n<meta property=\"og:type\" content=\"article\" \/>\n<meta property=\"og:title\" content=\"Automatic Neighborhood Control for Intelligent Agents Inspired in Wolf Pack Behavior - Learning and NonLinear Models\" \/>\n<meta property=\"og:description\" content=\"T\u00edtulo: Automatic Neighborhood Control for Intelligent Agents Inspired in Wolf Pack Behavior Autores: Pessoa, Lu\u00eds F. A.; Leonel, Amanda; Menezes, Lu\u00eds C. S.; Lima Neto, Fernando B. de Resumo: This paper aims at presenting an automatic neighborhood control for intelligent Read More ...\" \/>\n<meta property=\"og:url\" content=\"https:\/\/sbia.org.br\/lnlm\/publicacoes\/vol8-no4\/vol8-no4-art3\/\" \/>\n<meta property=\"og:site_name\" content=\"Learning and NonLinear Models\" \/>\n<meta name=\"twitter:card\" content=\"summary_large_image\" \/>\n<meta name=\"twitter:label1\" content=\"Est. tempo de leitura\" \/>\n\t<meta name=\"twitter:data1\" content=\"1 minuto\" \/>\n<script type=\"application\/ld+json\" class=\"yoast-schema-graph\">{\"@context\":\"https:\/\/schema.org\",\"@graph\":[{\"@type\":\"WebPage\",\"@id\":\"https:\/\/sbia.org.br\/lnlm\/publicacoes\/vol8-no4\/vol8-no4-art3\/\",\"url\":\"https:\/\/sbia.org.br\/lnlm\/publicacoes\/vol8-no4\/vol8-no4-art3\/\",\"name\":\"Automatic Neighborhood Control for Intelligent Agents Inspired in Wolf Pack Behavior - Learning and NonLinear Models\",\"isPartOf\":{\"@id\":\"https:\/\/sbia.org.br\/lnlm\/#website\"},\"datePublished\":\"2016-07-17T02:33:29+00:00\",\"breadcrumb\":{\"@id\":\"https:\/\/sbia.org.br\/lnlm\/publicacoes\/vol8-no4\/vol8-no4-art3\/#breadcrumb\"},\"inLanguage\":\"pt-BR\",\"potentialAction\":[{\"@type\":\"ReadAction\",\"target\":[\"https:\/\/sbia.org.br\/lnlm\/publicacoes\/vol8-no4\/vol8-no4-art3\/\"]}]},{\"@type\":\"BreadcrumbList\",\"@id\":\"https:\/\/sbia.org.br\/lnlm\/publicacoes\/vol8-no4\/vol8-no4-art3\/#breadcrumb\",\"itemListElement\":[{\"@type\":\"ListItem\",\"position\":1,\"name\":\"Browse issues\",\"item\":\"https:\/\/sbia.org.br\/lnlm\/publicacoes\/\"},{\"@type\":\"ListItem\",\"position\":2,\"name\":\"Learning &#038; Nonlinear Models &#8211; L&#038;NLM &#8211; Volume 8 &#8211; N\u00famero 4\",\"item\":\"https:\/\/sbia.org.br\/lnlm\/publicacoes\/vol8-no4\/\"},{\"@type\":\"ListItem\",\"position\":3,\"name\":\"Automatic Neighborhood Control for Intelligent Agents Inspired in Wolf Pack Behavior\"}]},{\"@type\":\"WebSite\",\"@id\":\"https:\/\/sbia.org.br\/lnlm\/#website\",\"url\":\"https:\/\/sbia.org.br\/lnlm\/\",\"name\":\"Learning and NonLinear Models\",\"description\":\"\",\"publisher\":{\"@id\":\"https:\/\/sbia.org.br\/lnlm\/#organization\"},\"potentialAction\":[{\"@type\":\"SearchAction\",\"target\":{\"@type\":\"EntryPoint\",\"urlTemplate\":\"https:\/\/sbia.org.br\/lnlm\/?s={search_term_string}\"},\"query-input\":{\"@type\":\"PropertyValueSpecification\",\"valueRequired\":true,\"valueName\":\"search_term_string\"}}],\"inLanguage\":\"pt-BR\"},{\"@type\":\"Organization\",\"@id\":\"https:\/\/sbia.org.br\/lnlm\/#organization\",\"name\":\"Learning and NonLinear Models\",\"url\":\"https:\/\/sbia.org.br\/lnlm\/\",\"logo\":{\"@type\":\"ImageObject\",\"inLanguage\":\"pt-BR\",\"@id\":\"https:\/\/sbia.org.br\/lnlm\/#\/schema\/logo\/image\/\",\"url\":\"https:\/\/sbia.org.br\/lnlm\/wp-content\/uploads\/2021\/07\/logo-lnlm.png\",\"contentUrl\":\"https:\/\/sbia.org.br\/lnlm\/wp-content\/uploads\/2021\/07\/logo-lnlm.png\",\"width\":398,\"height\":94,\"caption\":\"Learning and NonLinear Models\"},\"image\":{\"@id\":\"https:\/\/sbia.org.br\/lnlm\/#\/schema\/logo\/image\/\"}}]}<\/script>\n<!-- \/ Yoast SEO plugin. -->","yoast_head_json":{"title":"Automatic Neighborhood Control for Intelligent Agents Inspired in Wolf Pack Behavior - Learning and NonLinear Models","robots":{"index":"index","follow":"follow","max-snippet":"max-snippet:-1","max-image-preview":"max-image-preview:large","max-video-preview":"max-video-preview:-1"},"canonical":"https:\/\/sbia.org.br\/lnlm\/publicacoes\/vol8-no4\/vol8-no4-art3\/","og_locale":"pt_BR","og_type":"article","og_title":"Automatic Neighborhood Control for Intelligent Agents Inspired in Wolf Pack Behavior - Learning and NonLinear Models","og_description":"T\u00edtulo: Automatic Neighborhood Control for Intelligent Agents Inspired in Wolf Pack Behavior Autores: Pessoa, Lu\u00eds F. A.; Leonel, Amanda; Menezes, Lu\u00eds C. S.; Lima Neto, Fernando B. de Resumo: This paper aims at presenting an automatic neighborhood control for intelligent Read More ...","og_url":"https:\/\/sbia.org.br\/lnlm\/publicacoes\/vol8-no4\/vol8-no4-art3\/","og_site_name":"Learning and NonLinear Models","twitter_card":"summary_large_image","twitter_misc":{"Est. tempo de leitura":"1 minuto"},"schema":{"@context":"https:\/\/schema.org","@graph":[{"@type":"WebPage","@id":"https:\/\/sbia.org.br\/lnlm\/publicacoes\/vol8-no4\/vol8-no4-art3\/","url":"https:\/\/sbia.org.br\/lnlm\/publicacoes\/vol8-no4\/vol8-no4-art3\/","name":"Automatic Neighborhood Control for Intelligent Agents Inspired in Wolf Pack Behavior - Learning and NonLinear Models","isPartOf":{"@id":"https:\/\/sbia.org.br\/lnlm\/#website"},"datePublished":"2016-07-17T02:33:29+00:00","breadcrumb":{"@id":"https:\/\/sbia.org.br\/lnlm\/publicacoes\/vol8-no4\/vol8-no4-art3\/#breadcrumb"},"inLanguage":"pt-BR","potentialAction":[{"@type":"ReadAction","target":["https:\/\/sbia.org.br\/lnlm\/publicacoes\/vol8-no4\/vol8-no4-art3\/"]}]},{"@type":"BreadcrumbList","@id":"https:\/\/sbia.org.br\/lnlm\/publicacoes\/vol8-no4\/vol8-no4-art3\/#breadcrumb","itemListElement":[{"@type":"ListItem","position":1,"name":"Browse issues","item":"https:\/\/sbia.org.br\/lnlm\/publicacoes\/"},{"@type":"ListItem","position":2,"name":"Learning &#038; Nonlinear Models &#8211; L&#038;NLM &#8211; Volume 8 &#8211; N\u00famero 4","item":"https:\/\/sbia.org.br\/lnlm\/publicacoes\/vol8-no4\/"},{"@type":"ListItem","position":3,"name":"Automatic Neighborhood Control for Intelligent Agents Inspired in Wolf Pack Behavior"}]},{"@type":"WebSite","@id":"https:\/\/sbia.org.br\/lnlm\/#website","url":"https:\/\/sbia.org.br\/lnlm\/","name":"Learning and NonLinear Models","description":"","publisher":{"@id":"https:\/\/sbia.org.br\/lnlm\/#organization"},"potentialAction":[{"@type":"SearchAction","target":{"@type":"EntryPoint","urlTemplate":"https:\/\/sbia.org.br\/lnlm\/?s={search_term_string}"},"query-input":{"@type":"PropertyValueSpecification","valueRequired":true,"valueName":"search_term_string"}}],"inLanguage":"pt-BR"},{"@type":"Organization","@id":"https:\/\/sbia.org.br\/lnlm\/#organization","name":"Learning and NonLinear Models","url":"https:\/\/sbia.org.br\/lnlm\/","logo":{"@type":"ImageObject","inLanguage":"pt-BR","@id":"https:\/\/sbia.org.br\/lnlm\/#\/schema\/logo\/image\/","url":"https:\/\/sbia.org.br\/lnlm\/wp-content\/uploads\/2021\/07\/logo-lnlm.png","contentUrl":"https:\/\/sbia.org.br\/lnlm\/wp-content\/uploads\/2021\/07\/logo-lnlm.png","width":398,"height":94,"caption":"Learning and NonLinear Models"},"image":{"@id":"https:\/\/sbia.org.br\/lnlm\/#\/schema\/logo\/image\/"}}]}},"_links":{"self":[{"href":"https:\/\/sbia.org.br\/lnlm\/wp-json\/wp\/v2\/pages\/503","targetHints":{"allow":["GET"]}}],"collection":[{"href":"https:\/\/sbia.org.br\/lnlm\/wp-json\/wp\/v2\/pages"}],"about":[{"href":"https:\/\/sbia.org.br\/lnlm\/wp-json\/wp\/v2\/types\/page"}],"author":[{"embeddable":true,"href":"https:\/\/sbia.org.br\/lnlm\/wp-json\/wp\/v2\/users\/1"}],"replies":[{"embeddable":true,"href":"https:\/\/sbia.org.br\/lnlm\/wp-json\/wp\/v2\/comments?post=503"}],"version-history":[{"count":0,"href":"https:\/\/sbia.org.br\/lnlm\/wp-json\/wp\/v2\/pages\/503\/revisions"}],"up":[{"embeddable":true,"href":"https:\/\/sbia.org.br\/lnlm\/wp-json\/wp\/v2\/pages\/497"}],"wp:attachment":[{"href":"https:\/\/sbia.org.br\/lnlm\/wp-json\/wp\/v2\/media?parent=503"}],"curies":[{"name":"wp","href":"https:\/\/api.w.org\/{rel}","templated":true}]}}