{"id":495,"date":"2016-07-16T23:20:11","date_gmt":"2016-07-17T02:20:11","guid":{"rendered":"https:\/\/sbia.org.br\/lnlm\/?page_id=495"},"modified":"2016-07-16T23:20:11","modified_gmt":"2016-07-17T02:20:11","slug":"vol8-no3-art5","status":"publish","type":"page","link":"https:\/\/sbia.org.br\/lnlm\/publicacoes\/vol8-no3\/vol8-no3-art5\/","title":{"rendered":"MaPI: Um Framework para Paraleliza\u00e7\u00e3o de Algoritmos"},"content":{"rendered":"<p><strong>T\u00edtulo:<\/strong> MaPI: Um Framework para Paraleliza\u00e7\u00e3o de Algoritmos<\/p>\n<p><strong>Autores:<\/strong> Ribas, S.; Perch\u00e9, M. H. P.; Coelho, I. M.; Munhoz, P. L. A.; Souza, M. J. F.; Aquino, A. L. L.<\/p>\n<p align=\"justify\"><strong>Resumo:<\/strong> Este trabalho apresenta o MaPI, um framework que implementa a abstra\u00e7\u00e3o MapReduce na linguagem C++. Ao utilizar o MaPI, o usu\u00e1rio \u00e9 capaz de implementar uma aplica\u00e7\u00e3o paralela sem se preocupar com a forma de comunica\u00e7\u00e3o entre os processos ou como o sistema far\u00e1 a paraleliza\u00e7\u00e3o. Al\u00e9m disso, toda a implementa\u00e7\u00e3o feita pelo usu\u00e1rio pode ser sequencial. Para ilustrar o funcionamento do framework, este foi usado na paraleliza\u00e7\u00e3o de um algoritmo heur\u00edstico de otimiza\u00e7\u00e3o aplicado a um problema cl\u00e1ssico de otimiza\u00e7\u00e3o, o Problema do Caixeiro Viajante. Os resultados obtidos comprovam a efici\u00eancia do framework como ferramenta de aux\u00edlio ao desenvolvimento de procedimentos paralelos de otimiza\u00e7\u00e3o.<\/p>\n<p><strong>Palavras-chave:<\/strong> MaPI; Algoritmos Paralelos; MapReduce; Framework; Otimiza\u00e7\u00e3o; Heur\u00edsticas<\/p>\n<p><strong>P\u00e1ginas:<\/strong> 11<\/p>\n<p><strong>C\u00f3digo DOI:<\/strong> <a href=\"http:\/\/dx.doi.org\/10.21528\/lnlm-vol8-no3-art5\">10.21528\/lmln-vol8-no3-art5<\/a><\/p>\n<p><strong>Artigo em PDF:<\/strong> <a href=\"https:\/\/sbia.org.br\/lnlm\/wp-content\/uploads\/sites\/4\/2016\/07\/vol8-no3-art5.pdf\" rel=\"\">vol8-no3-art5.pdf<\/a><\/p>\n<p><strong>Arquivo BibTex:<\/strong> <a href=\"https:\/\/sbia.org.br\/lnlm\/wp-content\/uploads\/sites\/4\/2016\/07\/vol8-no3-art5.bib\" rel=\"\">vol8-no3-art5.bib<\/a><\/p>\n","protected":false},"excerpt":{"rendered":"<p>T\u00edtulo: MaPI: Um Framework para Paraleliza\u00e7\u00e3o de Algoritmos Autores: Ribas, S.; Perch\u00e9, M. H. P.; Coelho, I. M.; Munhoz, P. L. A.; Souza, M. J. F.; Aquino, A. L. L. Resumo: Este trabalho apresenta o MaPI, um framework que implementa <a href=\"https:\/\/sbia.org.br\/lnlm\/publicacoes\/vol8-no3\/vol8-no3-art5\/\" class=\"read-more\">Read More &#8230;<\/a><\/p>\n","protected":false},"author":1,"featured_media":0,"parent":485,"menu_order":0,"comment_status":"closed","ping_status":"closed","template":"","meta":{"footnotes":""},"class_list":["post-495","page","type-page","status-publish","hentry"],"yoast_head":"<!-- This site is optimized with the Yoast SEO plugin v26.9 - https:\/\/yoast.com\/product\/yoast-seo-wordpress\/ -->\n<title>MaPI: Um Framework para Paraleliza\u00e7\u00e3o de Algoritmos - Learning and NonLinear Models<\/title>\n<meta name=\"robots\" content=\"index, follow, max-snippet:-1, max-image-preview:large, max-video-preview:-1\" \/>\n<link rel=\"canonical\" href=\"https:\/\/sbia.org.br\/lnlm\/publicacoes\/vol8-no3\/vol8-no3-art5\/\" \/>\n<meta property=\"og:locale\" content=\"pt_BR\" \/>\n<meta property=\"og:type\" content=\"article\" \/>\n<meta property=\"og:title\" content=\"MaPI: Um Framework para Paraleliza\u00e7\u00e3o de Algoritmos - Learning and NonLinear Models\" \/>\n<meta property=\"og:description\" content=\"T\u00edtulo: MaPI: Um Framework para Paraleliza\u00e7\u00e3o de Algoritmos Autores: Ribas, S.; Perch\u00e9, M. H. P.; Coelho, I. M.; Munhoz, P. L. A.; Souza, M. J. F.; Aquino, A. L. L. Resumo: Este trabalho apresenta o MaPI, um framework que implementa Read More ...\" \/>\n<meta property=\"og:url\" content=\"https:\/\/sbia.org.br\/lnlm\/publicacoes\/vol8-no3\/vol8-no3-art5\/\" \/>\n<meta property=\"og:site_name\" content=\"Learning and NonLinear Models\" \/>\n<meta name=\"twitter:card\" content=\"summary_large_image\" \/>\n<meta name=\"twitter:label1\" content=\"Est. tempo de leitura\" \/>\n\t<meta name=\"twitter:data1\" content=\"1 minuto\" \/>\n<script type=\"application\/ld+json\" class=\"yoast-schema-graph\">{\"@context\":\"https:\/\/schema.org\",\"@graph\":[{\"@type\":\"WebPage\",\"@id\":\"https:\/\/sbia.org.br\/lnlm\/publicacoes\/vol8-no3\/vol8-no3-art5\/\",\"url\":\"https:\/\/sbia.org.br\/lnlm\/publicacoes\/vol8-no3\/vol8-no3-art5\/\",\"name\":\"MaPI: Um Framework para Paraleliza\u00e7\u00e3o de Algoritmos - Learning and NonLinear Models\",\"isPartOf\":{\"@id\":\"https:\/\/sbia.org.br\/lnlm\/#website\"},\"datePublished\":\"2016-07-17T02:20:11+00:00\",\"breadcrumb\":{\"@id\":\"https:\/\/sbia.org.br\/lnlm\/publicacoes\/vol8-no3\/vol8-no3-art5\/#breadcrumb\"},\"inLanguage\":\"pt-BR\",\"potentialAction\":[{\"@type\":\"ReadAction\",\"target\":[\"https:\/\/sbia.org.br\/lnlm\/publicacoes\/vol8-no3\/vol8-no3-art5\/\"]}]},{\"@type\":\"BreadcrumbList\",\"@id\":\"https:\/\/sbia.org.br\/lnlm\/publicacoes\/vol8-no3\/vol8-no3-art5\/#breadcrumb\",\"itemListElement\":[{\"@type\":\"ListItem\",\"position\":1,\"name\":\"Browse issues\",\"item\":\"https:\/\/sbia.org.br\/lnlm\/publicacoes\/\"},{\"@type\":\"ListItem\",\"position\":2,\"name\":\"Learning &#038; Nonlinear Models &#8211; L&#038;NLM &#8211; Volume 8 &#8211; N\u00famero 3\",\"item\":\"https:\/\/sbia.org.br\/lnlm\/publicacoes\/vol8-no3\/\"},{\"@type\":\"ListItem\",\"position\":3,\"name\":\"MaPI: Um Framework para Paraleliza\u00e7\u00e3o de Algoritmos\"}]},{\"@type\":\"WebSite\",\"@id\":\"https:\/\/sbia.org.br\/lnlm\/#website\",\"url\":\"https:\/\/sbia.org.br\/lnlm\/\",\"name\":\"Learning and NonLinear Models\",\"description\":\"\",\"publisher\":{\"@id\":\"https:\/\/sbia.org.br\/lnlm\/#organization\"},\"potentialAction\":[{\"@type\":\"SearchAction\",\"target\":{\"@type\":\"EntryPoint\",\"urlTemplate\":\"https:\/\/sbia.org.br\/lnlm\/?s={search_term_string}\"},\"query-input\":{\"@type\":\"PropertyValueSpecification\",\"valueRequired\":true,\"valueName\":\"search_term_string\"}}],\"inLanguage\":\"pt-BR\"},{\"@type\":\"Organization\",\"@id\":\"https:\/\/sbia.org.br\/lnlm\/#organization\",\"name\":\"Learning and NonLinear Models\",\"url\":\"https:\/\/sbia.org.br\/lnlm\/\",\"logo\":{\"@type\":\"ImageObject\",\"inLanguage\":\"pt-BR\",\"@id\":\"https:\/\/sbia.org.br\/lnlm\/#\/schema\/logo\/image\/\",\"url\":\"https:\/\/sbia.org.br\/lnlm\/wp-content\/uploads\/2021\/07\/logo-lnlm.png\",\"contentUrl\":\"https:\/\/sbia.org.br\/lnlm\/wp-content\/uploads\/2021\/07\/logo-lnlm.png\",\"width\":398,\"height\":94,\"caption\":\"Learning and NonLinear Models\"},\"image\":{\"@id\":\"https:\/\/sbia.org.br\/lnlm\/#\/schema\/logo\/image\/\"}}]}<\/script>\n<!-- \/ Yoast SEO plugin. -->","yoast_head_json":{"title":"MaPI: Um Framework para Paraleliza\u00e7\u00e3o de Algoritmos - Learning and NonLinear Models","robots":{"index":"index","follow":"follow","max-snippet":"max-snippet:-1","max-image-preview":"max-image-preview:large","max-video-preview":"max-video-preview:-1"},"canonical":"https:\/\/sbia.org.br\/lnlm\/publicacoes\/vol8-no3\/vol8-no3-art5\/","og_locale":"pt_BR","og_type":"article","og_title":"MaPI: Um Framework para Paraleliza\u00e7\u00e3o de Algoritmos - Learning and NonLinear Models","og_description":"T\u00edtulo: MaPI: Um Framework para Paraleliza\u00e7\u00e3o de Algoritmos Autores: Ribas, S.; Perch\u00e9, M. H. P.; Coelho, I. M.; Munhoz, P. L. A.; Souza, M. J. F.; Aquino, A. L. L. Resumo: Este trabalho apresenta o MaPI, um framework que implementa Read More ...","og_url":"https:\/\/sbia.org.br\/lnlm\/publicacoes\/vol8-no3\/vol8-no3-art5\/","og_site_name":"Learning and NonLinear Models","twitter_card":"summary_large_image","twitter_misc":{"Est. tempo de leitura":"1 minuto"},"schema":{"@context":"https:\/\/schema.org","@graph":[{"@type":"WebPage","@id":"https:\/\/sbia.org.br\/lnlm\/publicacoes\/vol8-no3\/vol8-no3-art5\/","url":"https:\/\/sbia.org.br\/lnlm\/publicacoes\/vol8-no3\/vol8-no3-art5\/","name":"MaPI: Um Framework para Paraleliza\u00e7\u00e3o de Algoritmos - Learning and NonLinear Models","isPartOf":{"@id":"https:\/\/sbia.org.br\/lnlm\/#website"},"datePublished":"2016-07-17T02:20:11+00:00","breadcrumb":{"@id":"https:\/\/sbia.org.br\/lnlm\/publicacoes\/vol8-no3\/vol8-no3-art5\/#breadcrumb"},"inLanguage":"pt-BR","potentialAction":[{"@type":"ReadAction","target":["https:\/\/sbia.org.br\/lnlm\/publicacoes\/vol8-no3\/vol8-no3-art5\/"]}]},{"@type":"BreadcrumbList","@id":"https:\/\/sbia.org.br\/lnlm\/publicacoes\/vol8-no3\/vol8-no3-art5\/#breadcrumb","itemListElement":[{"@type":"ListItem","position":1,"name":"Browse issues","item":"https:\/\/sbia.org.br\/lnlm\/publicacoes\/"},{"@type":"ListItem","position":2,"name":"Learning &#038; Nonlinear Models &#8211; L&#038;NLM &#8211; Volume 8 &#8211; N\u00famero 3","item":"https:\/\/sbia.org.br\/lnlm\/publicacoes\/vol8-no3\/"},{"@type":"ListItem","position":3,"name":"MaPI: Um Framework para Paraleliza\u00e7\u00e3o de Algoritmos"}]},{"@type":"WebSite","@id":"https:\/\/sbia.org.br\/lnlm\/#website","url":"https:\/\/sbia.org.br\/lnlm\/","name":"Learning and NonLinear Models","description":"","publisher":{"@id":"https:\/\/sbia.org.br\/lnlm\/#organization"},"potentialAction":[{"@type":"SearchAction","target":{"@type":"EntryPoint","urlTemplate":"https:\/\/sbia.org.br\/lnlm\/?s={search_term_string}"},"query-input":{"@type":"PropertyValueSpecification","valueRequired":true,"valueName":"search_term_string"}}],"inLanguage":"pt-BR"},{"@type":"Organization","@id":"https:\/\/sbia.org.br\/lnlm\/#organization","name":"Learning and NonLinear Models","url":"https:\/\/sbia.org.br\/lnlm\/","logo":{"@type":"ImageObject","inLanguage":"pt-BR","@id":"https:\/\/sbia.org.br\/lnlm\/#\/schema\/logo\/image\/","url":"https:\/\/sbia.org.br\/lnlm\/wp-content\/uploads\/2021\/07\/logo-lnlm.png","contentUrl":"https:\/\/sbia.org.br\/lnlm\/wp-content\/uploads\/2021\/07\/logo-lnlm.png","width":398,"height":94,"caption":"Learning and NonLinear Models"},"image":{"@id":"https:\/\/sbia.org.br\/lnlm\/#\/schema\/logo\/image\/"}}]}},"_links":{"self":[{"href":"https:\/\/sbia.org.br\/lnlm\/wp-json\/wp\/v2\/pages\/495","targetHints":{"allow":["GET"]}}],"collection":[{"href":"https:\/\/sbia.org.br\/lnlm\/wp-json\/wp\/v2\/pages"}],"about":[{"href":"https:\/\/sbia.org.br\/lnlm\/wp-json\/wp\/v2\/types\/page"}],"author":[{"embeddable":true,"href":"https:\/\/sbia.org.br\/lnlm\/wp-json\/wp\/v2\/users\/1"}],"replies":[{"embeddable":true,"href":"https:\/\/sbia.org.br\/lnlm\/wp-json\/wp\/v2\/comments?post=495"}],"version-history":[{"count":0,"href":"https:\/\/sbia.org.br\/lnlm\/wp-json\/wp\/v2\/pages\/495\/revisions"}],"up":[{"embeddable":true,"href":"https:\/\/sbia.org.br\/lnlm\/wp-json\/wp\/v2\/pages\/485"}],"wp:attachment":[{"href":"https:\/\/sbia.org.br\/lnlm\/wp-json\/wp\/v2\/media?parent=495"}],"curies":[{"name":"wp","href":"https:\/\/api.w.org\/{rel}","templated":true}]}}