{"id":473,"date":"2016-07-16T20:45:11","date_gmt":"2016-07-16T23:45:11","guid":{"rendered":"https:\/\/sbia.org.br\/lnlm\/?page_id=473"},"modified":"2016-07-16T20:45:11","modified_gmt":"2016-07-16T23:45:11","slug":"vol8-no2","status":"publish","type":"page","link":"https:\/\/sbia.org.br\/lnlm\/publicacoes\/vol8-no2\/","title":{"rendered":"Learning &#038; Nonlinear Models &#8211; L&#038;NLM &#8211; Volume 8 &#8211; N\u00famero 2"},"content":{"rendered":"<p>Volume 8 &#8211; N\u00famero 2 &#8211; 2010<\/p>\n<p>&nbsp;<br \/>\n<a href=\"https:\/\/sbia.org.br\/lnlm\/wp-content\/uploads\/sites\/4\/2016\/07\/vol8-no2-art0.pdf\" target=\"_blank\" rel=\"noopener\">CAPA<\/a><\/p>\n<p>&nbsp;<br \/>\n<a href=\"https:\/\/sbia.org.br\/lnlm\/vol8-no2\/vol8-no2-art1\" target=\"_blank\" rel=\"noopener\">Artigo 1 &#8211; MIMO VOLTERRA MODELING FOR NONLINEAR COMMUNICATION CHANNELS<\/a><\/p>\n<ul>\n<ul>Carlos Alexandre R. Fernandes; Jo\u00e3o Cesar M. Mota; G\u00e9rad Favier<\/ul>\n<\/ul>\n<p>&nbsp;<br \/>\n<a href=\"https:\/\/sbia.org.br\/lnlm\/vol8-no2\/vol8-no2-art2\" target=\"_blank\" rel=\"noopener\">Artigo 2 &#8211; CLASSIFICA\u00c7\u00c3O DE EVENTOS EM REDES DE DISTRIBUI\u00c7\u00c3O DE ENERGIA UTILIZANDO TRANSFORMADA WAVELET E MODELOS NEURAIS AUT\u00d4NOMOS<\/a><\/p>\n<ul>\n<ul>Vitor H. Ferreira; Andr\u00e9 Lazzaretti; Hugo Vieira Neto; Rodrigo Riella; Julio Omori<\/ul>\n<\/ul>\n<p>&nbsp;<br \/>\n<a href=\"https:\/\/sbia.org.br\/lnlm\/vol8-no2\/vol8-no2-art3\" target=\"_blank\" rel=\"noopener\">Artigo 3 &#8211; UM ALGORITMO EVOLUTIVO H\u00cdBRIDO PARA O PROBLEMA DE RECOBRIMENTO DE ROTAS COM COLETA DE PR\u00caMIOS<\/a><\/p>\n<ul>\n<ul>Matheus de Souza A. Silva; Marcio T. Mine; Luiz S. Ochi; Marcone J. F. Souza<\/ul>\n<\/ul>\n<p>&nbsp;<br \/>\n<a href=\"https:\/\/sbia.org.br\/lnlm\/vol8-no2\/vol8-no2-art4\" target=\"_blank\" rel=\"noopener\">Artigo 4 &#8211; REDU\u00c7\u00c3O DE N\u00daMERO DE NEUR\u00d4NIOS DE RAIO VARI\u00c1VEL EM REDES TIPO ART<\/a><\/p>\n<ul>\n<ul>Luiz P. Caloba; Max S. Dutra; Alvaro D. Orjuela; Ivanovich Lache<\/ul>\n<\/ul>\n<p>&nbsp;<br \/>\n<a href=\"https:\/\/sbia.org.br\/lnlm\/vol8-no2\/vol8-no2-art5\" target=\"_blank\" rel=\"noopener\">Artigo 5 &#8211; PIPELINED ON-LINE BACK-PROPAGATION TRAINING OF AN ARTIFICAIL NEURAL NETWORK ON A PARALLEL MULTIPROCESSOR SYSTEM<\/a><\/p>\n<ul>\n<ul>Tiago M. da Silva; Ant\u00f4nio de P. Braga; Wilian S. Lacerda<\/ul>\n<\/ul>\n","protected":false},"excerpt":{"rendered":"<p>Volume 8 &#8211; N\u00famero 2 &#8211; 2010 &nbsp; CAPA &nbsp; Artigo 1 &#8211; MIMO VOLTERRA MODELING FOR NONLINEAR COMMUNICATION CHANNELS Carlos Alexandre R. Fernandes; Jo\u00e3o Cesar M. Mota; G\u00e9rad Favier &nbsp; Artigo 2 &#8211; CLASSIFICA\u00c7\u00c3O DE EVENTOS EM REDES DE <a href=\"https:\/\/sbia.org.br\/lnlm\/publicacoes\/vol8-no2\/\" class=\"read-more\">Read More &#8230;<\/a><\/p>\n","protected":false},"author":1,"featured_media":0,"parent":23,"menu_order":0,"comment_status":"closed","ping_status":"closed","template":"","meta":{"footnotes":""},"class_list":["post-473","page","type-page","status-publish","hentry"],"yoast_head":"<!-- This site is optimized with the Yoast SEO plugin v26.9 - https:\/\/yoast.com\/product\/yoast-seo-wordpress\/ -->\n<title>Learning &amp; Nonlinear Models - L&amp;NLM - Volume 8 - N\u00famero 2 - Learning and NonLinear Models<\/title>\n<meta name=\"robots\" content=\"index, follow, max-snippet:-1, max-image-preview:large, max-video-preview:-1\" \/>\n<link rel=\"canonical\" href=\"https:\/\/sbia.org.br\/lnlm\/publicacoes\/vol8-no2\/\" \/>\n<meta property=\"og:locale\" content=\"pt_BR\" \/>\n<meta property=\"og:type\" content=\"article\" \/>\n<meta property=\"og:title\" content=\"Learning &amp; Nonlinear Models - L&amp;NLM - Volume 8 - N\u00famero 2 - Learning and NonLinear Models\" \/>\n<meta property=\"og:description\" content=\"Volume 8 &#8211; N\u00famero 2 &#8211; 2010 &nbsp; CAPA &nbsp; Artigo 1 &#8211; MIMO VOLTERRA MODELING FOR NONLINEAR COMMUNICATION CHANNELS Carlos Alexandre R. Fernandes; Jo\u00e3o Cesar M. Mota; G\u00e9rad Favier &nbsp; Artigo 2 &#8211; CLASSIFICA\u00c7\u00c3O DE EVENTOS EM REDES DE Read More ...\" \/>\n<meta property=\"og:url\" content=\"https:\/\/sbia.org.br\/lnlm\/publicacoes\/vol8-no2\/\" \/>\n<meta property=\"og:site_name\" content=\"Learning and NonLinear Models\" \/>\n<meta name=\"twitter:card\" content=\"summary_large_image\" \/>\n<meta name=\"twitter:label1\" content=\"Est. tempo de leitura\" \/>\n\t<meta name=\"twitter:data1\" content=\"1 minuto\" \/>\n<script type=\"application\/ld+json\" class=\"yoast-schema-graph\">{\"@context\":\"https:\/\/schema.org\",\"@graph\":[{\"@type\":\"WebPage\",\"@id\":\"https:\/\/sbia.org.br\/lnlm\/publicacoes\/vol8-no2\/\",\"url\":\"https:\/\/sbia.org.br\/lnlm\/publicacoes\/vol8-no2\/\",\"name\":\"Learning & Nonlinear Models - L&NLM - Volume 8 - N\u00famero 2 - Learning and NonLinear Models\",\"isPartOf\":{\"@id\":\"https:\/\/sbia.org.br\/lnlm\/#website\"},\"datePublished\":\"2016-07-16T23:45:11+00:00\",\"breadcrumb\":{\"@id\":\"https:\/\/sbia.org.br\/lnlm\/publicacoes\/vol8-no2\/#breadcrumb\"},\"inLanguage\":\"pt-BR\",\"potentialAction\":[{\"@type\":\"ReadAction\",\"target\":[\"https:\/\/sbia.org.br\/lnlm\/publicacoes\/vol8-no2\/\"]}]},{\"@type\":\"BreadcrumbList\",\"@id\":\"https:\/\/sbia.org.br\/lnlm\/publicacoes\/vol8-no2\/#breadcrumb\",\"itemListElement\":[{\"@type\":\"ListItem\",\"position\":1,\"name\":\"Browse issues\",\"item\":\"https:\/\/sbia.org.br\/lnlm\/publicacoes\/\"},{\"@type\":\"ListItem\",\"position\":2,\"name\":\"Learning &#038; Nonlinear Models &#8211; L&#038;NLM &#8211; Volume 8 &#8211; N\u00famero 2\"}]},{\"@type\":\"WebSite\",\"@id\":\"https:\/\/sbia.org.br\/lnlm\/#website\",\"url\":\"https:\/\/sbia.org.br\/lnlm\/\",\"name\":\"Learning and NonLinear Models\",\"description\":\"\",\"publisher\":{\"@id\":\"https:\/\/sbia.org.br\/lnlm\/#organization\"},\"potentialAction\":[{\"@type\":\"SearchAction\",\"target\":{\"@type\":\"EntryPoint\",\"urlTemplate\":\"https:\/\/sbia.org.br\/lnlm\/?s={search_term_string}\"},\"query-input\":{\"@type\":\"PropertyValueSpecification\",\"valueRequired\":true,\"valueName\":\"search_term_string\"}}],\"inLanguage\":\"pt-BR\"},{\"@type\":\"Organization\",\"@id\":\"https:\/\/sbia.org.br\/lnlm\/#organization\",\"name\":\"Learning and NonLinear Models\",\"url\":\"https:\/\/sbia.org.br\/lnlm\/\",\"logo\":{\"@type\":\"ImageObject\",\"inLanguage\":\"pt-BR\",\"@id\":\"https:\/\/sbia.org.br\/lnlm\/#\/schema\/logo\/image\/\",\"url\":\"https:\/\/sbia.org.br\/lnlm\/wp-content\/uploads\/2021\/07\/logo-lnlm.png\",\"contentUrl\":\"https:\/\/sbia.org.br\/lnlm\/wp-content\/uploads\/2021\/07\/logo-lnlm.png\",\"width\":398,\"height\":94,\"caption\":\"Learning and NonLinear Models\"},\"image\":{\"@id\":\"https:\/\/sbia.org.br\/lnlm\/#\/schema\/logo\/image\/\"}}]}<\/script>\n<!-- \/ Yoast SEO plugin. -->","yoast_head_json":{"title":"Learning & Nonlinear Models - L&NLM - Volume 8 - N\u00famero 2 - Learning and NonLinear Models","robots":{"index":"index","follow":"follow","max-snippet":"max-snippet:-1","max-image-preview":"max-image-preview:large","max-video-preview":"max-video-preview:-1"},"canonical":"https:\/\/sbia.org.br\/lnlm\/publicacoes\/vol8-no2\/","og_locale":"pt_BR","og_type":"article","og_title":"Learning & Nonlinear Models - L&NLM - Volume 8 - N\u00famero 2 - Learning and NonLinear Models","og_description":"Volume 8 &#8211; N\u00famero 2 &#8211; 2010 &nbsp; CAPA &nbsp; Artigo 1 &#8211; MIMO VOLTERRA MODELING FOR NONLINEAR COMMUNICATION CHANNELS Carlos Alexandre R. Fernandes; Jo\u00e3o Cesar M. Mota; G\u00e9rad Favier &nbsp; Artigo 2 &#8211; CLASSIFICA\u00c7\u00c3O DE EVENTOS EM REDES DE Read More ...","og_url":"https:\/\/sbia.org.br\/lnlm\/publicacoes\/vol8-no2\/","og_site_name":"Learning and NonLinear Models","twitter_card":"summary_large_image","twitter_misc":{"Est. tempo de leitura":"1 minuto"},"schema":{"@context":"https:\/\/schema.org","@graph":[{"@type":"WebPage","@id":"https:\/\/sbia.org.br\/lnlm\/publicacoes\/vol8-no2\/","url":"https:\/\/sbia.org.br\/lnlm\/publicacoes\/vol8-no2\/","name":"Learning & Nonlinear Models - L&NLM - Volume 8 - N\u00famero 2 - Learning and NonLinear Models","isPartOf":{"@id":"https:\/\/sbia.org.br\/lnlm\/#website"},"datePublished":"2016-07-16T23:45:11+00:00","breadcrumb":{"@id":"https:\/\/sbia.org.br\/lnlm\/publicacoes\/vol8-no2\/#breadcrumb"},"inLanguage":"pt-BR","potentialAction":[{"@type":"ReadAction","target":["https:\/\/sbia.org.br\/lnlm\/publicacoes\/vol8-no2\/"]}]},{"@type":"BreadcrumbList","@id":"https:\/\/sbia.org.br\/lnlm\/publicacoes\/vol8-no2\/#breadcrumb","itemListElement":[{"@type":"ListItem","position":1,"name":"Browse issues","item":"https:\/\/sbia.org.br\/lnlm\/publicacoes\/"},{"@type":"ListItem","position":2,"name":"Learning &#038; Nonlinear Models &#8211; L&#038;NLM &#8211; Volume 8 &#8211; N\u00famero 2"}]},{"@type":"WebSite","@id":"https:\/\/sbia.org.br\/lnlm\/#website","url":"https:\/\/sbia.org.br\/lnlm\/","name":"Learning and NonLinear Models","description":"","publisher":{"@id":"https:\/\/sbia.org.br\/lnlm\/#organization"},"potentialAction":[{"@type":"SearchAction","target":{"@type":"EntryPoint","urlTemplate":"https:\/\/sbia.org.br\/lnlm\/?s={search_term_string}"},"query-input":{"@type":"PropertyValueSpecification","valueRequired":true,"valueName":"search_term_string"}}],"inLanguage":"pt-BR"},{"@type":"Organization","@id":"https:\/\/sbia.org.br\/lnlm\/#organization","name":"Learning and NonLinear Models","url":"https:\/\/sbia.org.br\/lnlm\/","logo":{"@type":"ImageObject","inLanguage":"pt-BR","@id":"https:\/\/sbia.org.br\/lnlm\/#\/schema\/logo\/image\/","url":"https:\/\/sbia.org.br\/lnlm\/wp-content\/uploads\/2021\/07\/logo-lnlm.png","contentUrl":"https:\/\/sbia.org.br\/lnlm\/wp-content\/uploads\/2021\/07\/logo-lnlm.png","width":398,"height":94,"caption":"Learning and NonLinear Models"},"image":{"@id":"https:\/\/sbia.org.br\/lnlm\/#\/schema\/logo\/image\/"}}]}},"_links":{"self":[{"href":"https:\/\/sbia.org.br\/lnlm\/wp-json\/wp\/v2\/pages\/473","targetHints":{"allow":["GET"]}}],"collection":[{"href":"https:\/\/sbia.org.br\/lnlm\/wp-json\/wp\/v2\/pages"}],"about":[{"href":"https:\/\/sbia.org.br\/lnlm\/wp-json\/wp\/v2\/types\/page"}],"author":[{"embeddable":true,"href":"https:\/\/sbia.org.br\/lnlm\/wp-json\/wp\/v2\/users\/1"}],"replies":[{"embeddable":true,"href":"https:\/\/sbia.org.br\/lnlm\/wp-json\/wp\/v2\/comments?post=473"}],"version-history":[{"count":0,"href":"https:\/\/sbia.org.br\/lnlm\/wp-json\/wp\/v2\/pages\/473\/revisions"}],"up":[{"embeddable":true,"href":"https:\/\/sbia.org.br\/lnlm\/wp-json\/wp\/v2\/pages\/23"}],"wp:attachment":[{"href":"https:\/\/sbia.org.br\/lnlm\/wp-json\/wp\/v2\/media?parent=473"}],"curies":[{"name":"wp","href":"https:\/\/api.w.org\/{rel}","templated":true}]}}