{"id":471,"date":"2016-07-16T20:06:09","date_gmt":"2016-07-16T23:06:09","guid":{"rendered":"https:\/\/sbia.org.br\/lnlm\/?page_id=471"},"modified":"2016-07-16T20:06:09","modified_gmt":"2016-07-16T23:06:09","slug":"vol8-no1-art5","status":"publish","type":"page","link":"https:\/\/sbia.org.br\/lnlm\/publicacoes\/vol8-no1\/vol8-no1-art5\/","title":{"rendered":"Despacho Econ\u00f4mico com Perdas e suas Variantes Utilizando o Algoritmo de Busca Harm\u00f4nica"},"content":{"rendered":"<p><strong>T\u00edtulo:<\/strong> Despacho Econ\u00f4mico com Perdas e suas Variantes Utilizando o Algoritmo de Busca Harm\u00f4nica<\/p>\n<p><strong>Autores:<\/strong> Fernandes, Emannuel J.; Nascimento, Jos\u00e9 A. do; Teles, Jos\u00e9 C.<\/p>\n<p align=\"justify\"><strong>Resumo:<\/strong> Este trabalho objetiva apresentar a aplica\u00e7\u00e3o de um novo algoritmo de otimiza\u00e7\u00e3o denominado Busca Harm\u00f4nica, uma t\u00e9cnica metaheur\u00edstica que tem sua inspira\u00e7\u00e3o na maneira como os m\u00fasicos improvisam melhores melodias durante a execu\u00e7\u00e3o de uma m\u00fasica, na solu\u00e7\u00e3o do problema do Despacho Econ\u00f4mico de Gera\u00e7\u00e3o e suas principais variantes, dentre elas, as perdas da rede, zonas de opera\u00e7\u00e3o proibidas, limites de rampa e reserva de giro. Compara\u00e7\u00f5es com outros algoritmos em casos de teste presentes na literatura comprovam a efic\u00e1cia desse algoritmo em prover solu\u00e7\u00f5es compar\u00e1veis aos algoritmos estado da arte na \u00e1rea.<\/p>\n<p><strong>Palavras-chave:<\/strong> Despacho Econ\u00f4mico; Busca Harm\u00f4nica; Busca Harm\u00f4nica Melhorada; Metaheur\u00edsticas; Otimiza\u00e7\u00e3o<\/p>\n<p><strong>P\u00e1ginas:<\/strong> 8<\/p>\n<p><strong>C\u00f3digo DOI:<\/strong> <a href=\"http:\/\/dx.doi.org\/10.21528\/lnlm-vol8-no1-art5\">10.21528\/lmln-vol8-no1-art5<\/a><\/p>\n<p><strong>Artigo em PDF:<\/strong> <a href=\"https:\/\/sbia.org.br\/lnlm\/wp-content\/uploads\/sites\/4\/2016\/07\/vol8-no1-art5.pdf\" rel=\"\">vol8-no1-art5.pdf<\/a><\/p>\n<p><strong>Arquivo BibTex:<\/strong> <a href=\"https:\/\/sbia.org.br\/lnlm\/wp-content\/uploads\/sites\/4\/2016\/07\/vol8-no1-art5.bib\" rel=\"\">vol8-no1-art5.bib<\/a><\/p>\n","protected":false},"excerpt":{"rendered":"<p>T\u00edtulo: Despacho Econ\u00f4mico com Perdas e suas Variantes Utilizando o Algoritmo de Busca Harm\u00f4nica Autores: Fernandes, Emannuel J.; Nascimento, Jos\u00e9 A. do; Teles, Jos\u00e9 C. Resumo: Este trabalho objetiva apresentar a aplica\u00e7\u00e3o de um novo algoritmo de otimiza\u00e7\u00e3o denominado Busca <a href=\"https:\/\/sbia.org.br\/lnlm\/publicacoes\/vol8-no1\/vol8-no1-art5\/\" class=\"read-more\">Read More &#8230;<\/a><\/p>\n","protected":false},"author":1,"featured_media":0,"parent":461,"menu_order":0,"comment_status":"closed","ping_status":"closed","template":"","meta":{"footnotes":""},"class_list":["post-471","page","type-page","status-publish","hentry"],"yoast_head":"<!-- This site is optimized with the Yoast SEO plugin v26.9 - https:\/\/yoast.com\/product\/yoast-seo-wordpress\/ -->\n<title>Despacho Econ\u00f4mico com Perdas e suas Variantes Utilizando o Algoritmo de Busca Harm\u00f4nica - Learning and NonLinear Models<\/title>\n<meta name=\"robots\" content=\"index, follow, max-snippet:-1, max-image-preview:large, max-video-preview:-1\" \/>\n<link rel=\"canonical\" href=\"https:\/\/sbia.org.br\/lnlm\/publicacoes\/vol8-no1\/vol8-no1-art5\/\" \/>\n<meta property=\"og:locale\" content=\"pt_BR\" \/>\n<meta property=\"og:type\" content=\"article\" \/>\n<meta property=\"og:title\" content=\"Despacho Econ\u00f4mico com Perdas e suas Variantes Utilizando o Algoritmo de Busca Harm\u00f4nica - Learning and NonLinear Models\" \/>\n<meta property=\"og:description\" content=\"T\u00edtulo: Despacho Econ\u00f4mico com Perdas e suas Variantes Utilizando o Algoritmo de Busca Harm\u00f4nica Autores: Fernandes, Emannuel J.; Nascimento, Jos\u00e9 A. do; Teles, Jos\u00e9 C. Resumo: Este trabalho objetiva apresentar a aplica\u00e7\u00e3o de um novo algoritmo de otimiza\u00e7\u00e3o denominado Busca Read More ...\" \/>\n<meta property=\"og:url\" content=\"https:\/\/sbia.org.br\/lnlm\/publicacoes\/vol8-no1\/vol8-no1-art5\/\" \/>\n<meta property=\"og:site_name\" content=\"Learning and NonLinear Models\" \/>\n<meta name=\"twitter:card\" content=\"summary_large_image\" \/>\n<meta name=\"twitter:label1\" content=\"Est. tempo de leitura\" \/>\n\t<meta name=\"twitter:data1\" content=\"1 minuto\" \/>\n<script type=\"application\/ld+json\" class=\"yoast-schema-graph\">{\"@context\":\"https:\/\/schema.org\",\"@graph\":[{\"@type\":\"WebPage\",\"@id\":\"https:\/\/sbia.org.br\/lnlm\/publicacoes\/vol8-no1\/vol8-no1-art5\/\",\"url\":\"https:\/\/sbia.org.br\/lnlm\/publicacoes\/vol8-no1\/vol8-no1-art5\/\",\"name\":\"Despacho Econ\u00f4mico com Perdas e suas Variantes Utilizando o Algoritmo de Busca Harm\u00f4nica - Learning and NonLinear Models\",\"isPartOf\":{\"@id\":\"https:\/\/sbia.org.br\/lnlm\/#website\"},\"datePublished\":\"2016-07-16T23:06:09+00:00\",\"breadcrumb\":{\"@id\":\"https:\/\/sbia.org.br\/lnlm\/publicacoes\/vol8-no1\/vol8-no1-art5\/#breadcrumb\"},\"inLanguage\":\"pt-BR\",\"potentialAction\":[{\"@type\":\"ReadAction\",\"target\":[\"https:\/\/sbia.org.br\/lnlm\/publicacoes\/vol8-no1\/vol8-no1-art5\/\"]}]},{\"@type\":\"BreadcrumbList\",\"@id\":\"https:\/\/sbia.org.br\/lnlm\/publicacoes\/vol8-no1\/vol8-no1-art5\/#breadcrumb\",\"itemListElement\":[{\"@type\":\"ListItem\",\"position\":1,\"name\":\"Browse issues\",\"item\":\"https:\/\/sbia.org.br\/lnlm\/publicacoes\/\"},{\"@type\":\"ListItem\",\"position\":2,\"name\":\"Learning &#038; Nonlinear Models &#8211; L&#038;NLM &#8211; Volume 8 &#8211; N\u00famero 1\",\"item\":\"https:\/\/sbia.org.br\/lnlm\/publicacoes\/vol8-no1\/\"},{\"@type\":\"ListItem\",\"position\":3,\"name\":\"Despacho Econ\u00f4mico com Perdas e suas Variantes Utilizando o Algoritmo de Busca Harm\u00f4nica\"}]},{\"@type\":\"WebSite\",\"@id\":\"https:\/\/sbia.org.br\/lnlm\/#website\",\"url\":\"https:\/\/sbia.org.br\/lnlm\/\",\"name\":\"Learning and NonLinear Models\",\"description\":\"\",\"publisher\":{\"@id\":\"https:\/\/sbia.org.br\/lnlm\/#organization\"},\"potentialAction\":[{\"@type\":\"SearchAction\",\"target\":{\"@type\":\"EntryPoint\",\"urlTemplate\":\"https:\/\/sbia.org.br\/lnlm\/?s={search_term_string}\"},\"query-input\":{\"@type\":\"PropertyValueSpecification\",\"valueRequired\":true,\"valueName\":\"search_term_string\"}}],\"inLanguage\":\"pt-BR\"},{\"@type\":\"Organization\",\"@id\":\"https:\/\/sbia.org.br\/lnlm\/#organization\",\"name\":\"Learning and NonLinear Models\",\"url\":\"https:\/\/sbia.org.br\/lnlm\/\",\"logo\":{\"@type\":\"ImageObject\",\"inLanguage\":\"pt-BR\",\"@id\":\"https:\/\/sbia.org.br\/lnlm\/#\/schema\/logo\/image\/\",\"url\":\"https:\/\/sbia.org.br\/lnlm\/wp-content\/uploads\/2021\/07\/logo-lnlm.png\",\"contentUrl\":\"https:\/\/sbia.org.br\/lnlm\/wp-content\/uploads\/2021\/07\/logo-lnlm.png\",\"width\":398,\"height\":94,\"caption\":\"Learning and NonLinear Models\"},\"image\":{\"@id\":\"https:\/\/sbia.org.br\/lnlm\/#\/schema\/logo\/image\/\"}}]}<\/script>\n<!-- \/ Yoast SEO plugin. -->","yoast_head_json":{"title":"Despacho Econ\u00f4mico com Perdas e suas Variantes Utilizando o Algoritmo de Busca Harm\u00f4nica - Learning and NonLinear Models","robots":{"index":"index","follow":"follow","max-snippet":"max-snippet:-1","max-image-preview":"max-image-preview:large","max-video-preview":"max-video-preview:-1"},"canonical":"https:\/\/sbia.org.br\/lnlm\/publicacoes\/vol8-no1\/vol8-no1-art5\/","og_locale":"pt_BR","og_type":"article","og_title":"Despacho Econ\u00f4mico com Perdas e suas Variantes Utilizando o Algoritmo de Busca Harm\u00f4nica - Learning and NonLinear Models","og_description":"T\u00edtulo: Despacho Econ\u00f4mico com Perdas e suas Variantes Utilizando o Algoritmo de Busca Harm\u00f4nica Autores: Fernandes, Emannuel J.; Nascimento, Jos\u00e9 A. do; Teles, Jos\u00e9 C. Resumo: Este trabalho objetiva apresentar a aplica\u00e7\u00e3o de um novo algoritmo de otimiza\u00e7\u00e3o denominado Busca Read More ...","og_url":"https:\/\/sbia.org.br\/lnlm\/publicacoes\/vol8-no1\/vol8-no1-art5\/","og_site_name":"Learning and NonLinear Models","twitter_card":"summary_large_image","twitter_misc":{"Est. tempo de leitura":"1 minuto"},"schema":{"@context":"https:\/\/schema.org","@graph":[{"@type":"WebPage","@id":"https:\/\/sbia.org.br\/lnlm\/publicacoes\/vol8-no1\/vol8-no1-art5\/","url":"https:\/\/sbia.org.br\/lnlm\/publicacoes\/vol8-no1\/vol8-no1-art5\/","name":"Despacho Econ\u00f4mico com Perdas e suas Variantes Utilizando o Algoritmo de Busca Harm\u00f4nica - Learning and NonLinear Models","isPartOf":{"@id":"https:\/\/sbia.org.br\/lnlm\/#website"},"datePublished":"2016-07-16T23:06:09+00:00","breadcrumb":{"@id":"https:\/\/sbia.org.br\/lnlm\/publicacoes\/vol8-no1\/vol8-no1-art5\/#breadcrumb"},"inLanguage":"pt-BR","potentialAction":[{"@type":"ReadAction","target":["https:\/\/sbia.org.br\/lnlm\/publicacoes\/vol8-no1\/vol8-no1-art5\/"]}]},{"@type":"BreadcrumbList","@id":"https:\/\/sbia.org.br\/lnlm\/publicacoes\/vol8-no1\/vol8-no1-art5\/#breadcrumb","itemListElement":[{"@type":"ListItem","position":1,"name":"Browse issues","item":"https:\/\/sbia.org.br\/lnlm\/publicacoes\/"},{"@type":"ListItem","position":2,"name":"Learning &#038; Nonlinear Models &#8211; L&#038;NLM &#8211; Volume 8 &#8211; N\u00famero 1","item":"https:\/\/sbia.org.br\/lnlm\/publicacoes\/vol8-no1\/"},{"@type":"ListItem","position":3,"name":"Despacho Econ\u00f4mico com Perdas e suas Variantes Utilizando o Algoritmo de Busca Harm\u00f4nica"}]},{"@type":"WebSite","@id":"https:\/\/sbia.org.br\/lnlm\/#website","url":"https:\/\/sbia.org.br\/lnlm\/","name":"Learning and NonLinear Models","description":"","publisher":{"@id":"https:\/\/sbia.org.br\/lnlm\/#organization"},"potentialAction":[{"@type":"SearchAction","target":{"@type":"EntryPoint","urlTemplate":"https:\/\/sbia.org.br\/lnlm\/?s={search_term_string}"},"query-input":{"@type":"PropertyValueSpecification","valueRequired":true,"valueName":"search_term_string"}}],"inLanguage":"pt-BR"},{"@type":"Organization","@id":"https:\/\/sbia.org.br\/lnlm\/#organization","name":"Learning and NonLinear Models","url":"https:\/\/sbia.org.br\/lnlm\/","logo":{"@type":"ImageObject","inLanguage":"pt-BR","@id":"https:\/\/sbia.org.br\/lnlm\/#\/schema\/logo\/image\/","url":"https:\/\/sbia.org.br\/lnlm\/wp-content\/uploads\/2021\/07\/logo-lnlm.png","contentUrl":"https:\/\/sbia.org.br\/lnlm\/wp-content\/uploads\/2021\/07\/logo-lnlm.png","width":398,"height":94,"caption":"Learning and NonLinear Models"},"image":{"@id":"https:\/\/sbia.org.br\/lnlm\/#\/schema\/logo\/image\/"}}]}},"_links":{"self":[{"href":"https:\/\/sbia.org.br\/lnlm\/wp-json\/wp\/v2\/pages\/471","targetHints":{"allow":["GET"]}}],"collection":[{"href":"https:\/\/sbia.org.br\/lnlm\/wp-json\/wp\/v2\/pages"}],"about":[{"href":"https:\/\/sbia.org.br\/lnlm\/wp-json\/wp\/v2\/types\/page"}],"author":[{"embeddable":true,"href":"https:\/\/sbia.org.br\/lnlm\/wp-json\/wp\/v2\/users\/1"}],"replies":[{"embeddable":true,"href":"https:\/\/sbia.org.br\/lnlm\/wp-json\/wp\/v2\/comments?post=471"}],"version-history":[{"count":0,"href":"https:\/\/sbia.org.br\/lnlm\/wp-json\/wp\/v2\/pages\/471\/revisions"}],"up":[{"embeddable":true,"href":"https:\/\/sbia.org.br\/lnlm\/wp-json\/wp\/v2\/pages\/461"}],"wp:attachment":[{"href":"https:\/\/sbia.org.br\/lnlm\/wp-json\/wp\/v2\/media?parent=471"}],"curies":[{"name":"wp","href":"https:\/\/api.w.org\/{rel}","templated":true}]}}