{"id":469,"date":"2016-07-16T20:04:38","date_gmt":"2016-07-16T23:04:38","guid":{"rendered":"https:\/\/sbia.org.br\/lnlm\/?page_id=469"},"modified":"2016-07-16T20:04:38","modified_gmt":"2016-07-16T23:04:38","slug":"vol8-no1-art4","status":"publish","type":"page","link":"https:\/\/sbia.org.br\/lnlm\/publicacoes\/vol8-no1\/vol8-no1-art4\/","title":{"rendered":"Estudo de Representa\u00e7\u00f5es em Redes Neurais para An\u00e1lise da Afinidade de Liga\u00e7\u00e3o de Compostos Anti-HIV"},"content":{"rendered":"<p><strong>T\u00edtulo:<\/strong> Estudo de Representa\u00e7\u00f5es em Redes Neurais para An\u00e1lise da Afinidade de Liga\u00e7\u00e3o de Compostos Anti-HIV<\/p>\n<p><strong>Autores:<\/strong> Duarte, Davi F.; Magalh\u00e3es, Camila S. de; Mol, Ant\u00f4nio C. A.; Caffarena, Ernesto R.<\/p>\n<p align=\"justify\"><strong>Resumo:<\/strong> A determina\u00e7\u00e3o r\u00e1pida e acurada da afinidade de liga\u00e7\u00e3o entre ligantes e seus receptores, seria de enorme benef\u00edcio para a \u00e1rea de desenho racional de f\u00e1rmacos. Este fato possibilitaria a an\u00e1lise da afinidade de um grande n\u00famero de compostos antes que eles fossem quimicamente sintetizados e avaliados experimentalmente, tornando mais \u00e1gil o processo como um todo. Neste trabalho, a utiliza\u00e7\u00e3o de Redes Neurais Artificiais (RNA) para a an\u00e1lise da afinidade de liga\u00e7\u00e3o de compostos com potencial atividade anti-HIV \u00e9 investigada. O m\u00e9todo desenvolvido utiliza uma rede neural de regress\u00e3o gen\u00e9rica (GRNN \u2013 General Regression Neural Network) para an\u00e1lise da afinidade de liga\u00e7\u00e3o com base nas informa\u00e7\u00f5es estruturais e no modo de liga\u00e7\u00e3o dos compostos. Estruturas experimentais de 90 inibidores da enzima HIV-1 protease, com afinidade de liga\u00e7\u00e3o conhecida, foram obtidas do banco de estruturas moleculares Protein Data Bank (PDB) e utilizadas para treinamento e teste da rede neural. Foram desenvolvidas diversas maneiras de representa\u00e7\u00e3o das estruturas dos ligantes, a partir de uma malha tridimensional e por descritores moleculares, utilizadas como entrada para a rede. A RNA foi estudada para discrimina\u00e7\u00e3o de compostos em n\u00edveis de atividade. Os resultados indicam que o m\u00e9todo desenvolvido pode se tornar uma ferramenta \u00fatil para o desenho racional de f\u00e1rmacos.<\/p>\n<p><strong>Palavras-chave:<\/strong> Afinidade de Liga\u00e7\u00e3o Receptor-ligante; Redes Neurais Artificiais; HIV-1 Protease; AIDS<\/p>\n<p><strong>P\u00e1ginas:<\/strong> 11<\/p>\n<p><strong>C\u00f3digo DOI:<\/strong> <a href=\"http:\/\/dx.doi.org\/10.21528\/lnlm-vol8-no1-art4\">10.21528\/lmln-vol8-no1-art4<\/a><\/p>\n<p><strong>Artigo em PDF:<\/strong> <a href=\"https:\/\/sbia.org.br\/lnlm\/wp-content\/uploads\/sites\/4\/2016\/07\/vol8-no1-art4.pdf\" rel=\"\">vol8-no1-art4.pdf<\/a><\/p>\n<p><strong>Arquivo BibTex:<\/strong> <a href=\"https:\/\/sbia.org.br\/lnlm\/wp-content\/uploads\/sites\/4\/2016\/07\/vol8-no1-art4.bib\" rel=\"\">vol8-no1-art4.bib<\/a><\/p>\n","protected":false},"excerpt":{"rendered":"<p>T\u00edtulo: Estudo de Representa\u00e7\u00f5es em Redes Neurais para An\u00e1lise da Afinidade de Liga\u00e7\u00e3o de Compostos Anti-HIV Autores: Duarte, Davi F.; Magalh\u00e3es, Camila S. de; Mol, Ant\u00f4nio C. A.; Caffarena, Ernesto R. Resumo: A determina\u00e7\u00e3o r\u00e1pida e acurada da afinidade de <a href=\"https:\/\/sbia.org.br\/lnlm\/publicacoes\/vol8-no1\/vol8-no1-art4\/\" class=\"read-more\">Read More &#8230;<\/a><\/p>\n","protected":false},"author":1,"featured_media":0,"parent":461,"menu_order":0,"comment_status":"closed","ping_status":"closed","template":"","meta":{"footnotes":""},"class_list":["post-469","page","type-page","status-publish","hentry"],"yoast_head":"<!-- This site is optimized with the Yoast SEO plugin v26.9 - https:\/\/yoast.com\/product\/yoast-seo-wordpress\/ -->\n<title>Estudo de Representa\u00e7\u00f5es em Redes Neurais para An\u00e1lise da Afinidade de Liga\u00e7\u00e3o de Compostos Anti-HIV - Learning and NonLinear Models<\/title>\n<meta name=\"robots\" content=\"index, follow, max-snippet:-1, max-image-preview:large, max-video-preview:-1\" \/>\n<link rel=\"canonical\" href=\"https:\/\/sbia.org.br\/lnlm\/publicacoes\/vol8-no1\/vol8-no1-art4\/\" \/>\n<meta property=\"og:locale\" content=\"pt_BR\" \/>\n<meta property=\"og:type\" content=\"article\" \/>\n<meta property=\"og:title\" content=\"Estudo de Representa\u00e7\u00f5es em Redes Neurais para An\u00e1lise da Afinidade de Liga\u00e7\u00e3o de Compostos Anti-HIV - Learning and NonLinear Models\" \/>\n<meta property=\"og:description\" content=\"T\u00edtulo: Estudo de Representa\u00e7\u00f5es em Redes Neurais para An\u00e1lise da Afinidade de Liga\u00e7\u00e3o de Compostos Anti-HIV Autores: Duarte, Davi F.; Magalh\u00e3es, Camila S. de; Mol, Ant\u00f4nio C. A.; Caffarena, Ernesto R. Resumo: A determina\u00e7\u00e3o r\u00e1pida e acurada da afinidade de Read More ...\" \/>\n<meta property=\"og:url\" content=\"https:\/\/sbia.org.br\/lnlm\/publicacoes\/vol8-no1\/vol8-no1-art4\/\" \/>\n<meta property=\"og:site_name\" content=\"Learning and NonLinear Models\" \/>\n<meta name=\"twitter:card\" content=\"summary_large_image\" \/>\n<meta name=\"twitter:label1\" content=\"Est. tempo de leitura\" \/>\n\t<meta name=\"twitter:data1\" content=\"1 minuto\" \/>\n<script type=\"application\/ld+json\" class=\"yoast-schema-graph\">{\"@context\":\"https:\/\/schema.org\",\"@graph\":[{\"@type\":\"WebPage\",\"@id\":\"https:\/\/sbia.org.br\/lnlm\/publicacoes\/vol8-no1\/vol8-no1-art4\/\",\"url\":\"https:\/\/sbia.org.br\/lnlm\/publicacoes\/vol8-no1\/vol8-no1-art4\/\",\"name\":\"Estudo de Representa\u00e7\u00f5es em Redes Neurais para An\u00e1lise da Afinidade de Liga\u00e7\u00e3o de Compostos Anti-HIV - Learning and NonLinear Models\",\"isPartOf\":{\"@id\":\"https:\/\/sbia.org.br\/lnlm\/#website\"},\"datePublished\":\"2016-07-16T23:04:38+00:00\",\"breadcrumb\":{\"@id\":\"https:\/\/sbia.org.br\/lnlm\/publicacoes\/vol8-no1\/vol8-no1-art4\/#breadcrumb\"},\"inLanguage\":\"pt-BR\",\"potentialAction\":[{\"@type\":\"ReadAction\",\"target\":[\"https:\/\/sbia.org.br\/lnlm\/publicacoes\/vol8-no1\/vol8-no1-art4\/\"]}]},{\"@type\":\"BreadcrumbList\",\"@id\":\"https:\/\/sbia.org.br\/lnlm\/publicacoes\/vol8-no1\/vol8-no1-art4\/#breadcrumb\",\"itemListElement\":[{\"@type\":\"ListItem\",\"position\":1,\"name\":\"Browse issues\",\"item\":\"https:\/\/sbia.org.br\/lnlm\/publicacoes\/\"},{\"@type\":\"ListItem\",\"position\":2,\"name\":\"Learning &#038; Nonlinear Models &#8211; L&#038;NLM &#8211; Volume 8 &#8211; N\u00famero 1\",\"item\":\"https:\/\/sbia.org.br\/lnlm\/publicacoes\/vol8-no1\/\"},{\"@type\":\"ListItem\",\"position\":3,\"name\":\"Estudo de Representa\u00e7\u00f5es em Redes Neurais para An\u00e1lise da Afinidade de Liga\u00e7\u00e3o de Compostos Anti-HIV\"}]},{\"@type\":\"WebSite\",\"@id\":\"https:\/\/sbia.org.br\/lnlm\/#website\",\"url\":\"https:\/\/sbia.org.br\/lnlm\/\",\"name\":\"Learning and NonLinear Models\",\"description\":\"\",\"publisher\":{\"@id\":\"https:\/\/sbia.org.br\/lnlm\/#organization\"},\"potentialAction\":[{\"@type\":\"SearchAction\",\"target\":{\"@type\":\"EntryPoint\",\"urlTemplate\":\"https:\/\/sbia.org.br\/lnlm\/?s={search_term_string}\"},\"query-input\":{\"@type\":\"PropertyValueSpecification\",\"valueRequired\":true,\"valueName\":\"search_term_string\"}}],\"inLanguage\":\"pt-BR\"},{\"@type\":\"Organization\",\"@id\":\"https:\/\/sbia.org.br\/lnlm\/#organization\",\"name\":\"Learning and NonLinear Models\",\"url\":\"https:\/\/sbia.org.br\/lnlm\/\",\"logo\":{\"@type\":\"ImageObject\",\"inLanguage\":\"pt-BR\",\"@id\":\"https:\/\/sbia.org.br\/lnlm\/#\/schema\/logo\/image\/\",\"url\":\"https:\/\/sbia.org.br\/lnlm\/wp-content\/uploads\/2021\/07\/logo-lnlm.png\",\"contentUrl\":\"https:\/\/sbia.org.br\/lnlm\/wp-content\/uploads\/2021\/07\/logo-lnlm.png\",\"width\":398,\"height\":94,\"caption\":\"Learning and NonLinear Models\"},\"image\":{\"@id\":\"https:\/\/sbia.org.br\/lnlm\/#\/schema\/logo\/image\/\"}}]}<\/script>\n<!-- \/ Yoast SEO plugin. -->","yoast_head_json":{"title":"Estudo de Representa\u00e7\u00f5es em Redes Neurais para An\u00e1lise da Afinidade de Liga\u00e7\u00e3o de Compostos Anti-HIV - Learning and NonLinear Models","robots":{"index":"index","follow":"follow","max-snippet":"max-snippet:-1","max-image-preview":"max-image-preview:large","max-video-preview":"max-video-preview:-1"},"canonical":"https:\/\/sbia.org.br\/lnlm\/publicacoes\/vol8-no1\/vol8-no1-art4\/","og_locale":"pt_BR","og_type":"article","og_title":"Estudo de Representa\u00e7\u00f5es em Redes Neurais para An\u00e1lise da Afinidade de Liga\u00e7\u00e3o de Compostos Anti-HIV - Learning and NonLinear Models","og_description":"T\u00edtulo: Estudo de Representa\u00e7\u00f5es em Redes Neurais para An\u00e1lise da Afinidade de Liga\u00e7\u00e3o de Compostos Anti-HIV Autores: Duarte, Davi F.; Magalh\u00e3es, Camila S. de; Mol, Ant\u00f4nio C. A.; Caffarena, Ernesto R. Resumo: A determina\u00e7\u00e3o r\u00e1pida e acurada da afinidade de Read More ...","og_url":"https:\/\/sbia.org.br\/lnlm\/publicacoes\/vol8-no1\/vol8-no1-art4\/","og_site_name":"Learning and NonLinear Models","twitter_card":"summary_large_image","twitter_misc":{"Est. tempo de leitura":"1 minuto"},"schema":{"@context":"https:\/\/schema.org","@graph":[{"@type":"WebPage","@id":"https:\/\/sbia.org.br\/lnlm\/publicacoes\/vol8-no1\/vol8-no1-art4\/","url":"https:\/\/sbia.org.br\/lnlm\/publicacoes\/vol8-no1\/vol8-no1-art4\/","name":"Estudo de Representa\u00e7\u00f5es em Redes Neurais para An\u00e1lise da Afinidade de Liga\u00e7\u00e3o de Compostos Anti-HIV - Learning and NonLinear Models","isPartOf":{"@id":"https:\/\/sbia.org.br\/lnlm\/#website"},"datePublished":"2016-07-16T23:04:38+00:00","breadcrumb":{"@id":"https:\/\/sbia.org.br\/lnlm\/publicacoes\/vol8-no1\/vol8-no1-art4\/#breadcrumb"},"inLanguage":"pt-BR","potentialAction":[{"@type":"ReadAction","target":["https:\/\/sbia.org.br\/lnlm\/publicacoes\/vol8-no1\/vol8-no1-art4\/"]}]},{"@type":"BreadcrumbList","@id":"https:\/\/sbia.org.br\/lnlm\/publicacoes\/vol8-no1\/vol8-no1-art4\/#breadcrumb","itemListElement":[{"@type":"ListItem","position":1,"name":"Browse issues","item":"https:\/\/sbia.org.br\/lnlm\/publicacoes\/"},{"@type":"ListItem","position":2,"name":"Learning &#038; Nonlinear Models &#8211; L&#038;NLM &#8211; Volume 8 &#8211; N\u00famero 1","item":"https:\/\/sbia.org.br\/lnlm\/publicacoes\/vol8-no1\/"},{"@type":"ListItem","position":3,"name":"Estudo de Representa\u00e7\u00f5es em Redes Neurais para An\u00e1lise da Afinidade de Liga\u00e7\u00e3o de Compostos Anti-HIV"}]},{"@type":"WebSite","@id":"https:\/\/sbia.org.br\/lnlm\/#website","url":"https:\/\/sbia.org.br\/lnlm\/","name":"Learning and NonLinear Models","description":"","publisher":{"@id":"https:\/\/sbia.org.br\/lnlm\/#organization"},"potentialAction":[{"@type":"SearchAction","target":{"@type":"EntryPoint","urlTemplate":"https:\/\/sbia.org.br\/lnlm\/?s={search_term_string}"},"query-input":{"@type":"PropertyValueSpecification","valueRequired":true,"valueName":"search_term_string"}}],"inLanguage":"pt-BR"},{"@type":"Organization","@id":"https:\/\/sbia.org.br\/lnlm\/#organization","name":"Learning and NonLinear Models","url":"https:\/\/sbia.org.br\/lnlm\/","logo":{"@type":"ImageObject","inLanguage":"pt-BR","@id":"https:\/\/sbia.org.br\/lnlm\/#\/schema\/logo\/image\/","url":"https:\/\/sbia.org.br\/lnlm\/wp-content\/uploads\/2021\/07\/logo-lnlm.png","contentUrl":"https:\/\/sbia.org.br\/lnlm\/wp-content\/uploads\/2021\/07\/logo-lnlm.png","width":398,"height":94,"caption":"Learning and NonLinear Models"},"image":{"@id":"https:\/\/sbia.org.br\/lnlm\/#\/schema\/logo\/image\/"}}]}},"_links":{"self":[{"href":"https:\/\/sbia.org.br\/lnlm\/wp-json\/wp\/v2\/pages\/469","targetHints":{"allow":["GET"]}}],"collection":[{"href":"https:\/\/sbia.org.br\/lnlm\/wp-json\/wp\/v2\/pages"}],"about":[{"href":"https:\/\/sbia.org.br\/lnlm\/wp-json\/wp\/v2\/types\/page"}],"author":[{"embeddable":true,"href":"https:\/\/sbia.org.br\/lnlm\/wp-json\/wp\/v2\/users\/1"}],"replies":[{"embeddable":true,"href":"https:\/\/sbia.org.br\/lnlm\/wp-json\/wp\/v2\/comments?post=469"}],"version-history":[{"count":0,"href":"https:\/\/sbia.org.br\/lnlm\/wp-json\/wp\/v2\/pages\/469\/revisions"}],"up":[{"embeddable":true,"href":"https:\/\/sbia.org.br\/lnlm\/wp-json\/wp\/v2\/pages\/461"}],"wp:attachment":[{"href":"https:\/\/sbia.org.br\/lnlm\/wp-json\/wp\/v2\/media?parent=469"}],"curies":[{"name":"wp","href":"https:\/\/api.w.org\/{rel}","templated":true}]}}