{"id":457,"date":"2016-07-16T19:27:19","date_gmt":"2016-07-16T22:27:19","guid":{"rendered":"https:\/\/sbia.org.br\/lnlm\/?page_id=457"},"modified":"2016-07-16T19:27:19","modified_gmt":"2016-07-16T22:27:19","slug":"vol7-no2-art4","status":"publish","type":"page","link":"https:\/\/sbia.org.br\/lnlm\/publicacoes\/vol7-no2\/vol7-no2-art4\/","title":{"rendered":"Sistema Baseado em Rede SOM para Inspe\u00e7\u00e3o Visual Autom\u00e1tica de Defeitos em A\u00e7os Laminados"},"content":{"rendered":"<p><strong>T\u00edtulo:<\/strong> Sistema Baseado em Rede SOM para Inspe\u00e7\u00e3o Visual Autom\u00e1tica de Defeitos em A\u00e7os Laminados<\/p>\n<p><strong>Autores:<\/strong> Martins, Luiz A. O.; P\u00e1dua, Fl\u00e1vio L. C.; Almeida, Paulo E. M. de<\/p>\n<p align=\"justify\"><strong>Resumo:<\/strong> Este artigo descreve o problema de inspe\u00e7\u00e3o visual autom\u00e1tica de defeitos de superf\u00edcie de a\u00e7os laminados usando t\u00e9cnicas de an\u00e1lise de imagens e Redes Neurais Artificiais. Diferentemente de muitas t\u00e9cnicas comuns que s\u00e3o frequentemente baseadas em estima\u00e7\u00f5es manuais e que lidam com tempo significante e restri\u00e7\u00f5es financeiras, \u00e9 apresentado um sistema autom\u00e1tico baseado em (i) a t\u00e3o conhecida e robusta t\u00e9cnica de extra\u00e7\u00e3o de caracter\u00edsticas: An\u00e1lise de Componentes Principais (Principal Component Analysis \u2013 PCA) para parametriza\u00e7\u00e3o da forma e apar\u00eancia dos defeitos e, (ii) o modelo de Rede Neural Artificial: Mapas Auto-Organiz\u00e1veis (Self-Organizing Map &#8211; SOM) para prop\u00f3sitos de classifica\u00e7\u00e3o. Tr\u00eas defeitos de superf\u00edcie em a\u00e7os laminados foram considerados neste trabalho: esfolia\u00e7\u00e3o, oxida\u00e7\u00e3o e marca de ondula\u00e7\u00e3o ou repuxado. O sistema desenvolvido foi validado com sucesso utilizando imagens de filmagens de a\u00e7o laminado processado em uma linha de lamina\u00e7\u00e3o de uma ind\u00fastria sider\u00fargica, atingindo uma exatid\u00e3o de classifica\u00e7\u00e3o global de 77% e demonstrando seu grande potencial para aplica\u00e7\u00e3o em cen\u00e1rios reais.<\/p>\n<p><strong>Palavras-chave:<\/strong> Intelig\u00eancia computacional; mapas auto-organiz\u00e1veis; inspe\u00e7\u00e3o visual autom\u00e1tica; a\u00e7o laminado<\/p>\n<p><strong>P\u00e1ginas:<\/strong> 12<\/p>\n<p><strong>C\u00f3digo DOI:<\/strong> <a href=\"http:\/\/dx.doi.org\/10.21528\/lnlm-vol7-no2-art4\">10.21528\/lmln-vol7-no2-art4<\/a><\/p>\n<p><strong>Artigo em PDF:<\/strong> <a href=\"https:\/\/sbia.org.br\/lnlm\/wp-content\/uploads\/sites\/4\/2016\/07\/vol7-no2-art4.pdf\" rel=\"\">vol7-no2-art4.pdf<\/a><\/p>\n<p><strong>Arquivo BibTex:<\/strong> <a href=\"https:\/\/sbia.org.br\/lnlm\/wp-content\/uploads\/sites\/4\/2016\/07\/vol7-no2-art4.bib\" rel=\"\">vol7-no2-art4.bib<\/a><\/p>\n","protected":false},"excerpt":{"rendered":"<p>T\u00edtulo: Sistema Baseado em Rede SOM para Inspe\u00e7\u00e3o Visual Autom\u00e1tica de Defeitos em A\u00e7os Laminados Autores: Martins, Luiz A. O.; P\u00e1dua, Fl\u00e1vio L. C.; Almeida, Paulo E. M. de Resumo: Este artigo descreve o problema de inspe\u00e7\u00e3o visual autom\u00e1tica de <a href=\"https:\/\/sbia.org.br\/lnlm\/publicacoes\/vol7-no2\/vol7-no2-art4\/\" class=\"read-more\">Read More &#8230;<\/a><\/p>\n","protected":false},"author":1,"featured_media":0,"parent":449,"menu_order":0,"comment_status":"closed","ping_status":"closed","template":"","meta":{"footnotes":""},"class_list":["post-457","page","type-page","status-publish","hentry"],"yoast_head":"<!-- This site is optimized with the Yoast SEO plugin v26.9 - https:\/\/yoast.com\/product\/yoast-seo-wordpress\/ -->\n<title>Sistema Baseado em Rede SOM para Inspe\u00e7\u00e3o Visual Autom\u00e1tica de Defeitos em A\u00e7os Laminados - Learning and NonLinear Models<\/title>\n<meta name=\"robots\" content=\"index, follow, max-snippet:-1, max-image-preview:large, max-video-preview:-1\" \/>\n<link rel=\"canonical\" href=\"https:\/\/sbia.org.br\/lnlm\/publicacoes\/vol7-no2\/vol7-no2-art4\/\" \/>\n<meta property=\"og:locale\" content=\"pt_BR\" \/>\n<meta property=\"og:type\" content=\"article\" \/>\n<meta property=\"og:title\" content=\"Sistema Baseado em Rede SOM para Inspe\u00e7\u00e3o Visual Autom\u00e1tica de Defeitos em A\u00e7os Laminados - Learning and NonLinear Models\" \/>\n<meta property=\"og:description\" content=\"T\u00edtulo: Sistema Baseado em Rede SOM para Inspe\u00e7\u00e3o Visual Autom\u00e1tica de Defeitos em A\u00e7os Laminados Autores: Martins, Luiz A. O.; P\u00e1dua, Fl\u00e1vio L. C.; Almeida, Paulo E. M. de Resumo: Este artigo descreve o problema de inspe\u00e7\u00e3o visual autom\u00e1tica de Read More ...\" \/>\n<meta property=\"og:url\" content=\"https:\/\/sbia.org.br\/lnlm\/publicacoes\/vol7-no2\/vol7-no2-art4\/\" \/>\n<meta property=\"og:site_name\" content=\"Learning and NonLinear Models\" \/>\n<meta name=\"twitter:card\" content=\"summary_large_image\" \/>\n<meta name=\"twitter:label1\" content=\"Est. tempo de leitura\" \/>\n\t<meta name=\"twitter:data1\" content=\"1 minuto\" \/>\n<script type=\"application\/ld+json\" class=\"yoast-schema-graph\">{\"@context\":\"https:\/\/schema.org\",\"@graph\":[{\"@type\":\"WebPage\",\"@id\":\"https:\/\/sbia.org.br\/lnlm\/publicacoes\/vol7-no2\/vol7-no2-art4\/\",\"url\":\"https:\/\/sbia.org.br\/lnlm\/publicacoes\/vol7-no2\/vol7-no2-art4\/\",\"name\":\"Sistema Baseado em Rede SOM para Inspe\u00e7\u00e3o Visual Autom\u00e1tica de Defeitos em A\u00e7os Laminados - Learning and NonLinear Models\",\"isPartOf\":{\"@id\":\"https:\/\/sbia.org.br\/lnlm\/#website\"},\"datePublished\":\"2016-07-16T22:27:19+00:00\",\"breadcrumb\":{\"@id\":\"https:\/\/sbia.org.br\/lnlm\/publicacoes\/vol7-no2\/vol7-no2-art4\/#breadcrumb\"},\"inLanguage\":\"pt-BR\",\"potentialAction\":[{\"@type\":\"ReadAction\",\"target\":[\"https:\/\/sbia.org.br\/lnlm\/publicacoes\/vol7-no2\/vol7-no2-art4\/\"]}]},{\"@type\":\"BreadcrumbList\",\"@id\":\"https:\/\/sbia.org.br\/lnlm\/publicacoes\/vol7-no2\/vol7-no2-art4\/#breadcrumb\",\"itemListElement\":[{\"@type\":\"ListItem\",\"position\":1,\"name\":\"Browse issues\",\"item\":\"https:\/\/sbia.org.br\/lnlm\/publicacoes\/\"},{\"@type\":\"ListItem\",\"position\":2,\"name\":\"Learning &#038; Nonlinear Models &#8211; L&#038;NLM &#8211; Volume 7 &#8211; N\u00famero 2\",\"item\":\"https:\/\/sbia.org.br\/lnlm\/publicacoes\/vol7-no2\/\"},{\"@type\":\"ListItem\",\"position\":3,\"name\":\"Sistema Baseado em Rede SOM para Inspe\u00e7\u00e3o Visual Autom\u00e1tica de Defeitos em A\u00e7os Laminados\"}]},{\"@type\":\"WebSite\",\"@id\":\"https:\/\/sbia.org.br\/lnlm\/#website\",\"url\":\"https:\/\/sbia.org.br\/lnlm\/\",\"name\":\"Learning and NonLinear Models\",\"description\":\"\",\"publisher\":{\"@id\":\"https:\/\/sbia.org.br\/lnlm\/#organization\"},\"potentialAction\":[{\"@type\":\"SearchAction\",\"target\":{\"@type\":\"EntryPoint\",\"urlTemplate\":\"https:\/\/sbia.org.br\/lnlm\/?s={search_term_string}\"},\"query-input\":{\"@type\":\"PropertyValueSpecification\",\"valueRequired\":true,\"valueName\":\"search_term_string\"}}],\"inLanguage\":\"pt-BR\"},{\"@type\":\"Organization\",\"@id\":\"https:\/\/sbia.org.br\/lnlm\/#organization\",\"name\":\"Learning and NonLinear Models\",\"url\":\"https:\/\/sbia.org.br\/lnlm\/\",\"logo\":{\"@type\":\"ImageObject\",\"inLanguage\":\"pt-BR\",\"@id\":\"https:\/\/sbia.org.br\/lnlm\/#\/schema\/logo\/image\/\",\"url\":\"https:\/\/sbia.org.br\/lnlm\/wp-content\/uploads\/2021\/07\/logo-lnlm.png\",\"contentUrl\":\"https:\/\/sbia.org.br\/lnlm\/wp-content\/uploads\/2021\/07\/logo-lnlm.png\",\"width\":398,\"height\":94,\"caption\":\"Learning and NonLinear Models\"},\"image\":{\"@id\":\"https:\/\/sbia.org.br\/lnlm\/#\/schema\/logo\/image\/\"}}]}<\/script>\n<!-- \/ Yoast SEO plugin. -->","yoast_head_json":{"title":"Sistema Baseado em Rede SOM para Inspe\u00e7\u00e3o Visual Autom\u00e1tica de Defeitos em A\u00e7os Laminados - Learning and NonLinear Models","robots":{"index":"index","follow":"follow","max-snippet":"max-snippet:-1","max-image-preview":"max-image-preview:large","max-video-preview":"max-video-preview:-1"},"canonical":"https:\/\/sbia.org.br\/lnlm\/publicacoes\/vol7-no2\/vol7-no2-art4\/","og_locale":"pt_BR","og_type":"article","og_title":"Sistema Baseado em Rede SOM para Inspe\u00e7\u00e3o Visual Autom\u00e1tica de Defeitos em A\u00e7os Laminados - Learning and NonLinear Models","og_description":"T\u00edtulo: Sistema Baseado em Rede SOM para Inspe\u00e7\u00e3o Visual Autom\u00e1tica de Defeitos em A\u00e7os Laminados Autores: Martins, Luiz A. O.; P\u00e1dua, Fl\u00e1vio L. C.; Almeida, Paulo E. M. de Resumo: Este artigo descreve o problema de inspe\u00e7\u00e3o visual autom\u00e1tica de Read More ...","og_url":"https:\/\/sbia.org.br\/lnlm\/publicacoes\/vol7-no2\/vol7-no2-art4\/","og_site_name":"Learning and NonLinear Models","twitter_card":"summary_large_image","twitter_misc":{"Est. tempo de leitura":"1 minuto"},"schema":{"@context":"https:\/\/schema.org","@graph":[{"@type":"WebPage","@id":"https:\/\/sbia.org.br\/lnlm\/publicacoes\/vol7-no2\/vol7-no2-art4\/","url":"https:\/\/sbia.org.br\/lnlm\/publicacoes\/vol7-no2\/vol7-no2-art4\/","name":"Sistema Baseado em Rede SOM para Inspe\u00e7\u00e3o Visual Autom\u00e1tica de Defeitos em A\u00e7os Laminados - Learning and NonLinear Models","isPartOf":{"@id":"https:\/\/sbia.org.br\/lnlm\/#website"},"datePublished":"2016-07-16T22:27:19+00:00","breadcrumb":{"@id":"https:\/\/sbia.org.br\/lnlm\/publicacoes\/vol7-no2\/vol7-no2-art4\/#breadcrumb"},"inLanguage":"pt-BR","potentialAction":[{"@type":"ReadAction","target":["https:\/\/sbia.org.br\/lnlm\/publicacoes\/vol7-no2\/vol7-no2-art4\/"]}]},{"@type":"BreadcrumbList","@id":"https:\/\/sbia.org.br\/lnlm\/publicacoes\/vol7-no2\/vol7-no2-art4\/#breadcrumb","itemListElement":[{"@type":"ListItem","position":1,"name":"Browse issues","item":"https:\/\/sbia.org.br\/lnlm\/publicacoes\/"},{"@type":"ListItem","position":2,"name":"Learning &#038; Nonlinear Models &#8211; L&#038;NLM &#8211; Volume 7 &#8211; N\u00famero 2","item":"https:\/\/sbia.org.br\/lnlm\/publicacoes\/vol7-no2\/"},{"@type":"ListItem","position":3,"name":"Sistema Baseado em Rede SOM para Inspe\u00e7\u00e3o Visual Autom\u00e1tica de Defeitos em A\u00e7os Laminados"}]},{"@type":"WebSite","@id":"https:\/\/sbia.org.br\/lnlm\/#website","url":"https:\/\/sbia.org.br\/lnlm\/","name":"Learning and NonLinear Models","description":"","publisher":{"@id":"https:\/\/sbia.org.br\/lnlm\/#organization"},"potentialAction":[{"@type":"SearchAction","target":{"@type":"EntryPoint","urlTemplate":"https:\/\/sbia.org.br\/lnlm\/?s={search_term_string}"},"query-input":{"@type":"PropertyValueSpecification","valueRequired":true,"valueName":"search_term_string"}}],"inLanguage":"pt-BR"},{"@type":"Organization","@id":"https:\/\/sbia.org.br\/lnlm\/#organization","name":"Learning and NonLinear Models","url":"https:\/\/sbia.org.br\/lnlm\/","logo":{"@type":"ImageObject","inLanguage":"pt-BR","@id":"https:\/\/sbia.org.br\/lnlm\/#\/schema\/logo\/image\/","url":"https:\/\/sbia.org.br\/lnlm\/wp-content\/uploads\/2021\/07\/logo-lnlm.png","contentUrl":"https:\/\/sbia.org.br\/lnlm\/wp-content\/uploads\/2021\/07\/logo-lnlm.png","width":398,"height":94,"caption":"Learning and NonLinear Models"},"image":{"@id":"https:\/\/sbia.org.br\/lnlm\/#\/schema\/logo\/image\/"}}]}},"_links":{"self":[{"href":"https:\/\/sbia.org.br\/lnlm\/wp-json\/wp\/v2\/pages\/457","targetHints":{"allow":["GET"]}}],"collection":[{"href":"https:\/\/sbia.org.br\/lnlm\/wp-json\/wp\/v2\/pages"}],"about":[{"href":"https:\/\/sbia.org.br\/lnlm\/wp-json\/wp\/v2\/types\/page"}],"author":[{"embeddable":true,"href":"https:\/\/sbia.org.br\/lnlm\/wp-json\/wp\/v2\/users\/1"}],"replies":[{"embeddable":true,"href":"https:\/\/sbia.org.br\/lnlm\/wp-json\/wp\/v2\/comments?post=457"}],"version-history":[{"count":0,"href":"https:\/\/sbia.org.br\/lnlm\/wp-json\/wp\/v2\/pages\/457\/revisions"}],"up":[{"embeddable":true,"href":"https:\/\/sbia.org.br\/lnlm\/wp-json\/wp\/v2\/pages\/449"}],"wp:attachment":[{"href":"https:\/\/sbia.org.br\/lnlm\/wp-json\/wp\/v2\/media?parent=457"}],"curies":[{"name":"wp","href":"https:\/\/api.w.org\/{rel}","templated":true}]}}