{"id":453,"date":"2016-07-16T19:23:23","date_gmt":"2016-07-16T22:23:23","guid":{"rendered":"https:\/\/sbia.org.br\/lnlm\/?page_id=453"},"modified":"2016-07-16T19:23:23","modified_gmt":"2016-07-16T22:23:23","slug":"vol7-no2-art2","status":"publish","type":"page","link":"https:\/\/sbia.org.br\/lnlm\/publicacoes\/vol7-no2\/vol7-no2-art2\/","title":{"rendered":"M\u00e9todo Dial\u00e9tico de Otimiza\u00e7\u00e3o Usando o Princ\u00edpio da M\u00e1xima Entropia"},"content":{"rendered":"<p><strong>T\u00edtulo:<\/strong> M\u00e9todo Dial\u00e9tico de Otimiza\u00e7\u00e3o Usando o Princ\u00edpio da M\u00e1xima Entropia<\/p>\n<p><strong>Autores:<\/strong> Santos, Wellington Pinheiro dos; Assis, Francisco Marcos de<\/p>\n<p align=\"justify\"><strong>Resumo:<\/strong> A Biologia, a Psicologia e as Ci\u00eancias Sociais est\u00e3o intrinsecamente ligadas aos fundamentos do desenvolvimento de m\u00e9todos e algoritmos em computa\u00e7\u00e3o evolucion\u00e1ria, como fica evidente em abordagens como algoritmos gen\u00e9ticos, programa\u00e7\u00e3o evolucion\u00e1ria e otimiza\u00e7\u00e3o por enxame de part\u00edculas. Contudo, a Filosofia ainda \u00e9 vista como algo enigm\u00e1tico, apesar da natureza sistem\u00e1tica de m\u00e9todos investigativos como a dial\u00e9tica. Neste trabalho \u00e9 proposto um novo m\u00e9todo de otimiza\u00e7\u00e3o baseado na dial\u00e9tica como definida pelos trabalhos de Hegel e pela Filosofia da Pr\u00e1xis, utilizando fun\u00e7\u00f5es de pertin\u00eancia obtidas da aplica\u00e7\u00e3o do princ\u00edpio da m\u00e1xima entropia adaptado a entropia fuzzy, para modelar as intera\u00e7\u00f5es entre os p\u00f3los, as unidades b\u00e1sicas que comp\u00f5em sistemas dial\u00e9ticos. Para validar a proposta foram feitas diversas simula\u00e7\u00f5es usando fun\u00e7\u00f5es de teste conhecidas. Este trabalho provou que o algoritmo dial\u00e9tico proposto pode atingir bons resultados em problemas de otimiza\u00e7\u00e3o local e global.<\/p>\n<p><strong>Palavras-chave:<\/strong> M\u00e9todos de otimiza\u00e7\u00e3o; Dial\u00e9tica; Princ\u00edpio da m\u00e1xima entropia; Entropia fuzzy<\/p>\n<p><strong>P\u00e1ginas:<\/strong> 11<\/p>\n<p><strong>C\u00f3digo DOI:<\/strong> <a href=\"http:\/\/dx.doi.org\/10.21528\/lnlm-vol7-no2-art2\">10.21528\/lmln-vol7-no2-art2<\/a><\/p>\n<p><strong>Artigo em PDF:<\/strong> <a href=\"https:\/\/sbia.org.br\/lnlm\/wp-content\/uploads\/sites\/4\/2016\/07\/vol7-no2-art2.pdf\" rel=\"\">vol7-no2-art2.pdf<\/a><\/p>\n<p><strong>Arquivo BibTex:<\/strong> <a href=\"https:\/\/sbia.org.br\/lnlm\/wp-content\/uploads\/sites\/4\/2016\/07\/vol7-no2-art2.bib\" rel=\"\">vol7-no2-art2.bib<\/a><\/p>\n","protected":false},"excerpt":{"rendered":"<p>T\u00edtulo: M\u00e9todo Dial\u00e9tico de Otimiza\u00e7\u00e3o Usando o Princ\u00edpio da M\u00e1xima Entropia Autores: Santos, Wellington Pinheiro dos; Assis, Francisco Marcos de Resumo: A Biologia, a Psicologia e as Ci\u00eancias Sociais est\u00e3o intrinsecamente ligadas aos fundamentos do desenvolvimento de m\u00e9todos e algoritmos <a href=\"https:\/\/sbia.org.br\/lnlm\/publicacoes\/vol7-no2\/vol7-no2-art2\/\" class=\"read-more\">Read More &#8230;<\/a><\/p>\n","protected":false},"author":1,"featured_media":0,"parent":449,"menu_order":0,"comment_status":"closed","ping_status":"closed","template":"","meta":{"footnotes":""},"class_list":["post-453","page","type-page","status-publish","hentry"],"yoast_head":"<!-- This site is optimized with the Yoast SEO plugin v26.9 - https:\/\/yoast.com\/product\/yoast-seo-wordpress\/ -->\n<title>M\u00e9todo Dial\u00e9tico de Otimiza\u00e7\u00e3o Usando o Princ\u00edpio da M\u00e1xima Entropia - Learning and NonLinear Models<\/title>\n<meta name=\"robots\" content=\"index, follow, max-snippet:-1, max-image-preview:large, max-video-preview:-1\" \/>\n<link rel=\"canonical\" href=\"https:\/\/sbia.org.br\/lnlm\/publicacoes\/vol7-no2\/vol7-no2-art2\/\" \/>\n<meta property=\"og:locale\" content=\"pt_BR\" \/>\n<meta property=\"og:type\" content=\"article\" \/>\n<meta property=\"og:title\" content=\"M\u00e9todo Dial\u00e9tico de Otimiza\u00e7\u00e3o Usando o Princ\u00edpio da M\u00e1xima Entropia - Learning and NonLinear Models\" \/>\n<meta property=\"og:description\" content=\"T\u00edtulo: M\u00e9todo Dial\u00e9tico de Otimiza\u00e7\u00e3o Usando o Princ\u00edpio da M\u00e1xima Entropia Autores: Santos, Wellington Pinheiro dos; Assis, Francisco Marcos de Resumo: A Biologia, a Psicologia e as Ci\u00eancias Sociais est\u00e3o intrinsecamente ligadas aos fundamentos do desenvolvimento de m\u00e9todos e algoritmos Read More ...\" \/>\n<meta property=\"og:url\" content=\"https:\/\/sbia.org.br\/lnlm\/publicacoes\/vol7-no2\/vol7-no2-art2\/\" \/>\n<meta property=\"og:site_name\" content=\"Learning and NonLinear Models\" \/>\n<meta name=\"twitter:card\" content=\"summary_large_image\" \/>\n<meta name=\"twitter:label1\" content=\"Est. tempo de leitura\" \/>\n\t<meta name=\"twitter:data1\" content=\"1 minuto\" \/>\n<script type=\"application\/ld+json\" class=\"yoast-schema-graph\">{\"@context\":\"https:\/\/schema.org\",\"@graph\":[{\"@type\":\"WebPage\",\"@id\":\"https:\/\/sbia.org.br\/lnlm\/publicacoes\/vol7-no2\/vol7-no2-art2\/\",\"url\":\"https:\/\/sbia.org.br\/lnlm\/publicacoes\/vol7-no2\/vol7-no2-art2\/\",\"name\":\"M\u00e9todo Dial\u00e9tico de Otimiza\u00e7\u00e3o Usando o Princ\u00edpio da M\u00e1xima Entropia - Learning and NonLinear Models\",\"isPartOf\":{\"@id\":\"https:\/\/sbia.org.br\/lnlm\/#website\"},\"datePublished\":\"2016-07-16T22:23:23+00:00\",\"breadcrumb\":{\"@id\":\"https:\/\/sbia.org.br\/lnlm\/publicacoes\/vol7-no2\/vol7-no2-art2\/#breadcrumb\"},\"inLanguage\":\"pt-BR\",\"potentialAction\":[{\"@type\":\"ReadAction\",\"target\":[\"https:\/\/sbia.org.br\/lnlm\/publicacoes\/vol7-no2\/vol7-no2-art2\/\"]}]},{\"@type\":\"BreadcrumbList\",\"@id\":\"https:\/\/sbia.org.br\/lnlm\/publicacoes\/vol7-no2\/vol7-no2-art2\/#breadcrumb\",\"itemListElement\":[{\"@type\":\"ListItem\",\"position\":1,\"name\":\"Browse issues\",\"item\":\"https:\/\/sbia.org.br\/lnlm\/publicacoes\/\"},{\"@type\":\"ListItem\",\"position\":2,\"name\":\"Learning &#038; Nonlinear Models &#8211; L&#038;NLM &#8211; Volume 7 &#8211; N\u00famero 2\",\"item\":\"https:\/\/sbia.org.br\/lnlm\/publicacoes\/vol7-no2\/\"},{\"@type\":\"ListItem\",\"position\":3,\"name\":\"M\u00e9todo Dial\u00e9tico de Otimiza\u00e7\u00e3o Usando o Princ\u00edpio da M\u00e1xima Entropia\"}]},{\"@type\":\"WebSite\",\"@id\":\"https:\/\/sbia.org.br\/lnlm\/#website\",\"url\":\"https:\/\/sbia.org.br\/lnlm\/\",\"name\":\"Learning and NonLinear Models\",\"description\":\"\",\"publisher\":{\"@id\":\"https:\/\/sbia.org.br\/lnlm\/#organization\"},\"potentialAction\":[{\"@type\":\"SearchAction\",\"target\":{\"@type\":\"EntryPoint\",\"urlTemplate\":\"https:\/\/sbia.org.br\/lnlm\/?s={search_term_string}\"},\"query-input\":{\"@type\":\"PropertyValueSpecification\",\"valueRequired\":true,\"valueName\":\"search_term_string\"}}],\"inLanguage\":\"pt-BR\"},{\"@type\":\"Organization\",\"@id\":\"https:\/\/sbia.org.br\/lnlm\/#organization\",\"name\":\"Learning and NonLinear Models\",\"url\":\"https:\/\/sbia.org.br\/lnlm\/\",\"logo\":{\"@type\":\"ImageObject\",\"inLanguage\":\"pt-BR\",\"@id\":\"https:\/\/sbia.org.br\/lnlm\/#\/schema\/logo\/image\/\",\"url\":\"https:\/\/sbia.org.br\/lnlm\/wp-content\/uploads\/2021\/07\/logo-lnlm.png\",\"contentUrl\":\"https:\/\/sbia.org.br\/lnlm\/wp-content\/uploads\/2021\/07\/logo-lnlm.png\",\"width\":398,\"height\":94,\"caption\":\"Learning and NonLinear Models\"},\"image\":{\"@id\":\"https:\/\/sbia.org.br\/lnlm\/#\/schema\/logo\/image\/\"}}]}<\/script>\n<!-- \/ Yoast SEO plugin. -->","yoast_head_json":{"title":"M\u00e9todo Dial\u00e9tico de Otimiza\u00e7\u00e3o Usando o Princ\u00edpio da M\u00e1xima Entropia - Learning and NonLinear Models","robots":{"index":"index","follow":"follow","max-snippet":"max-snippet:-1","max-image-preview":"max-image-preview:large","max-video-preview":"max-video-preview:-1"},"canonical":"https:\/\/sbia.org.br\/lnlm\/publicacoes\/vol7-no2\/vol7-no2-art2\/","og_locale":"pt_BR","og_type":"article","og_title":"M\u00e9todo Dial\u00e9tico de Otimiza\u00e7\u00e3o Usando o Princ\u00edpio da M\u00e1xima Entropia - Learning and NonLinear Models","og_description":"T\u00edtulo: M\u00e9todo Dial\u00e9tico de Otimiza\u00e7\u00e3o Usando o Princ\u00edpio da M\u00e1xima Entropia Autores: Santos, Wellington Pinheiro dos; Assis, Francisco Marcos de Resumo: A Biologia, a Psicologia e as Ci\u00eancias Sociais est\u00e3o intrinsecamente ligadas aos fundamentos do desenvolvimento de m\u00e9todos e algoritmos Read More ...","og_url":"https:\/\/sbia.org.br\/lnlm\/publicacoes\/vol7-no2\/vol7-no2-art2\/","og_site_name":"Learning and NonLinear Models","twitter_card":"summary_large_image","twitter_misc":{"Est. tempo de leitura":"1 minuto"},"schema":{"@context":"https:\/\/schema.org","@graph":[{"@type":"WebPage","@id":"https:\/\/sbia.org.br\/lnlm\/publicacoes\/vol7-no2\/vol7-no2-art2\/","url":"https:\/\/sbia.org.br\/lnlm\/publicacoes\/vol7-no2\/vol7-no2-art2\/","name":"M\u00e9todo Dial\u00e9tico de Otimiza\u00e7\u00e3o Usando o Princ\u00edpio da M\u00e1xima Entropia - Learning and NonLinear Models","isPartOf":{"@id":"https:\/\/sbia.org.br\/lnlm\/#website"},"datePublished":"2016-07-16T22:23:23+00:00","breadcrumb":{"@id":"https:\/\/sbia.org.br\/lnlm\/publicacoes\/vol7-no2\/vol7-no2-art2\/#breadcrumb"},"inLanguage":"pt-BR","potentialAction":[{"@type":"ReadAction","target":["https:\/\/sbia.org.br\/lnlm\/publicacoes\/vol7-no2\/vol7-no2-art2\/"]}]},{"@type":"BreadcrumbList","@id":"https:\/\/sbia.org.br\/lnlm\/publicacoes\/vol7-no2\/vol7-no2-art2\/#breadcrumb","itemListElement":[{"@type":"ListItem","position":1,"name":"Browse issues","item":"https:\/\/sbia.org.br\/lnlm\/publicacoes\/"},{"@type":"ListItem","position":2,"name":"Learning &#038; Nonlinear Models &#8211; L&#038;NLM &#8211; Volume 7 &#8211; N\u00famero 2","item":"https:\/\/sbia.org.br\/lnlm\/publicacoes\/vol7-no2\/"},{"@type":"ListItem","position":3,"name":"M\u00e9todo Dial\u00e9tico de Otimiza\u00e7\u00e3o Usando o Princ\u00edpio da M\u00e1xima Entropia"}]},{"@type":"WebSite","@id":"https:\/\/sbia.org.br\/lnlm\/#website","url":"https:\/\/sbia.org.br\/lnlm\/","name":"Learning and NonLinear Models","description":"","publisher":{"@id":"https:\/\/sbia.org.br\/lnlm\/#organization"},"potentialAction":[{"@type":"SearchAction","target":{"@type":"EntryPoint","urlTemplate":"https:\/\/sbia.org.br\/lnlm\/?s={search_term_string}"},"query-input":{"@type":"PropertyValueSpecification","valueRequired":true,"valueName":"search_term_string"}}],"inLanguage":"pt-BR"},{"@type":"Organization","@id":"https:\/\/sbia.org.br\/lnlm\/#organization","name":"Learning and NonLinear Models","url":"https:\/\/sbia.org.br\/lnlm\/","logo":{"@type":"ImageObject","inLanguage":"pt-BR","@id":"https:\/\/sbia.org.br\/lnlm\/#\/schema\/logo\/image\/","url":"https:\/\/sbia.org.br\/lnlm\/wp-content\/uploads\/2021\/07\/logo-lnlm.png","contentUrl":"https:\/\/sbia.org.br\/lnlm\/wp-content\/uploads\/2021\/07\/logo-lnlm.png","width":398,"height":94,"caption":"Learning and NonLinear Models"},"image":{"@id":"https:\/\/sbia.org.br\/lnlm\/#\/schema\/logo\/image\/"}}]}},"_links":{"self":[{"href":"https:\/\/sbia.org.br\/lnlm\/wp-json\/wp\/v2\/pages\/453","targetHints":{"allow":["GET"]}}],"collection":[{"href":"https:\/\/sbia.org.br\/lnlm\/wp-json\/wp\/v2\/pages"}],"about":[{"href":"https:\/\/sbia.org.br\/lnlm\/wp-json\/wp\/v2\/types\/page"}],"author":[{"embeddable":true,"href":"https:\/\/sbia.org.br\/lnlm\/wp-json\/wp\/v2\/users\/1"}],"replies":[{"embeddable":true,"href":"https:\/\/sbia.org.br\/lnlm\/wp-json\/wp\/v2\/comments?post=453"}],"version-history":[{"count":0,"href":"https:\/\/sbia.org.br\/lnlm\/wp-json\/wp\/v2\/pages\/453\/revisions"}],"up":[{"embeddable":true,"href":"https:\/\/sbia.org.br\/lnlm\/wp-json\/wp\/v2\/pages\/449"}],"wp:attachment":[{"href":"https:\/\/sbia.org.br\/lnlm\/wp-json\/wp\/v2\/media?parent=453"}],"curies":[{"name":"wp","href":"https:\/\/api.w.org\/{rel}","templated":true}]}}