{"id":429,"date":"2016-07-14T17:26:07","date_gmt":"2016-07-14T20:26:07","guid":{"rendered":"https:\/\/sbia.org.br\/lnlm\/?page_id=429"},"modified":"2016-07-14T17:26:07","modified_gmt":"2016-07-14T20:26:07","slug":"vol6-no2-art3","status":"publish","type":"page","link":"https:\/\/sbia.org.br\/lnlm\/publicacoes\/vol6-no2\/vol6-no2-art3\/","title":{"rendered":"Algoritmo Auxiliar Paralelo para Melhorar a Performance dos Algoritmos  Gen\u00e9ticos com Codifica\u00e7\u00e3o Bin\u00e1ria"},"content":{"rendered":"<p><strong>T\u00edtulo:<\/strong> Algoritmo Auxiliar Paralelo para Melhorar a Performance dos Algoritmos  Gen\u00e9ticos com Codifica\u00e7\u00e3o Bin\u00e1ria<\/p>\n<p><strong>Autores:<\/strong> Camilo J\u00fanior, Celso G.; Yamanaka, Keiji<\/p>\n<p align=\"justify\"><strong>Resumo:<\/strong> Some techniques are applied to the optimization problems, however, just a few achieve satisfactory performance when the problem is complex, for example, multimodal or multiobjective. The metaheuristics, although not guaranteeing a global optimum, have good results and, hence, are quite used to these scenarios. Among the metaheuristics, the evolutionary algorithms, especially the Genetic Algorithms (GA), have great results and, hence, one of the most popular. However, the process of improving the solution of an AG may be slow, especially in cases of great complexity. Hence, some papers are developed to improve the performance of the AG. However, when it speeds up the process of evolution in evolutionary algorithms, normally increases the risk of premature convergence, which can negatively influence the population to maximum and minimum locations. Therefore, this work suggests the Assistant Parallel Algorithm (AAP), an algorithm to assist the evolution process of binary encoding GAs. The proposed algorithm is a module attached to the AGs that feeds the population of good individuals. Four operators were created for the AAP: AR, EAR-T, EAR-P and EAR-N, all functionally independent. Experiments were done to measure the efficiency of the AAP and its operators. The results show that the AAP reach the objective of assist the good evolution without using specifics knowledges about the problem.<\/p>\n<p><strong>Palavras-chave:<\/strong> Algoritmos Gen\u00e9ticos; Converg\u00eancia Prematura; Velocidade de Converg\u00eancia; Computa\u00e7\u00e3o Evolucion\u00e1ria; Metaheur\u00edstica<\/p>\n<p><strong>P\u00e1ginas:<\/strong> 21<\/p>\n<p><strong>C\u00f3digo DOI:<\/strong> <a href=\"http:\/\/dx.doi.org\/10.21528\/lnlm-vol6-no2-art3\">10.21528\/lmln-vol6-no2-art3<\/a><\/p>\n<p><strong>Artigo em PDF:<\/strong> <a href=\"https:\/\/sbia.org.br\/lnlm\/wp-content\/uploads\/sites\/4\/2016\/07\/vol6-no2-art3.pdf\" rel=\"\">vol6-no2-art3.pdf<\/a><\/p>\n<p><strong>Arquivo BibTex:<\/strong> <a href=\"https:\/\/sbia.org.br\/lnlm\/wp-content\/uploads\/sites\/4\/2016\/07\/vol6-no2-art3.bib\" rel=\"\">vol6-no2-art3.bib<\/a><\/p>\n","protected":false},"excerpt":{"rendered":"<p>T\u00edtulo: Algoritmo Auxiliar Paralelo para Melhorar a Performance dos Algoritmos Gen\u00e9ticos com Codifica\u00e7\u00e3o Bin\u00e1ria Autores: Camilo J\u00fanior, Celso G.; Yamanaka, Keiji Resumo: Some techniques are applied to the optimization problems, however, just a few achieve satisfactory performance when the problem <a href=\"https:\/\/sbia.org.br\/lnlm\/publicacoes\/vol6-no2\/vol6-no2-art3\/\" class=\"read-more\">Read More &#8230;<\/a><\/p>\n","protected":false},"author":1,"featured_media":0,"parent":423,"menu_order":0,"comment_status":"closed","ping_status":"closed","template":"","meta":{"footnotes":""},"class_list":["post-429","page","type-page","status-publish","hentry"],"yoast_head":"<!-- This site is optimized with the Yoast SEO plugin v26.9 - https:\/\/yoast.com\/product\/yoast-seo-wordpress\/ -->\n<title>Algoritmo Auxiliar Paralelo para Melhorar a Performance dos Algoritmos Gen\u00e9ticos com Codifica\u00e7\u00e3o Bin\u00e1ria - Learning and NonLinear Models<\/title>\n<meta name=\"robots\" content=\"index, follow, max-snippet:-1, max-image-preview:large, max-video-preview:-1\" \/>\n<link rel=\"canonical\" href=\"https:\/\/sbia.org.br\/lnlm\/publicacoes\/vol6-no2\/vol6-no2-art3\/\" \/>\n<meta property=\"og:locale\" content=\"pt_BR\" \/>\n<meta property=\"og:type\" content=\"article\" \/>\n<meta property=\"og:title\" content=\"Algoritmo Auxiliar Paralelo para Melhorar a Performance dos Algoritmos Gen\u00e9ticos com Codifica\u00e7\u00e3o Bin\u00e1ria - Learning and NonLinear Models\" \/>\n<meta property=\"og:description\" content=\"T\u00edtulo: Algoritmo Auxiliar Paralelo para Melhorar a Performance dos Algoritmos Gen\u00e9ticos com Codifica\u00e7\u00e3o Bin\u00e1ria Autores: Camilo J\u00fanior, Celso G.; Yamanaka, Keiji Resumo: Some techniques are applied to the optimization problems, however, just a few achieve satisfactory performance when the problem Read More ...\" \/>\n<meta property=\"og:url\" content=\"https:\/\/sbia.org.br\/lnlm\/publicacoes\/vol6-no2\/vol6-no2-art3\/\" \/>\n<meta property=\"og:site_name\" content=\"Learning and NonLinear Models\" \/>\n<meta name=\"twitter:card\" content=\"summary_large_image\" \/>\n<meta name=\"twitter:label1\" content=\"Est. tempo de leitura\" \/>\n\t<meta name=\"twitter:data1\" content=\"1 minuto\" \/>\n<script type=\"application\/ld+json\" class=\"yoast-schema-graph\">{\"@context\":\"https:\/\/schema.org\",\"@graph\":[{\"@type\":\"WebPage\",\"@id\":\"https:\/\/sbia.org.br\/lnlm\/publicacoes\/vol6-no2\/vol6-no2-art3\/\",\"url\":\"https:\/\/sbia.org.br\/lnlm\/publicacoes\/vol6-no2\/vol6-no2-art3\/\",\"name\":\"Algoritmo Auxiliar Paralelo para Melhorar a Performance dos Algoritmos Gen\u00e9ticos com Codifica\u00e7\u00e3o Bin\u00e1ria - Learning and NonLinear Models\",\"isPartOf\":{\"@id\":\"https:\/\/sbia.org.br\/lnlm\/#website\"},\"datePublished\":\"2016-07-14T20:26:07+00:00\",\"breadcrumb\":{\"@id\":\"https:\/\/sbia.org.br\/lnlm\/publicacoes\/vol6-no2\/vol6-no2-art3\/#breadcrumb\"},\"inLanguage\":\"pt-BR\",\"potentialAction\":[{\"@type\":\"ReadAction\",\"target\":[\"https:\/\/sbia.org.br\/lnlm\/publicacoes\/vol6-no2\/vol6-no2-art3\/\"]}]},{\"@type\":\"BreadcrumbList\",\"@id\":\"https:\/\/sbia.org.br\/lnlm\/publicacoes\/vol6-no2\/vol6-no2-art3\/#breadcrumb\",\"itemListElement\":[{\"@type\":\"ListItem\",\"position\":1,\"name\":\"Browse issues\",\"item\":\"https:\/\/sbia.org.br\/lnlm\/publicacoes\/\"},{\"@type\":\"ListItem\",\"position\":2,\"name\":\"Learning &#038; Nonlinear Models &#8211; L&#038;NLM &#8211; Volume 6 &#8211; N\u00famero 2\",\"item\":\"https:\/\/sbia.org.br\/lnlm\/publicacoes\/vol6-no2\/\"},{\"@type\":\"ListItem\",\"position\":3,\"name\":\"Algoritmo Auxiliar Paralelo para Melhorar a Performance dos Algoritmos Gen\u00e9ticos com Codifica\u00e7\u00e3o Bin\u00e1ria\"}]},{\"@type\":\"WebSite\",\"@id\":\"https:\/\/sbia.org.br\/lnlm\/#website\",\"url\":\"https:\/\/sbia.org.br\/lnlm\/\",\"name\":\"Learning and NonLinear Models\",\"description\":\"\",\"publisher\":{\"@id\":\"https:\/\/sbia.org.br\/lnlm\/#organization\"},\"potentialAction\":[{\"@type\":\"SearchAction\",\"target\":{\"@type\":\"EntryPoint\",\"urlTemplate\":\"https:\/\/sbia.org.br\/lnlm\/?s={search_term_string}\"},\"query-input\":{\"@type\":\"PropertyValueSpecification\",\"valueRequired\":true,\"valueName\":\"search_term_string\"}}],\"inLanguage\":\"pt-BR\"},{\"@type\":\"Organization\",\"@id\":\"https:\/\/sbia.org.br\/lnlm\/#organization\",\"name\":\"Learning and NonLinear Models\",\"url\":\"https:\/\/sbia.org.br\/lnlm\/\",\"logo\":{\"@type\":\"ImageObject\",\"inLanguage\":\"pt-BR\",\"@id\":\"https:\/\/sbia.org.br\/lnlm\/#\/schema\/logo\/image\/\",\"url\":\"https:\/\/sbia.org.br\/lnlm\/wp-content\/uploads\/2021\/07\/logo-lnlm.png\",\"contentUrl\":\"https:\/\/sbia.org.br\/lnlm\/wp-content\/uploads\/2021\/07\/logo-lnlm.png\",\"width\":398,\"height\":94,\"caption\":\"Learning and NonLinear Models\"},\"image\":{\"@id\":\"https:\/\/sbia.org.br\/lnlm\/#\/schema\/logo\/image\/\"}}]}<\/script>\n<!-- \/ Yoast SEO plugin. -->","yoast_head_json":{"title":"Algoritmo Auxiliar Paralelo para Melhorar a Performance dos Algoritmos Gen\u00e9ticos com Codifica\u00e7\u00e3o Bin\u00e1ria - Learning and NonLinear Models","robots":{"index":"index","follow":"follow","max-snippet":"max-snippet:-1","max-image-preview":"max-image-preview:large","max-video-preview":"max-video-preview:-1"},"canonical":"https:\/\/sbia.org.br\/lnlm\/publicacoes\/vol6-no2\/vol6-no2-art3\/","og_locale":"pt_BR","og_type":"article","og_title":"Algoritmo Auxiliar Paralelo para Melhorar a Performance dos Algoritmos Gen\u00e9ticos com Codifica\u00e7\u00e3o Bin\u00e1ria - Learning and NonLinear Models","og_description":"T\u00edtulo: Algoritmo Auxiliar Paralelo para Melhorar a Performance dos Algoritmos Gen\u00e9ticos com Codifica\u00e7\u00e3o Bin\u00e1ria Autores: Camilo J\u00fanior, Celso G.; Yamanaka, Keiji Resumo: Some techniques are applied to the optimization problems, however, just a few achieve satisfactory performance when the problem Read More ...","og_url":"https:\/\/sbia.org.br\/lnlm\/publicacoes\/vol6-no2\/vol6-no2-art3\/","og_site_name":"Learning and NonLinear Models","twitter_card":"summary_large_image","twitter_misc":{"Est. tempo de leitura":"1 minuto"},"schema":{"@context":"https:\/\/schema.org","@graph":[{"@type":"WebPage","@id":"https:\/\/sbia.org.br\/lnlm\/publicacoes\/vol6-no2\/vol6-no2-art3\/","url":"https:\/\/sbia.org.br\/lnlm\/publicacoes\/vol6-no2\/vol6-no2-art3\/","name":"Algoritmo Auxiliar Paralelo para Melhorar a Performance dos Algoritmos Gen\u00e9ticos com Codifica\u00e7\u00e3o Bin\u00e1ria - Learning and NonLinear Models","isPartOf":{"@id":"https:\/\/sbia.org.br\/lnlm\/#website"},"datePublished":"2016-07-14T20:26:07+00:00","breadcrumb":{"@id":"https:\/\/sbia.org.br\/lnlm\/publicacoes\/vol6-no2\/vol6-no2-art3\/#breadcrumb"},"inLanguage":"pt-BR","potentialAction":[{"@type":"ReadAction","target":["https:\/\/sbia.org.br\/lnlm\/publicacoes\/vol6-no2\/vol6-no2-art3\/"]}]},{"@type":"BreadcrumbList","@id":"https:\/\/sbia.org.br\/lnlm\/publicacoes\/vol6-no2\/vol6-no2-art3\/#breadcrumb","itemListElement":[{"@type":"ListItem","position":1,"name":"Browse issues","item":"https:\/\/sbia.org.br\/lnlm\/publicacoes\/"},{"@type":"ListItem","position":2,"name":"Learning &#038; Nonlinear Models &#8211; L&#038;NLM &#8211; Volume 6 &#8211; N\u00famero 2","item":"https:\/\/sbia.org.br\/lnlm\/publicacoes\/vol6-no2\/"},{"@type":"ListItem","position":3,"name":"Algoritmo Auxiliar Paralelo para Melhorar a Performance dos Algoritmos Gen\u00e9ticos com Codifica\u00e7\u00e3o Bin\u00e1ria"}]},{"@type":"WebSite","@id":"https:\/\/sbia.org.br\/lnlm\/#website","url":"https:\/\/sbia.org.br\/lnlm\/","name":"Learning and NonLinear Models","description":"","publisher":{"@id":"https:\/\/sbia.org.br\/lnlm\/#organization"},"potentialAction":[{"@type":"SearchAction","target":{"@type":"EntryPoint","urlTemplate":"https:\/\/sbia.org.br\/lnlm\/?s={search_term_string}"},"query-input":{"@type":"PropertyValueSpecification","valueRequired":true,"valueName":"search_term_string"}}],"inLanguage":"pt-BR"},{"@type":"Organization","@id":"https:\/\/sbia.org.br\/lnlm\/#organization","name":"Learning and NonLinear Models","url":"https:\/\/sbia.org.br\/lnlm\/","logo":{"@type":"ImageObject","inLanguage":"pt-BR","@id":"https:\/\/sbia.org.br\/lnlm\/#\/schema\/logo\/image\/","url":"https:\/\/sbia.org.br\/lnlm\/wp-content\/uploads\/2021\/07\/logo-lnlm.png","contentUrl":"https:\/\/sbia.org.br\/lnlm\/wp-content\/uploads\/2021\/07\/logo-lnlm.png","width":398,"height":94,"caption":"Learning and NonLinear Models"},"image":{"@id":"https:\/\/sbia.org.br\/lnlm\/#\/schema\/logo\/image\/"}}]}},"_links":{"self":[{"href":"https:\/\/sbia.org.br\/lnlm\/wp-json\/wp\/v2\/pages\/429","targetHints":{"allow":["GET"]}}],"collection":[{"href":"https:\/\/sbia.org.br\/lnlm\/wp-json\/wp\/v2\/pages"}],"about":[{"href":"https:\/\/sbia.org.br\/lnlm\/wp-json\/wp\/v2\/types\/page"}],"author":[{"embeddable":true,"href":"https:\/\/sbia.org.br\/lnlm\/wp-json\/wp\/v2\/users\/1"}],"replies":[{"embeddable":true,"href":"https:\/\/sbia.org.br\/lnlm\/wp-json\/wp\/v2\/comments?post=429"}],"version-history":[{"count":0,"href":"https:\/\/sbia.org.br\/lnlm\/wp-json\/wp\/v2\/pages\/429\/revisions"}],"up":[{"embeddable":true,"href":"https:\/\/sbia.org.br\/lnlm\/wp-json\/wp\/v2\/pages\/423"}],"wp:attachment":[{"href":"https:\/\/sbia.org.br\/lnlm\/wp-json\/wp\/v2\/media?parent=429"}],"curies":[{"name":"wp","href":"https:\/\/api.w.org\/{rel}","templated":true}]}}