{"id":415,"date":"2016-07-14T17:11:43","date_gmt":"2016-07-14T20:11:43","guid":{"rendered":"https:\/\/sbia.org.br\/lnlm\/?page_id=415"},"modified":"2016-07-14T17:11:43","modified_gmt":"2016-07-14T20:11:43","slug":"vol6-no1-art2","status":"publish","type":"page","link":"https:\/\/sbia.org.br\/lnlm\/publicacoes\/vol6-no1\/vol6-no1-art2\/","title":{"rendered":"Indica\u00e7\u00e3o De Suspeitos De Irregularidade Em Instala\u00e7\u00f5es El\u00e9tricas De Baixa Tens\u00e3o"},"content":{"rendered":"<p><strong>T\u00edtulo:<\/strong> Indica\u00e7\u00e3o De Suspeitos De Irregularidade Em Instala\u00e7\u00f5es El\u00e9tricas De Baixa Tens\u00e3o<\/p>\n<p><strong>Autores:<\/strong> Muniz, Cyro; Figueiredo, Karla; Vellasco, Marley; Pacheco, Marco; Chavez, Gustavo<\/p>\n<p align=\"justify\"><strong>Resumo:<\/strong> O volume de perdas de energia el\u00e9trica sofridas pelas concession\u00e1rias no pa\u00eds, por quest\u00f5es de furto, erros de medida e demais tipos de irregularidades, tem-se intensificado nos \u00faltimos anos. Por este motivo, existe uma grande preocupa\u00e7\u00e3o das empresas de energia el\u00e9trica em identificar o perfil de clientes irregulares com o intuito de reduzir este volume de perdas. Este artigo apresenta o desenvolvimento de um modelo, baseado em Redes Neurais, que tem por objetivo aumentar o grau de exatid\u00e3o na identifica\u00e7\u00e3o de irregularidades dentre os clientes de baixa tens\u00e3o. O modelo utilizou dados da empresa Light S.A. e \u00e9 composto por dois comit\u00eas de redes neurais artificiais, um para a filtragem da base de dados, e outro para a classifica\u00e7\u00e3o efetiva dos clientes de baixa tens\u00e3o. Os resultados obtidos mostram significativo aumento no percentual de clientes irregulares indicados corretamente como suspeitos pelo modelo proposto, em compara\u00e7\u00e3o com a metodologia atualmente utilizada pela companhia.<\/p>\n<p><strong>Palavras-chave:<\/strong> <\/p>\n<p><strong>P\u00e1ginas:<\/strong> 13<\/p>\n<p><strong>C\u00f3digo DOI:<\/strong> <a href=\"http:\/\/dx.doi.org\/10.21528\/lnlm-vol6-no1-art2\">10.21528\/lmln-vol6-no1-art2<\/a><\/p>\n<p><strong>Artigo em PDF:<\/strong> <a href=\"https:\/\/sbia.org.br\/lnlm\/wp-content\/uploads\/sites\/4\/2016\/07\/vol6-no1-art2.pdf\" rel=\"\">vol6-no1-art2.pdf<\/a><\/p>\n<p><strong>Arquivo BibTex:<\/strong> <a href=\"https:\/\/sbia.org.br\/lnlm\/wp-content\/uploads\/sites\/4\/2016\/07\/vol6-no1-art2.bib\" rel=\"\">vol6-no1-art2.bib<\/a><\/p>\n","protected":false},"excerpt":{"rendered":"<p>T\u00edtulo: Indica\u00e7\u00e3o De Suspeitos De Irregularidade Em Instala\u00e7\u00f5es El\u00e9tricas De Baixa Tens\u00e3o Autores: Muniz, Cyro; Figueiredo, Karla; Vellasco, Marley; Pacheco, Marco; Chavez, Gustavo Resumo: O volume de perdas de energia el\u00e9trica sofridas pelas concession\u00e1rias no pa\u00eds, por quest\u00f5es de furto, <a href=\"https:\/\/sbia.org.br\/lnlm\/publicacoes\/vol6-no1\/vol6-no1-art2\/\" class=\"read-more\">Read More &#8230;<\/a><\/p>\n","protected":false},"author":1,"featured_media":0,"parent":411,"menu_order":0,"comment_status":"closed","ping_status":"closed","template":"","meta":{"footnotes":""},"class_list":["post-415","page","type-page","status-publish","hentry"],"yoast_head":"<!-- This site is optimized with the Yoast SEO plugin v26.9 - https:\/\/yoast.com\/product\/yoast-seo-wordpress\/ -->\n<title>Indica\u00e7\u00e3o De Suspeitos De Irregularidade Em Instala\u00e7\u00f5es El\u00e9tricas De Baixa Tens\u00e3o - Learning and NonLinear Models<\/title>\n<meta name=\"robots\" content=\"index, follow, max-snippet:-1, max-image-preview:large, max-video-preview:-1\" \/>\n<link rel=\"canonical\" href=\"https:\/\/sbia.org.br\/lnlm\/publicacoes\/vol6-no1\/vol6-no1-art2\/\" \/>\n<meta property=\"og:locale\" content=\"pt_BR\" \/>\n<meta property=\"og:type\" content=\"article\" \/>\n<meta property=\"og:title\" content=\"Indica\u00e7\u00e3o De Suspeitos De Irregularidade Em Instala\u00e7\u00f5es El\u00e9tricas De Baixa Tens\u00e3o - Learning and NonLinear Models\" \/>\n<meta property=\"og:description\" content=\"T\u00edtulo: Indica\u00e7\u00e3o De Suspeitos De Irregularidade Em Instala\u00e7\u00f5es El\u00e9tricas De Baixa Tens\u00e3o Autores: Muniz, Cyro; Figueiredo, Karla; Vellasco, Marley; Pacheco, Marco; Chavez, Gustavo Resumo: O volume de perdas de energia el\u00e9trica sofridas pelas concession\u00e1rias no pa\u00eds, por quest\u00f5es de furto, Read More ...\" \/>\n<meta property=\"og:url\" content=\"https:\/\/sbia.org.br\/lnlm\/publicacoes\/vol6-no1\/vol6-no1-art2\/\" \/>\n<meta property=\"og:site_name\" content=\"Learning and NonLinear Models\" \/>\n<meta name=\"twitter:card\" content=\"summary_large_image\" \/>\n<meta name=\"twitter:label1\" content=\"Est. tempo de leitura\" \/>\n\t<meta name=\"twitter:data1\" content=\"1 minuto\" \/>\n<script type=\"application\/ld+json\" class=\"yoast-schema-graph\">{\"@context\":\"https:\/\/schema.org\",\"@graph\":[{\"@type\":\"WebPage\",\"@id\":\"https:\/\/sbia.org.br\/lnlm\/publicacoes\/vol6-no1\/vol6-no1-art2\/\",\"url\":\"https:\/\/sbia.org.br\/lnlm\/publicacoes\/vol6-no1\/vol6-no1-art2\/\",\"name\":\"Indica\u00e7\u00e3o De Suspeitos De Irregularidade Em Instala\u00e7\u00f5es El\u00e9tricas De Baixa Tens\u00e3o - Learning and NonLinear Models\",\"isPartOf\":{\"@id\":\"https:\/\/sbia.org.br\/lnlm\/#website\"},\"datePublished\":\"2016-07-14T20:11:43+00:00\",\"breadcrumb\":{\"@id\":\"https:\/\/sbia.org.br\/lnlm\/publicacoes\/vol6-no1\/vol6-no1-art2\/#breadcrumb\"},\"inLanguage\":\"pt-BR\",\"potentialAction\":[{\"@type\":\"ReadAction\",\"target\":[\"https:\/\/sbia.org.br\/lnlm\/publicacoes\/vol6-no1\/vol6-no1-art2\/\"]}]},{\"@type\":\"BreadcrumbList\",\"@id\":\"https:\/\/sbia.org.br\/lnlm\/publicacoes\/vol6-no1\/vol6-no1-art2\/#breadcrumb\",\"itemListElement\":[{\"@type\":\"ListItem\",\"position\":1,\"name\":\"Browse issues\",\"item\":\"https:\/\/sbia.org.br\/lnlm\/publicacoes\/\"},{\"@type\":\"ListItem\",\"position\":2,\"name\":\"Learning &#038; Nonlinear Models &#8211; L&#038;NLM &#8211; Volume 6 &#8211; N\u00famero 1\",\"item\":\"https:\/\/sbia.org.br\/lnlm\/publicacoes\/vol6-no1\/\"},{\"@type\":\"ListItem\",\"position\":3,\"name\":\"Indica\u00e7\u00e3o De Suspeitos De Irregularidade Em Instala\u00e7\u00f5es El\u00e9tricas De Baixa Tens\u00e3o\"}]},{\"@type\":\"WebSite\",\"@id\":\"https:\/\/sbia.org.br\/lnlm\/#website\",\"url\":\"https:\/\/sbia.org.br\/lnlm\/\",\"name\":\"Learning and NonLinear Models\",\"description\":\"\",\"publisher\":{\"@id\":\"https:\/\/sbia.org.br\/lnlm\/#organization\"},\"potentialAction\":[{\"@type\":\"SearchAction\",\"target\":{\"@type\":\"EntryPoint\",\"urlTemplate\":\"https:\/\/sbia.org.br\/lnlm\/?s={search_term_string}\"},\"query-input\":{\"@type\":\"PropertyValueSpecification\",\"valueRequired\":true,\"valueName\":\"search_term_string\"}}],\"inLanguage\":\"pt-BR\"},{\"@type\":\"Organization\",\"@id\":\"https:\/\/sbia.org.br\/lnlm\/#organization\",\"name\":\"Learning and NonLinear Models\",\"url\":\"https:\/\/sbia.org.br\/lnlm\/\",\"logo\":{\"@type\":\"ImageObject\",\"inLanguage\":\"pt-BR\",\"@id\":\"https:\/\/sbia.org.br\/lnlm\/#\/schema\/logo\/image\/\",\"url\":\"https:\/\/sbia.org.br\/lnlm\/wp-content\/uploads\/2021\/07\/logo-lnlm.png\",\"contentUrl\":\"https:\/\/sbia.org.br\/lnlm\/wp-content\/uploads\/2021\/07\/logo-lnlm.png\",\"width\":398,\"height\":94,\"caption\":\"Learning and NonLinear Models\"},\"image\":{\"@id\":\"https:\/\/sbia.org.br\/lnlm\/#\/schema\/logo\/image\/\"}}]}<\/script>\n<!-- \/ Yoast SEO plugin. -->","yoast_head_json":{"title":"Indica\u00e7\u00e3o De Suspeitos De Irregularidade Em Instala\u00e7\u00f5es El\u00e9tricas De Baixa Tens\u00e3o - Learning and NonLinear Models","robots":{"index":"index","follow":"follow","max-snippet":"max-snippet:-1","max-image-preview":"max-image-preview:large","max-video-preview":"max-video-preview:-1"},"canonical":"https:\/\/sbia.org.br\/lnlm\/publicacoes\/vol6-no1\/vol6-no1-art2\/","og_locale":"pt_BR","og_type":"article","og_title":"Indica\u00e7\u00e3o De Suspeitos De Irregularidade Em Instala\u00e7\u00f5es El\u00e9tricas De Baixa Tens\u00e3o - Learning and NonLinear Models","og_description":"T\u00edtulo: Indica\u00e7\u00e3o De Suspeitos De Irregularidade Em Instala\u00e7\u00f5es El\u00e9tricas De Baixa Tens\u00e3o Autores: Muniz, Cyro; Figueiredo, Karla; Vellasco, Marley; Pacheco, Marco; Chavez, Gustavo Resumo: O volume de perdas de energia el\u00e9trica sofridas pelas concession\u00e1rias no pa\u00eds, por quest\u00f5es de furto, Read More ...","og_url":"https:\/\/sbia.org.br\/lnlm\/publicacoes\/vol6-no1\/vol6-no1-art2\/","og_site_name":"Learning and NonLinear Models","twitter_card":"summary_large_image","twitter_misc":{"Est. tempo de leitura":"1 minuto"},"schema":{"@context":"https:\/\/schema.org","@graph":[{"@type":"WebPage","@id":"https:\/\/sbia.org.br\/lnlm\/publicacoes\/vol6-no1\/vol6-no1-art2\/","url":"https:\/\/sbia.org.br\/lnlm\/publicacoes\/vol6-no1\/vol6-no1-art2\/","name":"Indica\u00e7\u00e3o De Suspeitos De Irregularidade Em Instala\u00e7\u00f5es El\u00e9tricas De Baixa Tens\u00e3o - Learning and NonLinear Models","isPartOf":{"@id":"https:\/\/sbia.org.br\/lnlm\/#website"},"datePublished":"2016-07-14T20:11:43+00:00","breadcrumb":{"@id":"https:\/\/sbia.org.br\/lnlm\/publicacoes\/vol6-no1\/vol6-no1-art2\/#breadcrumb"},"inLanguage":"pt-BR","potentialAction":[{"@type":"ReadAction","target":["https:\/\/sbia.org.br\/lnlm\/publicacoes\/vol6-no1\/vol6-no1-art2\/"]}]},{"@type":"BreadcrumbList","@id":"https:\/\/sbia.org.br\/lnlm\/publicacoes\/vol6-no1\/vol6-no1-art2\/#breadcrumb","itemListElement":[{"@type":"ListItem","position":1,"name":"Browse issues","item":"https:\/\/sbia.org.br\/lnlm\/publicacoes\/"},{"@type":"ListItem","position":2,"name":"Learning &#038; Nonlinear Models &#8211; L&#038;NLM &#8211; Volume 6 &#8211; N\u00famero 1","item":"https:\/\/sbia.org.br\/lnlm\/publicacoes\/vol6-no1\/"},{"@type":"ListItem","position":3,"name":"Indica\u00e7\u00e3o De Suspeitos De Irregularidade Em Instala\u00e7\u00f5es El\u00e9tricas De Baixa Tens\u00e3o"}]},{"@type":"WebSite","@id":"https:\/\/sbia.org.br\/lnlm\/#website","url":"https:\/\/sbia.org.br\/lnlm\/","name":"Learning and NonLinear Models","description":"","publisher":{"@id":"https:\/\/sbia.org.br\/lnlm\/#organization"},"potentialAction":[{"@type":"SearchAction","target":{"@type":"EntryPoint","urlTemplate":"https:\/\/sbia.org.br\/lnlm\/?s={search_term_string}"},"query-input":{"@type":"PropertyValueSpecification","valueRequired":true,"valueName":"search_term_string"}}],"inLanguage":"pt-BR"},{"@type":"Organization","@id":"https:\/\/sbia.org.br\/lnlm\/#organization","name":"Learning and NonLinear Models","url":"https:\/\/sbia.org.br\/lnlm\/","logo":{"@type":"ImageObject","inLanguage":"pt-BR","@id":"https:\/\/sbia.org.br\/lnlm\/#\/schema\/logo\/image\/","url":"https:\/\/sbia.org.br\/lnlm\/wp-content\/uploads\/2021\/07\/logo-lnlm.png","contentUrl":"https:\/\/sbia.org.br\/lnlm\/wp-content\/uploads\/2021\/07\/logo-lnlm.png","width":398,"height":94,"caption":"Learning and NonLinear Models"},"image":{"@id":"https:\/\/sbia.org.br\/lnlm\/#\/schema\/logo\/image\/"}}]}},"_links":{"self":[{"href":"https:\/\/sbia.org.br\/lnlm\/wp-json\/wp\/v2\/pages\/415","targetHints":{"allow":["GET"]}}],"collection":[{"href":"https:\/\/sbia.org.br\/lnlm\/wp-json\/wp\/v2\/pages"}],"about":[{"href":"https:\/\/sbia.org.br\/lnlm\/wp-json\/wp\/v2\/types\/page"}],"author":[{"embeddable":true,"href":"https:\/\/sbia.org.br\/lnlm\/wp-json\/wp\/v2\/users\/1"}],"replies":[{"embeddable":true,"href":"https:\/\/sbia.org.br\/lnlm\/wp-json\/wp\/v2\/comments?post=415"}],"version-history":[{"count":0,"href":"https:\/\/sbia.org.br\/lnlm\/wp-json\/wp\/v2\/pages\/415\/revisions"}],"up":[{"embeddable":true,"href":"https:\/\/sbia.org.br\/lnlm\/wp-json\/wp\/v2\/pages\/411"}],"wp:attachment":[{"href":"https:\/\/sbia.org.br\/lnlm\/wp-json\/wp\/v2\/media?parent=415"}],"curies":[{"name":"wp","href":"https:\/\/api.w.org\/{rel}","templated":true}]}}