{"id":30,"date":"2016-07-04T17:09:35","date_gmt":"2016-07-04T20:09:35","guid":{"rendered":"https:\/\/sbia.org.br\/lnlm\/?page_id=30"},"modified":"2016-07-04T17:09:35","modified_gmt":"2016-07-04T20:09:35","slug":"vol1-no1","status":"publish","type":"page","link":"https:\/\/sbia.org.br\/lnlm\/publicacoes\/vol1-no1\/","title":{"rendered":"Learning &#038; Nonlinear Models &#8211; L&#038;NLM &#8211; Volume 1 &#8211; N\u00famero 1"},"content":{"rendered":"<p>Volume 1 &#8211; N\u00famero 1 &#8211; 2003<\/p>\n<p>&nbsp;<br \/>\n<a href=\"https:\/\/sbia.org.br\/lnlm\/vol1-no1\/vol1-no1-art1\" target=\"_blank\" rel=\"noopener\">Artigo 1 &#8211; NEURO-FUZZY MODELLING AND CONTROL OF NONLINEAR DYNAMIC SYSTEMS<\/a><\/p>\n<ul>\n<ul>G. Quadrelli; R. Tanscheit; M. M. Vellasco<\/ul>\n<\/ul>\n<p>&nbsp;<br \/>\n<a href=\"https:\/\/sbia.org.br\/lnlm\/vol1-no1\/vol1-no1-art2\" target=\"_blank\" rel=\"noopener\">Artigo 2 &#8211; A NEW NEURAL NETWORK CONCEPT FOR THE CONTROL OF NUCLEAR REACTOR SYSTEMS<\/a><\/p>\n<ul>\n<ul>Benedito D. Baptista Filho; Eduardo L. L. Cabral<\/ul>\n<\/ul>\n<p>&nbsp;<br \/>\n<a href=\"https:\/\/sbia.org.br\/lnlm\/vol1-no1\/vol1-no1-art3\" target=\"_blank\" rel=\"noopener\">Artigo 3 &#8211; REDES NEURAIS LOCAIS-GLOBAIS \u2013 UMA APLICA\u00c7\u00c3O AO PROBLEMA DE DADOS FALTANTES<\/a><\/p>\n<ul>\n<ul>Carlos E. Pedreira; Mayte Fari\u00f1as; Luiz Carlos Pedroza<\/ul>\n<\/ul>\n<p>&nbsp;<br \/>\n<a href=\"https:\/\/sbia.org.br\/lnlm\/vol1-no1\/vol1-no1-art4\" target=\"_blank\" rel=\"noopener\">Artigo 4 &#8211; TUTORIAL GENETIC ALGORITHMS<\/a><\/p>\n<ul>\n<ul>Alexandre P. Alves da Silva<\/ul>\n<\/ul>\n<p>&nbsp;<br \/>\n<a href=\"https:\/\/sbia.org.br\/lnlm\/vol1-no1\/vol1-no1-art5\" target=\"_blank\" rel=\"noopener\">Artigo 5 &#8211; REDE NEURAL ARTMAP NEBULOSA PARA AN\u00c1LISE DE ESTABILIDADE TRANSIT\u00d3RIA DE SISTEMAS DE ENERGIA EL\u00c9TRICA<\/a><\/p>\n<ul>\n<ul>Sandra C. Marchiori; Carlos R. Minussi; Anna Diva P. Lotufo<\/ul>\n<\/ul>\n","protected":false},"excerpt":{"rendered":"<p>Volume 1 &#8211; N\u00famero 1 &#8211; 2003 &nbsp; Artigo 1 &#8211; NEURO-FUZZY MODELLING AND CONTROL OF NONLINEAR DYNAMIC SYSTEMS G. Quadrelli; R. Tanscheit; M. M. Vellasco &nbsp; Artigo 2 &#8211; A NEW NEURAL NETWORK CONCEPT FOR THE CONTROL OF NUCLEAR <a href=\"https:\/\/sbia.org.br\/lnlm\/publicacoes\/vol1-no1\/\" class=\"read-more\">Read More &#8230;<\/a><\/p>\n","protected":false},"author":1,"featured_media":0,"parent":23,"menu_order":0,"comment_status":"closed","ping_status":"closed","template":"","meta":{"footnotes":""},"class_list":["post-30","page","type-page","status-publish","hentry"],"yoast_head":"<!-- This site is optimized with the Yoast SEO plugin v26.9 - https:\/\/yoast.com\/product\/yoast-seo-wordpress\/ -->\n<title>Learning &amp; Nonlinear Models - L&amp;NLM - Volume 1 - N\u00famero 1 - Learning and NonLinear Models<\/title>\n<meta name=\"robots\" content=\"index, follow, max-snippet:-1, max-image-preview:large, max-video-preview:-1\" \/>\n<link rel=\"canonical\" href=\"https:\/\/sbia.org.br\/lnlm\/publicacoes\/vol1-no1\/\" \/>\n<meta property=\"og:locale\" content=\"pt_BR\" \/>\n<meta property=\"og:type\" content=\"article\" \/>\n<meta property=\"og:title\" content=\"Learning &amp; Nonlinear Models - L&amp;NLM - Volume 1 - N\u00famero 1 - Learning and NonLinear Models\" \/>\n<meta property=\"og:description\" content=\"Volume 1 &#8211; N\u00famero 1 &#8211; 2003 &nbsp; Artigo 1 &#8211; NEURO-FUZZY MODELLING AND CONTROL OF NONLINEAR DYNAMIC SYSTEMS G. Quadrelli; R. Tanscheit; M. M. Vellasco &nbsp; Artigo 2 &#8211; A NEW NEURAL NETWORK CONCEPT FOR THE CONTROL OF NUCLEAR Read More ...\" \/>\n<meta property=\"og:url\" content=\"https:\/\/sbia.org.br\/lnlm\/publicacoes\/vol1-no1\/\" \/>\n<meta property=\"og:site_name\" content=\"Learning and NonLinear Models\" \/>\n<meta name=\"twitter:card\" content=\"summary_large_image\" \/>\n<meta name=\"twitter:label1\" content=\"Est. tempo de leitura\" \/>\n\t<meta name=\"twitter:data1\" content=\"1 minuto\" \/>\n<script type=\"application\/ld+json\" class=\"yoast-schema-graph\">{\"@context\":\"https:\/\/schema.org\",\"@graph\":[{\"@type\":\"WebPage\",\"@id\":\"https:\/\/sbia.org.br\/lnlm\/publicacoes\/vol1-no1\/\",\"url\":\"https:\/\/sbia.org.br\/lnlm\/publicacoes\/vol1-no1\/\",\"name\":\"Learning & Nonlinear Models - L&NLM - Volume 1 - N\u00famero 1 - Learning and NonLinear Models\",\"isPartOf\":{\"@id\":\"https:\/\/sbia.org.br\/lnlm\/#website\"},\"datePublished\":\"2016-07-04T20:09:35+00:00\",\"breadcrumb\":{\"@id\":\"https:\/\/sbia.org.br\/lnlm\/publicacoes\/vol1-no1\/#breadcrumb\"},\"inLanguage\":\"pt-BR\",\"potentialAction\":[{\"@type\":\"ReadAction\",\"target\":[\"https:\/\/sbia.org.br\/lnlm\/publicacoes\/vol1-no1\/\"]}]},{\"@type\":\"BreadcrumbList\",\"@id\":\"https:\/\/sbia.org.br\/lnlm\/publicacoes\/vol1-no1\/#breadcrumb\",\"itemListElement\":[{\"@type\":\"ListItem\",\"position\":1,\"name\":\"Browse issues\",\"item\":\"https:\/\/sbia.org.br\/lnlm\/publicacoes\/\"},{\"@type\":\"ListItem\",\"position\":2,\"name\":\"Learning &#038; Nonlinear Models &#8211; L&#038;NLM &#8211; Volume 1 &#8211; N\u00famero 1\"}]},{\"@type\":\"WebSite\",\"@id\":\"https:\/\/sbia.org.br\/lnlm\/#website\",\"url\":\"https:\/\/sbia.org.br\/lnlm\/\",\"name\":\"Learning and NonLinear Models\",\"description\":\"\",\"publisher\":{\"@id\":\"https:\/\/sbia.org.br\/lnlm\/#organization\"},\"potentialAction\":[{\"@type\":\"SearchAction\",\"target\":{\"@type\":\"EntryPoint\",\"urlTemplate\":\"https:\/\/sbia.org.br\/lnlm\/?s={search_term_string}\"},\"query-input\":{\"@type\":\"PropertyValueSpecification\",\"valueRequired\":true,\"valueName\":\"search_term_string\"}}],\"inLanguage\":\"pt-BR\"},{\"@type\":\"Organization\",\"@id\":\"https:\/\/sbia.org.br\/lnlm\/#organization\",\"name\":\"Learning and NonLinear Models\",\"url\":\"https:\/\/sbia.org.br\/lnlm\/\",\"logo\":{\"@type\":\"ImageObject\",\"inLanguage\":\"pt-BR\",\"@id\":\"https:\/\/sbia.org.br\/lnlm\/#\/schema\/logo\/image\/\",\"url\":\"https:\/\/sbia.org.br\/lnlm\/wp-content\/uploads\/2021\/07\/logo-lnlm.png\",\"contentUrl\":\"https:\/\/sbia.org.br\/lnlm\/wp-content\/uploads\/2021\/07\/logo-lnlm.png\",\"width\":398,\"height\":94,\"caption\":\"Learning and NonLinear Models\"},\"image\":{\"@id\":\"https:\/\/sbia.org.br\/lnlm\/#\/schema\/logo\/image\/\"}}]}<\/script>\n<!-- \/ Yoast SEO plugin. -->","yoast_head_json":{"title":"Learning & Nonlinear Models - L&NLM - Volume 1 - N\u00famero 1 - Learning and NonLinear Models","robots":{"index":"index","follow":"follow","max-snippet":"max-snippet:-1","max-image-preview":"max-image-preview:large","max-video-preview":"max-video-preview:-1"},"canonical":"https:\/\/sbia.org.br\/lnlm\/publicacoes\/vol1-no1\/","og_locale":"pt_BR","og_type":"article","og_title":"Learning & Nonlinear Models - L&NLM - Volume 1 - N\u00famero 1 - Learning and NonLinear Models","og_description":"Volume 1 &#8211; N\u00famero 1 &#8211; 2003 &nbsp; Artigo 1 &#8211; NEURO-FUZZY MODELLING AND CONTROL OF NONLINEAR DYNAMIC SYSTEMS G. Quadrelli; R. Tanscheit; M. M. Vellasco &nbsp; Artigo 2 &#8211; A NEW NEURAL NETWORK CONCEPT FOR THE CONTROL OF NUCLEAR Read More ...","og_url":"https:\/\/sbia.org.br\/lnlm\/publicacoes\/vol1-no1\/","og_site_name":"Learning and NonLinear Models","twitter_card":"summary_large_image","twitter_misc":{"Est. tempo de leitura":"1 minuto"},"schema":{"@context":"https:\/\/schema.org","@graph":[{"@type":"WebPage","@id":"https:\/\/sbia.org.br\/lnlm\/publicacoes\/vol1-no1\/","url":"https:\/\/sbia.org.br\/lnlm\/publicacoes\/vol1-no1\/","name":"Learning & Nonlinear Models - L&NLM - Volume 1 - N\u00famero 1 - Learning and NonLinear Models","isPartOf":{"@id":"https:\/\/sbia.org.br\/lnlm\/#website"},"datePublished":"2016-07-04T20:09:35+00:00","breadcrumb":{"@id":"https:\/\/sbia.org.br\/lnlm\/publicacoes\/vol1-no1\/#breadcrumb"},"inLanguage":"pt-BR","potentialAction":[{"@type":"ReadAction","target":["https:\/\/sbia.org.br\/lnlm\/publicacoes\/vol1-no1\/"]}]},{"@type":"BreadcrumbList","@id":"https:\/\/sbia.org.br\/lnlm\/publicacoes\/vol1-no1\/#breadcrumb","itemListElement":[{"@type":"ListItem","position":1,"name":"Browse issues","item":"https:\/\/sbia.org.br\/lnlm\/publicacoes\/"},{"@type":"ListItem","position":2,"name":"Learning &#038; Nonlinear Models &#8211; L&#038;NLM &#8211; Volume 1 &#8211; N\u00famero 1"}]},{"@type":"WebSite","@id":"https:\/\/sbia.org.br\/lnlm\/#website","url":"https:\/\/sbia.org.br\/lnlm\/","name":"Learning and NonLinear Models","description":"","publisher":{"@id":"https:\/\/sbia.org.br\/lnlm\/#organization"},"potentialAction":[{"@type":"SearchAction","target":{"@type":"EntryPoint","urlTemplate":"https:\/\/sbia.org.br\/lnlm\/?s={search_term_string}"},"query-input":{"@type":"PropertyValueSpecification","valueRequired":true,"valueName":"search_term_string"}}],"inLanguage":"pt-BR"},{"@type":"Organization","@id":"https:\/\/sbia.org.br\/lnlm\/#organization","name":"Learning and NonLinear Models","url":"https:\/\/sbia.org.br\/lnlm\/","logo":{"@type":"ImageObject","inLanguage":"pt-BR","@id":"https:\/\/sbia.org.br\/lnlm\/#\/schema\/logo\/image\/","url":"https:\/\/sbia.org.br\/lnlm\/wp-content\/uploads\/2021\/07\/logo-lnlm.png","contentUrl":"https:\/\/sbia.org.br\/lnlm\/wp-content\/uploads\/2021\/07\/logo-lnlm.png","width":398,"height":94,"caption":"Learning and NonLinear Models"},"image":{"@id":"https:\/\/sbia.org.br\/lnlm\/#\/schema\/logo\/image\/"}}]}},"_links":{"self":[{"href":"https:\/\/sbia.org.br\/lnlm\/wp-json\/wp\/v2\/pages\/30","targetHints":{"allow":["GET"]}}],"collection":[{"href":"https:\/\/sbia.org.br\/lnlm\/wp-json\/wp\/v2\/pages"}],"about":[{"href":"https:\/\/sbia.org.br\/lnlm\/wp-json\/wp\/v2\/types\/page"}],"author":[{"embeddable":true,"href":"https:\/\/sbia.org.br\/lnlm\/wp-json\/wp\/v2\/users\/1"}],"replies":[{"embeddable":true,"href":"https:\/\/sbia.org.br\/lnlm\/wp-json\/wp\/v2\/comments?post=30"}],"version-history":[{"count":0,"href":"https:\/\/sbia.org.br\/lnlm\/wp-json\/wp\/v2\/pages\/30\/revisions"}],"up":[{"embeddable":true,"href":"https:\/\/sbia.org.br\/lnlm\/wp-json\/wp\/v2\/pages\/23"}],"wp:attachment":[{"href":"https:\/\/sbia.org.br\/lnlm\/wp-json\/wp\/v2\/media?parent=30"}],"curies":[{"name":"wp","href":"https:\/\/api.w.org\/{rel}","templated":true}]}}