{"id":274,"date":"2016-07-13T16:21:59","date_gmt":"2016-07-13T19:21:59","guid":{"rendered":"https:\/\/sbia.org.br\/lnlm\/?page_id=274"},"modified":"2016-07-13T16:21:59","modified_gmt":"2016-07-13T19:21:59","slug":"vol2-no1-art4","status":"publish","type":"page","link":"https:\/\/sbia.org.br\/lnlm\/publicacoes\/vol2-no1\/vol2-no1-art4\/","title":{"rendered":"Complexidade computacional de um algoritmo competitivo aplicado ao projeto de quantizadores vetoriais"},"content":{"rendered":"<p><strong>T\u00edtulo:<\/strong> Complexidade computacional de um algoritmo competitivo aplicado ao projeto de quantizadores vetoriais<\/p>\n<p><strong>Autores:<\/strong> Madeiro, Francisco; Lopes, Waslon Terllizzie Ara\u00fajo; Aguiar Neto, Benedito Guimar\u00e3es; Alencar, Marcelo Sampaio de<\/p>\n<p align=\"justify\"><strong>Resumo:<\/strong> O projeto de dicion\u00e1rios tem um papel crucial para o bom desempenho de sistemas de processamento de sinais baseados em quantizac\u00e3o vetorial (QV). Neste trabalho \u00e9 investigada a complexidade computacional de um algoritmo competitivo aplicado ao projeto de dicion\u00e1rios. S\u00e3o obtidas express\u00f5es anal\u00edticas (em fun\u00e7\u00e3o do tamanho do dicion\u00e1rio, da dimens\u00e3o dos seus vetores-c\u00f3digo, do n\u00famero de vetores do conjunto de treino e do n\u00famero de itera\u00e7\u00f5es realizadas) para o n\u00famero de opera\u00e7\u00f5es (divis\u00f5es, multiplica\u00e7\u00f5es, compara\u00e7\u00f5es, adi\u00e7\u00f5es e subtra\u00e7\u00f5es) realizadas pelo algoritmo competitivo bem como pelo algoritmo LBG (Linde-Buzo-Gray). A partir dessas express\u00f5es anal\u00edticas, s\u00e3o estabelecidas as condi\u00e7\u00f5es que devem ser obedecidas para que o algoritmo competitivo seja mais eficiente que o algoritmo LBG no que diz respeito a cada uma das opera\u00e7\u00f5es realizadas. Simula\u00e7\u00f5es referentes ao projeto de dicion\u00e1rios aplicados a codifica\u00e7\u00e3o de imagem e a codifica\u00e7\u00e3o de sinal com distribui\u00e7\u00e3o de Gauss-Markov corroboram as express\u00f5es anal\u00edticas obtidas.<\/p>\n<p><strong>Palavras-chave:<\/strong> Quantiza\u00e7\u00e3o vetorial; algoritmo competitivo; algoritmo LBG; complexidade computacional; codifica\u00e7\u00e3o de imagens<\/p>\n<p><strong>P\u00e1ginas:<\/strong> 15<\/p>\n<p><strong>C\u00f3digo DOI:<\/strong> <a href=\"http:\/\/dx.doi.org\/10.21528\/lnlm-vol2-no1-art4\">10.21528\/lmln-vol2-no1-art4<\/a><\/p>\n<p><strong>Artigo em PDF:<\/strong> <a href=\"https:\/\/sbia.org.br\/lnlm\/wp-content\/uploads\/sites\/4\/2016\/07\/vol2-no1-art4.pdf\" rel=\"\">vol2-no1-art4.pdf<\/a><\/p>\n<p><strong>Arquivo BibTex:<\/strong> <a href=\"https:\/\/sbia.org.br\/lnlm\/wp-content\/uploads\/sites\/4\/2016\/07\/vol2-no1-art4.bib\" rel=\"\">vol2-no1-art4.bib<\/a><\/p>\n","protected":false},"excerpt":{"rendered":"<p>T\u00edtulo: Complexidade computacional de um algoritmo competitivo aplicado ao projeto de quantizadores vetoriais Autores: Madeiro, Francisco; Lopes, Waslon Terllizzie Ara\u00fajo; Aguiar Neto, Benedito Guimar\u00e3es; Alencar, Marcelo Sampaio de Resumo: O projeto de dicion\u00e1rios tem um papel crucial para o bom <a href=\"https:\/\/sbia.org.br\/lnlm\/publicacoes\/vol2-no1\/vol2-no1-art4\/\" class=\"read-more\">Read More &#8230;<\/a><\/p>\n","protected":false},"author":1,"featured_media":0,"parent":251,"menu_order":0,"comment_status":"closed","ping_status":"closed","template":"","meta":{"footnotes":""},"class_list":["post-274","page","type-page","status-publish","hentry"],"yoast_head":"<!-- This site is optimized with the Yoast SEO plugin v26.9 - https:\/\/yoast.com\/product\/yoast-seo-wordpress\/ -->\n<title>Complexidade computacional de um algoritmo competitivo aplicado ao projeto de quantizadores vetoriais - Learning and NonLinear Models<\/title>\n<meta name=\"robots\" content=\"index, follow, max-snippet:-1, max-image-preview:large, max-video-preview:-1\" \/>\n<link rel=\"canonical\" href=\"https:\/\/sbia.org.br\/lnlm\/publicacoes\/vol2-no1\/vol2-no1-art4\/\" \/>\n<meta property=\"og:locale\" content=\"pt_BR\" \/>\n<meta property=\"og:type\" content=\"article\" \/>\n<meta property=\"og:title\" content=\"Complexidade computacional de um algoritmo competitivo aplicado ao projeto de quantizadores vetoriais - Learning and NonLinear Models\" \/>\n<meta property=\"og:description\" content=\"T\u00edtulo: Complexidade computacional de um algoritmo competitivo aplicado ao projeto de quantizadores vetoriais Autores: Madeiro, Francisco; Lopes, Waslon Terllizzie Ara\u00fajo; Aguiar Neto, Benedito Guimar\u00e3es; Alencar, Marcelo Sampaio de Resumo: O projeto de dicion\u00e1rios tem um papel crucial para o bom Read More ...\" \/>\n<meta property=\"og:url\" content=\"https:\/\/sbia.org.br\/lnlm\/publicacoes\/vol2-no1\/vol2-no1-art4\/\" \/>\n<meta property=\"og:site_name\" content=\"Learning and NonLinear Models\" \/>\n<meta name=\"twitter:card\" content=\"summary_large_image\" \/>\n<meta name=\"twitter:label1\" content=\"Est. tempo de leitura\" \/>\n\t<meta name=\"twitter:data1\" content=\"1 minuto\" \/>\n<script type=\"application\/ld+json\" class=\"yoast-schema-graph\">{\"@context\":\"https:\/\/schema.org\",\"@graph\":[{\"@type\":\"WebPage\",\"@id\":\"https:\/\/sbia.org.br\/lnlm\/publicacoes\/vol2-no1\/vol2-no1-art4\/\",\"url\":\"https:\/\/sbia.org.br\/lnlm\/publicacoes\/vol2-no1\/vol2-no1-art4\/\",\"name\":\"Complexidade computacional de um algoritmo competitivo aplicado ao projeto de quantizadores vetoriais - Learning and NonLinear Models\",\"isPartOf\":{\"@id\":\"https:\/\/sbia.org.br\/lnlm\/#website\"},\"datePublished\":\"2016-07-13T19:21:59+00:00\",\"breadcrumb\":{\"@id\":\"https:\/\/sbia.org.br\/lnlm\/publicacoes\/vol2-no1\/vol2-no1-art4\/#breadcrumb\"},\"inLanguage\":\"pt-BR\",\"potentialAction\":[{\"@type\":\"ReadAction\",\"target\":[\"https:\/\/sbia.org.br\/lnlm\/publicacoes\/vol2-no1\/vol2-no1-art4\/\"]}]},{\"@type\":\"BreadcrumbList\",\"@id\":\"https:\/\/sbia.org.br\/lnlm\/publicacoes\/vol2-no1\/vol2-no1-art4\/#breadcrumb\",\"itemListElement\":[{\"@type\":\"ListItem\",\"position\":1,\"name\":\"Browse issues\",\"item\":\"https:\/\/sbia.org.br\/lnlm\/publicacoes\/\"},{\"@type\":\"ListItem\",\"position\":2,\"name\":\"Learning &#038; Nonlinear Models &#8211; L&#038;NLM &#8211; Volume 2 &#8211; N\u00famero 1\",\"item\":\"https:\/\/sbia.org.br\/lnlm\/publicacoes\/vol2-no1\/\"},{\"@type\":\"ListItem\",\"position\":3,\"name\":\"Complexidade computacional de um algoritmo competitivo aplicado ao projeto de quantizadores vetoriais\"}]},{\"@type\":\"WebSite\",\"@id\":\"https:\/\/sbia.org.br\/lnlm\/#website\",\"url\":\"https:\/\/sbia.org.br\/lnlm\/\",\"name\":\"Learning and NonLinear Models\",\"description\":\"\",\"publisher\":{\"@id\":\"https:\/\/sbia.org.br\/lnlm\/#organization\"},\"potentialAction\":[{\"@type\":\"SearchAction\",\"target\":{\"@type\":\"EntryPoint\",\"urlTemplate\":\"https:\/\/sbia.org.br\/lnlm\/?s={search_term_string}\"},\"query-input\":{\"@type\":\"PropertyValueSpecification\",\"valueRequired\":true,\"valueName\":\"search_term_string\"}}],\"inLanguage\":\"pt-BR\"},{\"@type\":\"Organization\",\"@id\":\"https:\/\/sbia.org.br\/lnlm\/#organization\",\"name\":\"Learning and NonLinear Models\",\"url\":\"https:\/\/sbia.org.br\/lnlm\/\",\"logo\":{\"@type\":\"ImageObject\",\"inLanguage\":\"pt-BR\",\"@id\":\"https:\/\/sbia.org.br\/lnlm\/#\/schema\/logo\/image\/\",\"url\":\"https:\/\/sbia.org.br\/lnlm\/wp-content\/uploads\/2021\/07\/logo-lnlm.png\",\"contentUrl\":\"https:\/\/sbia.org.br\/lnlm\/wp-content\/uploads\/2021\/07\/logo-lnlm.png\",\"width\":398,\"height\":94,\"caption\":\"Learning and NonLinear Models\"},\"image\":{\"@id\":\"https:\/\/sbia.org.br\/lnlm\/#\/schema\/logo\/image\/\"}}]}<\/script>\n<!-- \/ Yoast SEO plugin. -->","yoast_head_json":{"title":"Complexidade computacional de um algoritmo competitivo aplicado ao projeto de quantizadores vetoriais - Learning and NonLinear Models","robots":{"index":"index","follow":"follow","max-snippet":"max-snippet:-1","max-image-preview":"max-image-preview:large","max-video-preview":"max-video-preview:-1"},"canonical":"https:\/\/sbia.org.br\/lnlm\/publicacoes\/vol2-no1\/vol2-no1-art4\/","og_locale":"pt_BR","og_type":"article","og_title":"Complexidade computacional de um algoritmo competitivo aplicado ao projeto de quantizadores vetoriais - Learning and NonLinear Models","og_description":"T\u00edtulo: Complexidade computacional de um algoritmo competitivo aplicado ao projeto de quantizadores vetoriais Autores: Madeiro, Francisco; Lopes, Waslon Terllizzie Ara\u00fajo; Aguiar Neto, Benedito Guimar\u00e3es; Alencar, Marcelo Sampaio de Resumo: O projeto de dicion\u00e1rios tem um papel crucial para o bom Read More ...","og_url":"https:\/\/sbia.org.br\/lnlm\/publicacoes\/vol2-no1\/vol2-no1-art4\/","og_site_name":"Learning and NonLinear Models","twitter_card":"summary_large_image","twitter_misc":{"Est. tempo de leitura":"1 minuto"},"schema":{"@context":"https:\/\/schema.org","@graph":[{"@type":"WebPage","@id":"https:\/\/sbia.org.br\/lnlm\/publicacoes\/vol2-no1\/vol2-no1-art4\/","url":"https:\/\/sbia.org.br\/lnlm\/publicacoes\/vol2-no1\/vol2-no1-art4\/","name":"Complexidade computacional de um algoritmo competitivo aplicado ao projeto de quantizadores vetoriais - Learning and NonLinear Models","isPartOf":{"@id":"https:\/\/sbia.org.br\/lnlm\/#website"},"datePublished":"2016-07-13T19:21:59+00:00","breadcrumb":{"@id":"https:\/\/sbia.org.br\/lnlm\/publicacoes\/vol2-no1\/vol2-no1-art4\/#breadcrumb"},"inLanguage":"pt-BR","potentialAction":[{"@type":"ReadAction","target":["https:\/\/sbia.org.br\/lnlm\/publicacoes\/vol2-no1\/vol2-no1-art4\/"]}]},{"@type":"BreadcrumbList","@id":"https:\/\/sbia.org.br\/lnlm\/publicacoes\/vol2-no1\/vol2-no1-art4\/#breadcrumb","itemListElement":[{"@type":"ListItem","position":1,"name":"Browse issues","item":"https:\/\/sbia.org.br\/lnlm\/publicacoes\/"},{"@type":"ListItem","position":2,"name":"Learning &#038; Nonlinear Models &#8211; L&#038;NLM &#8211; Volume 2 &#8211; N\u00famero 1","item":"https:\/\/sbia.org.br\/lnlm\/publicacoes\/vol2-no1\/"},{"@type":"ListItem","position":3,"name":"Complexidade computacional de um algoritmo competitivo aplicado ao projeto de quantizadores vetoriais"}]},{"@type":"WebSite","@id":"https:\/\/sbia.org.br\/lnlm\/#website","url":"https:\/\/sbia.org.br\/lnlm\/","name":"Learning and NonLinear Models","description":"","publisher":{"@id":"https:\/\/sbia.org.br\/lnlm\/#organization"},"potentialAction":[{"@type":"SearchAction","target":{"@type":"EntryPoint","urlTemplate":"https:\/\/sbia.org.br\/lnlm\/?s={search_term_string}"},"query-input":{"@type":"PropertyValueSpecification","valueRequired":true,"valueName":"search_term_string"}}],"inLanguage":"pt-BR"},{"@type":"Organization","@id":"https:\/\/sbia.org.br\/lnlm\/#organization","name":"Learning and NonLinear Models","url":"https:\/\/sbia.org.br\/lnlm\/","logo":{"@type":"ImageObject","inLanguage":"pt-BR","@id":"https:\/\/sbia.org.br\/lnlm\/#\/schema\/logo\/image\/","url":"https:\/\/sbia.org.br\/lnlm\/wp-content\/uploads\/2021\/07\/logo-lnlm.png","contentUrl":"https:\/\/sbia.org.br\/lnlm\/wp-content\/uploads\/2021\/07\/logo-lnlm.png","width":398,"height":94,"caption":"Learning and NonLinear Models"},"image":{"@id":"https:\/\/sbia.org.br\/lnlm\/#\/schema\/logo\/image\/"}}]}},"_links":{"self":[{"href":"https:\/\/sbia.org.br\/lnlm\/wp-json\/wp\/v2\/pages\/274","targetHints":{"allow":["GET"]}}],"collection":[{"href":"https:\/\/sbia.org.br\/lnlm\/wp-json\/wp\/v2\/pages"}],"about":[{"href":"https:\/\/sbia.org.br\/lnlm\/wp-json\/wp\/v2\/types\/page"}],"author":[{"embeddable":true,"href":"https:\/\/sbia.org.br\/lnlm\/wp-json\/wp\/v2\/users\/1"}],"replies":[{"embeddable":true,"href":"https:\/\/sbia.org.br\/lnlm\/wp-json\/wp\/v2\/comments?post=274"}],"version-history":[{"count":0,"href":"https:\/\/sbia.org.br\/lnlm\/wp-json\/wp\/v2\/pages\/274\/revisions"}],"up":[{"embeddable":true,"href":"https:\/\/sbia.org.br\/lnlm\/wp-json\/wp\/v2\/pages\/251"}],"wp:attachment":[{"href":"https:\/\/sbia.org.br\/lnlm\/wp-json\/wp\/v2\/media?parent=274"}],"curies":[{"name":"wp","href":"https:\/\/api.w.org\/{rel}","templated":true}]}}