{"id":245,"date":"2016-07-13T15:25:50","date_gmt":"2016-07-13T18:25:50","guid":{"rendered":"https:\/\/sbia.org.br\/lnlm\/?page_id=245"},"modified":"2016-07-13T15:25:50","modified_gmt":"2016-07-13T18:25:50","slug":"vol1-no2-art3","status":"publish","type":"page","link":"https:\/\/sbia.org.br\/lnlm\/publicacoes\/vol1-no2\/vol1-no2-art3\/","title":{"rendered":"Empregando o Neo Fuzzy Neuron para Modelagem de um Conjunto de Dados Fisiol\u00f3gicos e Avalia\u00e7\u00e3o do Monitoramento de Apn\u00e9ia \u2013 Um Estudo de Caso"},"content":{"rendered":"<p><strong>T\u00edtulo:<\/strong> Empregando o Neo Fuzzy Neuron para Modelagem de um Conjunto de Dados Fisiol\u00f3gicos e Avalia\u00e7\u00e3o do Monitoramento de Apn\u00e9ia \u2013 Um Estudo de Caso<\/p>\n<p><strong>Autores:<\/strong> Souza, Alvaro V.P.; Caminhas, Walmir M.; Aguirre, Lu\u00eds A.<\/p>\n<p align=\"justify\"><strong>Resumo:<\/strong> O presente artigo discute um procedimento de modelagem, que usa o neo fuzzy neuron (NFN), de num conjunto de dados fisiol\u00f3gicos referente a um paciente que sofre de apn\u00e9ia durante o sono. Tal patologia \u00e9 caracterizada por dist\u00farbios respirat\u00f3rios durante o sono e, em conseq\u00fc\u00eancia, pela oscila\u00e7\u00e3o do n\u00edvel de oxig\u00eanio saturado no sangue. O objetivo principal do presente estudo \u00e9 verificar a possibilidade de se monitorar pacientes que sofrem de apn\u00e9ia durante o sono utilizando-se a informa\u00e7\u00e3o contida nos pesos de uma rede baseada em NFN. Resultados preliminares ser\u00e3o apresentados e discutidos no artigo na forma de um estudo de caso. Alguns dos resultados obtidos sugerem que o uso da variabilidade da freq\u00fc\u00eancia card\u00edaca \u00e9 \u00fatil para fins de monitoramento, o que vem de encontro com recentes resultados publicados na literatura.<\/p>\n<p><strong>Palavras-chave:<\/strong> Modelagem de sinais biom\u00e9dicos; Neo-Fuzzy Neuron; apn\u00e9ia<\/p>\n<p><strong>P\u00e1ginas:<\/strong> 13<\/p>\n<p><strong>C\u00f3digo DOI:<\/strong> <a href=\"http:\/\/dx.doi.org\/10.21528\/lnlm-vol1-no2-art3\">10.21528\/lmln-vol1-no2-art3<\/a><\/p>\n<p><strong>Artigo em PDF:<\/strong> <a href=\"https:\/\/sbia.org.br\/lnlm\/wp-content\/uploads\/sites\/4\/2016\/07\/vol1-no2-art3.pdf\" rel=\"\">vol1-no2-art3.pdf<\/a><\/p>\n<p><strong>Arquivo BibTex:<\/strong> <a href=\"https:\/\/sbia.org.br\/lnlm\/wp-content\/uploads\/sites\/4\/2016\/07\/vol1-no2-art3.bib\" rel=\"\">vol1-no2-art3.bib<\/a><\/p>\n","protected":false},"excerpt":{"rendered":"<p>T\u00edtulo: Empregando o Neo Fuzzy Neuron para Modelagem de um Conjunto de Dados Fisiol\u00f3gicos e Avalia\u00e7\u00e3o do Monitoramento de Apn\u00e9ia \u2013 Um Estudo de Caso Autores: Souza, Alvaro V.P.; Caminhas, Walmir M.; Aguirre, Lu\u00eds A. Resumo: O presente artigo discute <a href=\"https:\/\/sbia.org.br\/lnlm\/publicacoes\/vol1-no2\/vol1-no2-art3\/\" class=\"read-more\">Read More &#8230;<\/a><\/p>\n","protected":false},"author":1,"featured_media":0,"parent":239,"menu_order":0,"comment_status":"closed","ping_status":"closed","template":"","meta":{"footnotes":""},"class_list":["post-245","page","type-page","status-publish","hentry"],"yoast_head":"<!-- This site is optimized with the Yoast SEO plugin v26.9 - https:\/\/yoast.com\/product\/yoast-seo-wordpress\/ -->\n<title>Empregando o Neo Fuzzy Neuron para Modelagem de um Conjunto de Dados Fisiol\u00f3gicos e Avalia\u00e7\u00e3o do Monitoramento de Apn\u00e9ia \u2013 Um Estudo de Caso - Learning and NonLinear Models<\/title>\n<meta name=\"robots\" content=\"index, follow, max-snippet:-1, max-image-preview:large, max-video-preview:-1\" \/>\n<link rel=\"canonical\" href=\"https:\/\/sbia.org.br\/lnlm\/publicacoes\/vol1-no2\/vol1-no2-art3\/\" \/>\n<meta property=\"og:locale\" content=\"pt_BR\" \/>\n<meta property=\"og:type\" content=\"article\" \/>\n<meta property=\"og:title\" content=\"Empregando o Neo Fuzzy Neuron para Modelagem de um Conjunto de Dados Fisiol\u00f3gicos e Avalia\u00e7\u00e3o do Monitoramento de Apn\u00e9ia \u2013 Um Estudo de Caso - Learning and NonLinear Models\" \/>\n<meta property=\"og:description\" content=\"T\u00edtulo: Empregando o Neo Fuzzy Neuron para Modelagem de um Conjunto de Dados Fisiol\u00f3gicos e Avalia\u00e7\u00e3o do Monitoramento de Apn\u00e9ia \u2013 Um Estudo de Caso Autores: Souza, Alvaro V.P.; Caminhas, Walmir M.; Aguirre, Lu\u00eds A. Resumo: O presente artigo discute Read More ...\" \/>\n<meta property=\"og:url\" content=\"https:\/\/sbia.org.br\/lnlm\/publicacoes\/vol1-no2\/vol1-no2-art3\/\" \/>\n<meta property=\"og:site_name\" content=\"Learning and NonLinear Models\" \/>\n<meta name=\"twitter:card\" content=\"summary_large_image\" \/>\n<meta name=\"twitter:label1\" content=\"Est. tempo de leitura\" \/>\n\t<meta name=\"twitter:data1\" content=\"1 minuto\" \/>\n<script type=\"application\/ld+json\" class=\"yoast-schema-graph\">{\"@context\":\"https:\/\/schema.org\",\"@graph\":[{\"@type\":\"WebPage\",\"@id\":\"https:\/\/sbia.org.br\/lnlm\/publicacoes\/vol1-no2\/vol1-no2-art3\/\",\"url\":\"https:\/\/sbia.org.br\/lnlm\/publicacoes\/vol1-no2\/vol1-no2-art3\/\",\"name\":\"Empregando o Neo Fuzzy Neuron para Modelagem de um Conjunto de Dados Fisiol\u00f3gicos e Avalia\u00e7\u00e3o do Monitoramento de Apn\u00e9ia \u2013 Um Estudo de Caso - Learning and NonLinear Models\",\"isPartOf\":{\"@id\":\"https:\/\/sbia.org.br\/lnlm\/#website\"},\"datePublished\":\"2016-07-13T18:25:50+00:00\",\"breadcrumb\":{\"@id\":\"https:\/\/sbia.org.br\/lnlm\/publicacoes\/vol1-no2\/vol1-no2-art3\/#breadcrumb\"},\"inLanguage\":\"pt-BR\",\"potentialAction\":[{\"@type\":\"ReadAction\",\"target\":[\"https:\/\/sbia.org.br\/lnlm\/publicacoes\/vol1-no2\/vol1-no2-art3\/\"]}]},{\"@type\":\"BreadcrumbList\",\"@id\":\"https:\/\/sbia.org.br\/lnlm\/publicacoes\/vol1-no2\/vol1-no2-art3\/#breadcrumb\",\"itemListElement\":[{\"@type\":\"ListItem\",\"position\":1,\"name\":\"Browse issues\",\"item\":\"https:\/\/sbia.org.br\/lnlm\/publicacoes\/\"},{\"@type\":\"ListItem\",\"position\":2,\"name\":\"Learning &#038; Nonlinear Models &#8211; L&#038;NLM &#8211; Volume 1 &#8211; N\u00famero 2\",\"item\":\"https:\/\/sbia.org.br\/lnlm\/publicacoes\/vol1-no2\/\"},{\"@type\":\"ListItem\",\"position\":3,\"name\":\"Empregando o Neo Fuzzy Neuron para Modelagem de um Conjunto de Dados Fisiol\u00f3gicos e Avalia\u00e7\u00e3o do Monitoramento de Apn\u00e9ia \u2013 Um Estudo de Caso\"}]},{\"@type\":\"WebSite\",\"@id\":\"https:\/\/sbia.org.br\/lnlm\/#website\",\"url\":\"https:\/\/sbia.org.br\/lnlm\/\",\"name\":\"Learning and NonLinear Models\",\"description\":\"\",\"publisher\":{\"@id\":\"https:\/\/sbia.org.br\/lnlm\/#organization\"},\"potentialAction\":[{\"@type\":\"SearchAction\",\"target\":{\"@type\":\"EntryPoint\",\"urlTemplate\":\"https:\/\/sbia.org.br\/lnlm\/?s={search_term_string}\"},\"query-input\":{\"@type\":\"PropertyValueSpecification\",\"valueRequired\":true,\"valueName\":\"search_term_string\"}}],\"inLanguage\":\"pt-BR\"},{\"@type\":\"Organization\",\"@id\":\"https:\/\/sbia.org.br\/lnlm\/#organization\",\"name\":\"Learning and NonLinear Models\",\"url\":\"https:\/\/sbia.org.br\/lnlm\/\",\"logo\":{\"@type\":\"ImageObject\",\"inLanguage\":\"pt-BR\",\"@id\":\"https:\/\/sbia.org.br\/lnlm\/#\/schema\/logo\/image\/\",\"url\":\"https:\/\/sbia.org.br\/lnlm\/wp-content\/uploads\/2021\/07\/logo-lnlm.png\",\"contentUrl\":\"https:\/\/sbia.org.br\/lnlm\/wp-content\/uploads\/2021\/07\/logo-lnlm.png\",\"width\":398,\"height\":94,\"caption\":\"Learning and NonLinear Models\"},\"image\":{\"@id\":\"https:\/\/sbia.org.br\/lnlm\/#\/schema\/logo\/image\/\"}}]}<\/script>\n<!-- \/ Yoast SEO plugin. -->","yoast_head_json":{"title":"Empregando o Neo Fuzzy Neuron para Modelagem de um Conjunto de Dados Fisiol\u00f3gicos e Avalia\u00e7\u00e3o do Monitoramento de Apn\u00e9ia \u2013 Um Estudo de Caso - Learning and NonLinear Models","robots":{"index":"index","follow":"follow","max-snippet":"max-snippet:-1","max-image-preview":"max-image-preview:large","max-video-preview":"max-video-preview:-1"},"canonical":"https:\/\/sbia.org.br\/lnlm\/publicacoes\/vol1-no2\/vol1-no2-art3\/","og_locale":"pt_BR","og_type":"article","og_title":"Empregando o Neo Fuzzy Neuron para Modelagem de um Conjunto de Dados Fisiol\u00f3gicos e Avalia\u00e7\u00e3o do Monitoramento de Apn\u00e9ia \u2013 Um Estudo de Caso - Learning and NonLinear Models","og_description":"T\u00edtulo: Empregando o Neo Fuzzy Neuron para Modelagem de um Conjunto de Dados Fisiol\u00f3gicos e Avalia\u00e7\u00e3o do Monitoramento de Apn\u00e9ia \u2013 Um Estudo de Caso Autores: Souza, Alvaro V.P.; Caminhas, Walmir M.; Aguirre, Lu\u00eds A. Resumo: O presente artigo discute Read More ...","og_url":"https:\/\/sbia.org.br\/lnlm\/publicacoes\/vol1-no2\/vol1-no2-art3\/","og_site_name":"Learning and NonLinear Models","twitter_card":"summary_large_image","twitter_misc":{"Est. tempo de leitura":"1 minuto"},"schema":{"@context":"https:\/\/schema.org","@graph":[{"@type":"WebPage","@id":"https:\/\/sbia.org.br\/lnlm\/publicacoes\/vol1-no2\/vol1-no2-art3\/","url":"https:\/\/sbia.org.br\/lnlm\/publicacoes\/vol1-no2\/vol1-no2-art3\/","name":"Empregando o Neo Fuzzy Neuron para Modelagem de um Conjunto de Dados Fisiol\u00f3gicos e Avalia\u00e7\u00e3o do Monitoramento de Apn\u00e9ia \u2013 Um Estudo de Caso - Learning and NonLinear Models","isPartOf":{"@id":"https:\/\/sbia.org.br\/lnlm\/#website"},"datePublished":"2016-07-13T18:25:50+00:00","breadcrumb":{"@id":"https:\/\/sbia.org.br\/lnlm\/publicacoes\/vol1-no2\/vol1-no2-art3\/#breadcrumb"},"inLanguage":"pt-BR","potentialAction":[{"@type":"ReadAction","target":["https:\/\/sbia.org.br\/lnlm\/publicacoes\/vol1-no2\/vol1-no2-art3\/"]}]},{"@type":"BreadcrumbList","@id":"https:\/\/sbia.org.br\/lnlm\/publicacoes\/vol1-no2\/vol1-no2-art3\/#breadcrumb","itemListElement":[{"@type":"ListItem","position":1,"name":"Browse issues","item":"https:\/\/sbia.org.br\/lnlm\/publicacoes\/"},{"@type":"ListItem","position":2,"name":"Learning &#038; Nonlinear Models &#8211; L&#038;NLM &#8211; Volume 1 &#8211; N\u00famero 2","item":"https:\/\/sbia.org.br\/lnlm\/publicacoes\/vol1-no2\/"},{"@type":"ListItem","position":3,"name":"Empregando o Neo Fuzzy Neuron para Modelagem de um Conjunto de Dados Fisiol\u00f3gicos e Avalia\u00e7\u00e3o do Monitoramento de Apn\u00e9ia \u2013 Um Estudo de Caso"}]},{"@type":"WebSite","@id":"https:\/\/sbia.org.br\/lnlm\/#website","url":"https:\/\/sbia.org.br\/lnlm\/","name":"Learning and NonLinear Models","description":"","publisher":{"@id":"https:\/\/sbia.org.br\/lnlm\/#organization"},"potentialAction":[{"@type":"SearchAction","target":{"@type":"EntryPoint","urlTemplate":"https:\/\/sbia.org.br\/lnlm\/?s={search_term_string}"},"query-input":{"@type":"PropertyValueSpecification","valueRequired":true,"valueName":"search_term_string"}}],"inLanguage":"pt-BR"},{"@type":"Organization","@id":"https:\/\/sbia.org.br\/lnlm\/#organization","name":"Learning and NonLinear Models","url":"https:\/\/sbia.org.br\/lnlm\/","logo":{"@type":"ImageObject","inLanguage":"pt-BR","@id":"https:\/\/sbia.org.br\/lnlm\/#\/schema\/logo\/image\/","url":"https:\/\/sbia.org.br\/lnlm\/wp-content\/uploads\/2021\/07\/logo-lnlm.png","contentUrl":"https:\/\/sbia.org.br\/lnlm\/wp-content\/uploads\/2021\/07\/logo-lnlm.png","width":398,"height":94,"caption":"Learning and NonLinear Models"},"image":{"@id":"https:\/\/sbia.org.br\/lnlm\/#\/schema\/logo\/image\/"}}]}},"_links":{"self":[{"href":"https:\/\/sbia.org.br\/lnlm\/wp-json\/wp\/v2\/pages\/245","targetHints":{"allow":["GET"]}}],"collection":[{"href":"https:\/\/sbia.org.br\/lnlm\/wp-json\/wp\/v2\/pages"}],"about":[{"href":"https:\/\/sbia.org.br\/lnlm\/wp-json\/wp\/v2\/types\/page"}],"author":[{"embeddable":true,"href":"https:\/\/sbia.org.br\/lnlm\/wp-json\/wp\/v2\/users\/1"}],"replies":[{"embeddable":true,"href":"https:\/\/sbia.org.br\/lnlm\/wp-json\/wp\/v2\/comments?post=245"}],"version-history":[{"count":0,"href":"https:\/\/sbia.org.br\/lnlm\/wp-json\/wp\/v2\/pages\/245\/revisions"}],"up":[{"embeddable":true,"href":"https:\/\/sbia.org.br\/lnlm\/wp-json\/wp\/v2\/pages\/239"}],"wp:attachment":[{"href":"https:\/\/sbia.org.br\/lnlm\/wp-json\/wp\/v2\/media?parent=245"}],"curies":[{"name":"wp","href":"https:\/\/api.w.org\/{rel}","templated":true}]}}