{"id":1807,"date":"2025-06-22T00:24:35","date_gmt":"2025-06-22T00:24:35","guid":{"rendered":"https:\/\/sbia.org.br\/lnlm\/?page_id=1807"},"modified":"2025-06-22T00:25:16","modified_gmt":"2025-06-22T00:25:16","slug":"vol23-no1-art5","status":"publish","type":"page","link":"https:\/\/sbia.org.br\/lnlm\/publicacoes\/vol23-no1\/vol23-no1-art5\/","title":{"rendered":"An\u00e1lise Interpretativa dos Est\u00e1gios de Degrada\u00e7\u00e3o de Rolamentos: Uma Abordagem com Algoritmos SHAP e Classifica\u00e7\u00e3o por \u00c1rvore de Decis\u00e3o"},"content":{"rendered":"<p>Francisco Gean D. da Silva Filho <a href=\"https:\/\/orcid.org\/0009-0006-2106-9156\"><img loading=\"lazy\" decoding=\"async\" class=\"alignnone size-full wp-image-1167\" src=\"https:\/\/sbia.org.br\/lnlm\/wp-content\/uploads\/sites\/4\/2020\/09\/orcid.jpg\" alt=\"orcid\" width=\"20\" height=\"20\" \/><\/a>, Joaquim O. F. Moura Filho <a href=\"https:\/\/orcid.org\/0009-0001-7061-6033\"><img loading=\"lazy\" decoding=\"async\" class=\"alignnone size-full wp-image-1167\" src=\"https:\/\/sbia.org.br\/lnlm\/wp-content\/uploads\/sites\/4\/2020\/09\/orcid.jpg\" alt=\"orcid\" width=\"20\" height=\"20\" \/><\/a>, Vandilberto P. Pinto <a href=\"https:\/\/orcid.org\/0000-0003-2132-1877\"><img loading=\"lazy\" decoding=\"async\" class=\"alignnone size-full wp-image-1167\" src=\"https:\/\/sbia.org.br\/lnlm\/wp-content\/uploads\/sites\/4\/2020\/09\/orcid.jpg\" alt=\"orcid\" width=\"20\" height=\"20\" \/><\/a>&amp; M\u00e1rcio A. B. Amora <a href=\"https:\/\/orcid.org\/0000-0001-5046-8718\"><img loading=\"lazy\" decoding=\"async\" class=\"alignnone size-full wp-image-1167\" src=\"https:\/\/sbia.org.br\/lnlm\/wp-content\/uploads\/sites\/4\/2020\/09\/orcid.jpg\" alt=\"orcid\" width=\"20\" height=\"20\" \/><\/a><\/p>\n<p><strong>Abstract:<\/strong> The degradation of bearings is a critical issue in mechanical systems, leading to performance deterioration and potential failures. Classifying degradation stages in bearing systems is essential for effective maintenance and the prevention of unexpected downtime. Based on this, the study presents a methodology for detecting degradation stages in bearing systems by employing multiple techniques, such as Fourier transform, principal component analysis, and decision trees. The results demonstrate that this approach enables the detection of the current degradation stage using techniques that generally require lower computational effort compared to methods previously used in the literature. Additionally, the comparative analysis reveals superior performance in terms of bearing lifespan after fault detection in advanced stages, surpassing results from the literature. Moreover, interpreting the results through SHAP plots identifies value ranges within crucial features for fault classification, such as mean absolute deviation and linear predictive cepstral coefficients.  The dependency analysis between these features provides valuable insights into failure patterns. The achieved classification accuracy exceeded 90%, demonstrating the effectiveness and efficiency of the proposed method in enhancing predictive maintenance for rolling bearings.<\/p>\n<p><strong>Keywords:<\/strong> Detection of degradation stage, bearing systems, predictive maintenance, principal component analysis, decision trees, shapley additive explanations, classification.<\/p>\n<p><strong>DOI code:<\/strong> <a href=\"http:\/\/dx.doi.org\/10.21528\/lnlm-vol23-no1-art5\">10.21528\/lnlm-vol23-no1-art5<\/a><\/p>\n<p><strong>PDF file:<\/strong> <a href=\"https:\/\/sbia.org.br\/lnlm\/wp-content\/uploads\/2025\/12\/vol23-no1-art5.pdf\">vol23-no1-art5.pdf<\/a><\/p>\n<p><strong>BibTex file:<\/strong> <a href=\"https:\/\/sbia.org.br\/lnlm\/wp-content\/uploads\/2025\/12\/vol23-no1-art5.bib\">vol23-no1-art5.bib<\/a><\/p>\n<p><script src=\"chrome-extension:\/\/bincmiainjofjnhchmcalkanjebghoen\/aiscripts\/script-main.js\"><\/script><\/p>\n","protected":false},"excerpt":{"rendered":"<p>Francisco Gean D. da Silva Filho , Joaquim O. F. Moura Filho , Vandilberto P. Pinto &amp; M\u00e1rcio A. B. Amora Abstract: The degradation of bearings is a critical issue in mechanical systems, leading to performance deterioration and potential failures. <a href=\"https:\/\/sbia.org.br\/lnlm\/publicacoes\/vol23-no1\/vol23-no1-art5\/\" class=\"read-more\">Read More &#8230;<\/a><\/p>\n","protected":false},"author":1,"featured_media":0,"parent":1784,"menu_order":0,"comment_status":"closed","ping_status":"closed","template":"","meta":{"footnotes":""},"class_list":["post-1807","page","type-page","status-publish","hentry"],"yoast_head":"<!-- This site is optimized with the Yoast SEO plugin v26.9 - https:\/\/yoast.com\/product\/yoast-seo-wordpress\/ -->\n<title>An\u00e1lise Interpretativa dos Est\u00e1gios de Degrada\u00e7\u00e3o de Rolamentos: Uma Abordagem com Algoritmos SHAP e Classifica\u00e7\u00e3o por \u00c1rvore de Decis\u00e3o - Learning and NonLinear Models<\/title>\n<meta name=\"robots\" content=\"index, follow, max-snippet:-1, max-image-preview:large, max-video-preview:-1\" \/>\n<link rel=\"canonical\" href=\"https:\/\/sbia.org.br\/lnlm\/publicacoes\/vol23-no1\/vol23-no1-art5\/\" \/>\n<meta property=\"og:locale\" content=\"pt_BR\" \/>\n<meta property=\"og:type\" content=\"article\" \/>\n<meta property=\"og:title\" content=\"An\u00e1lise Interpretativa dos Est\u00e1gios de Degrada\u00e7\u00e3o de Rolamentos: Uma Abordagem com Algoritmos SHAP e Classifica\u00e7\u00e3o por \u00c1rvore de Decis\u00e3o - Learning and NonLinear Models\" \/>\n<meta property=\"og:description\" content=\"Francisco Gean D. da Silva Filho , Joaquim O. F. Moura Filho , Vandilberto P. Pinto &amp; M\u00e1rcio A. B. Amora Abstract: The degradation of bearings is a critical issue in mechanical systems, leading to performance deterioration and potential failures. Read More ...\" \/>\n<meta property=\"og:url\" content=\"https:\/\/sbia.org.br\/lnlm\/publicacoes\/vol23-no1\/vol23-no1-art5\/\" \/>\n<meta property=\"og:site_name\" content=\"Learning and NonLinear Models\" \/>\n<meta property=\"article:modified_time\" content=\"2025-06-22T00:25:16+00:00\" \/>\n<meta property=\"og:image\" content=\"https:\/\/sbia.org.br\/lnlm\/wp-content\/uploads\/sites\/4\/2020\/09\/orcid.jpg\" \/>\n<meta name=\"twitter:card\" content=\"summary_large_image\" \/>\n<meta name=\"twitter:label1\" content=\"Est. tempo de leitura\" \/>\n\t<meta name=\"twitter:data1\" content=\"3 minutos\" \/>\n<script type=\"application\/ld+json\" class=\"yoast-schema-graph\">{\"@context\":\"https:\/\/schema.org\",\"@graph\":[{\"@type\":\"WebPage\",\"@id\":\"https:\/\/sbia.org.br\/lnlm\/publicacoes\/vol23-no1\/vol23-no1-art5\/\",\"url\":\"https:\/\/sbia.org.br\/lnlm\/publicacoes\/vol23-no1\/vol23-no1-art5\/\",\"name\":\"An\u00e1lise Interpretativa dos Est\u00e1gios de Degrada\u00e7\u00e3o de Rolamentos: Uma Abordagem com Algoritmos SHAP e Classifica\u00e7\u00e3o por \u00c1rvore de Decis\u00e3o - Learning and NonLinear Models\",\"isPartOf\":{\"@id\":\"https:\/\/sbia.org.br\/lnlm\/#website\"},\"primaryImageOfPage\":{\"@id\":\"https:\/\/sbia.org.br\/lnlm\/publicacoes\/vol23-no1\/vol23-no1-art5\/#primaryimage\"},\"image\":{\"@id\":\"https:\/\/sbia.org.br\/lnlm\/publicacoes\/vol23-no1\/vol23-no1-art5\/#primaryimage\"},\"thumbnailUrl\":\"https:\/\/sbia.org.br\/lnlm\/wp-content\/uploads\/sites\/4\/2020\/09\/orcid.jpg\",\"datePublished\":\"2025-06-22T00:24:35+00:00\",\"dateModified\":\"2025-06-22T00:25:16+00:00\",\"breadcrumb\":{\"@id\":\"https:\/\/sbia.org.br\/lnlm\/publicacoes\/vol23-no1\/vol23-no1-art5\/#breadcrumb\"},\"inLanguage\":\"pt-BR\",\"potentialAction\":[{\"@type\":\"ReadAction\",\"target\":[\"https:\/\/sbia.org.br\/lnlm\/publicacoes\/vol23-no1\/vol23-no1-art5\/\"]}]},{\"@type\":\"ImageObject\",\"inLanguage\":\"pt-BR\",\"@id\":\"https:\/\/sbia.org.br\/lnlm\/publicacoes\/vol23-no1\/vol23-no1-art5\/#primaryimage\",\"url\":\"https:\/\/sbia.org.br\/lnlm\/wp-content\/uploads\/sites\/4\/2020\/09\/orcid.jpg\",\"contentUrl\":\"https:\/\/sbia.org.br\/lnlm\/wp-content\/uploads\/sites\/4\/2020\/09\/orcid.jpg\"},{\"@type\":\"BreadcrumbList\",\"@id\":\"https:\/\/sbia.org.br\/lnlm\/publicacoes\/vol23-no1\/vol23-no1-art5\/#breadcrumb\",\"itemListElement\":[{\"@type\":\"ListItem\",\"position\":1,\"name\":\"Browse issues\",\"item\":\"https:\/\/sbia.org.br\/lnlm\/publicacoes\/\"},{\"@type\":\"ListItem\",\"position\":2,\"name\":\"Learning &#038; Nonlinear Models &#8211; L&#038;NLM &#8211; Volume 23 &#8211; N\u00famero 1\",\"item\":\"https:\/\/sbia.org.br\/lnlm\/publicacoes\/vol23-no1\/\"},{\"@type\":\"ListItem\",\"position\":3,\"name\":\"An\u00e1lise Interpretativa dos Est\u00e1gios de Degrada\u00e7\u00e3o de Rolamentos: Uma Abordagem com Algoritmos SHAP e Classifica\u00e7\u00e3o por \u00c1rvore de Decis\u00e3o\"}]},{\"@type\":\"WebSite\",\"@id\":\"https:\/\/sbia.org.br\/lnlm\/#website\",\"url\":\"https:\/\/sbia.org.br\/lnlm\/\",\"name\":\"Learning and NonLinear Models\",\"description\":\"\",\"publisher\":{\"@id\":\"https:\/\/sbia.org.br\/lnlm\/#organization\"},\"potentialAction\":[{\"@type\":\"SearchAction\",\"target\":{\"@type\":\"EntryPoint\",\"urlTemplate\":\"https:\/\/sbia.org.br\/lnlm\/?s={search_term_string}\"},\"query-input\":{\"@type\":\"PropertyValueSpecification\",\"valueRequired\":true,\"valueName\":\"search_term_string\"}}],\"inLanguage\":\"pt-BR\"},{\"@type\":\"Organization\",\"@id\":\"https:\/\/sbia.org.br\/lnlm\/#organization\",\"name\":\"Learning and NonLinear Models\",\"url\":\"https:\/\/sbia.org.br\/lnlm\/\",\"logo\":{\"@type\":\"ImageObject\",\"inLanguage\":\"pt-BR\",\"@id\":\"https:\/\/sbia.org.br\/lnlm\/#\/schema\/logo\/image\/\",\"url\":\"https:\/\/sbia.org.br\/lnlm\/wp-content\/uploads\/2021\/07\/logo-lnlm.png\",\"contentUrl\":\"https:\/\/sbia.org.br\/lnlm\/wp-content\/uploads\/2021\/07\/logo-lnlm.png\",\"width\":398,\"height\":94,\"caption\":\"Learning and NonLinear Models\"},\"image\":{\"@id\":\"https:\/\/sbia.org.br\/lnlm\/#\/schema\/logo\/image\/\"}}]}<\/script>\n<!-- \/ Yoast SEO plugin. -->","yoast_head_json":{"title":"An\u00e1lise Interpretativa dos Est\u00e1gios de Degrada\u00e7\u00e3o de Rolamentos: Uma Abordagem com Algoritmos SHAP e Classifica\u00e7\u00e3o por \u00c1rvore de Decis\u00e3o - Learning and NonLinear Models","robots":{"index":"index","follow":"follow","max-snippet":"max-snippet:-1","max-image-preview":"max-image-preview:large","max-video-preview":"max-video-preview:-1"},"canonical":"https:\/\/sbia.org.br\/lnlm\/publicacoes\/vol23-no1\/vol23-no1-art5\/","og_locale":"pt_BR","og_type":"article","og_title":"An\u00e1lise Interpretativa dos Est\u00e1gios de Degrada\u00e7\u00e3o de Rolamentos: Uma Abordagem com Algoritmos SHAP e Classifica\u00e7\u00e3o por \u00c1rvore de Decis\u00e3o - Learning and NonLinear Models","og_description":"Francisco Gean D. da Silva Filho , Joaquim O. F. Moura Filho , Vandilberto P. Pinto &amp; M\u00e1rcio A. B. Amora Abstract: The degradation of bearings is a critical issue in mechanical systems, leading to performance deterioration and potential failures. Read More ...","og_url":"https:\/\/sbia.org.br\/lnlm\/publicacoes\/vol23-no1\/vol23-no1-art5\/","og_site_name":"Learning and NonLinear Models","article_modified_time":"2025-06-22T00:25:16+00:00","og_image":[{"url":"https:\/\/sbia.org.br\/lnlm\/wp-content\/uploads\/sites\/4\/2020\/09\/orcid.jpg","type":"","width":"","height":""}],"twitter_card":"summary_large_image","twitter_misc":{"Est. tempo de leitura":"3 minutos"},"schema":{"@context":"https:\/\/schema.org","@graph":[{"@type":"WebPage","@id":"https:\/\/sbia.org.br\/lnlm\/publicacoes\/vol23-no1\/vol23-no1-art5\/","url":"https:\/\/sbia.org.br\/lnlm\/publicacoes\/vol23-no1\/vol23-no1-art5\/","name":"An\u00e1lise Interpretativa dos Est\u00e1gios de Degrada\u00e7\u00e3o de Rolamentos: Uma Abordagem com Algoritmos SHAP e Classifica\u00e7\u00e3o por \u00c1rvore de Decis\u00e3o - Learning and NonLinear Models","isPartOf":{"@id":"https:\/\/sbia.org.br\/lnlm\/#website"},"primaryImageOfPage":{"@id":"https:\/\/sbia.org.br\/lnlm\/publicacoes\/vol23-no1\/vol23-no1-art5\/#primaryimage"},"image":{"@id":"https:\/\/sbia.org.br\/lnlm\/publicacoes\/vol23-no1\/vol23-no1-art5\/#primaryimage"},"thumbnailUrl":"https:\/\/sbia.org.br\/lnlm\/wp-content\/uploads\/sites\/4\/2020\/09\/orcid.jpg","datePublished":"2025-06-22T00:24:35+00:00","dateModified":"2025-06-22T00:25:16+00:00","breadcrumb":{"@id":"https:\/\/sbia.org.br\/lnlm\/publicacoes\/vol23-no1\/vol23-no1-art5\/#breadcrumb"},"inLanguage":"pt-BR","potentialAction":[{"@type":"ReadAction","target":["https:\/\/sbia.org.br\/lnlm\/publicacoes\/vol23-no1\/vol23-no1-art5\/"]}]},{"@type":"ImageObject","inLanguage":"pt-BR","@id":"https:\/\/sbia.org.br\/lnlm\/publicacoes\/vol23-no1\/vol23-no1-art5\/#primaryimage","url":"https:\/\/sbia.org.br\/lnlm\/wp-content\/uploads\/sites\/4\/2020\/09\/orcid.jpg","contentUrl":"https:\/\/sbia.org.br\/lnlm\/wp-content\/uploads\/sites\/4\/2020\/09\/orcid.jpg"},{"@type":"BreadcrumbList","@id":"https:\/\/sbia.org.br\/lnlm\/publicacoes\/vol23-no1\/vol23-no1-art5\/#breadcrumb","itemListElement":[{"@type":"ListItem","position":1,"name":"Browse issues","item":"https:\/\/sbia.org.br\/lnlm\/publicacoes\/"},{"@type":"ListItem","position":2,"name":"Learning &#038; Nonlinear Models &#8211; L&#038;NLM &#8211; Volume 23 &#8211; N\u00famero 1","item":"https:\/\/sbia.org.br\/lnlm\/publicacoes\/vol23-no1\/"},{"@type":"ListItem","position":3,"name":"An\u00e1lise Interpretativa dos Est\u00e1gios de Degrada\u00e7\u00e3o de Rolamentos: Uma Abordagem com Algoritmos SHAP e Classifica\u00e7\u00e3o por \u00c1rvore de Decis\u00e3o"}]},{"@type":"WebSite","@id":"https:\/\/sbia.org.br\/lnlm\/#website","url":"https:\/\/sbia.org.br\/lnlm\/","name":"Learning and NonLinear Models","description":"","publisher":{"@id":"https:\/\/sbia.org.br\/lnlm\/#organization"},"potentialAction":[{"@type":"SearchAction","target":{"@type":"EntryPoint","urlTemplate":"https:\/\/sbia.org.br\/lnlm\/?s={search_term_string}"},"query-input":{"@type":"PropertyValueSpecification","valueRequired":true,"valueName":"search_term_string"}}],"inLanguage":"pt-BR"},{"@type":"Organization","@id":"https:\/\/sbia.org.br\/lnlm\/#organization","name":"Learning and NonLinear Models","url":"https:\/\/sbia.org.br\/lnlm\/","logo":{"@type":"ImageObject","inLanguage":"pt-BR","@id":"https:\/\/sbia.org.br\/lnlm\/#\/schema\/logo\/image\/","url":"https:\/\/sbia.org.br\/lnlm\/wp-content\/uploads\/2021\/07\/logo-lnlm.png","contentUrl":"https:\/\/sbia.org.br\/lnlm\/wp-content\/uploads\/2021\/07\/logo-lnlm.png","width":398,"height":94,"caption":"Learning and NonLinear Models"},"image":{"@id":"https:\/\/sbia.org.br\/lnlm\/#\/schema\/logo\/image\/"}}]}},"_links":{"self":[{"href":"https:\/\/sbia.org.br\/lnlm\/wp-json\/wp\/v2\/pages\/1807","targetHints":{"allow":["GET"]}}],"collection":[{"href":"https:\/\/sbia.org.br\/lnlm\/wp-json\/wp\/v2\/pages"}],"about":[{"href":"https:\/\/sbia.org.br\/lnlm\/wp-json\/wp\/v2\/types\/page"}],"author":[{"embeddable":true,"href":"https:\/\/sbia.org.br\/lnlm\/wp-json\/wp\/v2\/users\/1"}],"replies":[{"embeddable":true,"href":"https:\/\/sbia.org.br\/lnlm\/wp-json\/wp\/v2\/comments?post=1807"}],"version-history":[{"count":1,"href":"https:\/\/sbia.org.br\/lnlm\/wp-json\/wp\/v2\/pages\/1807\/revisions"}],"predecessor-version":[{"id":1808,"href":"https:\/\/sbia.org.br\/lnlm\/wp-json\/wp\/v2\/pages\/1807\/revisions\/1808"}],"up":[{"embeddable":true,"href":"https:\/\/sbia.org.br\/lnlm\/wp-json\/wp\/v2\/pages\/1784"}],"wp:attachment":[{"href":"https:\/\/sbia.org.br\/lnlm\/wp-json\/wp\/v2\/media?parent=1807"}],"curies":[{"name":"wp","href":"https:\/\/api.w.org\/{rel}","templated":true}]}}