{"id":1613,"date":"2023-09-06T16:30:19","date_gmt":"2023-09-06T16:30:19","guid":{"rendered":"https:\/\/sbia.org.br\/lnlm\/?page_id=1613"},"modified":"2024-03-04T21:42:40","modified_gmt":"2024-03-04T21:42:40","slug":"vol21-no2","status":"publish","type":"page","link":"https:\/\/sbia.org.br\/lnlm\/publicacoes\/vol21-no2\/","title":{"rendered":"Learning &#038; Nonlinear Models &#8211; L&#038;NLM &#8211; Volume 21 &#8211; N\u00famero 2"},"content":{"rendered":"<p><a href=\"https:\/\/sbia.org.br\/lnlm\/wp-content\/uploads\/2023\/12\/vol21-no2-art0.pdf\" target=\"_blank\" rel=\"noopener\">Cover<\/a><br \/>\n<a href=\"https:\/\/sbia.org.br\/lnlm\/publicacoes\/vol21-no2\/vol21-no2-art1\/\" target=\"_blank\" rel=\"noopener\"><span style=\"font-size: large;\">Local Rule-Based Explanations Method Based on Genetic Algorithms with Fitness Sharing<\/span><\/a><\/p>\n<ul>\n<li style=\"list-style-type: none;\">\n<ul>\n<li style=\"list-style-type: none;\">\n<ul>Daniel A. Santos, Jos\u00e9 A. Baranauskas &amp; Renato Tin\u00f3s<\/ul>\n<\/li>\n<\/ul>\n<\/li>\n<\/ul>\n<p><a href=\"https:\/\/sbia.org.br\/lnlm\/publicacoes\/vol21-no2\/vol21-no2-art2\/\" target=\"_blank\" rel=\"noopener\"><span style=\"font-size: large;\">Analysis and Improvement of Machine Learning Models for Detecting Street Lighting Lamps<\/span><\/a><\/p>\n<ul>\n<li style=\"list-style-type: none;\">\n<ul>\n<li style=\"list-style-type: none;\">\n<ul>Igor Caetano Silva, Ricardo Menezes Salgado, Igor Mattos dos Santos Varej\u00e3o &amp; Flavio Miguel Varej\u00e3o<\/ul>\n<\/li>\n<\/ul>\n<\/li>\n<\/ul>\n<p><a href=\"https:\/\/sbia.org.br\/lnlm\/publicacoes\/vol21-no2\/vol21-no2-art3\/\" target=\"_blank\" rel=\"noopener\"><span style=\"font-size: large;\">An Active Learning Approach for Detecting Customer Induced Damages in Motherboards with Deep Neural Networks<\/span><\/a><\/p>\n<ul>\n<li style=\"list-style-type: none;\">\n<ul>\n<li style=\"list-style-type: none;\">\n<ul>Lucas Cabral, Victor Farias, Lucas Sena, Iago Chaves, Jo\u00e3o Paulo Pordeus, Jo\u00e3o Pedro Santiago, Diego S\u00e1, Javam Machado &amp; Jo\u00e3o Paulo Madeiro<\/ul>\n<\/li>\n<\/ul>\n<\/li>\n<\/ul>\n<p><a href=\"https:\/\/sbia.org.br\/lnlm\/publicacoes\/vol21-no2\/vol21-no2-art4\/\" target=\"_blank\" rel=\"noopener\"><span style=\"font-size: large;\">Study and Analysis of Deep Learning Techniques for Solving Financial Problems<\/span><\/a><\/p>\n<ul>\n<li style=\"list-style-type: none;\">\n<ul>\n<li style=\"list-style-type: none;\">\n<ul>Wendell Jo\u00e3o Castro de Avila &amp; Ricardo Menezes Salgado<\/ul>\n<\/li>\n<\/ul>\n<\/li>\n<\/ul>\n<p><a href=\"https:\/\/sbia.org.br\/lnlm\/publicacoes\/vol21-no2\/vol21-no2-art5\/\" target=\"_blank\" rel=\"noopener\"><span style=\"font-size: large;\">Dynamic Multi-Objective Evolutionary Algorithms: An Overview<\/span><\/a><\/p>\n<ul>\n<li style=\"list-style-type: none;\">\n<ul>\n<li style=\"list-style-type: none;\">\n<ul>Elaine Guerrero-Pe\u00f1a, Aluizio Fausto Ribeiro Ara\u00fajo &#038; C\u00edcero Garrozi<\/ul>\n<\/li>\n<\/ul>\n<\/li>\n<\/ul>\n<p>&nbsp;<\/p>\n<p>&nbsp;<\/p>\n","protected":false},"excerpt":{"rendered":"<p>Cover Local Rule-Based Explanations Method Based on Genetic Algorithms with Fitness Sharing Daniel A. Santos, Jos\u00e9 A. Baranauskas &amp; Renato Tin\u00f3s Analysis and Improvement of Machine Learning Models for Detecting Street Lighting Lamps Igor Caetano Silva, Ricardo Menezes Salgado, Igor <a href=\"https:\/\/sbia.org.br\/lnlm\/publicacoes\/vol21-no2\/\" class=\"read-more\">Read More &#8230;<\/a><\/p>\n","protected":false},"author":1,"featured_media":0,"parent":23,"menu_order":0,"comment_status":"closed","ping_status":"closed","template":"","meta":{"footnotes":""},"class_list":["post-1613","page","type-page","status-publish","hentry"],"yoast_head":"<!-- This site is optimized with the Yoast SEO plugin v26.9 - https:\/\/yoast.com\/product\/yoast-seo-wordpress\/ -->\n<title>Learning &amp; Nonlinear Models - L&amp;NLM - Volume 21 - N\u00famero 2 - Learning and NonLinear Models<\/title>\n<meta name=\"robots\" content=\"index, follow, max-snippet:-1, max-image-preview:large, max-video-preview:-1\" \/>\n<link rel=\"canonical\" href=\"https:\/\/sbia.org.br\/lnlm\/publicacoes\/vol21-no2\/\" \/>\n<meta property=\"og:locale\" content=\"pt_BR\" \/>\n<meta property=\"og:type\" content=\"article\" \/>\n<meta property=\"og:title\" content=\"Learning &amp; Nonlinear Models - L&amp;NLM - Volume 21 - N\u00famero 2 - Learning and NonLinear Models\" \/>\n<meta property=\"og:description\" content=\"Cover Local Rule-Based Explanations Method Based on Genetic Algorithms with Fitness Sharing Daniel A. Santos, Jos\u00e9 A. Baranauskas &amp; Renato Tin\u00f3s Analysis and Improvement of Machine Learning Models for Detecting Street Lighting Lamps Igor Caetano Silva, Ricardo Menezes Salgado, Igor Read More ...\" \/>\n<meta property=\"og:url\" content=\"https:\/\/sbia.org.br\/lnlm\/publicacoes\/vol21-no2\/\" \/>\n<meta property=\"og:site_name\" content=\"Learning and NonLinear Models\" \/>\n<meta property=\"article:modified_time\" content=\"2024-03-04T21:42:40+00:00\" \/>\n<meta name=\"twitter:card\" content=\"summary_large_image\" \/>\n<meta name=\"twitter:label1\" content=\"Est. tempo de leitura\" \/>\n\t<meta name=\"twitter:data1\" content=\"1 minuto\" \/>\n<script type=\"application\/ld+json\" class=\"yoast-schema-graph\">{\"@context\":\"https:\/\/schema.org\",\"@graph\":[{\"@type\":\"WebPage\",\"@id\":\"https:\/\/sbia.org.br\/lnlm\/publicacoes\/vol21-no2\/\",\"url\":\"https:\/\/sbia.org.br\/lnlm\/publicacoes\/vol21-no2\/\",\"name\":\"Learning & Nonlinear Models - L&NLM - Volume 21 - N\u00famero 2 - Learning and NonLinear Models\",\"isPartOf\":{\"@id\":\"https:\/\/sbia.org.br\/lnlm\/#website\"},\"datePublished\":\"2023-09-06T16:30:19+00:00\",\"dateModified\":\"2024-03-04T21:42:40+00:00\",\"breadcrumb\":{\"@id\":\"https:\/\/sbia.org.br\/lnlm\/publicacoes\/vol21-no2\/#breadcrumb\"},\"inLanguage\":\"pt-BR\",\"potentialAction\":[{\"@type\":\"ReadAction\",\"target\":[\"https:\/\/sbia.org.br\/lnlm\/publicacoes\/vol21-no2\/\"]}]},{\"@type\":\"BreadcrumbList\",\"@id\":\"https:\/\/sbia.org.br\/lnlm\/publicacoes\/vol21-no2\/#breadcrumb\",\"itemListElement\":[{\"@type\":\"ListItem\",\"position\":1,\"name\":\"Browse issues\",\"item\":\"https:\/\/sbia.org.br\/lnlm\/publicacoes\/\"},{\"@type\":\"ListItem\",\"position\":2,\"name\":\"Learning &#038; Nonlinear Models &#8211; L&#038;NLM &#8211; Volume 21 &#8211; N\u00famero 2\"}]},{\"@type\":\"WebSite\",\"@id\":\"https:\/\/sbia.org.br\/lnlm\/#website\",\"url\":\"https:\/\/sbia.org.br\/lnlm\/\",\"name\":\"Learning and NonLinear Models\",\"description\":\"\",\"publisher\":{\"@id\":\"https:\/\/sbia.org.br\/lnlm\/#organization\"},\"potentialAction\":[{\"@type\":\"SearchAction\",\"target\":{\"@type\":\"EntryPoint\",\"urlTemplate\":\"https:\/\/sbia.org.br\/lnlm\/?s={search_term_string}\"},\"query-input\":{\"@type\":\"PropertyValueSpecification\",\"valueRequired\":true,\"valueName\":\"search_term_string\"}}],\"inLanguage\":\"pt-BR\"},{\"@type\":\"Organization\",\"@id\":\"https:\/\/sbia.org.br\/lnlm\/#organization\",\"name\":\"Learning and NonLinear Models\",\"url\":\"https:\/\/sbia.org.br\/lnlm\/\",\"logo\":{\"@type\":\"ImageObject\",\"inLanguage\":\"pt-BR\",\"@id\":\"https:\/\/sbia.org.br\/lnlm\/#\/schema\/logo\/image\/\",\"url\":\"https:\/\/sbia.org.br\/lnlm\/wp-content\/uploads\/2021\/07\/logo-lnlm.png\",\"contentUrl\":\"https:\/\/sbia.org.br\/lnlm\/wp-content\/uploads\/2021\/07\/logo-lnlm.png\",\"width\":398,\"height\":94,\"caption\":\"Learning and NonLinear Models\"},\"image\":{\"@id\":\"https:\/\/sbia.org.br\/lnlm\/#\/schema\/logo\/image\/\"}}]}<\/script>\n<!-- \/ Yoast SEO plugin. -->","yoast_head_json":{"title":"Learning & Nonlinear Models - L&NLM - Volume 21 - N\u00famero 2 - Learning and NonLinear Models","robots":{"index":"index","follow":"follow","max-snippet":"max-snippet:-1","max-image-preview":"max-image-preview:large","max-video-preview":"max-video-preview:-1"},"canonical":"https:\/\/sbia.org.br\/lnlm\/publicacoes\/vol21-no2\/","og_locale":"pt_BR","og_type":"article","og_title":"Learning & Nonlinear Models - L&NLM - Volume 21 - N\u00famero 2 - Learning and NonLinear Models","og_description":"Cover Local Rule-Based Explanations Method Based on Genetic Algorithms with Fitness Sharing Daniel A. Santos, Jos\u00e9 A. Baranauskas &amp; Renato Tin\u00f3s Analysis and Improvement of Machine Learning Models for Detecting Street Lighting Lamps Igor Caetano Silva, Ricardo Menezes Salgado, Igor Read More ...","og_url":"https:\/\/sbia.org.br\/lnlm\/publicacoes\/vol21-no2\/","og_site_name":"Learning and NonLinear Models","article_modified_time":"2024-03-04T21:42:40+00:00","twitter_card":"summary_large_image","twitter_misc":{"Est. tempo de leitura":"1 minuto"},"schema":{"@context":"https:\/\/schema.org","@graph":[{"@type":"WebPage","@id":"https:\/\/sbia.org.br\/lnlm\/publicacoes\/vol21-no2\/","url":"https:\/\/sbia.org.br\/lnlm\/publicacoes\/vol21-no2\/","name":"Learning & Nonlinear Models - L&NLM - Volume 21 - N\u00famero 2 - Learning and NonLinear Models","isPartOf":{"@id":"https:\/\/sbia.org.br\/lnlm\/#website"},"datePublished":"2023-09-06T16:30:19+00:00","dateModified":"2024-03-04T21:42:40+00:00","breadcrumb":{"@id":"https:\/\/sbia.org.br\/lnlm\/publicacoes\/vol21-no2\/#breadcrumb"},"inLanguage":"pt-BR","potentialAction":[{"@type":"ReadAction","target":["https:\/\/sbia.org.br\/lnlm\/publicacoes\/vol21-no2\/"]}]},{"@type":"BreadcrumbList","@id":"https:\/\/sbia.org.br\/lnlm\/publicacoes\/vol21-no2\/#breadcrumb","itemListElement":[{"@type":"ListItem","position":1,"name":"Browse issues","item":"https:\/\/sbia.org.br\/lnlm\/publicacoes\/"},{"@type":"ListItem","position":2,"name":"Learning &#038; Nonlinear Models &#8211; L&#038;NLM &#8211; Volume 21 &#8211; N\u00famero 2"}]},{"@type":"WebSite","@id":"https:\/\/sbia.org.br\/lnlm\/#website","url":"https:\/\/sbia.org.br\/lnlm\/","name":"Learning and NonLinear Models","description":"","publisher":{"@id":"https:\/\/sbia.org.br\/lnlm\/#organization"},"potentialAction":[{"@type":"SearchAction","target":{"@type":"EntryPoint","urlTemplate":"https:\/\/sbia.org.br\/lnlm\/?s={search_term_string}"},"query-input":{"@type":"PropertyValueSpecification","valueRequired":true,"valueName":"search_term_string"}}],"inLanguage":"pt-BR"},{"@type":"Organization","@id":"https:\/\/sbia.org.br\/lnlm\/#organization","name":"Learning and NonLinear Models","url":"https:\/\/sbia.org.br\/lnlm\/","logo":{"@type":"ImageObject","inLanguage":"pt-BR","@id":"https:\/\/sbia.org.br\/lnlm\/#\/schema\/logo\/image\/","url":"https:\/\/sbia.org.br\/lnlm\/wp-content\/uploads\/2021\/07\/logo-lnlm.png","contentUrl":"https:\/\/sbia.org.br\/lnlm\/wp-content\/uploads\/2021\/07\/logo-lnlm.png","width":398,"height":94,"caption":"Learning and NonLinear Models"},"image":{"@id":"https:\/\/sbia.org.br\/lnlm\/#\/schema\/logo\/image\/"}}]}},"_links":{"self":[{"href":"https:\/\/sbia.org.br\/lnlm\/wp-json\/wp\/v2\/pages\/1613","targetHints":{"allow":["GET"]}}],"collection":[{"href":"https:\/\/sbia.org.br\/lnlm\/wp-json\/wp\/v2\/pages"}],"about":[{"href":"https:\/\/sbia.org.br\/lnlm\/wp-json\/wp\/v2\/types\/page"}],"author":[{"embeddable":true,"href":"https:\/\/sbia.org.br\/lnlm\/wp-json\/wp\/v2\/users\/1"}],"replies":[{"embeddable":true,"href":"https:\/\/sbia.org.br\/lnlm\/wp-json\/wp\/v2\/comments?post=1613"}],"version-history":[{"count":10,"href":"https:\/\/sbia.org.br\/lnlm\/wp-json\/wp\/v2\/pages\/1613\/revisions"}],"predecessor-version":[{"id":1666,"href":"https:\/\/sbia.org.br\/lnlm\/wp-json\/wp\/v2\/pages\/1613\/revisions\/1666"}],"up":[{"embeddable":true,"href":"https:\/\/sbia.org.br\/lnlm\/wp-json\/wp\/v2\/pages\/23"}],"wp:attachment":[{"href":"https:\/\/sbia.org.br\/lnlm\/wp-json\/wp\/v2\/media?parent=1613"}],"curies":[{"name":"wp","href":"https:\/\/api.w.org\/{rel}","templated":true}]}}