{"id":1546,"date":"2023-02-24T16:04:26","date_gmt":"2023-02-24T16:04:26","guid":{"rendered":"https:\/\/sbia.org.br\/lnlm\/?page_id=1546"},"modified":"2023-03-06T18:15:19","modified_gmt":"2023-03-06T18:15:19","slug":"vol21-no1","status":"publish","type":"page","link":"https:\/\/sbia.org.br\/lnlm\/publicacoes\/vol21-no1\/","title":{"rendered":"Learning &#038; Nonlinear Models &#8211; L&#038;NLM &#8211; Volume 21 &#8211; N\u00famero 1"},"content":{"rendered":"<p><a href=\"https:\/\/sbia.org.br\/lnlm\/wp-content\/uploads\/2023\/02\/vol21-no1-art0.pdf\" target=\"_blank\" rel=\"noopener\">Cover<\/a><br \/>\n<strong style=\"margin-top: 20px; margin-bottom: 10px; float: left; width: 100%; font-size: 22px;\"><a href=\"https:\/\/sbia.org.br\/lnlm\/applications-of-computational-intelligence-in-emerging-electrical-systems\/\">Special Issue: Applications of Computational Intelligence (CI) in Emerging Electrical Systems<\/a><\/strong><\/p>\n<p><strong style=\"margin-top: 20px; margin-bottom: -10px; float: left; width: 100%; color: #294a70;\">Editors: <\/strong><br \/>\n<strong>Andr\u00e9 Eug\u00eanio Lazzaretti<\/strong> <a href=\"https:\/\/orcid.org\/0000-0003-1861-3369\"><img loading=\"lazy\" decoding=\"async\" class=\"alignnone size-full wp-image-1167\" src=\"https:\/\/sbia.org.br\/lnlm\/wp-content\/uploads\/sites\/4\/2020\/09\/orcid.jpg\" alt=\"orcid\" width=\"20\" height=\"20\" \/><\/a><br \/>\n<strong>Universidade Tecnol\u00f3gica Federal do Paran\u00e1 (UFPR)<\/strong><br \/>\n<strong>Lattes<\/strong>: <a href=\"http:\/\/lattes.cnpq.br\/7649611874688878\">http:\/\/lattes.cnpq.br\/7649611874688878<\/a><br \/>\n<strong>Vitor Hugo Ferreira<\/strong> <a href=\"https:\/\/orcid.org\/0000-0002-8709-7022\"><img loading=\"lazy\" decoding=\"async\" class=\"alignnone size-full wp-image-1167\" src=\"https:\/\/sbia.org.br\/lnlm\/wp-content\/uploads\/sites\/4\/2020\/09\/orcid.jpg\" alt=\"orcid\" width=\"20\" height=\"20\" \/><\/a><br \/>\n<strong>Universidade Federal Fluminense (UFF)<\/strong><br \/>\n<strong>Lattes:<\/strong> <a href=\"http:\/\/lattes.cnpq.br\/3961773765127529\">http:\/\/lattes.cnpq.br\/3961773765127529<\/a><\/p>\n<p>&nbsp;<\/p>\n<p><a href=\"https:\/\/sbia.org.br\/lnlm\/publicacoes\/vol21-no1\/vol21-no1-art1\/\" target=\"_blank\" rel=\"noopener\"><span style=\"font-size: large;\">Estimation of Kautz Poles in Wiener-Volterra Models Using Levenberg-Marquardt Algorithm<\/span><\/a><\/p>\n<ul>\n<li style=\"list-style-type: none;\">\n<ul>\n<li style=\"list-style-type: none;\">\n<ul>Higor de Souza Serafin, Elder Oroski &amp; Andr\u00e9 Eug\u00eanio Lazzaretti<\/ul>\n<\/li>\n<\/ul>\n<\/li>\n<\/ul>\n<p><a href=\"https:\/\/sbia.org.br\/lnlm\/publicacoes\/vol21-no1\/vol21-no1-art2\/\">Features Extraction and Selection with the Scattering Transform for Electrical Load Classification<\/a><\/p>\n<ul>\n<li style=\"list-style-type: none;\">\n<ul>\n<li style=\"list-style-type: none;\">\n<ul>Everton Luiz de Aguiar, Andr\u00e9 Eugenio Lazzaretti &amp; Daniel Rodrigues Pipa<\/ul>\n<\/li>\n<\/ul>\n<\/li>\n<\/ul>\n<p><a href=\"https:\/\/sbia.org.br\/lnlm\/publicacoes\/vol21-no1\/vol21-no1-art3\/\" target=\"_blank\" rel=\"noopener\"><span style=\"font-size: large;\">A Hybrid Meta-Heuristic Approach for Optimal Meter Allocation in Electric Power Distribution Systems<\/span><\/a><\/p>\n<ul>\n<li style=\"list-style-type: none;\">\n<ul>\n<li style=\"list-style-type: none;\">\n<ul>Thales Schuabb de Almeida, Lucas Eduardo Silva Braga, Leonardo Willer de Olivera, Edimar Jose de Oliveira &amp; Julio Cesar Stacchini de Souza<\/ul>\n<\/li>\n<\/ul>\n<\/li>\n<\/ul>\n<p><a href=\"https:\/\/sbia.org.br\/lnlm\/publicacoes\/vol21-no1\/vol21-no1-art4\">Fuzzy Control of a High-Performance Boost Converter in Discontinuous Conduction Mode and its Application to a Photovoltaic Pumping System<\/a><\/p>\n<ul>\n<li style=\"list-style-type: none;\">\n<ul>\n<li style=\"list-style-type: none;\">\n<ul>Igor Rocha Souza, Cl\u00e1udio M. S. Medeiros &amp; Guilherme A. Barreto<\/ul>\n<\/li>\n<\/ul>\n<\/li>\n<\/ul>\n<p><a href=\"https:\/\/sbia.org.br\/lnlm\/publicacoes\/vol21-no1\/vol21-no1-art5\">A Statistical Signal Processing Approach to Islanding Detection<\/a><\/p>\n<ul>\n<li style=\"list-style-type: none;\">\n<ul>\n<li style=\"list-style-type: none;\">\n<ul>Robson Rosserrani de Lima, Augusto Santiago Cerqueira, Paulo Fernando Ribeiro &amp; Danton Diego Ferreira<\/ul>\n<\/li>\n<\/ul>\n<\/li>\n<\/ul>\n<p><a href=\"https:\/\/sbia.org.br\/lnlm\/publicacoes\/vol21-no1\/vol21-no1-art6\/\" target=\"_blank\" rel=\"noopener\"><span style=\"font-size: large;\">Consumption Forecasting and Economic-Financial Evaluation of a Brazilian Company in the Free Market<\/span><\/a><\/p>\n<ul>\n<li style=\"list-style-type: none;\">\n<ul>\n<li style=\"list-style-type: none;\">\n<ul>Harold D. de Mello Junior, Karla Figueiredo, Marcos C. R. Seruffo, Fernando A. R. Costa,\u00a0 Fl\u00e1vio R. Trindade Moura, Fausto M. Rodrigues Junior &amp; Guilherme Baptista Bastos<\/ul>\n<\/li>\n<\/ul>\n<\/li>\n<\/ul>\n<p><a href=\"https:\/\/sbia.org.br\/lnlm\/publicacoes\/vol21-no1\/vol21-no1-art7\/\">Development of a Low-Cost Relay Prototype for Real-Time Power Protection Functions<\/a><\/p>\n<ul>\n<li style=\"list-style-type: none;\">\n<ul>\n<li style=\"list-style-type: none;\">\n<ul>Pablo Rodrigues Lopes &amp;\u00a0 Rui Bertho Junior<\/ul>\n<\/li>\n<\/ul>\n<\/li>\n<\/ul>\n<p><a href=\"https:\/\/sbia.org.br\/lnlm\/publicacoes\/vol21-no1\/vol21-no1-art8\/\">Transmission Line Fault Location Using MFCC and LS-SVR<\/a><\/p>\n<ul>\n<li style=\"list-style-type: none;\">\n<ul>\n<li style=\"list-style-type: none;\">\n<ul>Hermes M. G. Castelo Branco, James B. O. Reis, Luan M. M. Pereira, Lucas da C. S\u00e1 &amp; Ricardo de A. L. Rabelo<\/ul>\n<\/li>\n<\/ul>\n<\/li>\n<\/ul>\n","protected":false},"excerpt":{"rendered":"<p>Cover Special Issue: Applications of Computational Intelligence (CI) in Emerging Electrical Systems Editors: Andr\u00e9 Eug\u00eanio Lazzaretti Universidade Tecnol\u00f3gica Federal do Paran\u00e1 (UFPR) Lattes: http:\/\/lattes.cnpq.br\/7649611874688878 Vitor Hugo Ferreira Universidade Federal Fluminense (UFF) Lattes: http:\/\/lattes.cnpq.br\/3961773765127529 &nbsp; Estimation of Kautz Poles in Wiener-Volterra <a href=\"https:\/\/sbia.org.br\/lnlm\/publicacoes\/vol21-no1\/\" class=\"read-more\">Read More &#8230;<\/a><\/p>\n","protected":false},"author":1,"featured_media":0,"parent":23,"menu_order":0,"comment_status":"closed","ping_status":"closed","template":"","meta":{"footnotes":""},"class_list":["post-1546","page","type-page","status-publish","hentry"],"yoast_head":"<!-- This site is optimized with the Yoast SEO plugin v26.9 - https:\/\/yoast.com\/product\/yoast-seo-wordpress\/ -->\n<title>Learning &amp; Nonlinear Models - L&amp;NLM - Volume 21 - N\u00famero 1 - Learning and NonLinear Models<\/title>\n<meta name=\"robots\" content=\"index, follow, max-snippet:-1, max-image-preview:large, max-video-preview:-1\" \/>\n<link rel=\"canonical\" href=\"https:\/\/sbia.org.br\/lnlm\/publicacoes\/vol21-no1\/\" \/>\n<meta property=\"og:locale\" content=\"pt_BR\" \/>\n<meta property=\"og:type\" content=\"article\" \/>\n<meta property=\"og:title\" content=\"Learning &amp; Nonlinear Models - L&amp;NLM - Volume 21 - N\u00famero 1 - Learning and NonLinear Models\" \/>\n<meta property=\"og:description\" content=\"Cover Special Issue: Applications of Computational Intelligence (CI) in Emerging Electrical Systems Editors: Andr\u00e9 Eug\u00eanio Lazzaretti Universidade Tecnol\u00f3gica Federal do Paran\u00e1 (UFPR) Lattes: http:\/\/lattes.cnpq.br\/7649611874688878 Vitor Hugo Ferreira Universidade Federal Fluminense (UFF) Lattes: http:\/\/lattes.cnpq.br\/3961773765127529 &nbsp; Estimation of Kautz Poles in Wiener-Volterra Read More ...\" \/>\n<meta property=\"og:url\" content=\"https:\/\/sbia.org.br\/lnlm\/publicacoes\/vol21-no1\/\" \/>\n<meta property=\"og:site_name\" content=\"Learning and NonLinear Models\" \/>\n<meta property=\"article:modified_time\" content=\"2023-03-06T18:15:19+00:00\" \/>\n<meta property=\"og:image\" content=\"https:\/\/sbia.org.br\/lnlm\/wp-content\/uploads\/sites\/4\/2020\/09\/orcid.jpg\" \/>\n<meta name=\"twitter:card\" content=\"summary_large_image\" \/>\n<meta name=\"twitter:label1\" content=\"Est. tempo de leitura\" \/>\n\t<meta name=\"twitter:data1\" content=\"2 minutos\" \/>\n<script type=\"application\/ld+json\" class=\"yoast-schema-graph\">{\"@context\":\"https:\/\/schema.org\",\"@graph\":[{\"@type\":\"WebPage\",\"@id\":\"https:\/\/sbia.org.br\/lnlm\/publicacoes\/vol21-no1\/\",\"url\":\"https:\/\/sbia.org.br\/lnlm\/publicacoes\/vol21-no1\/\",\"name\":\"Learning & Nonlinear Models - L&NLM - Volume 21 - N\u00famero 1 - Learning and NonLinear Models\",\"isPartOf\":{\"@id\":\"https:\/\/sbia.org.br\/lnlm\/#website\"},\"primaryImageOfPage\":{\"@id\":\"https:\/\/sbia.org.br\/lnlm\/publicacoes\/vol21-no1\/#primaryimage\"},\"image\":{\"@id\":\"https:\/\/sbia.org.br\/lnlm\/publicacoes\/vol21-no1\/#primaryimage\"},\"thumbnailUrl\":\"https:\/\/sbia.org.br\/lnlm\/wp-content\/uploads\/sites\/4\/2020\/09\/orcid.jpg\",\"datePublished\":\"2023-02-24T16:04:26+00:00\",\"dateModified\":\"2023-03-06T18:15:19+00:00\",\"breadcrumb\":{\"@id\":\"https:\/\/sbia.org.br\/lnlm\/publicacoes\/vol21-no1\/#breadcrumb\"},\"inLanguage\":\"pt-BR\",\"potentialAction\":[{\"@type\":\"ReadAction\",\"target\":[\"https:\/\/sbia.org.br\/lnlm\/publicacoes\/vol21-no1\/\"]}]},{\"@type\":\"ImageObject\",\"inLanguage\":\"pt-BR\",\"@id\":\"https:\/\/sbia.org.br\/lnlm\/publicacoes\/vol21-no1\/#primaryimage\",\"url\":\"https:\/\/sbia.org.br\/lnlm\/wp-content\/uploads\/sites\/4\/2020\/09\/orcid.jpg\",\"contentUrl\":\"https:\/\/sbia.org.br\/lnlm\/wp-content\/uploads\/sites\/4\/2020\/09\/orcid.jpg\"},{\"@type\":\"BreadcrumbList\",\"@id\":\"https:\/\/sbia.org.br\/lnlm\/publicacoes\/vol21-no1\/#breadcrumb\",\"itemListElement\":[{\"@type\":\"ListItem\",\"position\":1,\"name\":\"Browse issues\",\"item\":\"https:\/\/sbia.org.br\/lnlm\/publicacoes\/\"},{\"@type\":\"ListItem\",\"position\":2,\"name\":\"Learning &#038; Nonlinear Models &#8211; L&#038;NLM &#8211; Volume 21 &#8211; N\u00famero 1\"}]},{\"@type\":\"WebSite\",\"@id\":\"https:\/\/sbia.org.br\/lnlm\/#website\",\"url\":\"https:\/\/sbia.org.br\/lnlm\/\",\"name\":\"Learning and NonLinear Models\",\"description\":\"\",\"publisher\":{\"@id\":\"https:\/\/sbia.org.br\/lnlm\/#organization\"},\"potentialAction\":[{\"@type\":\"SearchAction\",\"target\":{\"@type\":\"EntryPoint\",\"urlTemplate\":\"https:\/\/sbia.org.br\/lnlm\/?s={search_term_string}\"},\"query-input\":{\"@type\":\"PropertyValueSpecification\",\"valueRequired\":true,\"valueName\":\"search_term_string\"}}],\"inLanguage\":\"pt-BR\"},{\"@type\":\"Organization\",\"@id\":\"https:\/\/sbia.org.br\/lnlm\/#organization\",\"name\":\"Learning and NonLinear Models\",\"url\":\"https:\/\/sbia.org.br\/lnlm\/\",\"logo\":{\"@type\":\"ImageObject\",\"inLanguage\":\"pt-BR\",\"@id\":\"https:\/\/sbia.org.br\/lnlm\/#\/schema\/logo\/image\/\",\"url\":\"https:\/\/sbia.org.br\/lnlm\/wp-content\/uploads\/2021\/07\/logo-lnlm.png\",\"contentUrl\":\"https:\/\/sbia.org.br\/lnlm\/wp-content\/uploads\/2021\/07\/logo-lnlm.png\",\"width\":398,\"height\":94,\"caption\":\"Learning and NonLinear Models\"},\"image\":{\"@id\":\"https:\/\/sbia.org.br\/lnlm\/#\/schema\/logo\/image\/\"}}]}<\/script>\n<!-- \/ Yoast SEO plugin. -->","yoast_head_json":{"title":"Learning & Nonlinear Models - L&NLM - Volume 21 - N\u00famero 1 - Learning and NonLinear Models","robots":{"index":"index","follow":"follow","max-snippet":"max-snippet:-1","max-image-preview":"max-image-preview:large","max-video-preview":"max-video-preview:-1"},"canonical":"https:\/\/sbia.org.br\/lnlm\/publicacoes\/vol21-no1\/","og_locale":"pt_BR","og_type":"article","og_title":"Learning & Nonlinear Models - L&NLM - Volume 21 - N\u00famero 1 - Learning and NonLinear Models","og_description":"Cover Special Issue: Applications of Computational Intelligence (CI) in Emerging Electrical Systems Editors: Andr\u00e9 Eug\u00eanio Lazzaretti Universidade Tecnol\u00f3gica Federal do Paran\u00e1 (UFPR) Lattes: http:\/\/lattes.cnpq.br\/7649611874688878 Vitor Hugo Ferreira Universidade Federal Fluminense (UFF) Lattes: http:\/\/lattes.cnpq.br\/3961773765127529 &nbsp; Estimation of Kautz Poles in Wiener-Volterra Read More ...","og_url":"https:\/\/sbia.org.br\/lnlm\/publicacoes\/vol21-no1\/","og_site_name":"Learning and NonLinear Models","article_modified_time":"2023-03-06T18:15:19+00:00","og_image":[{"url":"https:\/\/sbia.org.br\/lnlm\/wp-content\/uploads\/sites\/4\/2020\/09\/orcid.jpg","type":"","width":"","height":""}],"twitter_card":"summary_large_image","twitter_misc":{"Est. tempo de leitura":"2 minutos"},"schema":{"@context":"https:\/\/schema.org","@graph":[{"@type":"WebPage","@id":"https:\/\/sbia.org.br\/lnlm\/publicacoes\/vol21-no1\/","url":"https:\/\/sbia.org.br\/lnlm\/publicacoes\/vol21-no1\/","name":"Learning & Nonlinear Models - L&NLM - Volume 21 - N\u00famero 1 - Learning and NonLinear Models","isPartOf":{"@id":"https:\/\/sbia.org.br\/lnlm\/#website"},"primaryImageOfPage":{"@id":"https:\/\/sbia.org.br\/lnlm\/publicacoes\/vol21-no1\/#primaryimage"},"image":{"@id":"https:\/\/sbia.org.br\/lnlm\/publicacoes\/vol21-no1\/#primaryimage"},"thumbnailUrl":"https:\/\/sbia.org.br\/lnlm\/wp-content\/uploads\/sites\/4\/2020\/09\/orcid.jpg","datePublished":"2023-02-24T16:04:26+00:00","dateModified":"2023-03-06T18:15:19+00:00","breadcrumb":{"@id":"https:\/\/sbia.org.br\/lnlm\/publicacoes\/vol21-no1\/#breadcrumb"},"inLanguage":"pt-BR","potentialAction":[{"@type":"ReadAction","target":["https:\/\/sbia.org.br\/lnlm\/publicacoes\/vol21-no1\/"]}]},{"@type":"ImageObject","inLanguage":"pt-BR","@id":"https:\/\/sbia.org.br\/lnlm\/publicacoes\/vol21-no1\/#primaryimage","url":"https:\/\/sbia.org.br\/lnlm\/wp-content\/uploads\/sites\/4\/2020\/09\/orcid.jpg","contentUrl":"https:\/\/sbia.org.br\/lnlm\/wp-content\/uploads\/sites\/4\/2020\/09\/orcid.jpg"},{"@type":"BreadcrumbList","@id":"https:\/\/sbia.org.br\/lnlm\/publicacoes\/vol21-no1\/#breadcrumb","itemListElement":[{"@type":"ListItem","position":1,"name":"Browse issues","item":"https:\/\/sbia.org.br\/lnlm\/publicacoes\/"},{"@type":"ListItem","position":2,"name":"Learning &#038; Nonlinear Models &#8211; L&#038;NLM &#8211; Volume 21 &#8211; N\u00famero 1"}]},{"@type":"WebSite","@id":"https:\/\/sbia.org.br\/lnlm\/#website","url":"https:\/\/sbia.org.br\/lnlm\/","name":"Learning and NonLinear Models","description":"","publisher":{"@id":"https:\/\/sbia.org.br\/lnlm\/#organization"},"potentialAction":[{"@type":"SearchAction","target":{"@type":"EntryPoint","urlTemplate":"https:\/\/sbia.org.br\/lnlm\/?s={search_term_string}"},"query-input":{"@type":"PropertyValueSpecification","valueRequired":true,"valueName":"search_term_string"}}],"inLanguage":"pt-BR"},{"@type":"Organization","@id":"https:\/\/sbia.org.br\/lnlm\/#organization","name":"Learning and NonLinear Models","url":"https:\/\/sbia.org.br\/lnlm\/","logo":{"@type":"ImageObject","inLanguage":"pt-BR","@id":"https:\/\/sbia.org.br\/lnlm\/#\/schema\/logo\/image\/","url":"https:\/\/sbia.org.br\/lnlm\/wp-content\/uploads\/2021\/07\/logo-lnlm.png","contentUrl":"https:\/\/sbia.org.br\/lnlm\/wp-content\/uploads\/2021\/07\/logo-lnlm.png","width":398,"height":94,"caption":"Learning and NonLinear Models"},"image":{"@id":"https:\/\/sbia.org.br\/lnlm\/#\/schema\/logo\/image\/"}}]}},"_links":{"self":[{"href":"https:\/\/sbia.org.br\/lnlm\/wp-json\/wp\/v2\/pages\/1546","targetHints":{"allow":["GET"]}}],"collection":[{"href":"https:\/\/sbia.org.br\/lnlm\/wp-json\/wp\/v2\/pages"}],"about":[{"href":"https:\/\/sbia.org.br\/lnlm\/wp-json\/wp\/v2\/types\/page"}],"author":[{"embeddable":true,"href":"https:\/\/sbia.org.br\/lnlm\/wp-json\/wp\/v2\/users\/1"}],"replies":[{"embeddable":true,"href":"https:\/\/sbia.org.br\/lnlm\/wp-json\/wp\/v2\/comments?post=1546"}],"version-history":[{"count":8,"href":"https:\/\/sbia.org.br\/lnlm\/wp-json\/wp\/v2\/pages\/1546\/revisions"}],"predecessor-version":[{"id":1577,"href":"https:\/\/sbia.org.br\/lnlm\/wp-json\/wp\/v2\/pages\/1546\/revisions\/1577"}],"up":[{"embeddable":true,"href":"https:\/\/sbia.org.br\/lnlm\/wp-json\/wp\/v2\/pages\/23"}],"wp:attachment":[{"href":"https:\/\/sbia.org.br\/lnlm\/wp-json\/wp\/v2\/media?parent=1546"}],"curies":[{"name":"wp","href":"https:\/\/api.w.org\/{rel}","templated":true}]}}