{"id":1528,"date":"2022-12-20T13:06:44","date_gmt":"2022-12-20T13:06:44","guid":{"rendered":"https:\/\/sbia.org.br\/lnlm\/?page_id=1528"},"modified":"2022-12-20T13:11:09","modified_gmt":"2022-12-20T13:11:09","slug":"vol20-no2-art6","status":"publish","type":"page","link":"https:\/\/sbia.org.br\/lnlm\/publicacoes\/vol20-no2\/vol20-no2-art6\/","title":{"rendered":"Unsupervised Class-Expert Learning for Supporting Covid-19 Triage Based on Computed Tomography Data"},"content":{"rendered":"<p>Ta\u00eds Aparecida Alvarenga <a href=\"https:\/\/orcid.org\/0000-0002-6008-7457\"><img loading=\"lazy\" decoding=\"async\" class=\"alignnone size-full wp-image-1167\" src=\"https:\/\/sbia.org.br\/lnlm\/wp-content\/uploads\/sites\/4\/2020\/09\/orcid.jpg\" alt=\"orcid\" width=\"20\" height=\"20\" \/><\/a>, Lu\u00eds Ot\u00e1vio Santos <a href=\"https:\/\/orcid.org\/0000-0002-6660-462X\"><img loading=\"lazy\" decoding=\"async\" class=\"alignnone size-full wp-image-1167\" src=\"https:\/\/sbia.org.br\/lnlm\/wp-content\/uploads\/sites\/4\/2020\/09\/orcid.jpg\" alt=\"orcid\" width=\"20\" height=\"20\" \/><\/a>, Dem\u00f3stenes Zegarra Rodr\u00edguez <a href=\"https:\/\/orcid.org\/0000-0001-5401-7551\"><img loading=\"lazy\" decoding=\"async\" class=\"alignnone size-full wp-image-1167\" src=\"https:\/\/sbia.org.br\/lnlm\/wp-content\/uploads\/sites\/4\/2020\/09\/orcid.jpg\" alt=\"orcid\" width=\"20\" height=\"20\" \/><\/a>, Danton Diego Ferreira <a href=\"https:\/\/orcid.org\/0000-0002-4504-7721\"><img loading=\"lazy\" decoding=\"async\" class=\"alignnone size-full wp-image-1167\" src=\"https:\/\/sbia.org.br\/lnlm\/wp-content\/uploads\/sites\/4\/2020\/09\/orcid.jpg\" alt=\"orcid\" width=\"20\" height=\"20\" \/><\/a>, Bruno Henrique Groenner Barbosa <a href=\"https:\/\/orcid.org\/0000-0002-7579-5763\"><img loading=\"lazy\" decoding=\"async\" class=\"alignnone size-full wp-image-1167\" src=\"https:\/\/sbia.org.br\/lnlm\/wp-content\/uploads\/sites\/4\/2020\/09\/orcid.jpg\" alt=\"orcid\" width=\"20\" height=\"20\" \/><\/a>&#038; Jos\u00e9 Manoel de Seixas <a href=\"https:\/\/orcid.org\/0000-0001-5148-7363\"><img loading=\"lazy\" decoding=\"async\" class=\"alignnone size-full wp-image-1167\" src=\"https:\/\/sbia.org.br\/lnlm\/wp-content\/uploads\/sites\/4\/2020\/09\/orcid.jpg\" alt=\"orcid\" width=\"20\" height=\"20\" \/><\/a><\/p>\n<p><strong>Abstract:<\/strong> Deep learning applications in medical imaging have been achieving promising results in the detection of diseases, among which clinical trials in terms of screening and diagnosis of patients with COVID-19 stand out. Computed Tomography (CT) images of the chest have been used by specialists for the diagnosis of COVID-19. However, due to the need of the moment and the possibility of using computational resources to help the medical team, it is observed in the literature several proposed works using supervised learning, however it lacks unsupervised methods for the screening and diagnosis of patients with COVID-19. In this work, the deep learning models Convolutional Neural Network (CNN) and Variational Autoencoders are used for feature extraction and later this information is used for binary and multiclass classification in unsupervised methods (k-means, Fuzzy C-Means and Self-Organizing Maps). For this purpose, a public database containing 4173 CT images (2168 CT slices from COVID-19, 758 slices from Healthy and 1247 slices from other lung diseases) was used. The results show that feature extraction via Variational Autoencoders has similar performance with state-of-the-art models in the literature for COVID-19, mainly for the binary classification with accuracies of 95.9%, 92.1% and 95.9% for k-means, Fuzzy C-Means and SOM, respectively, presenting competitive results in the literature. It also shows the importance of extracting features through convolutional networks to improve classification performance, resulting from the use of deep learning and its state of the art in the area of computer vision.<\/p>\n<p><strong>Keywords:<\/strong> COVID-19, Unsupervised Learning, Transfer Learning, Variational Autoencoder, k-means, Fuzzy C-Means.<\/p>\n<p><strong>DOI code:<\/strong> <a href=\"http:\/\/dx.doi.org\/10.21528\/lnlm-vol20-no2-art6\">10.21528\/lnlm-vol20-no2-art6<\/a><\/p>\n<p><strong>PDF file:<\/strong> <a href=\"https:\/\/sbia.org.br\/lnlm\/wp-content\/uploads\/2022\/12\/vol20-no2-art6.pdf\">vol20-no2-art6.pdf<\/a><\/p>\n<p><strong>BibTex file:<\/strong> <a href=\"https:\/\/sbia.org.br\/lnlm\/wp-content\/uploads\/2022\/12\/vol20-no2-art6.bib\">vol20-no2-art6.bib<\/a><\/p>\n","protected":false},"excerpt":{"rendered":"<p>Ta\u00eds Aparecida Alvarenga , Lu\u00eds Ot\u00e1vio Santos , Dem\u00f3stenes Zegarra Rodr\u00edguez , Danton Diego Ferreira , Bruno Henrique Groenner Barbosa &#038; Jos\u00e9 Manoel de Seixas Abstract: Deep learning applications in medical imaging have been achieving promising results in the detection <a href=\"https:\/\/sbia.org.br\/lnlm\/publicacoes\/vol20-no2\/vol20-no2-art6\/\" class=\"read-more\">Read More &#8230;<\/a><\/p>\n","protected":false},"author":1,"featured_media":0,"parent":1512,"menu_order":0,"comment_status":"closed","ping_status":"closed","template":"","meta":{"footnotes":""},"class_list":["post-1528","page","type-page","status-publish","hentry"],"yoast_head":"<!-- This site is optimized with the Yoast SEO plugin v26.9 - https:\/\/yoast.com\/product\/yoast-seo-wordpress\/ -->\n<title>Unsupervised Class-Expert Learning for Supporting Covid-19 Triage Based on Computed Tomography Data - Learning and NonLinear Models<\/title>\n<meta name=\"robots\" content=\"index, follow, max-snippet:-1, max-image-preview:large, max-video-preview:-1\" \/>\n<link rel=\"canonical\" href=\"https:\/\/sbia.org.br\/lnlm\/publicacoes\/vol20-no2\/vol20-no2-art6\/\" \/>\n<meta property=\"og:locale\" content=\"pt_BR\" \/>\n<meta property=\"og:type\" content=\"article\" \/>\n<meta property=\"og:title\" content=\"Unsupervised Class-Expert Learning for Supporting Covid-19 Triage Based on Computed Tomography Data - Learning and NonLinear Models\" \/>\n<meta property=\"og:description\" content=\"Ta\u00eds Aparecida Alvarenga , Lu\u00eds Ot\u00e1vio Santos , Dem\u00f3stenes Zegarra Rodr\u00edguez , Danton Diego Ferreira , Bruno Henrique Groenner Barbosa &#038; Jos\u00e9 Manoel de Seixas Abstract: Deep learning applications in medical imaging have been achieving promising results in the detection Read More ...\" \/>\n<meta property=\"og:url\" content=\"https:\/\/sbia.org.br\/lnlm\/publicacoes\/vol20-no2\/vol20-no2-art6\/\" \/>\n<meta property=\"og:site_name\" content=\"Learning and NonLinear Models\" \/>\n<meta property=\"article:modified_time\" content=\"2022-12-20T13:11:09+00:00\" \/>\n<meta property=\"og:image\" content=\"https:\/\/sbia.org.br\/lnlm\/wp-content\/uploads\/sites\/4\/2020\/09\/orcid.jpg\" \/>\n<meta name=\"twitter:card\" content=\"summary_large_image\" \/>\n<meta name=\"twitter:label1\" content=\"Est. tempo de leitura\" \/>\n\t<meta name=\"twitter:data1\" content=\"1 minuto\" \/>\n<script type=\"application\/ld+json\" class=\"yoast-schema-graph\">{\"@context\":\"https:\/\/schema.org\",\"@graph\":[{\"@type\":\"WebPage\",\"@id\":\"https:\/\/sbia.org.br\/lnlm\/publicacoes\/vol20-no2\/vol20-no2-art6\/\",\"url\":\"https:\/\/sbia.org.br\/lnlm\/publicacoes\/vol20-no2\/vol20-no2-art6\/\",\"name\":\"Unsupervised Class-Expert Learning for Supporting Covid-19 Triage Based on Computed Tomography Data - Learning and NonLinear Models\",\"isPartOf\":{\"@id\":\"https:\/\/sbia.org.br\/lnlm\/#website\"},\"primaryImageOfPage\":{\"@id\":\"https:\/\/sbia.org.br\/lnlm\/publicacoes\/vol20-no2\/vol20-no2-art6\/#primaryimage\"},\"image\":{\"@id\":\"https:\/\/sbia.org.br\/lnlm\/publicacoes\/vol20-no2\/vol20-no2-art6\/#primaryimage\"},\"thumbnailUrl\":\"https:\/\/sbia.org.br\/lnlm\/wp-content\/uploads\/sites\/4\/2020\/09\/orcid.jpg\",\"datePublished\":\"2022-12-20T13:06:44+00:00\",\"dateModified\":\"2022-12-20T13:11:09+00:00\",\"breadcrumb\":{\"@id\":\"https:\/\/sbia.org.br\/lnlm\/publicacoes\/vol20-no2\/vol20-no2-art6\/#breadcrumb\"},\"inLanguage\":\"pt-BR\",\"potentialAction\":[{\"@type\":\"ReadAction\",\"target\":[\"https:\/\/sbia.org.br\/lnlm\/publicacoes\/vol20-no2\/vol20-no2-art6\/\"]}]},{\"@type\":\"ImageObject\",\"inLanguage\":\"pt-BR\",\"@id\":\"https:\/\/sbia.org.br\/lnlm\/publicacoes\/vol20-no2\/vol20-no2-art6\/#primaryimage\",\"url\":\"https:\/\/sbia.org.br\/lnlm\/wp-content\/uploads\/sites\/4\/2020\/09\/orcid.jpg\",\"contentUrl\":\"https:\/\/sbia.org.br\/lnlm\/wp-content\/uploads\/sites\/4\/2020\/09\/orcid.jpg\"},{\"@type\":\"BreadcrumbList\",\"@id\":\"https:\/\/sbia.org.br\/lnlm\/publicacoes\/vol20-no2\/vol20-no2-art6\/#breadcrumb\",\"itemListElement\":[{\"@type\":\"ListItem\",\"position\":1,\"name\":\"Browse issues\",\"item\":\"https:\/\/sbia.org.br\/lnlm\/publicacoes\/\"},{\"@type\":\"ListItem\",\"position\":2,\"name\":\"Learning &#038; Nonlinear Models &#8211; L&#038;NLM &#8211; Volume 20 &#8211; N\u00famero 2\",\"item\":\"https:\/\/sbia.org.br\/lnlm\/publicacoes\/vol20-no2\/\"},{\"@type\":\"ListItem\",\"position\":3,\"name\":\"Unsupervised Class-Expert Learning for Supporting Covid-19 Triage Based on Computed Tomography Data\"}]},{\"@type\":\"WebSite\",\"@id\":\"https:\/\/sbia.org.br\/lnlm\/#website\",\"url\":\"https:\/\/sbia.org.br\/lnlm\/\",\"name\":\"Learning and NonLinear Models\",\"description\":\"\",\"publisher\":{\"@id\":\"https:\/\/sbia.org.br\/lnlm\/#organization\"},\"potentialAction\":[{\"@type\":\"SearchAction\",\"target\":{\"@type\":\"EntryPoint\",\"urlTemplate\":\"https:\/\/sbia.org.br\/lnlm\/?s={search_term_string}\"},\"query-input\":{\"@type\":\"PropertyValueSpecification\",\"valueRequired\":true,\"valueName\":\"search_term_string\"}}],\"inLanguage\":\"pt-BR\"},{\"@type\":\"Organization\",\"@id\":\"https:\/\/sbia.org.br\/lnlm\/#organization\",\"name\":\"Learning and NonLinear Models\",\"url\":\"https:\/\/sbia.org.br\/lnlm\/\",\"logo\":{\"@type\":\"ImageObject\",\"inLanguage\":\"pt-BR\",\"@id\":\"https:\/\/sbia.org.br\/lnlm\/#\/schema\/logo\/image\/\",\"url\":\"https:\/\/sbia.org.br\/lnlm\/wp-content\/uploads\/2021\/07\/logo-lnlm.png\",\"contentUrl\":\"https:\/\/sbia.org.br\/lnlm\/wp-content\/uploads\/2021\/07\/logo-lnlm.png\",\"width\":398,\"height\":94,\"caption\":\"Learning and NonLinear Models\"},\"image\":{\"@id\":\"https:\/\/sbia.org.br\/lnlm\/#\/schema\/logo\/image\/\"}}]}<\/script>\n<!-- \/ Yoast SEO plugin. -->","yoast_head_json":{"title":"Unsupervised Class-Expert Learning for Supporting Covid-19 Triage Based on Computed Tomography Data - Learning and NonLinear Models","robots":{"index":"index","follow":"follow","max-snippet":"max-snippet:-1","max-image-preview":"max-image-preview:large","max-video-preview":"max-video-preview:-1"},"canonical":"https:\/\/sbia.org.br\/lnlm\/publicacoes\/vol20-no2\/vol20-no2-art6\/","og_locale":"pt_BR","og_type":"article","og_title":"Unsupervised Class-Expert Learning for Supporting Covid-19 Triage Based on Computed Tomography Data - Learning and NonLinear Models","og_description":"Ta\u00eds Aparecida Alvarenga , Lu\u00eds Ot\u00e1vio Santos , Dem\u00f3stenes Zegarra Rodr\u00edguez , Danton Diego Ferreira , Bruno Henrique Groenner Barbosa &#038; Jos\u00e9 Manoel de Seixas Abstract: Deep learning applications in medical imaging have been achieving promising results in the detection Read More ...","og_url":"https:\/\/sbia.org.br\/lnlm\/publicacoes\/vol20-no2\/vol20-no2-art6\/","og_site_name":"Learning and NonLinear Models","article_modified_time":"2022-12-20T13:11:09+00:00","og_image":[{"url":"https:\/\/sbia.org.br\/lnlm\/wp-content\/uploads\/sites\/4\/2020\/09\/orcid.jpg","type":"","width":"","height":""}],"twitter_card":"summary_large_image","twitter_misc":{"Est. tempo de leitura":"1 minuto"},"schema":{"@context":"https:\/\/schema.org","@graph":[{"@type":"WebPage","@id":"https:\/\/sbia.org.br\/lnlm\/publicacoes\/vol20-no2\/vol20-no2-art6\/","url":"https:\/\/sbia.org.br\/lnlm\/publicacoes\/vol20-no2\/vol20-no2-art6\/","name":"Unsupervised Class-Expert Learning for Supporting Covid-19 Triage Based on Computed Tomography Data - Learning and NonLinear Models","isPartOf":{"@id":"https:\/\/sbia.org.br\/lnlm\/#website"},"primaryImageOfPage":{"@id":"https:\/\/sbia.org.br\/lnlm\/publicacoes\/vol20-no2\/vol20-no2-art6\/#primaryimage"},"image":{"@id":"https:\/\/sbia.org.br\/lnlm\/publicacoes\/vol20-no2\/vol20-no2-art6\/#primaryimage"},"thumbnailUrl":"https:\/\/sbia.org.br\/lnlm\/wp-content\/uploads\/sites\/4\/2020\/09\/orcid.jpg","datePublished":"2022-12-20T13:06:44+00:00","dateModified":"2022-12-20T13:11:09+00:00","breadcrumb":{"@id":"https:\/\/sbia.org.br\/lnlm\/publicacoes\/vol20-no2\/vol20-no2-art6\/#breadcrumb"},"inLanguage":"pt-BR","potentialAction":[{"@type":"ReadAction","target":["https:\/\/sbia.org.br\/lnlm\/publicacoes\/vol20-no2\/vol20-no2-art6\/"]}]},{"@type":"ImageObject","inLanguage":"pt-BR","@id":"https:\/\/sbia.org.br\/lnlm\/publicacoes\/vol20-no2\/vol20-no2-art6\/#primaryimage","url":"https:\/\/sbia.org.br\/lnlm\/wp-content\/uploads\/sites\/4\/2020\/09\/orcid.jpg","contentUrl":"https:\/\/sbia.org.br\/lnlm\/wp-content\/uploads\/sites\/4\/2020\/09\/orcid.jpg"},{"@type":"BreadcrumbList","@id":"https:\/\/sbia.org.br\/lnlm\/publicacoes\/vol20-no2\/vol20-no2-art6\/#breadcrumb","itemListElement":[{"@type":"ListItem","position":1,"name":"Browse issues","item":"https:\/\/sbia.org.br\/lnlm\/publicacoes\/"},{"@type":"ListItem","position":2,"name":"Learning &#038; Nonlinear Models &#8211; L&#038;NLM &#8211; Volume 20 &#8211; N\u00famero 2","item":"https:\/\/sbia.org.br\/lnlm\/publicacoes\/vol20-no2\/"},{"@type":"ListItem","position":3,"name":"Unsupervised Class-Expert Learning for Supporting Covid-19 Triage Based on Computed Tomography Data"}]},{"@type":"WebSite","@id":"https:\/\/sbia.org.br\/lnlm\/#website","url":"https:\/\/sbia.org.br\/lnlm\/","name":"Learning and NonLinear Models","description":"","publisher":{"@id":"https:\/\/sbia.org.br\/lnlm\/#organization"},"potentialAction":[{"@type":"SearchAction","target":{"@type":"EntryPoint","urlTemplate":"https:\/\/sbia.org.br\/lnlm\/?s={search_term_string}"},"query-input":{"@type":"PropertyValueSpecification","valueRequired":true,"valueName":"search_term_string"}}],"inLanguage":"pt-BR"},{"@type":"Organization","@id":"https:\/\/sbia.org.br\/lnlm\/#organization","name":"Learning and NonLinear Models","url":"https:\/\/sbia.org.br\/lnlm\/","logo":{"@type":"ImageObject","inLanguage":"pt-BR","@id":"https:\/\/sbia.org.br\/lnlm\/#\/schema\/logo\/image\/","url":"https:\/\/sbia.org.br\/lnlm\/wp-content\/uploads\/2021\/07\/logo-lnlm.png","contentUrl":"https:\/\/sbia.org.br\/lnlm\/wp-content\/uploads\/2021\/07\/logo-lnlm.png","width":398,"height":94,"caption":"Learning and NonLinear Models"},"image":{"@id":"https:\/\/sbia.org.br\/lnlm\/#\/schema\/logo\/image\/"}}]}},"_links":{"self":[{"href":"https:\/\/sbia.org.br\/lnlm\/wp-json\/wp\/v2\/pages\/1528","targetHints":{"allow":["GET"]}}],"collection":[{"href":"https:\/\/sbia.org.br\/lnlm\/wp-json\/wp\/v2\/pages"}],"about":[{"href":"https:\/\/sbia.org.br\/lnlm\/wp-json\/wp\/v2\/types\/page"}],"author":[{"embeddable":true,"href":"https:\/\/sbia.org.br\/lnlm\/wp-json\/wp\/v2\/users\/1"}],"replies":[{"embeddable":true,"href":"https:\/\/sbia.org.br\/lnlm\/wp-json\/wp\/v2\/comments?post=1528"}],"version-history":[{"count":3,"href":"https:\/\/sbia.org.br\/lnlm\/wp-json\/wp\/v2\/pages\/1528\/revisions"}],"predecessor-version":[{"id":1531,"href":"https:\/\/sbia.org.br\/lnlm\/wp-json\/wp\/v2\/pages\/1528\/revisions\/1531"}],"up":[{"embeddable":true,"href":"https:\/\/sbia.org.br\/lnlm\/wp-json\/wp\/v2\/pages\/1512"}],"wp:attachment":[{"href":"https:\/\/sbia.org.br\/lnlm\/wp-json\/wp\/v2\/media?parent=1528"}],"curies":[{"name":"wp","href":"https:\/\/api.w.org\/{rel}","templated":true}]}}